{"id":5471,"date":"2025-12-03T14:53:31","date_gmt":"2025-12-03T14:53:31","guid":{"rendered":"https:\/\/www.ddriu.hu\/?page_id=5471"},"modified":"2025-12-09T11:55:57","modified_gmt":"2025-12-09T11:55:57","slug":"hysisi","status":"publish","type":"page","link":"https:\/\/www.ddriu.hu\/en\/hysisi\/","title":{"rendered":"HySISI"},"content":{"rendered":"<div data-elementor-type=\"wp-page\" data-elementor-id=\"5471\" class=\"elementor elementor-5471\" data-elementor-post-type=\"page\">\n\t\t\t\t<div class=\"elementor-element elementor-element-50eb8ef4 e-con-full e-flex e-con e-parent\" data-id=\"50eb8ef4\" data-element_type=\"container\" data-e-type=\"container\" data-settings=\"{&quot;background_background&quot;:&quot;classic&quot;}\">\n\t\t\t\t<div class=\"elementor-element elementor-element-5e210681 elementor-widget elementor-widget-heading\" data-id=\"5e210681\" data-element_type=\"widget\" data-e-type=\"widget\" data-widget_type=\"heading.default\">\n\t\t\t\t<div class=\"elementor-widget-container\">\n\t\t\t\t\t<h2 class=\"elementor-heading-title elementor-size-default\">HySISI<\/h2>\t\t\t\t<\/div>\n\t\t\t\t<\/div>\n\t\t\t\t<div class=\"elementor-element elementor-element-63420dab rounded-divider elementor-widget-divider--view-line elementor-widget elementor-widget-divider\" data-id=\"63420dab\" data-element_type=\"widget\" data-e-type=\"widget\" data-widget_type=\"divider.default\">\n\t\t\t\t<div class=\"elementor-widget-container\">\n\t\t\t\t\t\t\t<div class=\"elementor-divider\">\n\t\t\t<span class=\"elementor-divider-separator\">\n\t\t\t\t\t\t<\/span>\n\t\t<\/div>\n\t\t\t\t\t\t<\/div>\n\t\t\t\t<\/div>\n\t\t\t\t<\/div>\n\t\t<div class=\"elementor-element elementor-element-19ec09da e-flex e-con-boxed e-con e-parent\" data-id=\"19ec09da\" data-element_type=\"container\" data-e-type=\"container\">\n\t\t\t\t\t<div class=\"e-con-inner\">\n\t\t<div class=\"elementor-element elementor-element-7997f004 e-con-full e-flex e-con e-child\" data-id=\"7997f004\" data-element_type=\"container\" data-e-type=\"container\">\n\t\t\t\t<div class=\"elementor-element elementor-element-316d3c51 elementor-widget elementor-widget-image\" data-id=\"316d3c51\" data-element_type=\"widget\" data-e-type=\"widget\" data-widget_type=\"image.default\">\n\t\t\t\t<div class=\"elementor-widget-container\">\n\t\t\t\t\t\t\t\t\t\t\t\t\t\t\t<img fetchpriority=\"high\" decoding=\"async\" width=\"800\" height=\"170\" src=\"https:\/\/www.ddriu.hu\/wp-content\/uploads\/2025\/12\/hysisi-1024x218.png\" class=\"attachment-large size-large wp-image-5449\" alt=\"\" srcset=\"https:\/\/www.ddriu.hu\/wp-content\/uploads\/2025\/12\/elementor\/thumbs\/hysisi-150x150.png 1024w, https:\/\/www.ddriu.hu\/wp-content\/uploads\/2025\/12\/hysisi-300x64.png 300w, https:\/\/www.ddriu.hu\/wp-content\/uploads\/2025\/12\/hysisi-768x164.png 768w, https:\/\/www.ddriu.hu\/wp-content\/uploads\/2025\/12\/hysisi-18x4.png 18w, https:\/\/www.ddriu.hu\/wp-content\/uploads\/2025\/12\/hysisi-e1764839500112.png 545w\" sizes=\"(max-width: 800px) 100vw, 800px\" \/>\t\t\t\t\t\t\t\t\t\t\t\t\t\t\t<\/div>\n\t\t\t\t<\/div>\n\t\t\t\t<div class=\"elementor-element elementor-element-4c9da78c elementor-widget elementor-widget-text-editor\" data-id=\"4c9da78c\" data-element_type=\"widget\" data-e-type=\"widget\" data-widget_type=\"text-editor.default\">\n\t\t\t\t<div class=\"elementor-widget-container\">\n\t\t\t\t\t\t\t\t\t<div class=\"wpb_text_column wpb_content_element\"><div class=\"wpb_wrapper\"><p>The HySISI \u2013 Hydrogen Synergies for Interregional Systems Integration is a 24-month Interreg VI-A Austria\u2013Hungary project. The initiative aims to develop a cross-border hydrogen strategy and action plan that promotes the region's energy transition and adaptation to climate change.<\/p><p>Project Partners<\/p><p>\u2022 Wien Energie GmbH (AT) \u2013 Lead Partner<\/p><p>\u2022 Enasco Cleantech Alliance Kft. (HU)<\/p><p>\u2022 WIVA P&amp;G \u2013 Hydrogen Flagship Region Austria Power &amp; Gas (AT)<\/p><p>\u2022 South-Transdanubian Regional Innovation Agency Non-profit Ltd. (STRIA) (HU)<\/p><p>\u2022 County Government of Zala (HU)<\/p><p><strong>Main data of the project:<\/strong><\/p><div><span data-olk-copy-source=\"MessageBody\">Project Title: Hydrogen Synergies for Interregional Systems Integration<\/span><\/div><div>Project Acronym: HySISI<\/div><div>Project ID: ATHU-0100119<\/div><div>\u00a0<\/div><div>Projekt id\u0151tartama: 2025.11.01. \u2013 2027.11.31.<br \/>Total Project Budget: EUR 820,204.10<br \/>ERDF Funding: EUR 576.560,54<br \/>Programme: The project is implemented within the framework of the Interreg Austria\u2013Hungary Cooperation Programme 2021\u20132027, co-financed by the European Union and supported by the Hungarian Government.<\/div><\/div><\/div>\t\t\t\t\t\t\t\t<\/div>\n\t\t\t\t<\/div>\n\t\t\t\t<\/div>\n\t\t\t\t\t<\/div>\n\t\t\t\t<\/div>\n\t\t<div class=\"elementor-element elementor-element-4243ac25 e-flex e-con-boxed e-con e-parent\" data-id=\"4243ac25\" data-element_type=\"container\" data-e-type=\"container\">\n\t\t\t\t\t<div class=\"e-con-inner\">\n\t\t\t\t<div class=\"elementor-element elementor-element-59485dc0 rounded-divider elementor-widget-divider--view-line elementor-widget elementor-widget-divider\" data-id=\"59485dc0\" data-element_type=\"widget\" data-e-type=\"widget\" data-widget_type=\"divider.default\">\n\t\t\t\t<div class=\"elementor-widget-container\">\n\t\t\t\t\t\t\t<div class=\"elementor-divider\">\n\t\t\t<span class=\"elementor-divider-separator\">\n\t\t\t\t\t\t<\/span>\n\t\t<\/div>\n\t\t\t\t\t\t<\/div>\n\t\t\t\t<\/div>\n\t\t\t\t\t<\/div>\n\t\t\t\t<\/div>\n\t\t\t\t<\/div>","protected":false},"excerpt":{"rendered":"<p>HySISI A HySISI \u2013 Hydrogen Synergies for Interregional Systems Integration egy 24 h\u00f3napos Interreg VI-A Ausztria\u2013Magyarorsz\u00e1g projekt. A kezdem\u00e9nyez\u00e9s c\u00e9lja egy hat\u00e1ron \u00e1tny\u00fal\u00f3 hidrog\u00e9nstrat\u00e9gia \u00e9s cselekv\u00e9si terv kidolgoz\u00e1sa, amely el\u0151seg\u00edti a t\u00e9rs\u00e9g energia\u00e1tmenet\u00e9t \u00e9s a kl\u00edmav\u00e1ltoz\u00e1shoz val\u00f3 alkalmazkod\u00e1st. Projektpartnerek \u2022 Wien Energie GmbH (AT) \u2013 vezet\u0151 partner \u2022 Enasco Cleantech Alliance Kft. (HU) \u2022 WIVA [&hellip;]<\/p>\n","protected":false},"author":1,"featured_media":0,"parent":0,"menu_order":0,"comment_status":"closed","ping_status":"closed","template":"","meta":{"footnotes":""},"class_list":["post-5471","page","type-page","status-publish","hentry"],"_links":{"self":[{"href":"https:\/\/www.ddriu.hu\/en\/wp-json\/wp\/v2\/pages\/5471","targetHints":{"allow":["GET"]}}],"collection":[{"href":"https:\/\/www.ddriu.hu\/en\/wp-json\/wp\/v2\/pages"}],"about":[{"href":"https:\/\/www.ddriu.hu\/en\/wp-json\/wp\/v2\/types\/page"}],"author":[{"embeddable":true,"href":"https:\/\/www.ddriu.hu\/en\/wp-json\/wp\/v2\/users\/1"}],"replies":[{"embeddable":true,"href":"https:\/\/www.ddriu.hu\/en\/wp-json\/wp\/v2\/comments?post=5471"}],"version-history":[{"count":7,"href":"https:\/\/www.ddriu.hu\/en\/wp-json\/wp\/v2\/pages\/5471\/revisions"}],"predecessor-version":[{"id":5521,"href":"https:\/\/www.ddriu.hu\/en\/wp-json\/wp\/v2\/pages\/5471\/revisions\/5521"}],"wp:attachment":[{"href":"https:\/\/www.ddriu.hu\/en\/wp-json\/wp\/v2\/media?parent=5471"}],"curies":[{"name":"wp","href":"https:\/\/api.w.org\/{rel}","templated":true}]}}