{"id":5377,"date":"2025-11-14T11:15:53","date_gmt":"2025-11-14T11:15:53","guid":{"rendered":"https:\/\/www.ddriu.hu\/?page_id=5377"},"modified":"2025-11-14T11:19:40","modified_gmt":"2025-11-14T11:19:40","slug":"heatinvest","status":"publish","type":"page","link":"https:\/\/www.ddriu.hu\/en\/heatinvest\/","title":{"rendered":"Heatinvest"},"content":{"rendered":"<div data-elementor-type=\"wp-page\" data-elementor-id=\"5377\" class=\"elementor elementor-5377\" data-elementor-post-type=\"page\">\n\t\t\t\t<div class=\"elementor-element elementor-element-354ce236 e-con-full e-flex e-con e-parent\" data-id=\"354ce236\" data-element_type=\"container\" data-e-type=\"container\" data-settings=\"{&quot;background_background&quot;:&quot;classic&quot;}\">\n\t\t\t\t<div class=\"elementor-element elementor-element-334f8377 elementor-widget elementor-widget-heading\" data-id=\"334f8377\" data-element_type=\"widget\" data-e-type=\"widget\" data-widget_type=\"heading.default\">\n\t\t\t\t<div class=\"elementor-widget-container\">\n\t\t\t\t\t<h2 class=\"elementor-heading-title elementor-size-default\">HeatInvest\n\n<\/h2>\t\t\t\t<\/div>\n\t\t\t\t<\/div>\n\t\t\t\t<div class=\"elementor-element elementor-element-2666153e rounded-divider elementor-widget-divider--view-line elementor-widget elementor-widget-divider\" data-id=\"2666153e\" data-element_type=\"widget\" data-e-type=\"widget\" data-widget_type=\"divider.default\">\n\t\t\t\t<div class=\"elementor-widget-container\">\n\t\t\t\t\t\t\t<div class=\"elementor-divider\">\n\t\t\t<span class=\"elementor-divider-separator\">\n\t\t\t\t\t\t<\/span>\n\t\t<\/div>\n\t\t\t\t\t\t<\/div>\n\t\t\t\t<\/div>\n\t\t\t\t<\/div>\n\t\t<div class=\"elementor-element elementor-element-667b7ae1 e-flex e-con-boxed e-con e-parent\" data-id=\"667b7ae1\" data-element_type=\"container\" data-e-type=\"container\">\n\t\t\t\t\t<div class=\"e-con-inner\">\n\t\t<div class=\"elementor-element elementor-element-3ec4e411 e-con-full e-flex e-con e-child\" data-id=\"3ec4e411\" data-element_type=\"container\" data-e-type=\"container\">\n\t\t\t\t<div class=\"elementor-element elementor-element-3c718ec9 elementor-widget elementor-widget-image\" data-id=\"3c718ec9\" data-element_type=\"widget\" data-e-type=\"widget\" data-widget_type=\"image.default\">\n\t\t\t\t<div class=\"elementor-widget-container\">\n\t\t\t\t\t\t\t\t\t\t\t\t\t\t\t<img fetchpriority=\"high\" decoding=\"async\" width=\"500\" height=\"500\" src=\"https:\/\/www.ddriu.hu\/wp-content\/uploads\/2025\/11\/HeatInvest_Logo5.1.png\" class=\"attachment-large size-large wp-image-5379\" alt=\"\" srcset=\"https:\/\/www.ddriu.hu\/wp-content\/uploads\/2025\/11\/HeatInvest_Logo5.1.png 500w, https:\/\/www.ddriu.hu\/wp-content\/uploads\/2025\/11\/HeatInvest_Logo5.1-300x300.png 300w, https:\/\/www.ddriu.hu\/wp-content\/uploads\/2025\/11\/HeatInvest_Logo5.1-150x150.png 150w, https:\/\/www.ddriu.hu\/wp-content\/uploads\/2025\/11\/HeatInvest_Logo5.1-12x12.png 12w\" sizes=\"(max-width: 500px) 100vw, 500px\" \/>\t\t\t\t\t\t\t\t\t\t\t\t\t\t\t<\/div>\n\t\t\t\t<\/div>\n\t\t\t\t<div class=\"elementor-element elementor-element-7dd58d25 elementor-widget elementor-widget-text-editor\" data-id=\"7dd58d25\" data-element_type=\"widget\" data-e-type=\"widget\" data-widget_type=\"text-editor.default\">\n\t\t\t\t<div class=\"elementor-widget-container\">\n\t\t\t\t\t\t\t\t\t<p class=\"p1\"><b>HeatInvest - Enhancing Cluster Development and Investment Readiness of the Heat-pumps and Geothermal Energy European Value Chain<\/b><\/p>\n<p class=\"p3\">The project aims to advance the commercialisation of innovative heat pump technologies and geothermal energy initiatives. It also aims to accelerate the proliferation of heat pump and geothermal energy systems in less developed regions.<\/p><p data-path-to-node=\"5\">The project brings together 31 organisations, 9 partners (3 clusters, 2 associations, 2 regional\nauthorities, 1 manufacturer and 1 policy research organisation) and 22 associated partners\nfrom 8 EU countries, including Greece, Germany, Belgium, Bulgaria, Poland, Hungary, Spain and France. <b>31 szervezetet<\/b> fog \u00f6ssze: <b>9 partner<\/b> (3 klaszter, 2 szakmai sz\u00f6vets\u00e9g, 2 region\u00e1lis hat\u00f3s\u00e1g, 1 gy\u00e1rt\u00f3 \u00e9s 1 szakpolitikai kutat\u00f3szervezet) \u00e9s <b>22 t\u00e1rsult partner<\/b> <b>8 EU orsz\u00e1gb\u00f3l<\/b>, k\u00f6zt\u00fck G\u00f6r\u00f6gorsz\u00e1gb\u00f3l, N\u00e9metorsz\u00e1gb\u00f3l, Belgiumb\u00f3l, Bulg\u00e1ri\u00e1b\u00f3l, Lengyelorsz\u00e1gb\u00f3l, Magyarorsz\u00e1gr\u00f3l, Spanyolorsz\u00e1gb\u00f3l \u00e9s Franciaorsz\u00e1gb\u00f3l.<\/p><ul data-path-to-node=\"6\"><li><p data-path-to-node=\"6,0,0\">HeatInvest activities aim to enable beneficiaries and associated partners to equip themselves and their members with knowledge and skills to establish regional and interregional partnerships for the purposes of planning innovation investments. <b>tud\u00e1st \u00e9s k\u00e9szs\u00e9geket<\/b>, amellyel region\u00e1lis \u00e9s interregion\u00e1lis partners\u00e9geket hozhatnak l\u00e9tre az innov\u00e1ci\u00f3s beruh\u00e1z\u00e1sok tervez\u00e9se c\u00e9lj\u00e1b\u00f3l.<\/p><\/li><li><p data-path-to-node=\"6,1,0\">By reaching out to specified target groups within the relevant industrial ecosystem, the project will directly advance the commercialisation and proliferation of innovative heat pump technologies and geothermal energy initiatives. <b>h\u0151szivatty\u00fa-technol\u00f3gi\u00e1k<\/b> \u00e9s a <b>geotermikus energia-kezdem\u00e9nyez\u00e9sek<\/b> piacra vitel\u00e9t \u00e9s elterjed\u00e9s\u00e9t.<\/p><\/li><\/ul>\n<p><strong>Main data of the project:<\/strong><br>Project Name:&nbsp;<span data-olk-copy-source=\"MessageBody\">HeatInvest<\/span><br>Project code: I3-2023-CAP2b<\/p>\n<p><strong>Partners:<\/strong><\/p>\n<p><b>Lead Partner (LP):<\/b> Regional Development Fund of the Region of East Macedonia &amp; Thrace &#8211; <b>RDF EMTH<\/b> (GR)<br>P2: German Geothermal Association &#8211; <b>BVG<\/b> (DE)<br>P3: <b>Flux50<\/b> (BE)<br>P4: Chamber of Installation Specialists in Bulgaria &#8211; <b>CISB<\/b> (BG)<br>P5: Instytut Doradztwa-Sustainable Infrastructure Cluster &#8211; <b>ID-SIC<\/b> (PL)<br>P6: South-Transdanubian Innovation Agency - <b>STRIA<\/b> (HU)<br>P7: Consortium Extremadura Energy Agency &#8211; <b>AGENEX<\/b> (ES)<br>P8: <b>EQUIUM<\/b> (FR)<br>P9: Hellenic Society for the Promotion of Research &amp; Development Methodologies &#8211; <b>PROMEA<\/b> (GR)<\/p>\n<p><strong>Budget:<\/strong> \u20ac1.5 Million (100% EU funded)<br><strong>Grant programme:&nbsp;<\/strong>I3 Programme<br><strong>Project Duration:<\/strong> 2025.09.01. \u2013 2027.08.31. (<b>24 h\u00f3nap<\/b>)<br><b>Tev\u00e9kenys\u00e9g t\u00edpusa:<\/b> I3 Projekt T\u00e1mogat\u00e1s<\/p>\t\t\t\t\t\t\t\t<\/div>\n\t\t\t\t<\/div>\n\t\t\t\t<\/div>\n\t\t\t\t\t<\/div>\n\t\t\t\t<\/div>\n\t\t<div class=\"elementor-element elementor-element-62eb4ceb e-flex e-con-boxed e-con e-parent\" data-id=\"62eb4ceb\" data-element_type=\"container\" data-e-type=\"container\">\n\t\t\t\t\t<div class=\"e-con-inner\">\n\t\t\t\t<div class=\"elementor-element elementor-element-6023348f rounded-divider elementor-widget-divider--view-line elementor-widget elementor-widget-divider\" data-id=\"6023348f\" data-element_type=\"widget\" data-e-type=\"widget\" data-widget_type=\"divider.default\">\n\t\t\t\t<div class=\"elementor-widget-container\">\n\t\t\t\t\t\t\t<div class=\"elementor-divider\">\n\t\t\t<span class=\"elementor-divider-separator\">\n\t\t\t\t\t\t<\/span>\n\t\t<\/div>\n\t\t\t\t\t\t<\/div>\n\t\t\t\t<\/div>\n\t\t\t\t\t<\/div>\n\t\t\t\t<\/div>\n\t\t\t\t<\/div>","protected":false},"excerpt":{"rendered":"<p>HeatInvest Az eur\u00f3pai h\u0151szivatty\u00fa- \u00e9s geotermikus energia \u00e9rt\u00e9kl\u00e1nc fejleszt\u00e9se \u00e9s beruh\u00e1z\u00e1si k\u00e9szs\u00e9g\u00e9nek n\u00f6vel\u00e9se A projekt c\u00e9lja az innovat\u00edv h\u0151szivatty\u00fas technol\u00f3gi\u00e1k \u00e9s geotermikus energia kezdem\u00e9nyez\u00e9sek kereskedelmi forgalomba hozatal\u00e1nak el\u0151seg\u00edt\u00e9se. A h\u0151szivatty\u00fak \u00e9s a geotermikus energia rendszerek elterjed\u00e9s\u00e9nek felgyors\u00edt\u00e1sa a kev\u00e9sb\u00e9 fejlett r\u00e9gi\u00f3kban. A projekt 31 szervezetet fog \u00f6ssze: 9 partner (3 klaszter, 2 szakmai sz\u00f6vets\u00e9g, 2 [&hellip;]<\/p>\n","protected":false},"author":1,"featured_media":0,"parent":0,"menu_order":0,"comment_status":"closed","ping_status":"closed","template":"","meta":{"footnotes":""},"class_list":["post-5377","page","type-page","status-publish","hentry"],"_links":{"self":[{"href":"https:\/\/www.ddriu.hu\/en\/wp-json\/wp\/v2\/pages\/5377","targetHints":{"allow":["GET"]}}],"collection":[{"href":"https:\/\/www.ddriu.hu\/en\/wp-json\/wp\/v2\/pages"}],"about":[{"href":"https:\/\/www.ddriu.hu\/en\/wp-json\/wp\/v2\/types\/page"}],"author":[{"embeddable":true,"href":"https:\/\/www.ddriu.hu\/en\/wp-json\/wp\/v2\/users\/1"}],"replies":[{"embeddable":true,"href":"https:\/\/www.ddriu.hu\/en\/wp-json\/wp\/v2\/comments?post=5377"}],"version-history":[{"count":10,"href":"https:\/\/www.ddriu.hu\/en\/wp-json\/wp\/v2\/pages\/5377\/revisions"}],"predecessor-version":[{"id":5388,"href":"https:\/\/www.ddriu.hu\/en\/wp-json\/wp\/v2\/pages\/5377\/revisions\/5388"}],"wp:attachment":[{"href":"https:\/\/www.ddriu.hu\/en\/wp-json\/wp\/v2\/media?parent=5377"}],"curies":[{"name":"wp","href":"https:\/\/api.w.org\/{rel}","templated":true}]}}