{"id":5098,"date":"2025-10-25T13:02:14","date_gmt":"2025-10-25T13:02:14","guid":{"rendered":"https:\/\/www.ddriu.hu\/?page_id=5098"},"modified":"2025-10-25T13:06:24","modified_gmt":"2025-10-25T13:06:24","slug":"access-2","status":"publish","type":"page","link":"https:\/\/www.ddriu.hu\/en\/access-2\/","title":{"rendered":"Access"},"content":{"rendered":"<div data-elementor-type=\"wp-page\" data-elementor-id=\"5098\" class=\"elementor elementor-5098\" data-elementor-post-type=\"page\">\n\t\t\t\t<div class=\"elementor-element elementor-element-11a086b2 e-con-full e-flex e-con e-parent\" data-id=\"11a086b2\" data-element_type=\"container\" data-e-type=\"container\" data-settings=\"{&quot;background_background&quot;:&quot;classic&quot;}\">\n\t\t\t\t<div class=\"elementor-element elementor-element-4566c7fe elementor-widget elementor-widget-heading\" data-id=\"4566c7fe\" data-element_type=\"widget\" data-e-type=\"widget\" data-widget_type=\"heading.default\">\n\t\t\t\t<div class=\"elementor-widget-container\">\n\t\t\t\t\t<h2 class=\"elementor-heading-title elementor-size-default\">Access<\/h2>\t\t\t\t<\/div>\n\t\t\t\t<\/div>\n\t\t\t\t<div class=\"elementor-element elementor-element-76358779 rounded-divider elementor-widget-divider--view-line elementor-widget elementor-widget-divider\" data-id=\"76358779\" data-element_type=\"widget\" data-e-type=\"widget\" data-widget_type=\"divider.default\">\n\t\t\t\t<div class=\"elementor-widget-container\">\n\t\t\t\t\t\t\t<div class=\"elementor-divider\">\n\t\t\t<span class=\"elementor-divider-separator\">\n\t\t\t\t\t\t<\/span>\n\t\t<\/div>\n\t\t\t\t\t\t<\/div>\n\t\t\t\t<\/div>\n\t\t\t\t<\/div>\n\t\t<div class=\"elementor-element elementor-element-27025594 e-flex e-con-boxed e-con e-parent\" data-id=\"27025594\" data-element_type=\"container\" data-e-type=\"container\">\n\t\t\t\t\t<div class=\"e-con-inner\">\n\t\t<div class=\"elementor-element elementor-element-5cdcb95f e-con-full e-flex e-con e-child\" data-id=\"5cdcb95f\" data-element_type=\"container\" data-e-type=\"container\">\n\t\t\t\t<div class=\"elementor-element elementor-element-4b095f3e elementor-widget elementor-widget-image\" data-id=\"4b095f3e\" data-element_type=\"widget\" data-e-type=\"widget\" data-widget_type=\"image.default\">\n\t\t\t\t<div class=\"elementor-widget-container\">\n\t\t\t\t\t\t\t\t\t\t\t\t\t\t\t<img fetchpriority=\"high\" decoding=\"async\" width=\"800\" height=\"600\" src=\"https:\/\/www.ddriu.hu\/wp-content\/uploads\/2024\/06\/ACCESS.jpg\" class=\"attachment-large size-large wp-image-1206\" alt=\"\" srcset=\"https:\/\/www.ddriu.hu\/wp-content\/uploads\/2024\/06\/ACCESS.jpg 800w, https:\/\/www.ddriu.hu\/wp-content\/uploads\/2024\/06\/ACCESS-300x225.jpg 300w, https:\/\/www.ddriu.hu\/wp-content\/uploads\/2024\/06\/ACCESS-768x576.jpg 768w\" sizes=\"(max-width: 800px) 100vw, 800px\" \/>\t\t\t\t\t\t\t\t\t\t\t\t\t\t\t<\/div>\n\t\t\t\t<\/div>\n\t\t\t\t<div class=\"elementor-element elementor-element-6bd9786 elementor-widget elementor-widget-text-editor\" data-id=\"6bd9786\" data-element_type=\"widget\" data-e-type=\"widget\" data-widget_type=\"text-editor.default\">\n\t\t\t\t<div class=\"elementor-widget-container\">\n\t\t\t\t\t\t\t\t\t<p><span style=\"font-weight: 400;\">ACCESS (ACCelerating regional competitivenESS and sector-based excellence through innovation management tools and techniques) is our latest project within the CENTRAL EUROPEAN PROGRAMME.\u00a0<\/span><\/p><p><span style=\"font-weight: 400;\">The lead partner of the project is the South Transdanubian Regional Innovation Agency Nonprofit Ltd.\u00a0<\/span><\/p><p><span style=\"font-weight: 400;\">ACCESS is implemented by 11 partners coming from Austria, Czech Republic, Germany, Hungary, Italy, Poland, Slovakia and Slovenia who have been brought together in their common interest in a new level of innovation development that will focus on the following 2 specific facets:<\/span><\/p><ul><li style=\"font-weight: 400;\" aria-level=\"1\"><span style=\"font-weight: 400;\">Which are the tools and techniques of regional innovation management that might be useful to improve innovation capacities?<br \/><\/span><span style=\"font-weight: 400;\"><br \/><\/span><\/li><li style=\"font-weight: 400;\" aria-level=\"1\"><span style=\"font-weight: 400;\">Which potentials might be hidden in a sector-based focus for innovation management?<\/span><\/li><\/ul><p><span style=\"font-weight: 400;\"><br \/>The partners will start with the knowledge audit and integration that aims at investigating and understanding regional innovation capabilities in terms of sectoral specifics. Then they will analyse and integrate the cumulated knowledge in common understandings and through this they will create a knowledge base of sector-based innovation.<\/span><\/p><p><span style=\"font-weight: 400;\">Furthermore, it is of high importance to share knowledge about innovation management tools and techniques. For this purpose a transnational innovation management training will be organised enabling selected employees of each partner \u2013 who will act as \u201cinternal peers\u201d during the pilot application \u2013 to deal with innovation management related matters.<\/span><\/p><p><span style=\"font-weight: 400;\">Basing on these 2 sides of knowledge generated by the project and also necessary for the pilot application (sector-based information on the one side, innovation management tools and techniques on the other side), the partners will elaborate a transnational methodical tool (a peer review methodology) to assess sector-based innovation potentials and capabilities in the regions.<\/span><\/p><p><span style=\"font-weight: 400;\">The tool will be also tested in the participating countries by 3 peer review groups focusing on one of the selected sectors each, and transferred in the frame of a pilot service to other regions and\/or sectors.<\/span><\/p><p><span style=\"font-weight: 400;\">In addition, 3 selected regions specific aspects of the strategic implementation plans will be also implemented: In Slovenia an innovative \u201cfood plain\u201d will be set up to make the sector competitive and correspondent to EU regulations, in Central Hungary biotechnology facilitation will take place with the focus on the establishment of a transnational cluster while in Upper Silesia a double mentoring system for technology transfer will be installed.<\/span><\/p>\t\t\t\t\t\t\t\t<\/div>\n\t\t\t\t<\/div>\n\t\t\t\t<\/div>\n\t\t\t\t\t<\/div>\n\t\t\t\t<\/div>\n\t\t<div class=\"elementor-element elementor-element-1c666128 e-flex e-con-boxed e-con e-parent\" data-id=\"1c666128\" data-element_type=\"container\" data-e-type=\"container\">\n\t\t\t\t\t<div class=\"e-con-inner\">\n\t\t\t\t<div class=\"elementor-element elementor-element-6b94239a rounded-divider elementor-widget-divider--view-line elementor-widget elementor-widget-divider\" data-id=\"6b94239a\" data-element_type=\"widget\" data-e-type=\"widget\" data-widget_type=\"divider.default\">\n\t\t\t\t<div class=\"elementor-widget-container\">\n\t\t\t\t\t\t\t<div class=\"elementor-divider\">\n\t\t\t<span class=\"elementor-divider-separator\">\n\t\t\t\t\t\t<\/span>\n\t\t<\/div>\n\t\t\t\t\t\t<\/div>\n\t\t\t\t<\/div>\n\t\t\t\t\t<\/div>\n\t\t\t\t<\/div>\n\t\t\t\t<\/div>","protected":false},"excerpt":{"rendered":"<p>Access Az ACCES (ACCelerating regional competitivenESS and sector-based excellence through innovation management tools and techniques) a leg\u00fajabb nemzetk\u00f6zi projekt\u00fcnk, amely az Eur\u00f3pai Uni\u00f3 CENTRAL EUROPE elnevez\u00e9s\u0171 programj\u00e1nak t\u00e1mogat\u00e1s\u00e1val val\u00f3sul meg.\u00a0 A projektben a D\u00e9l-Dun\u00e1nt\u00fali Region\u00e1lis Innov\u00e1ci\u00f3s \u00dcgyn\u00f6ks\u00e9g vezet\u0151 partneri poz\u00edci\u00f3t t\u00f6lt be.\u00a0 Az ACCESS megval\u00f3s\u00edt\u00e1s\u00e1ban 11 partner vesz r\u00e9szt Ausztri\u00e1b\u00f3l, Csehorsz\u00e1gb\u00f3l, N\u00e9metorsz\u00e1gb\u00f3l, Magyarorsz\u00e1gr\u00f3l, Olaszorsz\u00e1gb\u00f3l, Lengyelorsz\u00e1gb\u00f3l, [&hellip;]<\/p>\n","protected":false},"author":1,"featured_media":0,"parent":0,"menu_order":0,"comment_status":"closed","ping_status":"closed","template":"","meta":{"footnotes":""},"class_list":["post-5098","page","type-page","status-publish","hentry"],"_links":{"self":[{"href":"https:\/\/www.ddriu.hu\/en\/wp-json\/wp\/v2\/pages\/5098","targetHints":{"allow":["GET"]}}],"collection":[{"href":"https:\/\/www.ddriu.hu\/en\/wp-json\/wp\/v2\/pages"}],"about":[{"href":"https:\/\/www.ddriu.hu\/en\/wp-json\/wp\/v2\/types\/page"}],"author":[{"embeddable":true,"href":"https:\/\/www.ddriu.hu\/en\/wp-json\/wp\/v2\/users\/1"}],"replies":[{"embeddable":true,"href":"https:\/\/www.ddriu.hu\/en\/wp-json\/wp\/v2\/comments?post=5098"}],"version-history":[{"count":10,"href":"https:\/\/www.ddriu.hu\/en\/wp-json\/wp\/v2\/pages\/5098\/revisions"}],"predecessor-version":[{"id":5109,"href":"https:\/\/www.ddriu.hu\/en\/wp-json\/wp\/v2\/pages\/5098\/revisions\/5109"}],"wp:attachment":[{"href":"https:\/\/www.ddriu.hu\/en\/wp-json\/wp\/v2\/media?parent=5098"}],"curies":[{"name":"wp","href":"https:\/\/api.w.org\/{rel}","templated":true}]}}