{"id":4993,"date":"2025-10-25T11:01:08","date_gmt":"2025-10-25T11:01:08","guid":{"rendered":"https:\/\/www.ddriu.hu\/?page_id=4993"},"modified":"2025-10-25T11:03:55","modified_gmt":"2025-10-25T11:03:55","slug":"app4inno-2","status":"publish","type":"page","link":"https:\/\/www.ddriu.hu\/en\/app4inno-2\/","title":{"rendered":"APP4INNO"},"content":{"rendered":"<div data-elementor-type=\"wp-page\" data-elementor-id=\"4993\" class=\"elementor elementor-4993\" data-elementor-post-type=\"page\">\n\t\t\t\t<div class=\"elementor-element elementor-element-6b2df761 e-con-full e-flex e-con e-parent\" data-id=\"6b2df761\" data-element_type=\"container\" data-e-type=\"container\" data-settings=\"{&quot;background_background&quot;:&quot;classic&quot;}\">\n\t\t\t\t<div class=\"elementor-element elementor-element-4408af28 elementor-widget elementor-widget-heading\" data-id=\"4408af28\" data-element_type=\"widget\" data-e-type=\"widget\" data-widget_type=\"heading.default\">\n\t\t\t\t<div class=\"elementor-widget-container\">\n\t\t\t\t\t<h2 class=\"elementor-heading-title elementor-size-default\">APP4INNO<\/h2>\t\t\t\t<\/div>\n\t\t\t\t<\/div>\n\t\t\t\t<div class=\"elementor-element elementor-element-dbf21ba rounded-divider elementor-widget-divider--view-line elementor-widget elementor-widget-divider\" data-id=\"dbf21ba\" data-element_type=\"widget\" data-e-type=\"widget\" data-widget_type=\"divider.default\">\n\t\t\t\t<div class=\"elementor-widget-container\">\n\t\t\t\t\t\t\t<div class=\"elementor-divider\">\n\t\t\t<span class=\"elementor-divider-separator\">\n\t\t\t\t\t\t<\/span>\n\t\t<\/div>\n\t\t\t\t\t\t<\/div>\n\t\t\t\t<\/div>\n\t\t\t\t<\/div>\n\t\t<div class=\"elementor-element elementor-element-4e4561d e-flex e-con-boxed e-con e-parent\" data-id=\"4e4561d\" data-element_type=\"container\" data-e-type=\"container\">\n\t\t\t\t\t<div class=\"e-con-inner\">\n\t\t<div class=\"elementor-element elementor-element-59d9159e e-con-full e-flex e-con e-child\" data-id=\"59d9159e\" data-element_type=\"container\" data-e-type=\"container\">\n\t\t\t\t<div class=\"elementor-element elementor-element-6ab5c0de elementor-widget elementor-widget-image\" data-id=\"6ab5c0de\" data-element_type=\"widget\" data-e-type=\"widget\" data-widget_type=\"image.default\">\n\t\t\t\t<div class=\"elementor-widget-container\">\n\t\t\t\t\t\t\t\t\t\t\t\t\t\t\t<img fetchpriority=\"high\" decoding=\"async\" width=\"800\" height=\"600\" src=\"https:\/\/www.ddriu.hu\/wp-content\/uploads\/2024\/06\/APP4INNO.jpg\" class=\"attachment-large size-large wp-image-1207\" alt=\"\" srcset=\"https:\/\/www.ddriu.hu\/wp-content\/uploads\/2024\/06\/APP4INNO.jpg 800w, https:\/\/www.ddriu.hu\/wp-content\/uploads\/2024\/06\/APP4INNO-300x225.jpg 300w, https:\/\/www.ddriu.hu\/wp-content\/uploads\/2024\/06\/APP4INNO-768x576.jpg 768w\" sizes=\"(max-width: 800px) 100vw, 800px\" \/>\t\t\t\t\t\t\t\t\t\t\t\t\t\t\t<\/div>\n\t\t\t\t<\/div>\n\t\t\t\t<div class=\"elementor-element elementor-element-5a7f6e84 elementor-widget elementor-widget-text-editor\" data-id=\"5a7f6e84\" data-element_type=\"widget\" data-e-type=\"widget\" data-widget_type=\"text-editor.default\">\n\t\t\t\t<div class=\"elementor-widget-container\">\n\t\t\t\t\t\t\t\t\t<p><span style=\"font-weight: 400;\">The APP4INNO project that will be implemented as part of the European Union\u2019s South East Europe Programme started on 1st of October 2012. In its realization STRIA works together with 14 partners form eight countries.<\/span><\/p><p><span style=\"font-weight: 400;\">The main focus of the project is the uncompetitiveness of the agricultural SMEs resulting from the lack of innovation, R&amp;D activities and services helping internationalization. A key issue is the innovative potential of high quality traditional products.<\/span><\/p><p><span style=\"font-weight: 400;\">The aim of the project is the establishment of a transnational service platform that supports innovation, technology transfer and the co-operation of agricultural SMEs thus contributing to the competitive international market access of these organizations.<\/span><\/p><p><span style=\"font-weight: 400;\">(More information: http:\/\/www.app4inno.com\/hu\/)<\/span><\/p>\t\t\t\t\t\t\t\t<\/div>\n\t\t\t\t<\/div>\n\t\t\t\t<\/div>\n\t\t\t\t\t<\/div>\n\t\t\t\t<\/div>\n\t\t<div class=\"elementor-element elementor-element-3548a7ef e-flex e-con-boxed e-con e-parent\" data-id=\"3548a7ef\" data-element_type=\"container\" data-e-type=\"container\">\n\t\t\t\t\t<div class=\"e-con-inner\">\n\t\t\t\t<div class=\"elementor-element elementor-element-74196856 rounded-divider elementor-widget-divider--view-line elementor-widget elementor-widget-divider\" data-id=\"74196856\" data-element_type=\"widget\" data-e-type=\"widget\" data-widget_type=\"divider.default\">\n\t\t\t\t<div class=\"elementor-widget-container\">\n\t\t\t\t\t\t\t<div class=\"elementor-divider\">\n\t\t\t<span class=\"elementor-divider-separator\">\n\t\t\t\t\t\t<\/span>\n\t\t<\/div>\n\t\t\t\t\t\t<\/div>\n\t\t\t\t<\/div>\n\t\t\t\t\t<\/div>\n\t\t\t\t<\/div>\n\t\t\t\t<\/div>","protected":false},"excerpt":{"rendered":"<p>APP4INNO Az APP4INNO projekt,\u00a0amely az Eur\u00f3pai Uni\u00f3 South East Europe programja\u00a0 keret\u00e9ben val\u00f3sult meg, 2012. okt\u00f3ber 1-\u00e9n indult el. A megval\u00f3s\u00edt\u00e1sban a DDRI\u00dc nyolc m\u00e1sik orsz\u00e1gban tev\u00e9kenyked\u0151 mind\u00f6sszesen 14 m\u00e1sik partnerrel m\u0171k\u00f6d\u00f6tt k\u00f6zre. A projekt legf\u0151bb f\u00f3kusza a mez\u0151gazdas\u00e1gi KKV-k alacsony versenyk\u00e9pess\u00e9ge, melynek f\u0151 okai az innov\u00e1ci\u00f3, a K+F tev\u00e9kenys\u00e9gek valamint a nemzetk\u00f6ziesed\u00e9st el\u0151seg\u00edt\u0151 szolg\u00e1ltat\u00e1sok [&hellip;]<\/p>\n","protected":false},"author":1,"featured_media":0,"parent":0,"menu_order":0,"comment_status":"closed","ping_status":"closed","template":"","meta":{"footnotes":""},"class_list":["post-4993","page","type-page","status-publish","hentry"],"_links":{"self":[{"href":"https:\/\/www.ddriu.hu\/en\/wp-json\/wp\/v2\/pages\/4993","targetHints":{"allow":["GET"]}}],"collection":[{"href":"https:\/\/www.ddriu.hu\/en\/wp-json\/wp\/v2\/pages"}],"about":[{"href":"https:\/\/www.ddriu.hu\/en\/wp-json\/wp\/v2\/types\/page"}],"author":[{"embeddable":true,"href":"https:\/\/www.ddriu.hu\/en\/wp-json\/wp\/v2\/users\/1"}],"replies":[{"embeddable":true,"href":"https:\/\/www.ddriu.hu\/en\/wp-json\/wp\/v2\/comments?post=4993"}],"version-history":[{"count":13,"href":"https:\/\/www.ddriu.hu\/en\/wp-json\/wp\/v2\/pages\/4993\/revisions"}],"predecessor-version":[{"id":5007,"href":"https:\/\/www.ddriu.hu\/en\/wp-json\/wp\/v2\/pages\/4993\/revisions\/5007"}],"wp:attachment":[{"href":"https:\/\/www.ddriu.hu\/en\/wp-json\/wp\/v2\/media?parent=4993"}],"curies":[{"name":"wp","href":"https:\/\/api.w.org\/{rel}","templated":true}]}}