{"id":4975,"date":"2025-10-25T10:45:51","date_gmt":"2025-10-25T10:45:51","guid":{"rendered":"https:\/\/www.ddriu.hu\/?page_id=4975"},"modified":"2025-10-25T10:58:12","modified_gmt":"2025-10-25T10:58:12","slug":"v-educa-2","status":"publish","type":"page","link":"https:\/\/www.ddriu.hu\/en\/v-educa-2\/","title":{"rendered":"V-EDUCA 2\u00a0 \u2013 Vocational education 2"},"content":{"rendered":"<div data-elementor-type=\"wp-page\" data-elementor-id=\"4975\" class=\"elementor elementor-4975\" data-elementor-post-type=\"page\">\n\t\t\t\t<div class=\"elementor-element elementor-element-5661d8ea e-con-full e-flex e-con e-parent\" data-id=\"5661d8ea\" data-element_type=\"container\" data-e-type=\"container\" data-settings=\"{&quot;background_background&quot;:&quot;classic&quot;}\">\n\t\t\t\t<div class=\"elementor-element elementor-element-671e27e1 elementor-widget elementor-widget-heading\" data-id=\"671e27e1\" data-element_type=\"widget\" data-e-type=\"widget\" data-widget_type=\"heading.default\">\n\t\t\t\t<div class=\"elementor-widget-container\">\n\t\t\t\t\t<h2 class=\"elementor-heading-title elementor-size-default\">V-Educa 2<\/h2>\t\t\t\t<\/div>\n\t\t\t\t<\/div>\n\t\t\t\t<div class=\"elementor-element elementor-element-3e517976 rounded-divider elementor-widget-divider--view-line elementor-widget elementor-widget-divider\" data-id=\"3e517976\" data-element_type=\"widget\" data-e-type=\"widget\" data-widget_type=\"divider.default\">\n\t\t\t\t<div class=\"elementor-widget-container\">\n\t\t\t\t\t\t\t<div class=\"elementor-divider\">\n\t\t\t<span class=\"elementor-divider-separator\">\n\t\t\t\t\t\t<\/span>\n\t\t<\/div>\n\t\t\t\t\t\t<\/div>\n\t\t\t\t<\/div>\n\t\t\t\t<\/div>\n\t\t<div class=\"elementor-element elementor-element-41c82145 e-flex e-con-boxed e-con e-parent\" data-id=\"41c82145\" data-element_type=\"container\" data-e-type=\"container\">\n\t\t\t\t\t<div class=\"e-con-inner\">\n\t\t<div class=\"elementor-element elementor-element-5c1165c6 e-con-full e-flex e-con e-child\" data-id=\"5c1165c6\" data-element_type=\"container\" data-e-type=\"container\">\n\t\t\t\t<div class=\"elementor-element elementor-element-2cebf321 elementor-widget elementor-widget-image\" data-id=\"2cebf321\" data-element_type=\"widget\" data-e-type=\"widget\" data-widget_type=\"image.default\">\n\t\t\t\t<div class=\"elementor-widget-container\">\n\t\t\t\t\t\t\t\t\t\t\t\t\t\t\t<img fetchpriority=\"high\" decoding=\"async\" width=\"800\" height=\"600\" src=\"https:\/\/www.ddriu.hu\/wp-content\/uploads\/2024\/06\/v_educa2.jpg\" class=\"attachment-large size-large wp-image-1247\" alt=\"\" srcset=\"https:\/\/www.ddriu.hu\/wp-content\/uploads\/2024\/06\/v_educa2.jpg 800w, https:\/\/www.ddriu.hu\/wp-content\/uploads\/2024\/06\/v_educa2-300x225.jpg 300w, https:\/\/www.ddriu.hu\/wp-content\/uploads\/2024\/06\/v_educa2-768x576.jpg 768w\" sizes=\"(max-width: 800px) 100vw, 800px\" \/>\t\t\t\t\t\t\t\t\t\t\t\t\t\t\t<\/div>\n\t\t\t\t<\/div>\n\t\t\t\t<div class=\"elementor-element elementor-element-e855c4a elementor-widget elementor-widget-text-editor\" data-id=\"e855c4a\" data-element_type=\"widget\" data-e-type=\"widget\" data-widget_type=\"text-editor.default\">\n\t\t\t\t<div class=\"elementor-widget-container\">\n\t\t\t\t\t\t\t\t\t<p><span style=\"font-weight: 400;\">Vocational Education 2 is an educational project on nearly zero energy buildings (NZEB). The main objective of the project is to smooth transition from standard and often energy poor construction to nZEB standard supported by EU and cross-border countries.<\/span><\/p><p><span style=\"font-weight: 400;\">Specific, objectives are:<\/span><\/p><ol><li style=\"font-weight: 400;\" aria-level=\"1\"><span style=\"font-weight: 400;\">To upgrade university curriculums and educational processes in the field of construction<\/span><\/li><li style=\"font-weight: 400;\" aria-level=\"1\"><span style=\"font-weight: 400;\">To educate designers and workers that are employable and competent to respond to modern world construction needs<\/span><\/li><li style=\"font-weight: 400;\" aria-level=\"1\"><span style=\"font-weight: 400;\">To raise awareness on nZEB as inevitable standard for both sectors, public and private.<\/span><\/li><\/ol><p><span style=\"font-weight: 400;\"><br \/>Main project activities include:<\/span><\/p><ul><li style=\"font-weight: 400;\" aria-level=\"1\"><span style=\"font-weight: 400;\">Analysis of energy efficient construction in the cross-border area<\/span><\/li><li style=\"font-weight: 400;\" aria-level=\"1\"><span style=\"font-weight: 400;\">Case study of \u201ethe best\u201c energy efficient construction project on each side of the border<\/span><\/li><li style=\"font-weight: 400;\" aria-level=\"1\"><span style=\"font-weight: 400;\">Development of curriculum and nZEB content for summer school<\/span><\/li><li style=\"font-weight: 400;\" aria-level=\"1\"><span style=\"font-weight: 400;\">Summer school<\/span><\/li><li style=\"font-weight: 400;\" aria-level=\"1\"><span style=\"font-weight: 400;\">Study tours<\/span><\/li><li style=\"font-weight: 400;\" aria-level=\"1\"><span style=\"font-weight: 400;\">Practical education of students<\/span><\/li><li style=\"font-weight: 400;\" aria-level=\"1\"><span style=\"font-weight: 400;\">Guide to cost-optimum nZEB construction<\/span><\/li><\/ul><p><span style=\"font-weight: 400;\"><br \/>Besides technical activities project includes project management as well as promotion and publicity.<\/span><span style=\"font-weight: 400;\"><br \/><\/span><span style=\"font-weight: 400;\">Project has four project beneficiaries, two coming from Hungary and two coming from Croatia. Lead beneficiary is Regional Energy Agency North who along with University North implements project on Croatian side. Beneficiaries on Hungarian side are South Transdanubian Regional Innovation Agency Nonprofit and University of Pecs. Altogether, project beneficiaries form a group of competent and experienced entities that can and will effectively implement project and fulfill its short term and long term goals.<\/span><\/p><p><b>Main data of the project:<\/b><\/p><p><span style=\"font-weight: 400;\">Project title: Vocational education 2 \u2013 Co-operation in higher education<\/span><span style=\"font-weight: 400;\"><br \/><\/span><span style=\"font-weight: 400;\">Project code: HUHR\/1601<\/span><\/p><p><span style=\"font-weight: 400;\">Partners:<\/span><\/p><ul><li style=\"font-weight: 400;\" aria-level=\"1\"><span style=\"font-weight: 400;\">University North \u2013 Croatia<\/span><\/li><li style=\"font-weight: 400;\" aria-level=\"1\"><span style=\"font-weight: 400;\">Regional Energy Agency North \u2013 Croatia<\/span><\/li><li style=\"font-weight: 400;\" aria-level=\"1\"><span style=\"font-weight: 400;\">South Transdanubian Regional Innovation Agency Nonprofit Ltd. \u2013 Hungary<\/span><\/li><li style=\"font-weight: 400;\" aria-level=\"1\"><span style=\"font-weight: 400;\">University of Pecs \u2013 Hungary<\/span><\/li><\/ul><p><span style=\"font-weight: 400;\"><br \/>Project budget in EUR: 237.504,92 \u20ac<\/span><span style=\"font-weight: 400;\"><br \/><\/span><b>ERDF funding in EUR: 201.879,17 \u20ac<\/b><span style=\"font-weight: 400;\"><br \/><\/span><span style=\"font-weight: 400;\">Funding program: Interreg V-A Hungary-Croatia Co-operation Programme 2014-2020<\/span><span style=\"font-weight: 400;\"><br \/><\/span><span style=\"font-weight: 400;\">Project duration: 01.09.2017- 31.12.2018<\/span><\/p><p><span style=\"font-weight: 400;\">(More information:\u00a0<\/span><a href=\"http:\/\/www.v-educa.com\/2\/\"><span style=\"font-weight: 400;\">http:\/\/www.v-educa.com\/2\/<\/span><\/a><span style=\"font-weight: 400;\">)<\/span><span style=\"font-weight: 400;\"><br \/><\/span><span style=\"font-weight: 400;\">The project is co-financed by the European Regional Development Fund and Hungary.<\/span><\/p>\t\t\t\t\t\t\t\t<\/div>\n\t\t\t\t<\/div>\n\t\t\t\t<\/div>\n\t\t\t\t\t<\/div>\n\t\t\t\t<\/div>\n\t\t<div class=\"elementor-element elementor-element-54047d00 e-flex e-con-boxed e-con e-parent\" data-id=\"54047d00\" data-element_type=\"container\" data-e-type=\"container\">\n\t\t\t\t\t<div class=\"e-con-inner\">\n\t\t\t\t<div class=\"elementor-element elementor-element-170229ae rounded-divider elementor-widget-divider--view-line elementor-widget elementor-widget-divider\" data-id=\"170229ae\" data-element_type=\"widget\" data-e-type=\"widget\" data-widget_type=\"divider.default\">\n\t\t\t\t<div class=\"elementor-widget-container\">\n\t\t\t\t\t\t\t<div class=\"elementor-divider\">\n\t\t\t<span class=\"elementor-divider-separator\">\n\t\t\t\t\t\t<\/span>\n\t\t<\/div>\n\t\t\t\t\t\t<\/div>\n\t\t\t\t<\/div>\n\t\t\t\t\t<\/div>\n\t\t\t\t<\/div>\n\t\t\t\t<\/div>","protected":false},"excerpt":{"rendered":"<p>V-Educa 2 A V-Educa 2 (Vocational Education, azaz \u201cszakk\u00e9pz\u00e9s\u201d) a k\u00f6zel nulla energiaig\u00e9ny\u0171 \u00e9p\u00fcletek (nearly zero energy buildings, nZEB) t\u00e9m\u00e1j\u00e1val foglalkoz\u00f3 oktat\u00e1si projekt. A projekt \u00e1tfog\u00f3 c\u00e9lja el\u0151seg\u00edteni a tov\u00e1bbl\u00e9p\u00e9st a hagyom\u00e1nyos \u00e9s gyakran nem el\u00e9g energia-hat\u00e9kony \u00e9p\u00fcletek tervez\u00e9s\u00e9t\u0151l \u00e9s kivitelez\u00e9s\u00e9t\u0151l az EU \u00e1ltal elv\u00e1rt nZEB el\u0151\u00edr\u00e1sok megval\u00f3s\u00edt\u00e1sa fel\u00e9. Specifikus c\u00e9lkit\u0171z\u00e9sek: Az \u00e9p\u00edt\u00e9szeti, g\u00e9p\u00e9szeti \u00e9s [&hellip;]<\/p>\n","protected":false},"author":1,"featured_media":0,"parent":0,"menu_order":0,"comment_status":"closed","ping_status":"closed","template":"","meta":{"footnotes":""},"class_list":["post-4975","page","type-page","status-publish","hentry"],"_links":{"self":[{"href":"https:\/\/www.ddriu.hu\/en\/wp-json\/wp\/v2\/pages\/4975","targetHints":{"allow":["GET"]}}],"collection":[{"href":"https:\/\/www.ddriu.hu\/en\/wp-json\/wp\/v2\/pages"}],"about":[{"href":"https:\/\/www.ddriu.hu\/en\/wp-json\/wp\/v2\/types\/page"}],"author":[{"embeddable":true,"href":"https:\/\/www.ddriu.hu\/en\/wp-json\/wp\/v2\/users\/1"}],"replies":[{"embeddable":true,"href":"https:\/\/www.ddriu.hu\/en\/wp-json\/wp\/v2\/comments?post=4975"}],"version-history":[{"count":10,"href":"https:\/\/www.ddriu.hu\/en\/wp-json\/wp\/v2\/pages\/4975\/revisions"}],"predecessor-version":[{"id":4992,"href":"https:\/\/www.ddriu.hu\/en\/wp-json\/wp\/v2\/pages\/4975\/revisions\/4992"}],"wp:attachment":[{"href":"https:\/\/www.ddriu.hu\/en\/wp-json\/wp\/v2\/media?parent=4975"}],"curies":[{"name":"wp","href":"https:\/\/api.w.org\/{rel}","templated":true}]}}