{"id":4957,"date":"2025-10-25T09:14:11","date_gmt":"2025-10-25T09:14:11","guid":{"rendered":"https:\/\/www.ddriu.hu\/?page_id=4957"},"modified":"2025-10-25T09:18:46","modified_gmt":"2025-10-25T09:18:46","slug":"i-con-2","status":"publish","type":"page","link":"https:\/\/www.ddriu.hu\/en\/i-con-2\/","title":{"rendered":"I-CON"},"content":{"rendered":"<div data-elementor-type=\"wp-page\" data-elementor-id=\"4957\" class=\"elementor elementor-4957\" data-elementor-post-type=\"page\">\n\t\t\t\t<div class=\"elementor-element elementor-element-53ca5f17 e-con-full e-flex e-con e-parent\" data-id=\"53ca5f17\" data-element_type=\"container\" data-e-type=\"container\" data-settings=\"{&quot;background_background&quot;:&quot;classic&quot;}\">\n\t\t\t\t<div class=\"elementor-element elementor-element-33fc767a elementor-widget elementor-widget-heading\" data-id=\"33fc767a\" data-element_type=\"widget\" data-e-type=\"widget\" data-widget_type=\"heading.default\">\n\t\t\t\t<div class=\"elementor-widget-container\">\n\t\t\t\t\t<h2 class=\"elementor-heading-title elementor-size-default\">I-CON<\/h2>\t\t\t\t<\/div>\n\t\t\t\t<\/div>\n\t\t\t\t<div class=\"elementor-element elementor-element-65cae2eb rounded-divider elementor-widget-divider--view-line elementor-widget elementor-widget-divider\" data-id=\"65cae2eb\" data-element_type=\"widget\" data-e-type=\"widget\" data-widget_type=\"divider.default\">\n\t\t\t\t<div class=\"elementor-widget-container\">\n\t\t\t\t\t\t\t<div class=\"elementor-divider\">\n\t\t\t<span class=\"elementor-divider-separator\">\n\t\t\t\t\t\t<\/span>\n\t\t<\/div>\n\t\t\t\t\t\t<\/div>\n\t\t\t\t<\/div>\n\t\t\t\t<\/div>\n\t\t<div class=\"elementor-element elementor-element-23a7626d e-flex e-con-boxed e-con e-parent\" data-id=\"23a7626d\" data-element_type=\"container\" data-e-type=\"container\">\n\t\t\t\t\t<div class=\"e-con-inner\">\n\t\t<div class=\"elementor-element elementor-element-329cd4f3 e-con-full e-flex e-con e-child\" data-id=\"329cd4f3\" data-element_type=\"container\" data-e-type=\"container\">\n\t\t\t\t<div class=\"elementor-element elementor-element-c09a897 elementor-widget elementor-widget-image\" data-id=\"c09a897\" data-element_type=\"widget\" data-e-type=\"widget\" data-widget_type=\"image.default\">\n\t\t\t\t<div class=\"elementor-widget-container\">\n\t\t\t\t\t\t\t\t\t\t\t\t\t\t\t<img fetchpriority=\"high\" decoding=\"async\" width=\"692\" height=\"297\" src=\"https:\/\/www.ddriu.hu\/wp-content\/uploads\/2016\/07\/i-con_rgb.jpg\" class=\"attachment-large size-large wp-image-104\" alt=\"\" srcset=\"https:\/\/www.ddriu.hu\/wp-content\/uploads\/2016\/07\/i-con_rgb.jpg 692w, https:\/\/www.ddriu.hu\/wp-content\/uploads\/2016\/07\/i-con_rgb-300x129.jpg 300w\" sizes=\"(max-width: 692px) 100vw, 692px\" \/>\t\t\t\t\t\t\t\t\t\t\t\t\t\t\t<\/div>\n\t\t\t\t<\/div>\n\t\t\t\t<div class=\"elementor-element elementor-element-7227ad9d elementor-widget elementor-widget-text-editor\" data-id=\"7227ad9d\" data-element_type=\"widget\" data-e-type=\"widget\" data-widget_type=\"text-editor.default\">\n\t\t\t\t<div class=\"elementor-widget-container\">\n\t\t\t\t\t\t\t\t\t<p><span style=\"font-weight: 400;\">Several Central European countries (Austria, Croatia, the Czech Republic, Germany, Italy, Poland, Slovakia, and Slovenia), including certain regions of Hungary, are facing declining job opportunities in traditional industries. This phenomenon can be attributed to structural changes that have taken place in recent years and is linked to the innovation capacity of companies. For this reason, we must take steps to stimulate the economic activity of companies, increase employment, and promote economic development, especially in the more backward sectors. \u00a0<\/span><\/p><p><span style=\"font-weight: 400;\">Analyses have shown that the FOOD INDUSTRY is one of the most important potential links in the chain, facing constant challenges and requiring improvement in economic indicators.<\/span><\/p><p><span style=\"font-weight: 400;\">The main objective of the I-CON project, launched within the framework of the Interreg Central Europe Programme, is to improve entrepreneurial competencies and skills through innovations in the food industry. The project involves 10 partners (from different countries) whose aim is to continuously assist and mentor the participating companies. The process is based on the following four milestones:<\/span><\/p><ol><li style=\"font-weight: 400;\" aria-level=\"1\"><span style=\"font-weight: 400;\">As a first step, we are conducting a survey among regional food industry SMEs to gain an accurate picture of their operations, opportunities, and shortcomings. As a result, we will establish a regional sector diagnosis<\/span><\/li><li style=\"font-weight: 400;\" aria-level=\"1\"><span style=\"font-weight: 400;\">The next milestone is to build on the diagnosis made above and create a common platform where we can facilitate communication between participating businesses, develop their problem-solving skills, and provide ongoing advice.<\/span><\/li><li style=\"font-weight: 400;\" aria-level=\"1\"><span style=\"font-weight: 400;\">We will then collect the knowledge and experience gained in this way and make it available to SMEs so that they can help each other's operations (even at an international level).<br \/><\/span><\/li><li style=\"font-weight: 400;\" aria-level=\"1\"><span style=\"font-weight: 400;\">Finally, the main goal is to develop a common strategy focused on sustainable operation.<br \/><br \/><\/span><\/li><\/ol><p><span style=\"font-weight: 400;\">The result of the project will therefore be a joint food industry strategy system developed within the framework of international cooperation, under which participants will be able to take advantage of free advice and additional service packages: we will put together a package for them offering customized automation, mechanical engineering developments, food safety, and design services. The means to achieve this is to work together to develop the business skills that will help a company remain competitive in the sector.<\/span><\/p><p><b>Main data of the project:<\/b><\/p><p><span style=\"font-weight: 400;\">Project title: I-CON \u2013 Improving COmpetences and skills through Food sector InNovations<\/span><span style=\"font-weight: 400;\"><br \/><\/span><span style=\"font-weight: 400;\">Project code: CE393<\/span><span style=\"font-weight: 400;\"><br \/><\/span><span style=\"font-weight: 400;\">Partners:<\/span><\/p><ul><li style=\"font-weight: 400;\" aria-level=\"1\"><span style=\"font-weight: 400;\">Pomurje Technology Park \u2013 Slovenia<\/span><\/li><li style=\"font-weight: 400;\" aria-level=\"1\"><span style=\"font-weight: 400;\">CCIS-Chamber of Agricultural and Food Enterprises Slovenia<\/span><\/li><li style=\"font-weight: 400;\" aria-level=\"1\"><span style=\"font-weight: 400;\">Business Upper Austria<\/span><\/li><li style=\"font-weight: 400;\" aria-level=\"1\"><span style=\"font-weight: 400;\">Campden BRI Hungary Ltd<\/span><\/li><li style=\"font-weight: 400;\" aria-level=\"1\"><span style=\"font-weight: 400;\">South Transdanubian Regional Innovation Agency \u2013 Hungary<\/span><\/li><li style=\"font-weight: 400;\" aria-level=\"1\"><span style=\"font-weight: 400;\">CNA Regional Association os Emilia Romagna Italy<\/span><\/li><li style=\"font-weight: 400;\" aria-level=\"1\"><span style=\"font-weight: 400;\">Industry Association Service &amp; Training of Treviso and Pordenone \u2013 Italy<\/span><\/li><li style=\"font-weight: 400;\" aria-level=\"1\"><span style=\"font-weight: 400;\">Hohenheim University Germany<\/span><\/li><li style=\"font-weight: 400;\" aria-level=\"1\"><span style=\"font-weight: 400;\">Polish Chamber of Food Industry and Packaging \u2013 Poland<\/span><\/li><li style=\"font-weight: 400;\" aria-level=\"1\"><span style=\"font-weight: 400;\">Slovak Chamber of Commerce and Industry \u2013 Slovakia<\/span><\/li><\/ul><p><span style=\"font-weight: 400;\"><br \/>Project budget in EUR: 2.216.448,40 \u20ac<\/span><span style=\"font-weight: 400;\"><br \/><\/span><b>ERDF funding in EUR: 1.833.568,10 \u20ac<\/b><span style=\"font-weight: 400;\"><br \/><\/span><span style=\"font-weight: 400;\">Funding program: Interreg CENTRAL EUROPE<\/span><span style=\"font-weight: 400;\"><br \/><\/span><span style=\"font-weight: 400;\">Project duration: 06.2016 \u2013 05.2019<\/span><\/p><p><span style=\"font-weight: 400;\">(More information: <\/span><a href=\"http:\/\/www.interreg-central.eu\/Content.Node\/I-CON.html\"><span style=\"font-weight: 400;\">http:\/\/www.interreg-central.eu\/Content.Node\/I-CON.html<\/span><\/a><span style=\"font-weight: 400;\">)<\/span><\/p>\t\t\t\t\t\t\t\t<\/div>\n\t\t\t\t<\/div>\n\t\t\t\t<\/div>\n\t\t\t\t\t<\/div>\n\t\t\t\t<\/div>\n\t\t<div class=\"elementor-element elementor-element-36491d6b e-flex e-con-boxed e-con e-parent\" data-id=\"36491d6b\" data-element_type=\"container\" data-e-type=\"container\">\n\t\t\t\t\t<div class=\"e-con-inner\">\n\t\t\t\t<div class=\"elementor-element elementor-element-1a62220e rounded-divider elementor-widget-divider--view-line elementor-widget elementor-widget-divider\" data-id=\"1a62220e\" data-element_type=\"widget\" data-e-type=\"widget\" data-widget_type=\"divider.default\">\n\t\t\t\t<div class=\"elementor-widget-container\">\n\t\t\t\t\t\t\t<div class=\"elementor-divider\">\n\t\t\t<span class=\"elementor-divider-separator\">\n\t\t\t\t\t\t<\/span>\n\t\t<\/div>\n\t\t\t\t\t\t<\/div>\n\t\t\t\t<\/div>\n\t\t\t\t\t<\/div>\n\t\t\t\t<\/div>\n\t\t\t\t<\/div>","protected":false},"excerpt":{"rendered":"<p>I-CON T\u00f6bb k\u00f6z\u00e9p-eur\u00f3pai orsz\u00e1g (Ausztria, Horv\u00e1torsz\u00e1g, Cseh K\u00f6zt\u00e1rsas\u00e1g, N\u00e9metorsz\u00e1g, Olaszorsz\u00e1g, Lengyelorsz\u00e1g, Szlov\u00e1kia \u00e9s Szlov\u00e9nia), k\u00f6zt\u00fck Magyarorsz\u00e1g egyes r\u00e9gi\u00f3i is egyre hanyatl\u00f3 munkalehet\u0151s\u00e9gekkel n\u00e9znek szembe a hagyom\u00e1nyos ipar\u00e1gakban. Ez a jelens\u00e9g az ut\u00f3bbi \u00e9vekben bek\u00f6vetkezett struktur\u00e1lis v\u00e1ltoz\u00e1sokra vezethet\u0151 vissza \u00e9s \u00f6sszef\u00fcgg a c\u00e9gek innov\u00e1ci\u00f3s kapacit\u00e1s\u00e1val. Ennek ok\u00e1n l\u00e9p\u00e9seket kell tenn\u00fcnk a c\u00e9gek gazdas\u00e1gi tev\u00e9kenys\u00e9g\u00e9nek \u00f6szt\u00f6nz\u00e9s\u00e9re, a [&hellip;]<\/p>\n","protected":false},"author":1,"featured_media":0,"parent":0,"menu_order":0,"comment_status":"closed","ping_status":"closed","template":"","meta":{"footnotes":""},"class_list":["post-4957","page","type-page","status-publish","hentry"],"_links":{"self":[{"href":"https:\/\/www.ddriu.hu\/en\/wp-json\/wp\/v2\/pages\/4957","targetHints":{"allow":["GET"]}}],"collection":[{"href":"https:\/\/www.ddriu.hu\/en\/wp-json\/wp\/v2\/pages"}],"about":[{"href":"https:\/\/www.ddriu.hu\/en\/wp-json\/wp\/v2\/types\/page"}],"author":[{"embeddable":true,"href":"https:\/\/www.ddriu.hu\/en\/wp-json\/wp\/v2\/users\/1"}],"replies":[{"embeddable":true,"href":"https:\/\/www.ddriu.hu\/en\/wp-json\/wp\/v2\/comments?post=4957"}],"version-history":[{"count":10,"href":"https:\/\/www.ddriu.hu\/en\/wp-json\/wp\/v2\/pages\/4957\/revisions"}],"predecessor-version":[{"id":4968,"href":"https:\/\/www.ddriu.hu\/en\/wp-json\/wp\/v2\/pages\/4957\/revisions\/4968"}],"wp:attachment":[{"href":"https:\/\/www.ddriu.hu\/en\/wp-json\/wp\/v2\/media?parent=4957"}],"curies":[{"name":"wp","href":"https:\/\/api.w.org\/{rel}","templated":true}]}}