{"id":4903,"date":"2025-10-25T06:35:25","date_gmt":"2025-10-25T06:35:25","guid":{"rendered":"https:\/\/www.ddriu.hu\/?page_id=4903"},"modified":"2025-10-25T06:48:33","modified_gmt":"2025-10-25T06:48:33","slug":"saga-2","status":"publish","type":"page","link":"https:\/\/www.ddriu.hu\/en\/saga-2\/","title":{"rendered":"SAGA"},"content":{"rendered":"<div data-elementor-type=\"wp-page\" data-elementor-id=\"4903\" class=\"elementor elementor-4903\" data-elementor-post-type=\"page\">\n\t\t\t\t<div class=\"elementor-element elementor-element-4311645b e-con-full e-flex e-con e-parent\" data-id=\"4311645b\" data-element_type=\"container\" data-e-type=\"container\" data-settings=\"{&quot;background_background&quot;:&quot;classic&quot;}\">\n\t\t\t\t<div class=\"elementor-element elementor-element-6736632 elementor-widget elementor-widget-heading\" data-id=\"6736632\" data-element_type=\"widget\" data-e-type=\"widget\" data-widget_type=\"heading.default\">\n\t\t\t\t<div class=\"elementor-widget-container\">\n\t\t\t\t\t<h2 class=\"elementor-heading-title elementor-size-default\">SAGA<\/h2>\t\t\t\t<\/div>\n\t\t\t\t<\/div>\n\t\t\t\t<div class=\"elementor-element elementor-element-b339d7f rounded-divider elementor-widget-divider--view-line elementor-widget elementor-widget-divider\" data-id=\"b339d7f\" data-element_type=\"widget\" data-e-type=\"widget\" data-widget_type=\"divider.default\">\n\t\t\t\t<div class=\"elementor-widget-container\">\n\t\t\t\t\t\t\t<div class=\"elementor-divider\">\n\t\t\t<span class=\"elementor-divider-separator\">\n\t\t\t\t\t\t<\/span>\n\t\t<\/div>\n\t\t\t\t\t\t<\/div>\n\t\t\t\t<\/div>\n\t\t\t\t<\/div>\n\t\t<div class=\"elementor-element elementor-element-210d52d7 e-flex e-con-boxed e-con e-parent\" data-id=\"210d52d7\" data-element_type=\"container\" data-e-type=\"container\">\n\t\t\t\t\t<div class=\"e-con-inner\">\n\t\t<div class=\"elementor-element elementor-element-5b79ac11 e-con-full e-flex e-con e-child\" data-id=\"5b79ac11\" data-element_type=\"container\" data-e-type=\"container\">\n\t\t\t\t<div class=\"elementor-element elementor-element-3d6f5f1d elementor-widget elementor-widget-image\" data-id=\"3d6f5f1d\" data-element_type=\"widget\" data-e-type=\"widget\" data-widget_type=\"image.default\">\n\t\t\t\t<div class=\"elementor-widget-container\">\n\t\t\t\t\t\t\t\t\t\t\t\t\t\t\t<img fetchpriority=\"high\" decoding=\"async\" width=\"800\" height=\"600\" src=\"https:\/\/www.ddriu.hu\/wp-content\/uploads\/2024\/06\/SAGA.jpg\" class=\"attachment-large size-large wp-image-1240\" alt=\"\" srcset=\"https:\/\/www.ddriu.hu\/wp-content\/uploads\/2024\/06\/SAGA.jpg 800w, https:\/\/www.ddriu.hu\/wp-content\/uploads\/2024\/06\/SAGA-300x225.jpg 300w, https:\/\/www.ddriu.hu\/wp-content\/uploads\/2024\/06\/SAGA-768x576.jpg 768w\" sizes=\"(max-width: 800px) 100vw, 800px\" \/>\t\t\t\t\t\t\t\t\t\t\t\t\t\t\t<\/div>\n\t\t\t\t<\/div>\n\t\t\t\t<div class=\"elementor-element elementor-element-71ec8291 elementor-widget elementor-widget-text-editor\" data-id=\"71ec8291\" data-element_type=\"widget\" data-e-type=\"widget\" data-widget_type=\"text-editor.default\">\n\t\t\t\t<div class=\"elementor-widget-container\">\n\t\t\t\t\t\t\t\t\t<p><span style=\"font-weight: 400;\">The trend of rural depopulation faced by many European countries and regions, is generating areas considered \u201cEmpty Europe\u201d, who upfront specific and related demographic and economic challenges and a lack of public services. At the same time, these territories have a rich culinary heritage, gastronomy and\/or food production, which at the same time can generate opportunities.<\/span><\/p><p><span style=\"font-weight: 400;\">SAGA aims to contribute to reducing inequalities, ensure economic recovery and inclusive and sustainable long-term growth through a co-creation and collaborative focus, engaging all relevant stakeholders, develop and validate a training programme for populations living in \u201cEmpty Europe\u201d, but who at the same time have a rich culinary heritage and\/or food production. The project develops and evaluates an innovative training programme for those living in these types of rural areas, addressing their pressing issues such as unemployment and economic and social revitalisation, giving them the knowledge, competences and skills to develop social enterprises in gastronomic, food and culinary heritage fields.<\/span><\/p><p><b>Main data of the project:<\/b><\/p><p><span style=\"font-weight: 400;\">Project title: SAGA Social And GAstronomic entreprenuership in empty Europe<\/span><\/p><p><span style=\"font-weight: 400;\">Project code: KA204-259AFC28<\/span><\/p><p><span style=\"font-weight: 400;\">Partners:<\/span><\/p><ul><li style=\"font-weight: 400;\" aria-level=\"1\"><span style=\"font-weight: 400;\">South Transdanubian Regional Innovation Agency \u2013 Hungary (LP)<\/span><\/li><li style=\"font-weight: 400;\" aria-level=\"1\"><span style=\"font-weight: 400;\">EOLAS S.L. \u2013 Spain<\/span><\/li><li style=\"font-weight: 400;\" aria-level=\"1\"><span style=\"font-weight: 400;\">Business Innovation Center Innobridge \u2013 Bulgaria<\/span><\/li><li style=\"font-weight: 400;\" aria-level=\"1\"><span style=\"font-weight: 400;\">STICHTING INCUBATOR \u2013 Netherlands<\/span><\/li><li style=\"font-weight: 400;\" aria-level=\"1\"><span style=\"font-weight: 400;\">Fundatia Centrul Educational Spektrum \u2013 Romania<\/span><\/li><li style=\"font-weight: 400;\" aria-level=\"1\"><span style=\"font-weight: 400;\">Kontakt Szervezetfejleszto es Tanacsado Kft. \u2013 Hungary<\/span><\/li><\/ul><p>\u00a0<\/p><p><b>Project budget in EUR: 267,620.00 \u20ac<\/b><b><br \/><\/b><span style=\"font-weight: 400;\">Funding program: Erasmus+ KA2<\/span><span style=\"font-weight: 400;\"><br \/><\/span><span style=\"font-weight: 400;\">Project duration: 01.10.2020 \u2013 31.12.2022.<\/span><\/p><p><span style=\"font-weight: 400;\">(More information:\u00a0<\/span><a href=\"http:\/\/www.projectsaga.eu\/\"><span style=\"font-weight: 400;\">http:\/\/www.projectsaga.eu\/<\/span><\/a><a href=\"http:\/\/www.saga-project.eu\/\"><span style=\"font-weight: 400;\">u<\/span><\/a><span style=\"font-weight: 400;\">)<\/span><\/p>\t\t\t\t\t\t\t\t<\/div>\n\t\t\t\t<\/div>\n\t\t\t\t<\/div>\n\t\t\t\t\t<\/div>\n\t\t\t\t<\/div>\n\t\t<div class=\"elementor-element elementor-element-6a1d0265 e-flex e-con-boxed e-con e-parent\" data-id=\"6a1d0265\" data-element_type=\"container\" data-e-type=\"container\">\n\t\t\t\t\t<div class=\"e-con-inner\">\n\t\t\t\t<div class=\"elementor-element elementor-element-1eaa0276 rounded-divider elementor-widget-divider--view-line elementor-widget elementor-widget-divider\" data-id=\"1eaa0276\" data-element_type=\"widget\" data-e-type=\"widget\" data-widget_type=\"divider.default\">\n\t\t\t\t<div class=\"elementor-widget-container\">\n\t\t\t\t\t\t\t<div class=\"elementor-divider\">\n\t\t\t<span class=\"elementor-divider-separator\">\n\t\t\t\t\t\t<\/span>\n\t\t<\/div>\n\t\t\t\t\t\t<\/div>\n\t\t\t\t<\/div>\n\t\t\t\t\t<\/div>\n\t\t\t\t<\/div>\n\t\t\t\t<\/div>","protected":false},"excerpt":{"rendered":"<p>SAGA A vid\u00e9ki eln\u00e9ptelened\u00e9s tendenci\u00e1ja sz\u00e1mos eur\u00f3pai orsz\u00e1gban \u00e9s r\u00e9gi\u00f3ban jellemz\u0151. Ezek az \u201e\u00dcres Eur\u00f3p\u00e1nak\u201d nevezett ter\u00fcletek jelent\u0151s demogr\u00e1fiai \u00e9s gazdas\u00e1gi kih\u00edv\u00e1sokkal szembes\u00fclnek, amit a k\u00f6zszolg\u00e1ltat\u00e1sok alacsony sz\u00ednvonala \u00e9s neh\u00e9z el\u00e9rhet\u0151s\u00e9ge tov\u00e1bb m\u00e9ly\u00edt, ugyanakkor \u00e9rt\u00e9kes hagyom\u00e1nyokkal b\u00edrnak a gazdag kulin\u00e1ris \u00f6r\u00f6ks\u00e9g \u00e9s az \u00e9lelmiszertermel\u00e9s ter\u00e9n, amelyek lehet\u0151s\u00e9get teremthetnek az ott \u00e9l\u0151k sz\u00e1m\u00e1ra. A SAGA projekt [&hellip;]<\/p>\n","protected":false},"author":1,"featured_media":0,"parent":0,"menu_order":0,"comment_status":"closed","ping_status":"closed","template":"","meta":{"footnotes":""},"class_list":["post-4903","page","type-page","status-publish","hentry"],"_links":{"self":[{"href":"https:\/\/www.ddriu.hu\/en\/wp-json\/wp\/v2\/pages\/4903","targetHints":{"allow":["GET"]}}],"collection":[{"href":"https:\/\/www.ddriu.hu\/en\/wp-json\/wp\/v2\/pages"}],"about":[{"href":"https:\/\/www.ddriu.hu\/en\/wp-json\/wp\/v2\/types\/page"}],"author":[{"embeddable":true,"href":"https:\/\/www.ddriu.hu\/en\/wp-json\/wp\/v2\/users\/1"}],"replies":[{"embeddable":true,"href":"https:\/\/www.ddriu.hu\/en\/wp-json\/wp\/v2\/comments?post=4903"}],"version-history":[{"count":16,"href":"https:\/\/www.ddriu.hu\/en\/wp-json\/wp\/v2\/pages\/4903\/revisions"}],"predecessor-version":[{"id":4938,"href":"https:\/\/www.ddriu.hu\/en\/wp-json\/wp\/v2\/pages\/4903\/revisions\/4938"}],"wp:attachment":[{"href":"https:\/\/www.ddriu.hu\/en\/wp-json\/wp\/v2\/media?parent=4903"}],"curies":[{"name":"wp","href":"https:\/\/api.w.org\/{rel}","templated":true}]}}