{"id":4865,"date":"2025-10-24T13:59:02","date_gmt":"2025-10-24T13:59:02","guid":{"rendered":"https:\/\/www.ddriu.hu\/?page_id=4865"},"modified":"2025-10-24T14:09:56","modified_gmt":"2025-10-24T14:09:56","slug":"regions-4food","status":"publish","type":"page","link":"https:\/\/www.ddriu.hu\/en\/regions-4food\/","title":{"rendered":"REGIONS 4FOOD"},"content":{"rendered":"<div data-elementor-type=\"wp-page\" data-elementor-id=\"4865\" class=\"elementor elementor-4865\" data-elementor-post-type=\"page\">\n\t\t\t\t<div class=\"elementor-element elementor-element-334a0222 e-con-full e-flex e-con e-parent\" data-id=\"334a0222\" data-element_type=\"container\" data-e-type=\"container\" data-settings=\"{&quot;background_background&quot;:&quot;classic&quot;}\">\n\t\t\t\t<div class=\"elementor-element elementor-element-341602e3 elementor-widget elementor-widget-heading\" data-id=\"341602e3\" data-element_type=\"widget\" data-e-type=\"widget\" data-widget_type=\"heading.default\">\n\t\t\t\t<div class=\"elementor-widget-container\">\n\t\t\t\t\t<h2 class=\"elementor-heading-title elementor-size-default\">REGIONS 4FOOD<\/h2>\t\t\t\t<\/div>\n\t\t\t\t<\/div>\n\t\t\t\t<div class=\"elementor-element elementor-element-526f5c0c rounded-divider elementor-widget-divider--view-line elementor-widget elementor-widget-divider\" data-id=\"526f5c0c\" data-element_type=\"widget\" data-e-type=\"widget\" data-widget_type=\"divider.default\">\n\t\t\t\t<div class=\"elementor-widget-container\">\n\t\t\t\t\t\t\t<div class=\"elementor-divider\">\n\t\t\t<span class=\"elementor-divider-separator\">\n\t\t\t\t\t\t<\/span>\n\t\t<\/div>\n\t\t\t\t\t\t<\/div>\n\t\t\t\t<\/div>\n\t\t\t\t<\/div>\n\t\t<div class=\"elementor-element elementor-element-22dd4e2d e-flex e-con-boxed e-con e-parent\" data-id=\"22dd4e2d\" data-element_type=\"container\" data-e-type=\"container\">\n\t\t\t\t\t<div class=\"e-con-inner\">\n\t\t<div class=\"elementor-element elementor-element-6e7e1a54 e-con-full e-flex e-con e-child\" data-id=\"6e7e1a54\" data-element_type=\"container\" data-e-type=\"container\">\n\t\t\t\t<div class=\"elementor-element elementor-element-6ea86288 elementor-widget elementor-widget-image\" data-id=\"6ea86288\" data-element_type=\"widget\" data-e-type=\"widget\" data-widget_type=\"image.default\">\n\t\t\t\t<div class=\"elementor-widget-container\">\n\t\t\t\t\t\t\t\t\t\t\t\t\t\t\t<img fetchpriority=\"high\" decoding=\"async\" width=\"800\" height=\"657\" src=\"https:\/\/www.ddriu.hu\/wp-content\/uploads\/2020\/03\/regions_4food_eu_flag_0-1024x841.jpg\" class=\"attachment-large size-large wp-image-781\" alt=\"\" srcset=\"https:\/\/www.ddriu.hu\/wp-content\/uploads\/2020\/03\/regions_4food_eu_flag_0-1024x841.jpg 1024w, https:\/\/www.ddriu.hu\/wp-content\/uploads\/2020\/03\/regions_4food_eu_flag_0-300x247.jpg 300w, https:\/\/www.ddriu.hu\/wp-content\/uploads\/2020\/03\/regions_4food_eu_flag_0-768x631.jpg 768w, https:\/\/www.ddriu.hu\/wp-content\/uploads\/2020\/03\/regions_4food_eu_flag_0.jpg 1200w\" sizes=\"(max-width: 800px) 100vw, 800px\" \/>\t\t\t\t\t\t\t\t\t\t\t\t\t\t\t<\/div>\n\t\t\t\t<\/div>\n\t\t\t\t<div class=\"elementor-element elementor-element-17845571 elementor-widget elementor-widget-text-editor\" data-id=\"17845571\" data-element_type=\"widget\" data-e-type=\"widget\" data-widget_type=\"text-editor.default\">\n\t\t\t\t<div class=\"elementor-widget-container\">\n\t\t\t\t\t\t\t\t\t<p><span style=\"font-weight: 400;\">Data has become a key asset for the food industry which is leading to innovations in technology and the development of new tools and skills. \u00a0<\/span><\/p><p><span style=\"font-weight: 400;\">However, the large volume and diverse nature of food value chains data and actors call for specific integration and management procedures to make the most of new economic opportunities based on information, data and cognitive technologies and promote innovation-driven growth.<\/span><b>\u00a0\u00a0<\/b><\/p><p><span style=\"font-weight: 400;\">With the aim to address this issue, seven regions have decided to join efforts to face new challenges in relation ICTs and data with the overall objective of maximising the innovation potential of all actors of the agri-food value chain.<\/span><\/p><p><span style=\"font-weight: 400;\"><p>For this purpose, project partners have developed an exchange of experience approach and work plan which allow them to create synergies and opportunities by identifying good practice implemented in other regions. Partners will work in close cooperation with stakeholders to interconnect regional innovation ecosystems, and bring together the \u201cquadruple helix\u201d of actors involved at different stages in the food value chain. Best practices for each region will be integrated in their action plans in order to improve the targeted policy instruments governance or to implement projects that will contribute to achieving the above-mentioned goal.\n<\/p> \n<p>  \nMain project outputs and results will be:\n<\/p> \n<p> \n\u2013 Seven action plans to improve policy instruments selected by project partners according to their relevance in terms of better exploiting ICT\u2019s potential and deliver innovation to food industry and hence, smart progress and growth. \n <\/p> \n<p> \n\u2013 Support capacity-building at all levels, that is, staff, organisational and regional but also beyond the partnership considering most project partners are members of the S3P Agri-food on Traceabiliy and Big Data.\n<\/p>\n<p>  \n\u2013 Reinforcing cooperation between research and business sectors and therefore, to improve the economic exploitation of R&amp;D results.\n<\/p>\n<p> \n\u2013 Delivering strategic guidelines for new programming period.\n<\/p><\/span><\/p><p><b>Main data of the project:<\/b><\/p><p><span style=\"font-weight: 400;\">Project title: REGIONal Strategies 4 FOOD 4.0 Revolution<\/span><span style=\"font-weight: 400;\"><br \/><\/span><span style=\"font-weight: 400;\">Project code: PGI05289<\/span><\/p><p><span style=\"font-weight: 400;\">Partners:<\/span><\/p><ul><li style=\"font-weight: 400;\" aria-level=\"1\"><span style=\"font-weight: 400;\">Regional Ministry of Agriculture, Fisheries and Rural Development. Government of Andalusia \u2013 Spain<\/span><\/li><li style=\"font-weight: 400;\" aria-level=\"1\"><span style=\"font-weight: 400;\">Pays de la Loire Regional Council \u2013 France<\/span><\/li><li style=\"font-weight: 400;\" aria-level=\"1\"><span style=\"font-weight: 400;\">Sein\u00e4joki University of Applied Sciences \u2013 Finland<\/span><\/li><li style=\"font-weight: 400;\" aria-level=\"1\"><span style=\"font-weight: 400;\">ASTER Stock Joint Consortium \u2013 Italy<\/span><\/li><li style=\"font-weight: 400;\" aria-level=\"1\"><span style=\"font-weight: 400;\">South Transdanubian Regional Innovation Agency \u2013 Hungary<\/span><\/li><li style=\"font-weight: 400;\" aria-level=\"1\"><span style=\"font-weight: 400;\">Province Limburg \u2013 Netherlands<\/span><\/li><li style=\"font-weight: 400;\" aria-level=\"1\"><span style=\"font-weight: 400;\">Pazardzhik Regional Administration \u2013 Bulgaria<\/span><\/li><li style=\"font-weight: 400;\" aria-level=\"1\"><span style=\"font-weight: 400;\">University of Agriculture and Life Sciences, Kaposv\u00e1r Campus \u2013 Hungary<\/span><\/li><\/ul><p><span style=\"font-weight: 400;\">\u00a0<\/span><\/p><p><span style=\"font-weight: 400;\">Project budget in EUR: 1,576.910,00 \u20ac<\/span><span style=\"font-weight: 400;\"><br \/><\/span><b>ERDF funding in EUR: 1,277,456.50 \u20ac<\/b><span style=\"font-weight: 400;\"><br \/><\/span><span style=\"font-weight: 400;\">Funding program: Interreg EUROPE<\/span><span style=\"font-weight: 400;\"><br \/><\/span><span style=\"font-weight: 400;\">Project duration: 01.06.2018- 31.05.2023<\/span><\/p><p><span style=\"font-weight: 400;\">(More information:\u00a0<\/span><a href=\"https:\/\/www.interregeurope.eu\/regions4food\"><span style=\"font-weight: 400;\">https:\/\/www.interregeurope.eu\/regions4food<\/span><\/a><span style=\"font-weight: 400;\">\u00a0)<\/span><span style=\"font-weight: 400;\"><br \/><\/span><span style=\"font-weight: 400;\">The project is co-financed by the European Regional Development Fund and Hungary.<\/span><\/p>\t\t\t\t\t\t\t\t<\/div>\n\t\t\t\t<\/div>\n\t\t\t\t<\/div>\n\t\t\t\t\t<\/div>\n\t\t\t\t<\/div>\n\t\t<div class=\"elementor-element elementor-element-6d83692d e-flex e-con-boxed e-con e-parent\" data-id=\"6d83692d\" data-element_type=\"container\" data-e-type=\"container\">\n\t\t\t\t\t<div class=\"e-con-inner\">\n\t\t\t\t<div class=\"elementor-element elementor-element-1142325c rounded-divider elementor-widget-divider--view-line elementor-widget elementor-widget-divider\" data-id=\"1142325c\" data-element_type=\"widget\" data-e-type=\"widget\" data-widget_type=\"divider.default\">\n\t\t\t\t<div class=\"elementor-widget-container\">\n\t\t\t\t\t\t\t<div class=\"elementor-divider\">\n\t\t\t<span class=\"elementor-divider-separator\">\n\t\t\t\t\t\t<\/span>\n\t\t<\/div>\n\t\t\t\t\t\t<\/div>\n\t\t\t\t<\/div>\n\t\t\t\t\t<\/div>\n\t\t\t\t<\/div>\n\t\t\t\t<\/div>","protected":false},"excerpt":{"rendered":"<p>REGIONS 4FOOD A digitaliz\u00e1ci\u00f3, a j\u00f6v\u0151 egyik meghat\u00e1roz\u00f3 ir\u00e1nya, jelent\u0151s v\u00e1ltoz\u00e1sokat hozott az adatkezel\u00e9sben, az adatok el\u0151\u00e1ll\u00edt\u00e1s\u00e1ban \u00e9s feldolgoz\u00e1s\u00e1ban. A digit\u00e1lis eszk\u00f6z\u00f6k m\u0171k\u00f6d\u00e9s\u00fck kapcs\u00e1n rengeteg adatot \u00e1ll\u00edtanak el\u0151, ami az egyes ter\u00fcletek m\u0171k\u00f6d\u00e9s\u00e9nek r\u00e9szletes megismer\u00e9s\u00e9t, \u00faj szempontok azonos\u00edt\u00e1s\u00e1t teszik el\u00e9rhet\u0151v\u00e9. Az inform\u00e1ci\u00f3s technol\u00f3gia t\u00e9rh\u00f3d\u00edt\u00e1sa, az ipari folyamatok teljes digitaliz\u00e1ci\u00f3ja \u00e9s automatiz\u00e1ci\u00f3ja \u00faj dimenzi\u00f3kat jelent az [&hellip;]<\/p>\n","protected":false},"author":1,"featured_media":0,"parent":0,"menu_order":0,"comment_status":"closed","ping_status":"closed","template":"","meta":{"footnotes":""},"class_list":["post-4865","page","type-page","status-publish","hentry"],"_links":{"self":[{"href":"https:\/\/www.ddriu.hu\/en\/wp-json\/wp\/v2\/pages\/4865","targetHints":{"allow":["GET"]}}],"collection":[{"href":"https:\/\/www.ddriu.hu\/en\/wp-json\/wp\/v2\/pages"}],"about":[{"href":"https:\/\/www.ddriu.hu\/en\/wp-json\/wp\/v2\/types\/page"}],"author":[{"embeddable":true,"href":"https:\/\/www.ddriu.hu\/en\/wp-json\/wp\/v2\/users\/1"}],"replies":[{"embeddable":true,"href":"https:\/\/www.ddriu.hu\/en\/wp-json\/wp\/v2\/comments?post=4865"}],"version-history":[{"count":13,"href":"https:\/\/www.ddriu.hu\/en\/wp-json\/wp\/v2\/pages\/4865\/revisions"}],"predecessor-version":[{"id":4887,"href":"https:\/\/www.ddriu.hu\/en\/wp-json\/wp\/v2\/pages\/4865\/revisions\/4887"}],"wp:attachment":[{"href":"https:\/\/www.ddriu.hu\/en\/wp-json\/wp\/v2\/media?parent=4865"}],"curies":[{"name":"wp","href":"https:\/\/api.w.org\/{rel}","templated":true}]}}