{"id":2312,"date":"2025-06-29T19:34:52","date_gmt":"2025-06-29T19:34:52","guid":{"rendered":"https:\/\/digiman.hu\/?page_id=2312"},"modified":"2025-10-24T12:30:55","modified_gmt":"2025-10-24T12:30:55","slug":"ebussed-35","status":"publish","type":"page","link":"https:\/\/www.ddriu.hu\/en\/ebussed-35\/","title":{"rendered":"eBussed"},"content":{"rendered":"<div data-elementor-type=\"wp-page\" data-elementor-id=\"2312\" class=\"elementor elementor-2312\" data-elementor-post-type=\"page\">\n\t\t\t\t<div class=\"elementor-element elementor-element-4490ac7d e-con-full e-flex e-con e-parent\" data-id=\"4490ac7d\" data-element_type=\"container\" data-e-type=\"container\" data-settings=\"{&quot;background_background&quot;:&quot;classic&quot;}\">\n\t\t\t\t<div class=\"elementor-element elementor-element-117a1464 elementor-widget elementor-widget-heading\" data-id=\"117a1464\" data-element_type=\"widget\" data-e-type=\"widget\" data-widget_type=\"heading.default\">\n\t\t\t\t<div class=\"elementor-widget-container\">\n\t\t\t\t\t<h2 class=\"elementor-heading-title elementor-size-default\">eBussed<\/h2>\t\t\t\t<\/div>\n\t\t\t\t<\/div>\n\t\t\t\t<div class=\"elementor-element elementor-element-16562b75 rounded-divider elementor-widget-divider--view-line elementor-widget elementor-widget-divider\" data-id=\"16562b75\" data-element_type=\"widget\" data-e-type=\"widget\" data-widget_type=\"divider.default\">\n\t\t\t\t<div class=\"elementor-widget-container\">\n\t\t\t\t\t\t\t<div class=\"elementor-divider\">\n\t\t\t<span class=\"elementor-divider-separator\">\n\t\t\t\t\t\t<\/span>\n\t\t<\/div>\n\t\t\t\t\t\t<\/div>\n\t\t\t\t<\/div>\n\t\t\t\t<\/div>\n\t\t<div class=\"elementor-element elementor-element-5cec5b5d e-flex e-con-boxed e-con e-parent\" data-id=\"5cec5b5d\" data-element_type=\"container\" data-e-type=\"container\">\n\t\t\t\t\t<div class=\"e-con-inner\">\n\t\t<div class=\"elementor-element elementor-element-d09bed5 e-con-full e-flex e-con e-child\" data-id=\"d09bed5\" data-element_type=\"container\" data-e-type=\"container\">\n\t\t\t\t<div class=\"elementor-element elementor-element-18dd6863 elementor-widget elementor-widget-image\" data-id=\"18dd6863\" data-element_type=\"widget\" data-e-type=\"widget\" data-widget_type=\"image.default\">\n\t\t\t\t<div class=\"elementor-widget-container\">\n\t\t\t\t\t\t\t\t\t\t\t\t\t\t\t<img fetchpriority=\"high\" decoding=\"async\" width=\"800\" height=\"572\" src=\"https:\/\/www.ddriu.hu\/wp-content\/uploads\/2020\/04\/eBussed_EU_FLAG-1024x732.jpg\" class=\"attachment-large size-large wp-image-786\" alt=\"\" srcset=\"https:\/\/www.ddriu.hu\/wp-content\/uploads\/2020\/04\/eBussed_EU_FLAG-1024x732.jpg 1024w, https:\/\/www.ddriu.hu\/wp-content\/uploads\/2020\/04\/eBussed_EU_FLAG-300x214.jpg 300w, https:\/\/www.ddriu.hu\/wp-content\/uploads\/2020\/04\/eBussed_EU_FLAG-768x549.jpg 768w, https:\/\/www.ddriu.hu\/wp-content\/uploads\/2020\/04\/eBussed_EU_FLAG-1536x1098.jpg 1536w, https:\/\/www.ddriu.hu\/wp-content\/uploads\/2020\/04\/eBussed_EU_FLAG.jpg 1654w\" sizes=\"(max-width: 800px) 100vw, 800px\" \/>\t\t\t\t\t\t\t\t\t\t\t\t\t\t\t<\/div>\n\t\t\t\t<\/div>\n\t\t\t\t<div class=\"elementor-element elementor-element-4542a1a elementor-widget elementor-widget-text-editor\" data-id=\"4542a1a\" data-element_type=\"widget\" data-e-type=\"widget\" data-widget_type=\"text-editor.default\">\n\t\t\t\t<div class=\"elementor-widget-container\">\n\t\t\t\t\t\t\t\t\t<p><span style=\"font-weight: 400;\">Transitioning from a region with public transportation based on diesel buses to a region with e-bus fleets requires ample expertise in different fields. A wide range of themes must be covered in order to initiate and support e-bus development. The project concentrates on the exchange of experience between partner regions at different stages of e-bus operation development, thereby serving regions struggling with this highly technical and fast developing field.<\/span><\/p><p><span style=\"font-weight: 400;\">The project supports the transition towards low carbon mobility and more efficient public transport. It promotes the uptake of e-buses in new regions and supports the expansion of existing e-fleets. It facilitates the integration of electricity production based on renewables and low carbon electrified public transport. Through new ideas and better policies, the project promotes both the demand and supply side of electricity from clean renewable sources and the subsequent transitioning towards a low carbon economy.<\/span><\/p><p><span style=\"font-weight: 400;\">eBussed will engage regions from all directions with and without practical experience on e-buses. The project will increase capacities and knowledge among its partner regions via a multi-level exchange of experiences and cross-regional pollination of ideas to better support the transition towards fully electrified bus fleets and low carbon mobility.<\/span><\/p><p><strong>Main project results will be:<\/strong><\/p><ul><li style=\"font-weight: 400;\" aria-level=\"1\"><span style=\"font-weight: 400;\">increased measurability for e-bus deployment among partner regions via the introduction of the e-bus readiness indicators,<\/span><\/li><li style=\"font-weight: 400;\" aria-level=\"1\"><span style=\"font-weight: 400;\">increased capacities of partners and regional stakeholders to make informed decisions on bus fleet electrification as a result of thematic cross-fertilization workshops and other project outputs,<\/span><\/li><li style=\"font-weight: 400;\" aria-level=\"1\"><span style=\"font-weight: 400;\">increased knowledge of policy makers and public officials to recognise the barriers and drivers inhibiting or promoting e-bus deployment,<\/span><\/li><li style=\"font-weight: 400;\" aria-level=\"1\"><span style=\"font-weight: 400;\">increased capacities and knowledge among policy makers and public officials to link e-bus deployment with renewable electricity production,<\/span><\/li><li style=\"font-weight: 400;\" aria-level=\"1\"><span style=\"font-weight: 400;\">increased knowledge of policy makers and public officials on all facets of e-bus procurement and fleet technological and user-related management,<\/span><\/li><li style=\"font-weight: 400;\" aria-level=\"1\"><span style=\"font-weight: 400;\">improved policy instruments (4 ERDF policies and 2 local plans): introduction or integration of the e-bus theme into the policy instruments,<\/span><\/li><li style=\"font-weight: 400;\" aria-level=\"1\"><span style=\"font-weight: 400;\">improved governance or supporting the theme by proposing new project ideas or funding,<\/span><\/li><li style=\"font-weight: 400;\" aria-level=\"1\"><span style=\"font-weight: 400;\">implemented 6 local action plans supporting e-bus development in the partner regions.<\/span><\/li><\/ul><p>\u00a0<\/p><p><b>Main data of the project:<\/b><\/p><p><span style=\"font-weight: 400;\"><strong>Project Name:<\/strong> Building capacities for European-wide e-bus deployment<\/span><\/p><p><span style=\"font-weight: 400;\"><strong>Project code:<\/strong> PGI05948<\/span><\/p><p><strong>Partners:<\/strong><\/p><ul><li style=\"font-weight: 400;\" aria-level=\"1\"><span style=\"font-weight: 400;\">Turku University of Applied Science \u2013 Finland<\/span><\/li><li style=\"font-weight: 400;\" aria-level=\"1\"><span style=\"font-weight: 400;\">Free and Hanseatic City of Hamburg \u2013 Germany<\/span><\/li><li style=\"font-weight: 400;\" aria-level=\"1\"><span style=\"font-weight: 400;\">Province of Utrecht \u2013 Netherlands<\/span><\/li><li style=\"font-weight: 400;\" aria-level=\"1\"><span style=\"font-weight: 400;\">HU University of Applied Science Utrecht \u2013 Netherlands<\/span><\/li><li style=\"font-weight: 400;\" aria-level=\"1\"><span style=\"font-weight: 400;\">Ministry for Gozo \u2013 Malta<\/span><\/li><li style=\"font-weight: 400;\" aria-level=\"1\"><span style=\"font-weight: 400;\">Transport Malta \u2013 Malta<\/span><\/li><li style=\"font-weight: 400;\" aria-level=\"1\"><span style=\"font-weight: 400;\">South Transdanubian Regional Innovation Agency \u2013 Hungary<\/span><\/li><li style=\"font-weight: 400;\" aria-level=\"1\"><span style=\"font-weight: 400;\">Province of Livorno \u2013 Italy<\/span><\/li><\/ul><p><span style=\"font-weight: 400;\">\u00a0<\/span><\/p><p><span style=\"font-weight: 400;\">Project budget in EUR: 1,474,548.00 \u20ac<\/span><span style=\"font-weight: 400;\"><br \/><\/span><b>ERDF funding in EUR: 1,253,365.80 \u20ac<\/b><b><br \/><\/b><span style=\"font-weight: 400;\">Funding program: Interreg EUROPE<\/span><span style=\"font-weight: 400;\"><br \/><\/span><span style=\"font-weight: 400;\">Project duration: 01.08.2019 \u2013 31.07.2023.<\/span><\/p><p><span style=\"font-weight: 400;\">(More information:\u00a0<\/span><a href=\"https:\/\/www.interregeurope.eu\/ebussed\/\"><span style=\"font-weight: 400;\">https:\/\/www.interregeurope.eu\/ebussed\/<\/span><\/a><span style=\"font-weight: 400;\">)<\/span><span style=\"font-weight: 400;\"><br \/><\/span><span style=\"font-weight: 400;\">The project is co-financed by the European Regional Development Fund and Hungary.<\/span><\/p>\t\t\t\t\t\t\t\t<\/div>\n\t\t\t\t<\/div>\n\t\t\t\t<\/div>\n\t\t\t\t\t<\/div>\n\t\t\t\t<\/div>\n\t\t<div class=\"elementor-element elementor-element-a8286d1 e-flex e-con-boxed e-con e-parent\" data-id=\"a8286d1\" data-element_type=\"container\" data-e-type=\"container\">\n\t\t\t\t\t<div class=\"e-con-inner\">\n\t\t\t\t<div class=\"elementor-element elementor-element-110a56eb rounded-divider elementor-widget-divider--view-line elementor-widget elementor-widget-divider\" data-id=\"110a56eb\" data-element_type=\"widget\" data-e-type=\"widget\" data-widget_type=\"divider.default\">\n\t\t\t\t<div class=\"elementor-widget-container\">\n\t\t\t\t\t\t\t<div class=\"elementor-divider\">\n\t\t\t<span class=\"elementor-divider-separator\">\n\t\t\t\t\t\t<\/span>\n\t\t<\/div>\n\t\t\t\t\t\t<\/div>\n\t\t\t\t<\/div>\n\t\t\t\t\t<\/div>\n\t\t\t\t<\/div>\n\t\t\t\t<\/div>","protected":false},"excerpt":{"rendered":"<p>eBussed Sokr\u00e9t\u0171 tapasztalatra van sz\u00fcks\u00e9g a hagyom\u00e1nyos buszokon alapul\u00f3 t\u00f6megk\u00f6zleked\u00e9sr\u0151l az e-busz flott\u00e1kra t\u00f6rt\u00e9n\u0151 \u00e1tt\u00e9r\u00e9shez. Az e-busz fejleszt\u00e9s\u00e9nek kezdem\u00e9nyez\u00e9se \u00e9s t\u00e1mogat\u00e1sa \u00e9rdek\u00e9ben a t\u00e9m\u00e1k sz\u00e9les k\u00f6r\u00e9t kell lefedni. A projekt a partnerr\u00e9gi\u00f3k k\u00f6z\u00f6tti tapasztalatcser\u00e9re f\u00f3kusz\u00e1l az \u00fczemeltet\u00e9s k\u00fcl\u00f6nb\u00f6z\u0151 szakaszaiban, ez\u00e1ltal szolg\u00e1lva azokat a r\u00e9gi\u00f3kat, akik ebben a fejlett technol\u00f3gi\u00e1ban \u00e9rdekeltek. A projekt t\u00e1mogatja az alacsony [&hellip;]<\/p>\n","protected":false},"author":1,"featured_media":0,"parent":0,"menu_order":0,"comment_status":"closed","ping_status":"closed","template":"","meta":{"footnotes":""},"class_list":["post-2312","page","type-page","status-publish","hentry"],"_links":{"self":[{"href":"https:\/\/www.ddriu.hu\/en\/wp-json\/wp\/v2\/pages\/2312","targetHints":{"allow":["GET"]}}],"collection":[{"href":"https:\/\/www.ddriu.hu\/en\/wp-json\/wp\/v2\/pages"}],"about":[{"href":"https:\/\/www.ddriu.hu\/en\/wp-json\/wp\/v2\/types\/page"}],"author":[{"embeddable":true,"href":"https:\/\/www.ddriu.hu\/en\/wp-json\/wp\/v2\/users\/1"}],"replies":[{"embeddable":true,"href":"https:\/\/www.ddriu.hu\/en\/wp-json\/wp\/v2\/comments?post=2312"}],"version-history":[{"count":11,"href":"https:\/\/www.ddriu.hu\/en\/wp-json\/wp\/v2\/pages\/2312\/revisions"}],"predecessor-version":[{"id":4864,"href":"https:\/\/www.ddriu.hu\/en\/wp-json\/wp\/v2\/pages\/2312\/revisions\/4864"}],"wp:attachment":[{"href":"https:\/\/www.ddriu.hu\/en\/wp-json\/wp\/v2\/media?parent=2312"}],"curies":[{"name":"wp","href":"https:\/\/api.w.org\/{rel}","templated":true}]}}