{"id":2306,"date":"2025-06-29T19:32:49","date_gmt":"2025-06-29T19:32:49","guid":{"rendered":"https:\/\/digiman.hu\/?page_id=2306"},"modified":"2025-06-29T19:34:21","modified_gmt":"2025-06-29T19:34:21","slug":"energycommunity","status":"publish","type":"page","link":"https:\/\/www.ddriu.hu\/en\/energiakozosseg\/","title":{"rendered":"Pilot project of promoting the establishment of energy communities"},"content":{"rendered":"<div data-elementor-type=\"wp-page\" data-elementor-id=\"2306\" class=\"elementor elementor-2306\" data-elementor-post-type=\"page\">\n\t\t\t\t<div class=\"elementor-element elementor-element-1802c991 e-con-full e-flex e-con e-parent\" data-id=\"1802c991\" data-element_type=\"container\" data-e-type=\"container\" data-settings=\"{&quot;background_background&quot;:&quot;classic&quot;}\">\n\t\t\t\t<div class=\"elementor-element elementor-element-4667972a elementor-widget elementor-widget-heading\" data-id=\"4667972a\" data-element_type=\"widget\" data-e-type=\"widget\" data-widget_type=\"heading.default\">\n\t\t\t\t<div class=\"elementor-widget-container\">\n\t\t\t\t\t<h2 class=\"elementor-heading-title elementor-size-default\">Pilot project of promoting the establishment of energy communities<\/h2>\t\t\t\t<\/div>\n\t\t\t\t<\/div>\n\t\t\t\t<div class=\"elementor-element elementor-element-41ffe9d rounded-divider elementor-widget-divider--view-line elementor-widget elementor-widget-divider\" data-id=\"41ffe9d\" data-element_type=\"widget\" data-e-type=\"widget\" data-widget_type=\"divider.default\">\n\t\t\t\t<div class=\"elementor-widget-container\">\n\t\t\t\t\t\t\t<div class=\"elementor-divider\">\n\t\t\t<span class=\"elementor-divider-separator\">\n\t\t\t\t\t\t<\/span>\n\t\t<\/div>\n\t\t\t\t\t\t<\/div>\n\t\t\t\t<\/div>\n\t\t\t\t<\/div>\n\t\t<div class=\"elementor-element elementor-element-7febcf90 e-flex e-con-boxed e-con e-parent\" data-id=\"7febcf90\" data-element_type=\"container\" data-e-type=\"container\">\n\t\t\t\t\t<div class=\"e-con-inner\">\n\t\t<div class=\"elementor-element elementor-element-2ff69bab e-con-full e-flex e-con e-child\" data-id=\"2ff69bab\" data-element_type=\"container\" data-e-type=\"container\">\n\t\t\t\t<div class=\"elementor-element elementor-element-5bd8cd7 elementor-widget elementor-widget-image\" data-id=\"5bd8cd7\" data-element_type=\"widget\" data-e-type=\"widget\" data-widget_type=\"image.default\">\n\t\t\t\t<div class=\"elementor-widget-container\">\n\t\t\t\t\t\t\t\t\t\t\t\t\t\t\t<img fetchpriority=\"high\" decoding=\"async\" width=\"800\" height=\"600\" src=\"https:\/\/www.ddriu.hu\/wp-content\/uploads\/2024\/06\/energiakozossegek_mintaprojekt.jpg\" class=\"attachment-large size-large wp-image-1245\" alt=\"\" srcset=\"https:\/\/www.ddriu.hu\/wp-content\/uploads\/2024\/06\/energiakozossegek_mintaprojekt.jpg 800w, https:\/\/www.ddriu.hu\/wp-content\/uploads\/2024\/06\/energiakozossegek_mintaprojekt-300x225.jpg 300w, https:\/\/www.ddriu.hu\/wp-content\/uploads\/2024\/06\/energiakozossegek_mintaprojekt-768x576.jpg 768w\" sizes=\"(max-width: 800px) 100vw, 800px\" \/>\t\t\t\t\t\t\t\t\t\t\t\t\t\t\t<\/div>\n\t\t\t\t<\/div>\n\t\t\t\t<div class=\"elementor-element elementor-element-3dcff6ae elementor-widget elementor-widget-text-editor\" data-id=\"3dcff6ae\" data-element_type=\"widget\" data-e-type=\"widget\" data-widget_type=\"text-editor.default\">\n\t\t\t\t<div class=\"elementor-widget-container\">\n\t\t\t\t\t\t\t\t\t<p>Pilot project of promoting the establishment of energy communities<\/p><p align=\"justify\">Establishment and operation of an energy community in District VII. of Budapest. The overall goal of the project is to establish and operate an energy community in District VII. of Budapest, which integrates a wide range of stakeholders and relevant actors (energy consumers, producers, service providers, actors with different energy and legal characteristics and interests) to a common system, and at the same time, it presents and organizes as much of the traditional and innovative technical and financial solutions as possible. By the end of the project the aim is to elaborate the regulatory documents, technical-energy, legal and financial mechanisms of the energy community, which have been tested and proved to be adequate. The project is based on digital solutions, and applies several smart and innovative solutions as well. With the integration of elements of the technical content, as well as the technical, legal and financial expertise of the energy community members significantly benefits can be realised in the fields of R&amp;D, technical-energy, hardware development, and institutional-legal development. The flexibility, capacity, performance etc. of the energy community, can regulate the assets of the community (taking into account the current production-consumption characteristics and energy prices), while aiming at technical and financial optimum and providing services for all internal and external stakeholders in an adequate quality. Th energy community is the overall result, \u201eproduct\u201d of the project, that can be identified as a crowdfunding investment vehicle. The energy community will be able to finance its operation from its revenues, while bringing benefits to all internal and external stakeholders.<\/p>\t\t\t\t\t\t\t\t<\/div>\n\t\t\t\t<\/div>\n\t\t\t\t<\/div>\n\t\t\t\t\t<\/div>\n\t\t\t\t<\/div>\n\t\t<div class=\"elementor-element elementor-element-799e007f e-flex e-con-boxed e-con e-parent\" data-id=\"799e007f\" data-element_type=\"container\" data-e-type=\"container\">\n\t\t\t\t\t<div class=\"e-con-inner\">\n\t\t\t\t<div class=\"elementor-element elementor-element-328928f7 rounded-divider elementor-widget-divider--view-line elementor-widget elementor-widget-divider\" data-id=\"328928f7\" data-element_type=\"widget\" data-e-type=\"widget\" data-widget_type=\"divider.default\">\n\t\t\t\t<div class=\"elementor-widget-container\">\n\t\t\t\t\t\t\t<div class=\"elementor-divider\">\n\t\t\t<span class=\"elementor-divider-separator\">\n\t\t\t\t\t\t<\/span>\n\t\t<\/div>\n\t\t\t\t\t\t<\/div>\n\t\t\t\t<\/div>\n\t\t\t\t\t<\/div>\n\t\t\t\t<\/div>\n\t\t\t\t<\/div>","protected":false},"excerpt":{"rendered":"<p>Energiak\u00f6z\u00f6ss\u00e9gek kialak\u00edt\u00e1s\u00e1t \u00e9s m\u0171k\u00f6d\u00e9s\u00e9t t\u00e1mogat\u00f3 mintaprojekt megval\u00f3s\u00edt\u00e1sa Energiak\u00f6z\u00f6ss\u00e9g l\u00e9trehoz\u00e1sa \u00e9s m\u0171k\u00f6dtet\u00e9se Erzs\u00e9betv\u00e1rosban T\u00e1rsas\u00e1gunk Erzs\u00e9betv\u00e1ros \u00d6nkorm\u00e1nyzat\u00e1val (\u00e9s t\u00e1rsas\u00e1gaival) k\u00f6z\u00f6sen nyert t\u00e1mogat\u00e1st az NKFIH p\u00e1ly\u00e1zati ki\u00edr\u00e1s\u00e1n. A projekt c\u00e9lja egy energiak\u00f6z\u00f6ss\u00e9g l\u00e9trehoz\u00e1sa \u00e9s m\u0171k\u00f6dtet\u00e9se Erzs\u00e9betv\u00e1rosban, mely energiak\u00f6z\u00f6ss\u00e9g az energiafogyaszt\u00f3k, \u2013 termel\u0151k, -szolg\u00e1ltat\u00f3k, \u00e9s egy\u00e9b \u00e9rintettek, valamint k\u00fcl\u00f6nf\u00e9le energetikai, jogi jellemz\u0151kkel \u00e9s \u00e9rdekekkel b\u00edr\u00f3 szerepl\u0151k lehet\u0151 legsz\u00e9lesebb k\u00f6r\u00e9t [&hellip;]<\/p>\n","protected":false},"author":1,"featured_media":0,"parent":0,"menu_order":0,"comment_status":"closed","ping_status":"closed","template":"","meta":{"footnotes":""},"class_list":["post-2306","page","type-page","status-publish","hentry"],"_links":{"self":[{"href":"https:\/\/www.ddriu.hu\/en\/wp-json\/wp\/v2\/pages\/2306","targetHints":{"allow":["GET"]}}],"collection":[{"href":"https:\/\/www.ddriu.hu\/en\/wp-json\/wp\/v2\/pages"}],"about":[{"href":"https:\/\/www.ddriu.hu\/en\/wp-json\/wp\/v2\/types\/page"}],"author":[{"embeddable":true,"href":"https:\/\/www.ddriu.hu\/en\/wp-json\/wp\/v2\/users\/1"}],"replies":[{"embeddable":true,"href":"https:\/\/www.ddriu.hu\/en\/wp-json\/wp\/v2\/comments?post=2306"}],"version-history":[{"count":4,"href":"https:\/\/www.ddriu.hu\/en\/wp-json\/wp\/v2\/pages\/2306\/revisions"}],"predecessor-version":[{"id":2311,"href":"https:\/\/www.ddriu.hu\/en\/wp-json\/wp\/v2\/pages\/2306\/revisions\/2311"}],"wp:attachment":[{"href":"https:\/\/www.ddriu.hu\/en\/wp-json\/wp\/v2\/media?parent=2306"}],"curies":[{"name":"wp","href":"https:\/\/api.w.org\/{rel}","templated":true}]}}