{"id":2300,"date":"2025-06-29T19:30:50","date_gmt":"2025-06-29T19:30:50","guid":{"rendered":"https:\/\/digiman.hu\/?page_id=2300"},"modified":"2025-06-29T19:32:15","modified_gmt":"2025-06-29T19:32:15","slug":"promoter","status":"publish","type":"page","link":"https:\/\/www.ddriu.hu\/en\/promoter\/","title":{"rendered":"PROMOTER"},"content":{"rendered":"<div data-elementor-type=\"wp-page\" data-elementor-id=\"2300\" class=\"elementor elementor-2300\" data-elementor-post-type=\"page\">\n\t\t\t\t<div class=\"elementor-element elementor-element-7ec00ce0 e-con-full e-flex e-con e-parent\" data-id=\"7ec00ce0\" data-element_type=\"container\" data-e-type=\"container\" data-settings=\"{&quot;background_background&quot;:&quot;classic&quot;}\">\n\t\t\t\t<div class=\"elementor-element elementor-element-3ed6d9b5 elementor-widget elementor-widget-heading\" data-id=\"3ed6d9b5\" data-element_type=\"widget\" data-e-type=\"widget\" data-widget_type=\"heading.default\">\n\t\t\t\t<div class=\"elementor-widget-container\">\n\t\t\t\t\t<h2 class=\"elementor-heading-title elementor-size-default\">PROMOTER<\/h2>\t\t\t\t<\/div>\n\t\t\t\t<\/div>\n\t\t\t\t<div class=\"elementor-element elementor-element-34236ef6 rounded-divider elementor-widget-divider--view-line elementor-widget elementor-widget-divider\" data-id=\"34236ef6\" data-element_type=\"widget\" data-e-type=\"widget\" data-widget_type=\"divider.default\">\n\t\t\t\t<div class=\"elementor-widget-container\">\n\t\t\t\t\t\t\t<div class=\"elementor-divider\">\n\t\t\t<span class=\"elementor-divider-separator\">\n\t\t\t\t\t\t<\/span>\n\t\t<\/div>\n\t\t\t\t\t\t<\/div>\n\t\t\t\t<\/div>\n\t\t\t\t<\/div>\n\t\t<div class=\"elementor-element elementor-element-6e102888 e-flex e-con-boxed e-con e-parent\" data-id=\"6e102888\" data-element_type=\"container\" data-e-type=\"container\">\n\t\t\t\t\t<div class=\"e-con-inner\">\n\t\t<div class=\"elementor-element elementor-element-4528bcfa e-con-full e-flex e-con e-child\" data-id=\"4528bcfa\" data-element_type=\"container\" data-e-type=\"container\">\n\t\t\t\t<div class=\"elementor-element elementor-element-5d3d9f44 elementor-widget elementor-widget-image\" data-id=\"5d3d9f44\" data-element_type=\"widget\" data-e-type=\"widget\" data-widget_type=\"image.default\">\n\t\t\t\t<div class=\"elementor-widget-container\">\n\t\t\t\t\t\t\t\t\t\t\t\t\t\t\t<img fetchpriority=\"high\" decoding=\"async\" width=\"800\" height=\"600\" src=\"https:\/\/www.ddriu.hu\/wp-content\/uploads\/2024\/06\/IE_PROMOTER.jpg\" class=\"attachment-large size-large wp-image-1234\" alt=\"\" srcset=\"https:\/\/www.ddriu.hu\/wp-content\/uploads\/2024\/06\/IE_PROMOTER.jpg 800w, https:\/\/www.ddriu.hu\/wp-content\/uploads\/2024\/06\/IE_PROMOTER-300x225.jpg 300w, https:\/\/www.ddriu.hu\/wp-content\/uploads\/2024\/06\/IE_PROMOTER-768x576.jpg 768w\" sizes=\"(max-width: 800px) 100vw, 800px\" \/>\t\t\t\t\t\t\t\t\t\t\t\t\t\t\t<\/div>\n\t\t\t\t<\/div>\n\t\t\t\t<div class=\"elementor-element elementor-element-3fb04b86 elementor-widget elementor-widget-text-editor\" data-id=\"3fb04b86\" data-element_type=\"widget\" data-e-type=\"widget\" data-widget_type=\"text-editor.default\">\n\t\t\t\t<div class=\"elementor-widget-container\">\n\t\t\t\t\t\t\t\t\t<div class=\"wpb_text_column wpb_content_element\"><div class=\"wpb_wrapper\"><p align=\"justify\">PROMOTER enables EU to achieve its climate neutrality and re-power, by pursuing innovative decarbonised mobility, thus contributing to a greener territorial quality. To contribute this change, it promotes green energy hub-production at local level supporting sustainable transport. As prices for clean energy and storage technologies continue to fluctuate and regions explore ways to reduce emissions and dependency from fossil fuel and currently from foreign sources, integrating higher shares of renewable energies is becoming more urgent and complex. While the watchword of the pandemic was \u201cdistancing\u201d, \u201cproximity\u201d thus imposes itself in the aftermath; energy management linked with mobility management, increasing role of energy sustainable local communities (engaged in both production &amp; consumption), hub digital infrastructure to monitor and guide energy performance production and consumption trends, can all play their role. In order to get away from a logic of emergency, foster balanced diversification and reduce emissions and diseconomies, the project contributes to them by connecting together a \u201cmost appropriate use of public and\/or private assets for hubs \u201c, \u201cenergy generation from sustainable sources\u201d (solar, hydrogen, wind, biomass, geothermal and others) and its related distribution patterns, with \u201curban and peri-urban mobility\u201d thus effectively addressing the \u201cproximity\u201d social inclusion. The approach to improve the energy governance to feed green mobility issue, within the policies addressed by the partners, is to: 1) identify their \u201cdrivers and barriers\u201d to the issue being pursued. 2) document and share Good Practices and policy experiences regarding: technology, financial, normative &amp; regulatory aspects, organisational management, community empowerment. 3) promote policy solutions capable of improving the delivery of regional development policies and making them more effective and sustainable.<\/p><p>\u00a0<\/p><p><strong>Main data of the project:<\/strong><br \/>Project title: PROMoting TERritorial strategies for sustainable mobility through green energy prosumer hubs<br \/>Project code: 01C0143<\/p><p>\u00a0<\/p><p><strong>Partners:<\/strong><br \/>Province of Livorno \u2013 Italy \u2013 Lead Partner<br \/>Rezekne City Municipality \u2013 Latvia<br \/>Central Finland Regional Council \u2013 Finland<br \/>AG MOBI-O \u2013 Belgium<br \/>DEX Innovation Centre \u2013 Czech Republic<br \/>City of Byst\u0159ice \u2013 Chezh Republic<br \/>Brasov County Council \u2013 Romania<br \/>Federation of Municipalities of the Region of Murcia \u2013 Spain<br \/>Sintra Municipality \u2013 Portugal<br \/>South Transdanubian Regional Innovation Agency \u2013 Hungary<\/p><p><strong>Project budget in EUR:<\/strong>\u00a02 145 231 \u20ac<br \/><strong>Grant programme:<\/strong>\u00a0Interreg EUROPE<br \/><strong>Project Duration:<\/strong>\u00a001.03.2023 \u2013 31.05.2027<\/p><\/div><\/div>\t\t\t\t\t\t\t\t<\/div>\n\t\t\t\t<\/div>\n\t\t\t\t<\/div>\n\t\t\t\t\t<\/div>\n\t\t\t\t<\/div>\n\t\t<div class=\"elementor-element elementor-element-33645678 e-flex e-con-boxed e-con e-parent\" data-id=\"33645678\" data-element_type=\"container\" data-e-type=\"container\">\n\t\t\t\t\t<div class=\"e-con-inner\">\n\t\t\t\t<div class=\"elementor-element elementor-element-52bbba0 rounded-divider elementor-widget-divider--view-line elementor-widget elementor-widget-divider\" data-id=\"52bbba0\" data-element_type=\"widget\" data-e-type=\"widget\" data-widget_type=\"divider.default\">\n\t\t\t\t<div class=\"elementor-widget-container\">\n\t\t\t\t\t\t\t<div class=\"elementor-divider\">\n\t\t\t<span class=\"elementor-divider-separator\">\n\t\t\t\t\t\t<\/span>\n\t\t<\/div>\n\t\t\t\t\t\t<\/div>\n\t\t\t\t<\/div>\n\t\t\t\t\t<\/div>\n\t\t\t\t<\/div>\n\t\t\t\t<\/div>","protected":false},"excerpt":{"rendered":"<p>PROMOTER A PROMOTER lehet\u0151v\u00e9 teszi az EU sz\u00e1m\u00e1ra, hogy innovat\u00edv, sz\u00e9n-dioxid-mentes\u00edtett mobilit\u00e1s r\u00e9v\u00e9n el\u00e9rje az \u00e9ghajlat-semlegess\u00e9get \u00e9s t\u00e1mogassa a korszer\u0171 energia-felhaszn\u00e1l\u00e1st, \u00e9s ez\u00e1ltal hozz\u00e1j\u00e1ruljon a z\u00f6ldebb ter\u00fcleti min\u0151s\u00e9ghez. E v\u00e1ltoz\u00e1s el\u0151seg\u00edt\u00e9se \u00e9rdek\u00e9ben a program helyi szinten t\u00e1mogatja a fenntarthat\u00f3 k\u00f6zleked\u00e9st t\u00e1mogat\u00f3 z\u00f6ld energiak\u00f6zpontok el\u0151\u00e1ll\u00edt\u00e1s\u00e1t. Mivel a tiszta energia \u00e9s a t\u00e1rol\u00e1si technol\u00f3gi\u00e1k \u00e1rai tov\u00e1bbra is [&hellip;]<\/p>\n","protected":false},"author":1,"featured_media":0,"parent":0,"menu_order":0,"comment_status":"closed","ping_status":"closed","template":"","meta":{"footnotes":""},"class_list":["post-2300","page","type-page","status-publish","hentry"],"_links":{"self":[{"href":"https:\/\/www.ddriu.hu\/en\/wp-json\/wp\/v2\/pages\/2300","targetHints":{"allow":["GET"]}}],"collection":[{"href":"https:\/\/www.ddriu.hu\/en\/wp-json\/wp\/v2\/pages"}],"about":[{"href":"https:\/\/www.ddriu.hu\/en\/wp-json\/wp\/v2\/types\/page"}],"author":[{"embeddable":true,"href":"https:\/\/www.ddriu.hu\/en\/wp-json\/wp\/v2\/users\/1"}],"replies":[{"embeddable":true,"href":"https:\/\/www.ddriu.hu\/en\/wp-json\/wp\/v2\/comments?post=2300"}],"version-history":[{"count":4,"href":"https:\/\/www.ddriu.hu\/en\/wp-json\/wp\/v2\/pages\/2300\/revisions"}],"predecessor-version":[{"id":2305,"href":"https:\/\/www.ddriu.hu\/en\/wp-json\/wp\/v2\/pages\/2300\/revisions\/2305"}],"wp:attachment":[{"href":"https:\/\/www.ddriu.hu\/en\/wp-json\/wp\/v2\/media?parent=2300"}],"curies":[{"name":"wp","href":"https:\/\/api.w.org\/{rel}","templated":true}]}}