{"id":2295,"date":"2025-06-29T19:29:02","date_gmt":"2025-06-29T19:29:02","guid":{"rendered":"https:\/\/digiman.hu\/?page_id=2295"},"modified":"2025-11-06T09:50:08","modified_gmt":"2025-11-06T09:50:08","slug":"cirevalc-project","status":"publish","type":"page","link":"https:\/\/www.ddriu.hu\/en\/cirevalc-project\/","title":{"rendered":"CIREVALC"},"content":{"rendered":"<div data-elementor-type=\"wp-page\" data-elementor-id=\"2295\" class=\"elementor elementor-2295\" data-elementor-post-type=\"page\">\n\t\t\t\t<div class=\"elementor-element elementor-element-77f6cba1 e-con-full e-flex e-con e-parent\" data-id=\"77f6cba1\" data-element_type=\"container\" data-e-type=\"container\" data-settings=\"{&quot;background_background&quot;:&quot;classic&quot;}\">\n\t\t\t\t<div class=\"elementor-element elementor-element-5edb13a7 elementor-widget elementor-widget-heading\" data-id=\"5edb13a7\" data-element_type=\"widget\" data-e-type=\"widget\" data-widget_type=\"heading.default\">\n\t\t\t\t<div class=\"elementor-widget-container\">\n\t\t\t\t\t<h2 class=\"elementor-heading-title elementor-size-default\">CIREVALC<\/h2>\t\t\t\t<\/div>\n\t\t\t\t<\/div>\n\t\t\t\t<div class=\"elementor-element elementor-element-75735ce3 rounded-divider elementor-widget-divider--view-line elementor-widget elementor-widget-divider\" data-id=\"75735ce3\" data-element_type=\"widget\" data-e-type=\"widget\" data-widget_type=\"divider.default\">\n\t\t\t\t<div class=\"elementor-widget-container\">\n\t\t\t\t\t\t\t<div class=\"elementor-divider\">\n\t\t\t<span class=\"elementor-divider-separator\">\n\t\t\t\t\t\t<\/span>\n\t\t<\/div>\n\t\t\t\t\t\t<\/div>\n\t\t\t\t<\/div>\n\t\t\t\t<\/div>\n\t\t<div class=\"elementor-element elementor-element-3c032018 e-flex e-con-boxed e-con e-parent\" data-id=\"3c032018\" data-element_type=\"container\" data-e-type=\"container\">\n\t\t\t\t\t<div class=\"e-con-inner\">\n\t\t<div class=\"elementor-element elementor-element-1c587d04 e-con-full e-flex e-con e-child\" data-id=\"1c587d04\" data-element_type=\"container\" data-e-type=\"container\">\n\t\t\t\t<div class=\"elementor-element elementor-element-7273ab45 elementor-widget elementor-widget-image\" data-id=\"7273ab45\" data-element_type=\"widget\" data-e-type=\"widget\" data-widget_type=\"image.default\">\n\t\t\t\t<div class=\"elementor-widget-container\">\n\t\t\t\t\t\t\t\t\t\t\t\t\t\t\t<img fetchpriority=\"high\" decoding=\"async\" width=\"800\" height=\"600\" src=\"https:\/\/www.ddriu.hu\/wp-content\/uploads\/2024\/06\/ICE_CIREVALC.jpg\" class=\"attachment-large size-large wp-image-1225\" alt=\"\" srcset=\"https:\/\/www.ddriu.hu\/wp-content\/uploads\/2024\/06\/ICE_CIREVALC.jpg 800w, https:\/\/www.ddriu.hu\/wp-content\/uploads\/2024\/06\/ICE_CIREVALC-300x225.jpg 300w, https:\/\/www.ddriu.hu\/wp-content\/uploads\/2024\/06\/ICE_CIREVALC-768x576.jpg 768w\" sizes=\"(max-width: 800px) 100vw, 800px\" \/>\t\t\t\t\t\t\t\t\t\t\t\t\t\t\t<\/div>\n\t\t\t\t<\/div>\n\t\t\t\t<div class=\"elementor-element elementor-element-4b4ffc52 elementor-widget elementor-widget-text-editor\" data-id=\"4b4ffc52\" data-element_type=\"widget\" data-e-type=\"widget\" data-widget_type=\"text-editor.default\">\n\t\t\t\t<div class=\"elementor-widget-container\">\n\t\t\t\t\t\t\t\t\t<p style=\"text-align: left;\" align=\"justify\">CIREVALC aims at introducing and upscaling circular economy models in regional value chains in the food, catering and packaging sectors through community building, strengthening circular economy skills of enterprises, non-business entities and local communities and through improving policy learning.<\/p><p style=\"text-align: left;\" align=\"justify\">Projekt\u00fcnk seg\u00edt megoldani az olyan kih\u00edv\u00e1sokat, mint az alacsony tudatoss\u00e1g, az alacsony elk\u00f6telezetts\u00e9g, a k\u00f6rforg\u00e1sos gazdas\u00e1gi modellek alkalmaz\u00e1sa ir\u00e1nt nem fog\u00e9kony k\u00f6z\u00f6ss\u00e9gek, a k\u00e9szs\u00e9gek \u00e9s ismeretek hi\u00e1nya, valamint az eszk\u00f6z\u00f6k hi\u00e1nyos vagy nem hat\u00e9kony haszn\u00e1lata, tov\u00e1bb\u00e1 a megold\u00e1sok alacsony \u00e1tv\u00e9tele, a testre szabott mag\u00e1n- \u00e9s \u00e1llami int\u00e9zked\u00e9sek hi\u00e1nya. Projekt\u00fcnkben region\u00e1lis fejleszt\u00e9si \u00fcgyn\u00f6ks\u00e9gek, \u00e1gazati \u00fcgyn\u00f6ks\u00e9gek, v\u00e1llalkoz\u00e1st\u00e1mogat\u00f3 szervezetek m\u0171k\u00f6dnek egy\u00fctt kilenc tag\u00e1llamot \u00e1tfog\u00f3an. A k\u00f6z\u00f6ss\u00e9g\u00e9p\u00edt\u00e9ssel kezd\u00fcnk, a tudatoss\u00e1g n\u00f6vel\u00e9s\u00e9vel \u00e9s az \u00e9rdekeltek mozg\u00f3s\u00edt\u00e1s\u00e1val, valamint a k\u00f6rforg\u00e1sos megold\u00e1sok \u00e9lelmiszer-, vend\u00e9gl\u00e1t\u00f3- \u00e9s csomagol\u00e1si \u00e1gazatban val\u00f3 alkalmaz\u00e1s\u00e1nak akad\u00e1lyainak \u00e9s mozgat\u00f3rug\u00f3inak vizsg\u00e1lat\u00e1val.<\/p><p style=\"text-align: left;\" align=\"justify\">A CIREVALC k\u00f6rforg\u00e1sos k\u00f6z\u00f6ss\u00e9gi gyors\u00edt\u00f3 programunk megtervez\u00e9s\u00e9vel folytatjuk, amely egy olyan komplex eszk\u00f6z, amely megk\u00f6nny\u00edti a helyi \u00fatt\u00f6r\u0151k, kkv-k, helyi k\u00f6z\u00f6ss\u00e9gek z\u00f6ld \u00e1t\u00e1ll\u00e1s\u00e1t. Megold\u00e1sunkat a helyi \u00fatt\u00f6r\u0151k bevon\u00e1s\u00e1val egy k\u00eds\u00e9rleti akci\u00f3 keret\u00e9ben fogjuk tesztelni \u00e9s \u00e9rt\u00e9kelni a r\u00e9gi\u00f3kban. V\u00e9g\u00fcl \u00f6sszek\u00f6tj\u00fck a k\u00f6z\u00f6ss\u00e9geket, \u00e9s megh\u00edvunk harmadik feleket, hogy csatlakozzanak kezdem\u00e9nyez\u00e9s\u00fcnkh\u00f6z, a CIREVALC gyors\u00edt\u00f3 h\u00e1l\u00f3zathoz. Feh\u00e9r k\u00f6nyv\u00fcnkre \u00e9p\u00edtve, valamint region\u00e1lis cselekv\u00e9si terveket \u00e9s a CIREVALC CE szint\u0171 cselekv\u00e9si terv\u00e9t kidolgozva \u00e9s v\u00e9grehajt\u00e1s\u00e1t megkezdve jav\u00edtjuk a kapcsol\u00f3d\u00f3 politikai eszk\u00f6z\u00f6ket a r\u00e9gi\u00f3inkban. Ennek eredm\u00e9nyek\u00e9ppen a c\u00e9lcsoportjainkban javul\u00f3 kapacit\u00e1sokat \u00e9s megn\u00f6vekedett tud\u00e1sszintet v\u00e1runk. Ezenk\u00edv\u00fcl jelent\u0151s javul\u00e1st v\u00e1runk a k\u00f6rforg\u00e1sos gazdas\u00e1gban rejl\u0151 lehet\u0151s\u00e9gek kiakn\u00e1z\u00e1sa ter\u00e9n az \u00e9lelmiszer-, vend\u00e9gl\u00e1t\u00f3- \u00e9s csomagol\u00e1si \u00e1gazatban a r\u00e9gi\u00f3inkban.<\/p><p style=\"text-align: left;\"><strong>Main data of the project:<\/strong><br \/>Project title: Introducing and upscaling circular economy models  in regional value chains in the food, catering and packaging sectors<br \/>Project code: CE0100414<\/p><p><strong>Partners:<\/strong><br \/>South Transdanubian Regional Innovation Agency \u2013 Lead Partner \u2013 Hungary<br \/>IFKA Public Benefit Nonprofit Ltd. \u2013 Hungary<br \/>BSC, Business support organisation L.t.d., Kranj \u2013 Slovenia<br \/>Rzeszow Regional Development Agency \u2013 Poland<br \/>Padova Chamber of Commerce, Industry, Crafts and Agriculture \u2013 Italy<br \/>JAIP \u2013 South Bohemian Agency for Support to Innovation \u2013 Czech Republic<br \/>AZRRI-Agency for Rural Development of Istria Ltd. \u2013 Croatia<br \/>RKW Saxony GmbH Service and Consulting \u2013 Germany<br \/>Business Upper Austria \u2013 (Biz up) \u2013 Austria<br \/>B I C Bratislava, Ltd. \u2013 Szlov\u00e1kia<\/p><p><strong>Project budget in EUR:<\/strong>\u00a02,314,092.37 \u20ac<br \/><strong>Grant programme:<\/strong>\u00a0Interreg CENTRAL EUROPE<br \/><strong>Project Duration:<\/strong>\u00a001.04.2023 \u2013 31.03.2026<\/p><p>Further information:\u00a0<a href=\"https:\/\/www.interreg-central.eu\/projects\/cirevalc\/\" target=\"_blank\" rel=\"noopener\">https:\/\/www.interreg-central.eu\/projects\/cirevalc\/<\/a><\/p><p>A DDRI\u00dc Nonprofit Kft. felh\u00edv\u00e1st tesz k\u00f6zz\u00e9 magyarorsz\u00e1gi szervezetek r\u00e9sz\u00e9re k\u00f6rforg\u00e1sos mentor\u00e1l\u00e1si programban val\u00f3 r\u00e9szv\u00e9telre a vend\u00e9gl\u00e1t\u00e1s, \u00e9lelmiszeripar \u00e9s csomagol\u00e1s \u00e1gazatokban.<\/p><p><a style=\"background-color: #ffffff;\" href=\"https:\/\/www.ddriu.hu\/wp-content\/uploads\/2025\/11\/CIREVALC_mentoralas_felhivas_ok.pdf\" target=\"_blank\" rel=\"noopener\">A felh\u00edv\u00e1s itt \u00e9rhet\u0151 el. \u00bb\u00bb\u00a0<\/a>Jelentkezni 2025. Janu\u00e1r 31-t\u0151l lehet.<\/p><p><span data-olk-copy-source=\"MessageBody\">Jelentkez\u00e9s a CIREVALC K\u00f6rforg\u00e1sos Akceler\u00e1tor Programba <img decoding=\"async\" class=\"emoji\" role=\"img\" draggable=\"false\" src=\"https:\/\/s.w.org\/images\/core\/emoji\/16.0.1\/svg\/1f449.svg\" alt=\"\ud83d\udc49\" \/>\u00a0<a href=\"https:\/\/forms.gle\/Ci3QGFaJxbrT6fb57\">https:\/\/forms.gle\/Ci3QGFaJxbrT6fb57<\/a><\/span><\/p><p>A jelentkez\u00e9sek beny\u00fajt\u00e1s\u00e1ra 2025. j\u00fanius 15-ig van lehet\u0151s\u00e9g.<\/p><p>A jelentkez\u00e9st 2025. j\u00fanius 15-i hat\u00e1rnappal lez\u00e1rtuk.<\/p>\t\t\t\t\t\t\t\t<\/div>\n\t\t\t\t<\/div>\n\t\t\t\t<\/div>\n\t\t\t\t\t<\/div>\n\t\t\t\t<\/div>\n\t\t<div class=\"elementor-element elementor-element-7015bdb2 e-flex e-con-boxed e-con e-parent\" data-id=\"7015bdb2\" data-element_type=\"container\" data-e-type=\"container\">\n\t\t\t\t\t<div class=\"e-con-inner\">\n\t\t\t\t<div class=\"elementor-element elementor-element-7faafc58 rounded-divider elementor-widget-divider--view-line elementor-widget elementor-widget-divider\" data-id=\"7faafc58\" data-element_type=\"widget\" data-e-type=\"widget\" data-widget_type=\"divider.default\">\n\t\t\t\t<div class=\"elementor-widget-container\">\n\t\t\t\t\t\t\t<div class=\"elementor-divider\">\n\t\t\t<span class=\"elementor-divider-separator\">\n\t\t\t\t\t\t<\/span>\n\t\t<\/div>\n\t\t\t\t\t\t<\/div>\n\t\t\t\t<\/div>\n\t\t\t\t\t<\/div>\n\t\t\t\t<\/div>\n\t\t\t\t<\/div>","protected":false},"excerpt":{"rendered":"","protected":false},"author":1,"featured_media":0,"parent":0,"menu_order":0,"comment_status":"closed","ping_status":"closed","template":"","meta":{"footnotes":""},"class_list":["post-2295","page","type-page","status-publish","hentry"],"_links":{"self":[{"href":"https:\/\/www.ddriu.hu\/en\/wp-json\/wp\/v2\/pages\/2295","targetHints":{"allow":["GET"]}}],"collection":[{"href":"https:\/\/www.ddriu.hu\/en\/wp-json\/wp\/v2\/pages"}],"about":[{"href":"https:\/\/www.ddriu.hu\/en\/wp-json\/wp\/v2\/types\/page"}],"author":[{"embeddable":true,"href":"https:\/\/www.ddriu.hu\/en\/wp-json\/wp\/v2\/users\/1"}],"replies":[{"embeddable":true,"href":"https:\/\/www.ddriu.hu\/en\/wp-json\/wp\/v2\/comments?post=2295"}],"version-history":[{"count":15,"href":"https:\/\/www.ddriu.hu\/en\/wp-json\/wp\/v2\/pages\/2295\/revisions"}],"predecessor-version":[{"id":5302,"href":"https:\/\/www.ddriu.hu\/en\/wp-json\/wp\/v2\/pages\/2295\/revisions\/5302"}],"wp:attachment":[{"href":"https:\/\/www.ddriu.hu\/en\/wp-json\/wp\/v2\/media?parent=2295"}],"curies":[{"name":"wp","href":"https:\/\/api.w.org\/{rel}","templated":true}]}}