{"id":2289,"date":"2025-06-29T19:27:11","date_gmt":"2025-06-29T19:27:11","guid":{"rendered":"https:\/\/digiman.hu\/?page_id=2289"},"modified":"2025-06-29T19:28:36","modified_gmt":"2025-06-29T19:28:36","slug":"dawetrest","status":"publish","type":"page","link":"https:\/\/www.ddriu.hu\/en\/dawetrest\/","title":{"rendered":"DaWetRest"},"content":{"rendered":"<div data-elementor-type=\"wp-page\" data-elementor-id=\"2289\" class=\"elementor elementor-2289\" data-elementor-post-type=\"page\">\n\t\t\t\t<div class=\"elementor-element elementor-element-37c4c9f4 e-con-full e-flex e-con e-parent\" data-id=\"37c4c9f4\" data-element_type=\"container\" data-e-type=\"container\" data-settings=\"{&quot;background_background&quot;:&quot;classic&quot;}\">\n\t\t\t\t<div class=\"elementor-element elementor-element-5a71cc57 elementor-widget elementor-widget-heading\" data-id=\"5a71cc57\" data-element_type=\"widget\" data-e-type=\"widget\" data-widget_type=\"heading.default\">\n\t\t\t\t<div class=\"elementor-widget-container\">\n\t\t\t\t\t<h2 class=\"elementor-heading-title elementor-size-default\">DaWetRest<\/h2>\t\t\t\t<\/div>\n\t\t\t\t<\/div>\n\t\t\t\t<div class=\"elementor-element elementor-element-fd107a6 rounded-divider elementor-widget-divider--view-line elementor-widget elementor-widget-divider\" data-id=\"fd107a6\" data-element_type=\"widget\" data-e-type=\"widget\" data-widget_type=\"divider.default\">\n\t\t\t\t<div class=\"elementor-widget-container\">\n\t\t\t\t\t\t\t<div class=\"elementor-divider\">\n\t\t\t<span class=\"elementor-divider-separator\">\n\t\t\t\t\t\t<\/span>\n\t\t<\/div>\n\t\t\t\t\t\t<\/div>\n\t\t\t\t<\/div>\n\t\t\t\t<\/div>\n\t\t<div class=\"elementor-element elementor-element-254821ec e-flex e-con-boxed e-con e-parent\" data-id=\"254821ec\" data-element_type=\"container\" data-e-type=\"container\">\n\t\t\t\t\t<div class=\"e-con-inner\">\n\t\t<div class=\"elementor-element elementor-element-2daf6cc1 e-con-full e-flex e-con e-child\" data-id=\"2daf6cc1\" data-element_type=\"container\" data-e-type=\"container\">\n\t\t\t\t<div class=\"elementor-element elementor-element-58098743 elementor-widget elementor-widget-image\" data-id=\"58098743\" data-element_type=\"widget\" data-e-type=\"widget\" data-widget_type=\"image.default\">\n\t\t\t\t<div class=\"elementor-widget-container\">\n\t\t\t\t\t\t\t\t\t\t\t\t\t\t\t<img fetchpriority=\"high\" decoding=\"async\" width=\"800\" height=\"600\" src=\"https:\/\/www.ddriu.hu\/wp-content\/uploads\/2024\/06\/E_DatWetRest-1.jpg\" class=\"attachment-large size-large wp-image-1218\" alt=\"\" srcset=\"https:\/\/www.ddriu.hu\/wp-content\/uploads\/2024\/06\/E_DatWetRest-1.jpg 800w, https:\/\/www.ddriu.hu\/wp-content\/uploads\/2024\/06\/E_DatWetRest-1-300x225.jpg 300w, https:\/\/www.ddriu.hu\/wp-content\/uploads\/2024\/06\/E_DatWetRest-1-768x576.jpg 768w\" sizes=\"(max-width: 800px) 100vw, 800px\" \/>\t\t\t\t\t\t\t\t\t\t\t\t\t\t\t<\/div>\n\t\t\t\t<\/div>\n\t\t\t\t<div class=\"elementor-element elementor-element-2921f8ea elementor-widget elementor-widget-text-editor\" data-id=\"2921f8ea\" data-element_type=\"widget\" data-e-type=\"widget\" data-widget_type=\"text-editor.default\">\n\t\t\t\t<div class=\"elementor-widget-container\">\n\t\t\t\t\t\t\t\t\t<p align=\"justify\">DAnube WETlands REStoration (DaWetRest) Lighthouse is designed to develop and demonstrate (pilot) concrete solutions applied on the Danube basin to address the challenges faced by its inland and coastal wetlands ecosystems\u2019, namely on (i) biodiversity, (ii) water quality and availability, (iii) climate resilience and\/or neutrality and (iv) socio-economic benefits for the local communities. These transformative and innovative solutions will be validated by local communities and main Regional and European-wide stakeholders. DaWetRest has the role to prepare and plan the replication, deployment and scaling up of the validated innovative solutions for the next mission\u2019s phase. For this important scope, DaWetRest project proposes several strong ideas, such as (i) building and selecting interventions based on extensive and prior know-how (sibling sites and non-EU experiences), (ii) local, regional and basin scale integrated interdependent analysis of results from the planned interventions, (iii) merge DaWetRest own data, models and digital tools with existing and future ones, towards a centralized knowledge centre in the future and (iv) involve the managing authorities and a number of local actors in the entire process, from the very beginning. Thus, DaWetRest results will accelerate and generalize the deployment of innovative solutions in the second phase of the Mission. The demonstration of innovative and result-oriented solutions is organized in 3 DEMOs \u2013 DEMO Middle Danube (MD), DEMO Lower Danube (LD) and DEMO Danube Delta (DD). Each DEMO offers main intervention sites, pilots, sibling locations, replications, platforms\/ services, local stakeholders engagement and methodologies to strengthen the innovation, knowledge and cooperation in and beyond DaWetRest in Danube basin and across Europe. Via a widely representative consortium as well as active cooperation (e.g. Community of Practices), DaWetRest will provide tools for a significant transformation in the Danube. STRIA is associated partner of the project.<\/p><p>\u00a0<\/p><p><strong>Main data of the project:<\/strong><br \/>Project title: Danube Wetlands and flood plains Restoration through systemic, community engaged and sustainable innovative actions<br \/>Project code: 101113015<\/p><p>\u00a0<\/p><p class=\"translation-block\"><strong>Partnerek:<\/strong><br>\u2022 Climate, atmosphere and water research institute at Bulgarian Academy of Sciences \u2013 BG<br>\u2022 SVEUCILISTE U ZAGREBU, FAKULTET STROJARSTVA I BRODOGRADNJE \u2013 HR H<br>\u2022 RVATSKE VODE PRAVNA OSOBA ZA UPRAVLJANJE VODAMA \u2013 HR<br>\u2022 JAVNO PREDUZACE VOJVODINASUME, PRETROVARADIN<br>\u2022 OPCINA DRAZ HR<br>\u2022 CENTAR KOMPETENCIJA DOO ZA ISTRAZIVANJE I RAZVOJ HR<br>\u2022 Sportsko ribolovna udruga Odra Velika Gorica HR<br>\u2022 Poljoprivredna strucna sluzba Sombor RS<br>\u2022 Jadranski Inovacijski Centar HR<br>\u2022 Duna-Dr\u00e1va Nemzeti Park Igazgat\u00f3s\u00e1g (Duna-Dr\u00e1va National Park Directorate) \u2013<br>\u2022 South Transdanubian Regional Innovation Agency (STRIA) \u2013 Hungary<br>\u2022 Skola za osnovno obrazovanje odraslih \u2013 RS<br>\u2022 UNIVERZITET U NOVOM SADU FAKULTET TEHNICKIH NAUKA \u2013 RS<br>\u2022 SDRUZENIE ASOCIACIJA NA DUNAVSKITE OBSTINI-DUNAV \u2013 BG<br>\u2022 Regionalna Inspekciia po okolnata sreda i vodite Ruse \u2013 BG<br>\u2022 Municipality of Silistra \u2013 BG<br>\u2022 Municipality of Tutrakan \u2013 BG<br>\u2022 Slivo pole municipality \u2013 BG<br>\u2022 UNIVERSITY OF RUSE ANGEL KANCHEV \u2013 BG<br>\u2022 Scortel Ltd \u2013 BG<br>\u2022 DONAU TRANSIT Ltd \u2013 BG<br>\u2022 DPP Rusenski Lom \u2013 BG<br>\u2022 Regional academic center of BAS Burgas \u2013 BG<br>\u2022 INSTITUTUL NATIONAL DE CERCETARE-DEZVOLTARE DELTA DUNARII \u2013 RO<br>\u2022 MINISTERUL MEDIULUI, APELOR SI PADURILOR \u2013 RO<br>\u2022 UNIVERSITATEA POLITEHNICA DIN BUCURESTI \u2013 RO<br>\u2022 GEOSTUD \u2013 RO<br>\u2022 DANUBE DELTA BIOSPHERE RESERVE AUTHORITY \u2013 RO<br>\u2022 SC COMPLEX DELTA SRL \u2013 RO<br>\u2022 NATIONAL ADMINISTRATION APELE ROMANE \u2013 RO<br>\u2022 INSTITUTIA PREFECTULUI JUDETUL TULCEA \u2013 RO<br>\u2022 Primaria Murighiol \u2013 RO<br>\u2022 FEDERATIA ORGANIZATIILOR PRODUCATORILOR \u2013 DE<br>\u2022 PESTE DIN DELTA DUNARII \u2013 RO<br>\u2022 STUF DELTA PRODUCTION \u2013 RO<br>\u2022 Asociatia \u201eIvan Patzaichin \u2013 Mila 23\u201d \u2013 RO<br>\u2022 PANNON EGYETEM \u2013 UNIVERSITY OF PANNONIA \u2013 HU<br>\u2022 UNIVERSITATEA TEHNICA GHEORGHE ASACHI DIN IASI \u2013 RO<br>\u2022 UNIVERSITATEA TEHNICA A MOLDOVEI \u2013 MD<br>\u2022 NATIONAL TECHNICAL UNIVERSITY OF UKRAINE IGOR SIKORSKY KYIV POLYTECHNIC INSTITUTE \u2013 UA<br>\u2022 BUREAU DE RECHERCHES GEOLOGIQUES ET MINIERES \u2013 FR<br>\u2022 SLOVENSKA POLNOHOSPODARSKA UNIVERZITA V NITRE \u2013 Sk<br>\u2022 Institutul de Ecologie si Geografie \u2013 MD<br>\u2022 GGT-Gabinete de Planeamento e Gest\u00e3o do Territ\u00f3rio, Lda \u2013 PT<br>\u2022 INSTITUTE OF COMMUNICATION AND COMPUTER SYSTEMS \u2013 EL<br>\u2022 INOVA+ \u2013 INNOVATION SERVICES, SA \u2013 PT<br>\u2022 STEINBEIS INNOVATION GGMBH \u2013 DE<\/p><p><strong>Project budget in EUR:<\/strong>\u00a09,398,213. \u20ac<br \/><strong>Grant programme:<\/strong>\u00a0HORIZON Action Grant Budget-Based<br \/><strong>Project Duration:<\/strong>\u00a001.01.2023 \u2013 31.12.2026<\/p>\t\t\t\t\t\t\t\t<\/div>\n\t\t\t\t<\/div>\n\t\t\t\t<\/div>\n\t\t\t\t\t<\/div>\n\t\t\t\t<\/div>\n\t\t<div class=\"elementor-element elementor-element-279bef06 e-flex e-con-boxed e-con e-parent\" data-id=\"279bef06\" data-element_type=\"container\" data-e-type=\"container\">\n\t\t\t\t\t<div class=\"e-con-inner\">\n\t\t\t\t<div class=\"elementor-element elementor-element-7726ffca rounded-divider elementor-widget-divider--view-line elementor-widget elementor-widget-divider\" data-id=\"7726ffca\" data-element_type=\"widget\" data-e-type=\"widget\" data-widget_type=\"divider.default\">\n\t\t\t\t<div class=\"elementor-widget-container\">\n\t\t\t\t\t\t\t<div class=\"elementor-divider\">\n\t\t\t<span class=\"elementor-divider-separator\">\n\t\t\t\t\t\t<\/span>\n\t\t<\/div>\n\t\t\t\t\t\t<\/div>\n\t\t\t\t<\/div>\n\t\t\t\t\t<\/div>\n\t\t\t\t<\/div>\n\t\t\t\t<\/div>","protected":false},"excerpt":{"rendered":"<p>DaWetRest A DAnube WETlands REStoration (DaWetRest) Lighthouse c\u00e9lja, hogy konkr\u00e9t megold\u00e1sokat dolgozzon ki \u00e9s mutasson be (k\u00eds\u00e9rleti jelleggel) a Duna medenc\u00e9j\u00e9ben a belv\u00edzi \u00e9s part menti vizes \u00e9l\u0151helyek \u00f6kosziszt\u00e9m\u00e1inak kih\u00edv\u00e1saira, nevezetesen (i) a biol\u00f3giai sokf\u00e9les\u00e9g, (ii) a v\u00edzmin\u0151s\u00e9g \u00e9s a v\u00edz rendelkez\u00e9sre \u00e1ll\u00e1sa, (iii) az \u00e9ghajlatv\u00e1ltoz\u00e1ssal szembeni ellen\u00e1ll\u00f3 k\u00e9pess\u00e9g \u00e9s\/vagy semlegess\u00e9g, valamint (iv) a helyi [&hellip;]<\/p>\n","protected":false},"author":1,"featured_media":0,"parent":0,"menu_order":0,"comment_status":"closed","ping_status":"closed","template":"","meta":{"footnotes":""},"class_list":["post-2289","page","type-page","status-publish","hentry"],"_links":{"self":[{"href":"https:\/\/www.ddriu.hu\/en\/wp-json\/wp\/v2\/pages\/2289","targetHints":{"allow":["GET"]}}],"collection":[{"href":"https:\/\/www.ddriu.hu\/en\/wp-json\/wp\/v2\/pages"}],"about":[{"href":"https:\/\/www.ddriu.hu\/en\/wp-json\/wp\/v2\/types\/page"}],"author":[{"embeddable":true,"href":"https:\/\/www.ddriu.hu\/en\/wp-json\/wp\/v2\/users\/1"}],"replies":[{"embeddable":true,"href":"https:\/\/www.ddriu.hu\/en\/wp-json\/wp\/v2\/comments?post=2289"}],"version-history":[{"count":4,"href":"https:\/\/www.ddriu.hu\/en\/wp-json\/wp\/v2\/pages\/2289\/revisions"}],"predecessor-version":[{"id":2294,"href":"https:\/\/www.ddriu.hu\/en\/wp-json\/wp\/v2\/pages\/2289\/revisions\/2294"}],"wp:attachment":[{"href":"https:\/\/www.ddriu.hu\/en\/wp-json\/wp\/v2\/media?parent=2289"}],"curies":[{"name":"wp","href":"https:\/\/api.w.org\/{rel}","templated":true}]}}