{"id":2277,"date":"2025-06-29T19:22:41","date_gmt":"2025-06-29T19:22:41","guid":{"rendered":"https:\/\/digiman.hu\/?page_id=2277"},"modified":"2025-07-01T12:57:40","modified_gmt":"2025-07-01T12:57:40","slug":"skilled-ebus","status":"publish","type":"page","link":"https:\/\/www.ddriu.hu\/en\/skilled-ebus\/","title":{"rendered":"Upskilling local public actors for e-bus transition"},"content":{"rendered":"<div data-elementor-type=\"wp-page\" data-elementor-id=\"2277\" class=\"elementor elementor-2277\" data-elementor-post-type=\"page\">\n\t\t\t\t<div class=\"elementor-element elementor-element-478a135d e-con-full e-flex e-con e-parent\" data-id=\"478a135d\" data-element_type=\"container\" data-e-type=\"container\" data-settings=\"{&quot;background_background&quot;:&quot;classic&quot;}\">\n\t\t\t\t<div class=\"elementor-element elementor-element-7442a95c elementor-widget elementor-widget-heading\" data-id=\"7442a95c\" data-element_type=\"widget\" data-e-type=\"widget\" data-widget_type=\"heading.default\">\n\t\t\t\t<div class=\"elementor-widget-container\">\n\t\t\t\t\t<h2 class=\"elementor-heading-title elementor-size-default\">Upskilling local public actors for e-bus transition<\/h2>\t\t\t\t<\/div>\n\t\t\t\t<\/div>\n\t\t\t\t<div class=\"elementor-element elementor-element-22f95b30 rounded-divider elementor-widget-divider--view-line elementor-widget elementor-widget-divider\" data-id=\"22f95b30\" data-element_type=\"widget\" data-e-type=\"widget\" data-widget_type=\"divider.default\">\n\t\t\t\t<div class=\"elementor-widget-container\">\n\t\t\t\t\t\t\t<div class=\"elementor-divider\">\n\t\t\t<span class=\"elementor-divider-separator\">\n\t\t\t\t\t\t<\/span>\n\t\t<\/div>\n\t\t\t\t\t\t<\/div>\n\t\t\t\t<\/div>\n\t\t\t\t<\/div>\n\t\t<div class=\"elementor-element elementor-element-5350ab4b e-flex e-con-boxed e-con e-parent\" data-id=\"5350ab4b\" data-element_type=\"container\" data-e-type=\"container\">\n\t\t\t\t\t<div class=\"e-con-inner\">\n\t\t<div class=\"elementor-element elementor-element-abe8b9 e-con-full e-flex e-con e-child\" data-id=\"abe8b9\" data-element_type=\"container\" data-e-type=\"container\">\n\t\t\t\t<div class=\"elementor-element elementor-element-49a43b69 elementor-widget elementor-widget-image\" data-id=\"49a43b69\" data-element_type=\"widget\" data-e-type=\"widget\" data-widget_type=\"image.default\">\n\t\t\t\t<div class=\"elementor-widget-container\">\n\t\t\t\t\t\t\t\t\t\t\t\t\t\t\t<img fetchpriority=\"high\" decoding=\"async\" width=\"800\" height=\"600\" src=\"https:\/\/www.ddriu.hu\/wp-content\/uploads\/2024\/11\/Skilled-eBus-Transition_logo.jpg\" class=\"attachment-large size-large wp-image-1311\" alt=\"\" srcset=\"https:\/\/www.ddriu.hu\/wp-content\/uploads\/2024\/11\/Skilled-eBus-Transition_logo.jpg 800w, https:\/\/www.ddriu.hu\/wp-content\/uploads\/2024\/11\/Skilled-eBus-Transition_logo-300x225.jpg 300w, https:\/\/www.ddriu.hu\/wp-content\/uploads\/2024\/11\/Skilled-eBus-Transition_logo-768x576.jpg 768w\" sizes=\"(max-width: 800px) 100vw, 800px\" \/>\t\t\t\t\t\t\t\t\t\t\t\t\t\t\t<\/div>\n\t\t\t\t<\/div>\n\t\t\t\t<div class=\"elementor-element elementor-element-369bf1e9 elementor-widget elementor-widget-text-editor\" data-id=\"369bf1e9\" data-element_type=\"widget\" data-e-type=\"widget\" data-widget_type=\"text-editor.default\">\n\t\t\t\t<div class=\"elementor-widget-container\">\n\t\t\t\t\t\t\t\t\t<p align=\"justify\">Upskilling local public actors for e-bus transition (Skilled-eBus-Transition) project focuses on electric bus related VET skills and capacity building for green and climate friendly mobility. Management and staff of local public bodies and companies (including public private partnerships) in urban public transport are assisted in e-bus centered decision-making &amp; implementation and in e-bus-fleet deployment &amp; operation. E-bus industry, green transition experts, continuous training (C-)VET bodies and citizens indirectly benefit from the project.<\/p>\n<p>The main impacts and results of the project are:<\/p>\n<ul>\n<li>better informed and more conscious local public managers\/policy makers on e-bus transport,<\/li>\n<li>e-bus deployment-operation staff with hands-on knowledge and skills,<\/li>\n<li>e-bus industry with insight into local decision making,<\/li>\n<li>green transition experts with e-bus experiences-good practices,<\/li>\n<li>(C-)VET bodies with e-bus skills integrated curricula,<\/li>\n<li>citizens with greener and healthier local environment.<\/li><\/ul><p><strong><br><\/strong><\/p><p><strong>Main data of the project:<\/strong><br>Project title: Upskilling local public actors for e-bus transition<br>Project code: KA210 \u2013 VET \u2013 000160736<\/p>\n<p>Further information:&nbsp;<a href=\"https:\/\/skills4ebus.eu\/\">https:\/\/skills4ebus.eu\/<\/a><\/p>\n<p><strong>Partners:<\/strong><\/p>\n<p>South Transdanubian Regional Innovation Agency \u2013 Hungary (LP)<br>EOLAS S.L. \u2013 Spain<\/p>\n<p><\/p>\n<p><strong>Project budget in EUR:<\/strong>&nbsp;60.000,00 \u20ac<br><strong>Grant programme:<\/strong>&nbsp;Erasmus+ KA2<br><strong>Project Duration:<\/strong>&nbsp;01.11.2023 \u2013 30.04.2025.<\/p>\t\t\t\t\t\t\t\t<\/div>\n\t\t\t\t<\/div>\n\t\t\t\t<div class=\"elementor-element elementor-element-b1fb49c elementor-widget elementor-widget-image\" data-id=\"b1fb49c\" data-element_type=\"widget\" data-e-type=\"widget\" data-widget_type=\"image.default\">\n\t\t\t\t<div class=\"elementor-widget-container\">\n\t\t\t\t\t\t\t\t\t\t\t\t\t\t\t<img decoding=\"async\" width=\"730\" height=\"153\" src=\"https:\/\/www.ddriu.hu\/wp-content\/uploads\/2023\/09\/eu_logo_erasmus-hoz.jpg\" class=\"attachment-large size-large wp-image-1117\" alt=\"\" srcset=\"https:\/\/www.ddriu.hu\/wp-content\/uploads\/2023\/09\/eu_logo_erasmus-hoz.jpg 730w, https:\/\/www.ddriu.hu\/wp-content\/uploads\/2023\/09\/eu_logo_erasmus-hoz-300x63.jpg 300w\" sizes=\"(max-width: 730px) 100vw, 730px\" \/>\t\t\t\t\t\t\t\t\t\t\t\t\t\t\t<\/div>\n\t\t\t\t<\/div>\n\t\t\t\t<\/div>\n\t\t\t\t\t<\/div>\n\t\t\t\t<\/div>\n\t\t<div class=\"elementor-element elementor-element-6731388a e-flex e-con-boxed e-con e-parent\" data-id=\"6731388a\" data-element_type=\"container\" data-e-type=\"container\">\n\t\t\t\t\t<div class=\"e-con-inner\">\n\t\t\t\t<div class=\"elementor-element elementor-element-20d0727f rounded-divider elementor-widget-divider--view-line elementor-widget elementor-widget-divider\" data-id=\"20d0727f\" data-element_type=\"widget\" data-e-type=\"widget\" data-widget_type=\"divider.default\">\n\t\t\t\t<div class=\"elementor-widget-container\">\n\t\t\t\t\t\t\t<div class=\"elementor-divider\">\n\t\t\t<span class=\"elementor-divider-separator\">\n\t\t\t\t\t\t<\/span>\n\t\t<\/div>\n\t\t\t\t\t\t<\/div>\n\t\t\t\t<\/div>\n\t\t\t\t\t<\/div>\n\t\t\t\t<\/div>\n\t\t\t\t<\/div>","protected":false},"excerpt":{"rendered":"<p>Upskilling local public actors for e-bus transition Az Upskilling local public actors for e-bus transition (Skilled-eBus-Transition) projekt az elektromos buszokkal kapcsolatos szakk\u00e9pz\u00e9si k\u00e9szs\u00e9gekre \u00e9s a z\u00f6ld, \u00e9ghajlatbar\u00e1t mobilit\u00e1s kapacit\u00e1s\u00e9p\u00edt\u00e9s\u00e9re \u00f6sszpontos\u00edt. A helyi k\u00f6zint\u00e9zm\u00e9nyek \u00e9s v\u00e1llalatok (bele\u00e9rtve a k\u00f6z \u00e9s mag\u00e1n t\u00e1rsul\u00e1sokat is) vezet\u0151i \u00e9s alkalmazottai a v\u00e1rosi t\u00f6megk\u00f6zleked\u00e9sben seg\u00edts\u00e9get kapnak az e-busz-k\u00f6zpont\u00fa d\u00f6nt\u00e9shozatalban \u00e9s v\u00e9grehajt\u00e1sban, [&hellip;]<\/p>\n","protected":false},"author":1,"featured_media":0,"parent":0,"menu_order":0,"comment_status":"closed","ping_status":"closed","template":"","meta":{"footnotes":""},"class_list":["post-2277","page","type-page","status-publish","hentry"],"_links":{"self":[{"href":"https:\/\/www.ddriu.hu\/en\/wp-json\/wp\/v2\/pages\/2277","targetHints":{"allow":["GET"]}}],"collection":[{"href":"https:\/\/www.ddriu.hu\/en\/wp-json\/wp\/v2\/pages"}],"about":[{"href":"https:\/\/www.ddriu.hu\/en\/wp-json\/wp\/v2\/types\/page"}],"author":[{"embeddable":true,"href":"https:\/\/www.ddriu.hu\/en\/wp-json\/wp\/v2\/users\/1"}],"replies":[{"embeddable":true,"href":"https:\/\/www.ddriu.hu\/en\/wp-json\/wp\/v2\/comments?post=2277"}],"version-history":[{"count":10,"href":"https:\/\/www.ddriu.hu\/en\/wp-json\/wp\/v2\/pages\/2277\/revisions"}],"predecessor-version":[{"id":2288,"href":"https:\/\/www.ddriu.hu\/en\/wp-json\/wp\/v2\/pages\/2277\/revisions\/2288"}],"wp:attachment":[{"href":"https:\/\/www.ddriu.hu\/en\/wp-json\/wp\/v2\/media?parent=2277"}],"curies":[{"name":"wp","href":"https:\/\/api.w.org\/{rel}","templated":true}]}}