{"id":2269,"date":"2025-06-29T19:20:23","date_gmt":"2025-06-29T19:20:23","guid":{"rendered":"https:\/\/digiman.hu\/?page_id=2269"},"modified":"2025-12-03T14:46:23","modified_gmt":"2025-12-03T14:46:23","slug":"circular-sme-scan","status":"publish","type":"page","link":"https:\/\/www.ddriu.hu\/en\/circular-sme-scan\/","title":{"rendered":"Circular SME Scan in Hospitality"},"content":{"rendered":"<div data-elementor-type=\"wp-page\" data-elementor-id=\"2269\" class=\"elementor elementor-2269\" data-elementor-post-type=\"page\">\n\t\t\t\t<div class=\"elementor-element elementor-element-61eb6f5d e-con-full e-flex e-con e-parent\" data-id=\"61eb6f5d\" data-element_type=\"container\" data-e-type=\"container\" data-settings=\"{&quot;background_background&quot;:&quot;classic&quot;}\">\n\t\t\t\t<div class=\"elementor-element elementor-element-19711603 elementor-widget elementor-widget-heading\" data-id=\"19711603\" data-element_type=\"widget\" data-e-type=\"widget\" data-widget_type=\"heading.default\">\n\t\t\t\t<div class=\"elementor-widget-container\">\n\t\t\t\t\t<h2 class=\"elementor-heading-title elementor-size-default\">Circular SME Scan in Hospitality<\/h2>\t\t\t\t<\/div>\n\t\t\t\t<\/div>\n\t\t\t\t<div class=\"elementor-element elementor-element-7e12cce5 rounded-divider elementor-widget-divider--view-line elementor-widget elementor-widget-divider\" data-id=\"7e12cce5\" data-element_type=\"widget\" data-e-type=\"widget\" data-widget_type=\"divider.default\">\n\t\t\t\t<div class=\"elementor-widget-container\">\n\t\t\t\t\t\t\t<div class=\"elementor-divider\">\n\t\t\t<span class=\"elementor-divider-separator\">\n\t\t\t\t\t\t<\/span>\n\t\t<\/div>\n\t\t\t\t\t\t<\/div>\n\t\t\t\t<\/div>\n\t\t\t\t<\/div>\n\t\t<div class=\"elementor-element elementor-element-2ded7245 e-flex e-con-boxed e-con e-parent\" data-id=\"2ded7245\" data-element_type=\"container\" data-e-type=\"container\">\n\t\t\t\t\t<div class=\"e-con-inner\">\n\t\t<div class=\"elementor-element elementor-element-231956a6 e-con-full e-flex e-con e-child\" data-id=\"231956a6\" data-element_type=\"container\" data-e-type=\"container\">\n\t\t\t\t<div class=\"elementor-element elementor-element-1e5780a5 elementor-widget elementor-widget-image\" data-id=\"1e5780a5\" data-element_type=\"widget\" data-e-type=\"widget\" data-widget_type=\"image.default\">\n\t\t\t\t<div class=\"elementor-widget-container\">\n\t\t\t\t\t\t\t\t\t\t\t\t\t\t\t<img fetchpriority=\"high\" decoding=\"async\" width=\"800\" height=\"600\" src=\"https:\/\/www.ddriu.hu\/wp-content\/uploads\/2024\/06\/E_Circular_SME_Scan_in_Hospitality.jpg\" class=\"attachment-large size-large wp-image-1217\" alt=\"\" srcset=\"https:\/\/www.ddriu.hu\/wp-content\/uploads\/2024\/06\/E_Circular_SME_Scan_in_Hospitality.jpg 800w, https:\/\/www.ddriu.hu\/wp-content\/uploads\/2024\/06\/E_Circular_SME_Scan_in_Hospitality-300x225.jpg 300w, https:\/\/www.ddriu.hu\/wp-content\/uploads\/2024\/06\/E_Circular_SME_Scan_in_Hospitality-768x576.jpg 768w\" sizes=\"(max-width: 800px) 100vw, 800px\" \/>\t\t\t\t\t\t\t\t\t\t\t\t\t\t\t<\/div>\n\t\t\t\t<\/div>\n\t\t\t\t<div class=\"elementor-element elementor-element-6cd9209d elementor-widget elementor-widget-text-editor\" data-id=\"6cd9209d\" data-element_type=\"widget\" data-e-type=\"widget\" data-widget_type=\"text-editor.default\">\n\t\t\t\t<div class=\"elementor-widget-container\">\n\t\t\t\t\t\t\t\t\t<p align=\"justify\">Sustainable tourism, hospitality development requires informed participation of all relevant stakeholders, as well as strong political leadership to ensure wide participation and consensus building. Hospitality sector will be more sustainable through SMEs and their ecosystem\u2019s circular movements. Circular SME Scan in Hospitality (CSS-H) increases and encourages joint action across the value chain by providing tools and materials for increased circularity cooperation across the whole chain. CSS-H provides (micro)SME owners, managers and staff with the knowledge, skills and competences to become more circular, through the development of an evidence-based auto-diagnostic tool that guides them to the specific knowledge most relevant for their situation and business, not only from the perspective of their own internal processes, but also from their position within the value chain (and its processes) which requires coordinated (local) action with the rest of the actors in the chain.<\/p><p><strong>Main data of the project:<\/strong><br \/>Project title: Circular SME Scan in Hospitality<br \/>Project code: KA220 \u2013 VET \u2013 000153779<\/p><p><strong>More Information about the project:<\/strong>:<\/p><p><a href=\"https:\/\/www.facebook.com\/CircularSMEScan\">Facebook page<\/a><\/p><p><a href=\"https:\/\/circularsmescan.eu\/en\/home#\">Projekt weboldal<\/a><\/p><p>\u00a0<\/p><p><strong>Partners:<\/strong><br \/>South Transdanubian Regional Innovation Agency \u2013 Hungary (LP)<br \/>EOLAS S.L. \u2013 Spain<br \/>AVACA TECHNOLOGIES CONSULTING, INFORMATICS AE \u2013 Greece<br \/>LIETUVOS KAIMO TURIZMO ASOCIACIJA \u2013 Lithuania<br \/>Eger T\u00e9rs\u00e9ge TDM Egyes\u00fclet \u2013 Hungary<br \/>Udruga turisti\u010dkih djelatnika Gorskog kotara \u201cWondernature\u201d \u2013 Croatia<br \/>Bia Innovator Campus CLG \u2013 Ireland<\/p><p><strong>Project budget in EUR:<\/strong>\u00a0250.000,00 \u20ac<br \/><strong>Grant programme:<\/strong>\u00a0Erasmus+<strong>\u00a0KA2<\/strong><br \/><strong>Project Duration:<\/strong>\u00a001.11.2023 \u2013 31.10.2025.<\/p>\t\t\t\t\t\t\t\t<\/div>\n\t\t\t\t<\/div>\n\t\t\t\t<\/div>\n\t\t\t\t\t<\/div>\n\t\t\t\t<\/div>\n\t\t<div class=\"elementor-element elementor-element-2eca3d22 e-flex e-con-boxed e-con e-parent\" data-id=\"2eca3d22\" data-element_type=\"container\" data-e-type=\"container\">\n\t\t\t\t\t<div class=\"e-con-inner\">\n\t\t\t\t<div class=\"elementor-element elementor-element-5cb5ff56 rounded-divider elementor-widget-divider--view-line elementor-widget elementor-widget-divider\" data-id=\"5cb5ff56\" data-element_type=\"widget\" data-e-type=\"widget\" data-widget_type=\"divider.default\">\n\t\t\t\t<div class=\"elementor-widget-container\">\n\t\t\t\t\t\t\t<div class=\"elementor-divider\">\n\t\t\t<span class=\"elementor-divider-separator\">\n\t\t\t\t\t\t<\/span>\n\t\t<\/div>\n\t\t\t\t\t\t<\/div>\n\t\t\t\t<\/div>\n\t\t\t\t\t<\/div>\n\t\t\t\t<\/div>\n\t\t\t\t<\/div>","protected":false},"excerpt":{"rendered":"<p>Circular SME Scan in Hospitality A fenntarthat\u00f3 turizmus \u00e9s vend\u00e9gl\u00e1t\u00e1s fejleszt\u00e9se valamennyi \u00e9rintett f\u00e9l t\u00e1j\u00e9kozott r\u00e9szv\u00e9tel\u00e9t, valamint a sz\u00e9les k\u00f6r\u0171 r\u00e9szv\u00e9tel \u00e9s a konszenzus kialak\u00edt\u00e1s\u00e1nak biztos\u00edt\u00e1sa \u00e9rdek\u00e9ben er\u0151s politikai vezet\u00e9st ig\u00e9nyel. A vend\u00e9gl\u00e1t\u00f3ipar a kkv-k \u00e9s \u00f6kosziszt\u00e9m\u00e1juk k\u00f6rforg\u00e1sa r\u00e9v\u00e9n lesz fenntarthat\u00f3bb. A Circular SME Scan in Hospitality (CSS-H) n\u00f6veli \u00e9s \u00f6szt\u00f6nzi a k\u00f6z\u00f6s fell\u00e9p\u00e9st az [&hellip;]<\/p>\n","protected":false},"author":1,"featured_media":0,"parent":0,"menu_order":0,"comment_status":"closed","ping_status":"closed","template":"","meta":{"footnotes":""},"class_list":["post-2269","page","type-page","status-publish","hentry"],"_links":{"self":[{"href":"https:\/\/www.ddriu.hu\/en\/wp-json\/wp\/v2\/pages\/2269","targetHints":{"allow":["GET"]}}],"collection":[{"href":"https:\/\/www.ddriu.hu\/en\/wp-json\/wp\/v2\/pages"}],"about":[{"href":"https:\/\/www.ddriu.hu\/en\/wp-json\/wp\/v2\/types\/page"}],"author":[{"embeddable":true,"href":"https:\/\/www.ddriu.hu\/en\/wp-json\/wp\/v2\/users\/1"}],"replies":[{"embeddable":true,"href":"https:\/\/www.ddriu.hu\/en\/wp-json\/wp\/v2\/comments?post=2269"}],"version-history":[{"count":7,"href":"https:\/\/www.ddriu.hu\/en\/wp-json\/wp\/v2\/pages\/2269\/revisions"}],"predecessor-version":[{"id":5470,"href":"https:\/\/www.ddriu.hu\/en\/wp-json\/wp\/v2\/pages\/2269\/revisions\/5470"}],"wp:attachment":[{"href":"https:\/\/www.ddriu.hu\/en\/wp-json\/wp\/v2\/media?parent=2269"}],"curies":[{"name":"wp","href":"https:\/\/api.w.org\/{rel}","templated":true}]}}