{"id":2261,"date":"2025-06-29T19:18:33","date_gmt":"2025-06-29T19:18:33","guid":{"rendered":"https:\/\/digiman.hu\/?page_id=2261"},"modified":"2025-06-29T19:19:50","modified_gmt":"2025-06-29T19:19:50","slug":"tex-dan","status":"publish","type":"page","link":"https:\/\/www.ddriu.hu\/en\/tex-dan\/","title":{"rendered":"TEX-DAN"},"content":{"rendered":"<div data-elementor-type=\"wp-page\" data-elementor-id=\"2261\" class=\"elementor elementor-2261\" data-elementor-post-type=\"page\">\n\t\t\t\t<div class=\"elementor-element elementor-element-3850c58e e-con-full e-flex e-con e-parent\" data-id=\"3850c58e\" data-element_type=\"container\" data-e-type=\"container\" data-settings=\"{&quot;background_background&quot;:&quot;classic&quot;}\">\n\t\t\t\t<div class=\"elementor-element elementor-element-1c7d4a85 elementor-widget elementor-widget-heading\" data-id=\"1c7d4a85\" data-element_type=\"widget\" data-e-type=\"widget\" data-widget_type=\"heading.default\">\n\t\t\t\t<div class=\"elementor-widget-container\">\n\t\t\t\t\t<h2 class=\"elementor-heading-title elementor-size-default\">TEX-DAN<\/h2>\t\t\t\t<\/div>\n\t\t\t\t<\/div>\n\t\t\t\t<div class=\"elementor-element elementor-element-639b2f1e rounded-divider elementor-widget-divider--view-line elementor-widget elementor-widget-divider\" data-id=\"639b2f1e\" data-element_type=\"widget\" data-e-type=\"widget\" data-widget_type=\"divider.default\">\n\t\t\t\t<div class=\"elementor-widget-container\">\n\t\t\t\t\t\t\t<div class=\"elementor-divider\">\n\t\t\t<span class=\"elementor-divider-separator\">\n\t\t\t\t\t\t<\/span>\n\t\t<\/div>\n\t\t\t\t\t\t<\/div>\n\t\t\t\t<\/div>\n\t\t\t\t<\/div>\n\t\t<div class=\"elementor-element elementor-element-729a3aaa e-flex e-con-boxed e-con e-parent\" data-id=\"729a3aaa\" data-element_type=\"container\" data-e-type=\"container\">\n\t\t\t\t\t<div class=\"e-con-inner\">\n\t\t<div class=\"elementor-element elementor-element-30d99d4e e-con-full e-flex e-con e-child\" data-id=\"30d99d4e\" data-element_type=\"container\" data-e-type=\"container\">\n\t\t\t\t<div class=\"elementor-element elementor-element-2c1c9375 elementor-widget elementor-widget-image\" data-id=\"2c1c9375\" data-element_type=\"widget\" data-e-type=\"widget\" data-widget_type=\"image.default\">\n\t\t\t\t<div class=\"elementor-widget-container\">\n\t\t\t\t\t\t\t\t\t\t\t\t\t\t\t<img fetchpriority=\"high\" decoding=\"async\" width=\"800\" height=\"600\" src=\"https:\/\/www.ddriu.hu\/wp-content\/uploads\/2024\/05\/ID_TEXDAN.jpg\" class=\"attachment-large size-large wp-image-1183\" alt=\"\" srcset=\"https:\/\/www.ddriu.hu\/wp-content\/uploads\/2024\/05\/ID_TEXDAN.jpg 800w, https:\/\/www.ddriu.hu\/wp-content\/uploads\/2024\/05\/ID_TEXDAN-300x225.jpg 300w, https:\/\/www.ddriu.hu\/wp-content\/uploads\/2024\/05\/ID_TEXDAN-768x576.jpg 768w\" sizes=\"(max-width: 800px) 100vw, 800px\" \/>\t\t\t\t\t\t\t\t\t\t\t\t\t\t\t<\/div>\n\t\t\t\t<\/div>\n\t\t\t\t<div class=\"elementor-element elementor-element-614d6f41 elementor-widget elementor-widget-text-editor\" data-id=\"614d6f41\" data-element_type=\"widget\" data-e-type=\"widget\" data-widget_type=\"text-editor.default\">\n\t\t\t\t<div class=\"elementor-widget-container\">\n\t\t\t\t\t\t\t\t\t<p align=\"justify\">TEX-DAN aims at the uptake of technologies at SMEs for improved circularity in the textile and fashion (T&amp;F) value chains through transnational collaboration in the Danube Region. The Danube Region is characterised by large differences in the use of circular solutions in the textile and fashion value chains. In many ways textile and fashion sectors are lagging behind other sectors including circularity. In addition, a low level of awareness is observed all over the Danube Region. Therefore, the TEX-DAN partnership agrees that there is a need for improvement in knowledge, approaches, know how about innovative technologies, support measures, policy change that will lead to successful embedding of circularity in the textile branch. The partnership aims at upgrading local, regional and national policies that promote circularity. The project aims at boosting transnational collaboration and knowledge exchange and will set up various sustainable transnational collaboration forms.<\/p><p><strong>Main data of the project:<\/strong><br \/>Project title: Moving forward with circularity in textile and fashion value chains<br \/>Project code: DRP0200164<\/p><p><strong>Partners:<\/strong><br \/>South Transdanubian Regional Innovation Agency \u2013 Hungary (LP)<br \/>JAIP \u2013 South Bohemian Agency for Support to Innovation \u2013 Czech Republic<br \/>National recycling agency of Slovakia \u2013 Slovakia<br \/>Center of Excellence for Circular Economy and Climate Change llc.Novi Sad \u2013 Serbia<br \/>Institute for Sustainable Development \u2013 Slovenia<br \/>Reginnova NE Innovation and R&amp;D \u2013 Romania<br \/>Development Agency of the Republic of Srpska \u2013 Bosnia and Herzegovina<br \/>Croatian agency for SME, Innovation and Investments \u2013 Croatia<br \/>Regional Agency for Entrepreneurship and Innovations \u2013 Varna \u2013 Bulgaria<br \/>University of Applied Sciences \u2013 Austria<br \/>BSC, Business support centre L.t.d., Kranj \u2013 Slovenia<br \/>IFKA Public Benefit Nonprofit Ltd. \u2013 Hungary<br \/>ZIPHOUSE Fashion Innovation Hub \u2013 Moldova<br \/>Blue Planet Climate Protection Foundation \u2013 Hungary<\/p><p><strong>Project budget in EUR:<\/strong>\u00a02.716.892,32 \u20ac<br \/><strong>Grant programme:<\/strong>\u00a0Interreg Danube Transnational Programme<br \/><strong>Project Duration:<\/strong>\u00a001.01.2024 \u2013 30.06.2026<\/p><p><strong>Apply for the TEX-DAN Mentor Programme<\/strong>\u00a0\ud83d\udc49\u00a0<a href=\"https:\/\/docs.google.com\/forms\/d\/e\/1FAIpQLSf2slFAwaEw9eFDGyI2nRx-i_ZgiPAYNhSb9sulg2Sj0oDwsw\/viewform\" target=\"_blank\" rel=\"noopener\">Application Form<\/a><\/p>\t\t\t\t\t\t\t\t<\/div>\n\t\t\t\t<\/div>\n\t\t\t\t<\/div>\n\t\t\t\t\t<\/div>\n\t\t\t\t<\/div>\n\t\t<div class=\"elementor-element elementor-element-6302b23e e-flex e-con-boxed e-con e-parent\" data-id=\"6302b23e\" data-element_type=\"container\" data-e-type=\"container\">\n\t\t\t\t\t<div class=\"e-con-inner\">\n\t\t\t\t<div class=\"elementor-element elementor-element-487f554f rounded-divider elementor-widget-divider--view-line elementor-widget elementor-widget-divider\" data-id=\"487f554f\" data-element_type=\"widget\" data-e-type=\"widget\" data-widget_type=\"divider.default\">\n\t\t\t\t<div class=\"elementor-widget-container\">\n\t\t\t\t\t\t\t<div class=\"elementor-divider\">\n\t\t\t<span class=\"elementor-divider-separator\">\n\t\t\t\t\t\t<\/span>\n\t\t<\/div>\n\t\t\t\t\t\t<\/div>\n\t\t\t\t<\/div>\n\t\t\t\t\t<\/div>\n\t\t\t\t<\/div>\n\t\t\t\t<\/div>","protected":false},"excerpt":{"rendered":"<p>TEX-DAN A DanubeCrafts projekt\u00a0a Duna r\u00e9gi\u00f3 k\u00f6z\u00f6s kih\u00edv\u00e1s\u00e1ra igyekszik megold\u00e1sokat tal\u00e1lni a gazdag kultur\u00e1lis \u00f6r\u00f6ks\u00e9g, a hagyom\u00e1nyos mesters\u00e9gek, szok\u00e1sok \u00e9s ritu\u00e1l\u00e9k, valamint a region\u00e1lis tematikus turizmus kiakn\u00e1zatlan lehet\u0151s\u00e9geinek felt\u00e1r\u00e1s\u00e1val. A projekt ezen a helyzeten k\u00edv\u00e1n v\u00e1ltoztatni a t\u00f6bbszerepl\u0151s k\u00f6z\u00f6s megk\u00f6zel\u00edt\u00e9ssel, a hagyom\u00e1nyos k\u00e9zm\u0171ves term\u00e9kek \u00e9s szolg\u00e1ltat\u00e1sok meg\u0151rz\u00e9s\u00e9vel \u00e9s fejleszt\u00e9s\u00e9vel, tematikus turisztikai \u201eeszk\u00f6z\u00f6k\u201d t\u00e1mogat\u00e1s\u00e1val. A projekt [&hellip;]<\/p>\n","protected":false},"author":1,"featured_media":0,"parent":0,"menu_order":0,"comment_status":"closed","ping_status":"closed","template":"","meta":{"footnotes":""},"class_list":["post-2261","page","type-page","status-publish","hentry"],"_links":{"self":[{"href":"https:\/\/www.ddriu.hu\/en\/wp-json\/wp\/v2\/pages\/2261","targetHints":{"allow":["GET"]}}],"collection":[{"href":"https:\/\/www.ddriu.hu\/en\/wp-json\/wp\/v2\/pages"}],"about":[{"href":"https:\/\/www.ddriu.hu\/en\/wp-json\/wp\/v2\/types\/page"}],"author":[{"embeddable":true,"href":"https:\/\/www.ddriu.hu\/en\/wp-json\/wp\/v2\/users\/1"}],"replies":[{"embeddable":true,"href":"https:\/\/www.ddriu.hu\/en\/wp-json\/wp\/v2\/comments?post=2261"}],"version-history":[{"count":6,"href":"https:\/\/www.ddriu.hu\/en\/wp-json\/wp\/v2\/pages\/2261\/revisions"}],"predecessor-version":[{"id":2268,"href":"https:\/\/www.ddriu.hu\/en\/wp-json\/wp\/v2\/pages\/2261\/revisions\/2268"}],"wp:attachment":[{"href":"https:\/\/www.ddriu.hu\/en\/wp-json\/wp\/v2\/media?parent=2261"}],"curies":[{"name":"wp","href":"https:\/\/api.w.org\/{rel}","templated":true}]}}