{"id":2240,"date":"2025-06-29T19:12:30","date_gmt":"2025-06-29T19:12:30","guid":{"rendered":"https:\/\/digiman.hu\/?page_id=2240"},"modified":"2025-06-29T19:14:20","modified_gmt":"2025-06-29T19:14:20","slug":"danube-woodsroute","status":"publish","type":"page","link":"https:\/\/www.ddriu.hu\/en\/danube-woodsroute\/","title":{"rendered":"DANUBE WOOD(s)ROUTE"},"content":{"rendered":"<div data-elementor-type=\"wp-page\" data-elementor-id=\"2240\" class=\"elementor elementor-2240\" data-elementor-post-type=\"page\">\n\t\t\t\t<div class=\"elementor-element elementor-element-55f51db7 e-con-full e-flex e-con e-parent\" data-id=\"55f51db7\" data-element_type=\"container\" data-e-type=\"container\" data-settings=\"{&quot;background_background&quot;:&quot;classic&quot;}\">\n\t\t\t\t<div class=\"elementor-element elementor-element-1099d7b8 elementor-widget elementor-widget-heading\" data-id=\"1099d7b8\" data-element_type=\"widget\" data-e-type=\"widget\" data-widget_type=\"heading.default\">\n\t\t\t\t<div class=\"elementor-widget-container\">\n\t\t\t\t\t<h2 class=\"elementor-heading-title elementor-size-default\">DANUBE WOOD(s)ROUTE<\/h2>\t\t\t\t<\/div>\n\t\t\t\t<\/div>\n\t\t\t\t<div class=\"elementor-element elementor-element-2dd1cc5b rounded-divider elementor-widget-divider--view-line elementor-widget elementor-widget-divider\" data-id=\"2dd1cc5b\" data-element_type=\"widget\" data-e-type=\"widget\" data-widget_type=\"divider.default\">\n\t\t\t\t<div class=\"elementor-widget-container\">\n\t\t\t\t\t\t\t<div class=\"elementor-divider\">\n\t\t\t<span class=\"elementor-divider-separator\">\n\t\t\t\t\t\t<\/span>\n\t\t<\/div>\n\t\t\t\t\t\t<\/div>\n\t\t\t\t<\/div>\n\t\t\t\t<\/div>\n\t\t<div class=\"elementor-element elementor-element-107291a2 e-flex e-con-boxed e-con e-parent\" data-id=\"107291a2\" data-element_type=\"container\" data-e-type=\"container\">\n\t\t\t\t\t<div class=\"e-con-inner\">\n\t\t<div class=\"elementor-element elementor-element-5a045078 e-con-full e-flex e-con e-child\" data-id=\"5a045078\" data-element_type=\"container\" data-e-type=\"container\">\n\t\t\t\t<div class=\"elementor-element elementor-element-11cd575a elementor-widget elementor-widget-image\" data-id=\"11cd575a\" data-element_type=\"widget\" data-e-type=\"widget\" data-widget_type=\"image.default\">\n\t\t\t\t<div class=\"elementor-widget-container\">\n\t\t\t\t\t\t\t\t\t\t\t\t\t\t\t<img fetchpriority=\"high\" decoding=\"async\" width=\"800\" height=\"600\" src=\"https:\/\/www.ddriu.hu\/wp-content\/uploads\/2024\/05\/ID_Woodsroute.jpg\" class=\"attachment-large size-large wp-image-1184\" alt=\"\" srcset=\"https:\/\/www.ddriu.hu\/wp-content\/uploads\/2024\/05\/ID_Woodsroute.jpg 800w, https:\/\/www.ddriu.hu\/wp-content\/uploads\/2024\/05\/ID_Woodsroute-300x225.jpg 300w, https:\/\/www.ddriu.hu\/wp-content\/uploads\/2024\/05\/ID_Woodsroute-768x576.jpg 768w\" sizes=\"(max-width: 800px) 100vw, 800px\" \/>\t\t\t\t\t\t\t\t\t\t\t\t\t\t\t<\/div>\n\t\t\t\t<\/div>\n\t\t\t\t<div class=\"elementor-element elementor-element-7addd32e elementor-widget elementor-widget-text-editor\" data-id=\"7addd32e\" data-element_type=\"widget\" data-e-type=\"widget\" data-widget_type=\"text-editor.default\">\n\t\t\t\t<div class=\"elementor-widget-container\">\n\t\t\t\t\t\t\t\t\t<div class=\"wpb_text_column wpb_content_element\"><div class=\"wpb_wrapper\"><p align=\"justify\">The main goal of the project is to utilize the natural resources and cultural features of the forests in the Danube Region in order to create sustainable and innovative ecotourism and develop related services. Huge economic differences between the western and eastern parts of the Danube region, as well as between some city centres and the surrounding rural areas, are typical, which can also be observed in the quality of the tourist offer. The project develops an ecotourism alternative, a nature-based solution for sustainable development and the preservation of the cultural identity of local communities, and develops a friendlier attitude towards wood and the sustainable use of forest resources, while supporting the long-term preservation of this European heritage.<\/p><p><strong>Main data of the project:<\/strong><br \/>Project title: Richness of Danube forests and wood cultural heritage (tangible, intangible)-way towards sustainable green tourism embedded in European cultural route of Danube timber<br \/>Project code: DRP0200569<\/p><p>\u00a0<\/p><p><strong>Partners:<\/strong><br \/>1. BSC, Business support centre L.t.d., Kranj (Slovenia)<br \/>2. Institute for sustainable development (Slovenia)<br \/>3. Holz von Hier nonprofit Ltd. (Germany)<br \/>4. Association of Parks in Bulgaria (Bulgaria)<br \/>5. Varna Economic Development Agency (Bulgaria)<br \/>6. WWF Romania Association (Romania)<br \/>7. Regional Development Agency of the Pilsen Region (Czech Republic)<br \/>8. Woodworld Murau (Austria)<br \/>9. Croatian Wood Cluster (Croatia)<br \/>10. STRIA South Transdanubian Regional Innovation Agency (HU)<br \/>11. Regional development Agency of the Presov self governing region (Slovakia)<br \/>12. SMART Development Center Association (Romania)<br \/>13. Danube competence center (Serbia)<br \/>14. Zlatibor Regional Development Agency (Serbia)<br \/>15. Active Sarajevo economic region development agency (Bosnia and Herzegovina)<br \/>16. National park Kozara (Bosnia and Herzegovina)<\/p><p><strong>Budget:<\/strong>\u00a0EUR 2 880 550<br \/><strong>Grant programme:<\/strong>\u00a0Interreg Danube Transnational Programme<br \/><strong>Project Duration:<\/strong>\u00a001.01.2024 \u2013 30.06.2026<\/p><\/div><\/div>\t\t\t\t\t\t\t\t<\/div>\n\t\t\t\t<\/div>\n\t\t\t\t<\/div>\n\t\t\t\t\t<\/div>\n\t\t\t\t<\/div>\n\t\t<div class=\"elementor-element elementor-element-c52356c e-flex e-con-boxed e-con e-parent\" data-id=\"c52356c\" data-element_type=\"container\" data-e-type=\"container\">\n\t\t\t\t\t<div class=\"e-con-inner\">\n\t\t\t\t<div class=\"elementor-element elementor-element-28afbd27 rounded-divider elementor-widget-divider--view-line elementor-widget elementor-widget-divider\" data-id=\"28afbd27\" data-element_type=\"widget\" data-e-type=\"widget\" data-widget_type=\"divider.default\">\n\t\t\t\t<div class=\"elementor-widget-container\">\n\t\t\t\t\t\t\t<div class=\"elementor-divider\">\n\t\t\t<span class=\"elementor-divider-separator\">\n\t\t\t\t\t\t<\/span>\n\t\t<\/div>\n\t\t\t\t\t\t<\/div>\n\t\t\t\t<\/div>\n\t\t\t\t\t<\/div>\n\t\t\t\t<\/div>\n\t\t\t\t<\/div>","protected":false},"excerpt":{"rendered":"<p>DANUBE WOOD(s)ROUTE A projekt f\u0151 c\u00e9lja a Duna R\u00e9gi\u00f3ban tal\u00e1lhat\u00f3 erd\u0151k term\u00e9szeti er\u0151forr\u00e1sainak \u00e9s kultur\u00e1lis adotts\u00e1gainak hasznos\u00edt\u00e1sa a fenntarthat\u00f3 \u00e9s innovat\u00edv \u00f6koturizmus megteremt\u00e9se \u00e9s hozz\u00e1 kapcsol\u00f3d\u00f3 szolg\u00e1ltat\u00e1sok fejleszt\u00e9se \u00e9rdek\u00e9ben. A Duna-r\u00e9gi\u00f3 nyugati \u00e9s keleti r\u00e9szei, valamint egyes v\u00e1rosk\u00f6zpontok \u00e9s a k\u00f6rnyez\u0151 vid\u00e9ki ter\u00fcletek k\u00f6z\u00f6tti \u00f3ri\u00e1si gazdas\u00e1gi k\u00fcl\u00f6nbs\u00e9gek jellemz\u0151k, ami a min\u0151s\u00e9gi turisztikai k\u00edn\u00e1latban is megfigyelhet\u0151. [&hellip;]<\/p>\n","protected":false},"author":1,"featured_media":0,"parent":0,"menu_order":0,"comment_status":"closed","ping_status":"closed","template":"","meta":{"footnotes":""},"class_list":["post-2240","page","type-page","status-publish","hentry"],"_links":{"self":[{"href":"https:\/\/www.ddriu.hu\/en\/wp-json\/wp\/v2\/pages\/2240","targetHints":{"allow":["GET"]}}],"collection":[{"href":"https:\/\/www.ddriu.hu\/en\/wp-json\/wp\/v2\/pages"}],"about":[{"href":"https:\/\/www.ddriu.hu\/en\/wp-json\/wp\/v2\/types\/page"}],"author":[{"embeddable":true,"href":"https:\/\/www.ddriu.hu\/en\/wp-json\/wp\/v2\/users\/1"}],"replies":[{"embeddable":true,"href":"https:\/\/www.ddriu.hu\/en\/wp-json\/wp\/v2\/comments?post=2240"}],"version-history":[{"count":4,"href":"https:\/\/www.ddriu.hu\/en\/wp-json\/wp\/v2\/pages\/2240\/revisions"}],"predecessor-version":[{"id":2245,"href":"https:\/\/www.ddriu.hu\/en\/wp-json\/wp\/v2\/pages\/2240\/revisions\/2245"}],"wp:attachment":[{"href":"https:\/\/www.ddriu.hu\/en\/wp-json\/wp\/v2\/media?parent=2240"}],"curies":[{"name":"wp","href":"https:\/\/api.w.org\/{rel}","templated":true}]}}