{"id":2234,"date":"2025-06-29T14:08:19","date_gmt":"2025-06-29T14:08:19","guid":{"rendered":"https:\/\/digiman.hu\/?page_id=2234"},"modified":"2025-06-29T14:14:17","modified_gmt":"2025-06-29T14:14:17","slug":"danube-dna","status":"publish","type":"page","link":"https:\/\/www.ddriu.hu\/en\/danube-dna\/","title":{"rendered":"DANUBE DNA"},"content":{"rendered":"<div data-elementor-type=\"wp-page\" data-elementor-id=\"2234\" class=\"elementor elementor-2234\" data-elementor-post-type=\"page\">\n\t\t\t\t<div class=\"elementor-element elementor-element-4a59f11c e-con-full e-flex e-con e-parent\" data-id=\"4a59f11c\" data-element_type=\"container\" data-e-type=\"container\" data-settings=\"{&quot;background_background&quot;:&quot;classic&quot;}\">\n\t\t\t\t<div class=\"elementor-element elementor-element-515625b0 elementor-widget elementor-widget-heading\" data-id=\"515625b0\" data-element_type=\"widget\" data-e-type=\"widget\" data-widget_type=\"heading.default\">\n\t\t\t\t<div class=\"elementor-widget-container\">\n\t\t\t\t\t<h2 class=\"elementor-heading-title elementor-size-default\">DANUBE DNA<\/h2>\t\t\t\t<\/div>\n\t\t\t\t<\/div>\n\t\t\t\t<div class=\"elementor-element elementor-element-767ce889 rounded-divider elementor-widget-divider--view-line elementor-widget elementor-widget-divider\" data-id=\"767ce889\" data-element_type=\"widget\" data-e-type=\"widget\" data-widget_type=\"divider.default\">\n\t\t\t\t<div class=\"elementor-widget-container\">\n\t\t\t\t\t\t\t<div class=\"elementor-divider\">\n\t\t\t<span class=\"elementor-divider-separator\">\n\t\t\t\t\t\t<\/span>\n\t\t<\/div>\n\t\t\t\t\t\t<\/div>\n\t\t\t\t<\/div>\n\t\t\t\t<\/div>\n\t\t<div class=\"elementor-element elementor-element-3f5b949b e-flex e-con-boxed e-con e-parent\" data-id=\"3f5b949b\" data-element_type=\"container\" data-e-type=\"container\">\n\t\t\t\t\t<div class=\"e-con-inner\">\n\t\t<div class=\"elementor-element elementor-element-239ed9b7 e-con-full e-flex e-con e-child\" data-id=\"239ed9b7\" data-element_type=\"container\" data-e-type=\"container\">\n\t\t\t\t<div class=\"elementor-element elementor-element-16d0903a elementor-widget elementor-widget-image\" data-id=\"16d0903a\" data-element_type=\"widget\" data-e-type=\"widget\" data-widget_type=\"image.default\">\n\t\t\t\t<div class=\"elementor-widget-container\">\n\t\t\t\t\t\t\t\t\t\t\t\t\t\t\t<img fetchpriority=\"high\" decoding=\"async\" width=\"800\" height=\"600\" src=\"https:\/\/www.ddriu.hu\/wp-content\/uploads\/2024\/06\/ID_DNA.jpg\" class=\"attachment-large size-large wp-image-1231\" alt=\"\" srcset=\"https:\/\/www.ddriu.hu\/wp-content\/uploads\/2024\/06\/ID_DNA.jpg 800w, https:\/\/www.ddriu.hu\/wp-content\/uploads\/2024\/06\/ID_DNA-300x225.jpg 300w, https:\/\/www.ddriu.hu\/wp-content\/uploads\/2024\/06\/ID_DNA-768x576.jpg 768w\" sizes=\"(max-width: 800px) 100vw, 800px\" \/>\t\t\t\t\t\t\t\t\t\t\t\t\t\t\t<\/div>\n\t\t\t\t<\/div>\n\t\t\t\t<div class=\"elementor-element elementor-element-5c00d0fd elementor-widget elementor-widget-text-editor\" data-id=\"5c00d0fd\" data-element_type=\"widget\" data-e-type=\"widget\" data-widget_type=\"text-editor.default\">\n\t\t\t\t<div class=\"elementor-widget-container\">\n\t\t\t\t\t\t\t\t\t<div class=\"wpb_text_column wpb_content_element\"><div class=\"wpb_wrapper\"><p align=\"justify\">The Danube DNA will be the nucleus of integrative smart specialization, skills development, cross-sectorial collaborations, SMEs transformation, and transition towards industry and logistics 4.0, through the transfer of knowledge, inter\u2010regional capacity building, jointly developed solutions, and implementation of innovative and sustainable pilot actions. The main challenge of the project is the coordinated transnational digital transformation of small and medium-sized enterprises in the direction of industry and logistics 4.0 in the Danube region. The project supports this through the creation of knowledge transfer modules, which provide knowledge about the possibilities and benefits of SME digitization and help increase awareness, and then the goal is to develop common solutions that are necessary and feasible among SMEs in the entire region. Cross-border cooperation and the promotion of horizontal and vertical integration of SMEs along the Danube region are realized through a transnational capacity-building and knowledge transfer event.<\/p><p><strong>Main data of the project:<\/strong><br \/>Project title: Danube Digital transformation Network of Active SMEs training and knowledge transfer centers<br \/>Project code: DRP0200391<\/p><p><strong>Partners:<\/strong><br \/>Faculty of Technical Sciences, University of Novi Sad<br \/>IT&amp;C Cluster \u201eLower Danube\u201d<br \/>Foundation Cluster Information and Communication Technologies<br \/>TERA TEHNOPOLIS Ltd.<br \/>Institute of Technology and Business in \u010cesk\u00e9 Bud\u011bjovice<br \/>South Trasndanubian Regional Innovation Agency<br \/>Pomurje Technology Park<br \/>SOVA Digital Inc.<br \/>TUM International GmbH<br \/>CAMPUS 02 University of Applied Sciences<br \/>Sarajevo Economic Region Development Agency<br \/>CHAMBER OF ECONOMY OF MONTENEGRO<\/p><p><strong>Budget:<\/strong>\u00a0EUR 1,727,624<br \/><strong>Grant programme:<\/strong>\u00a0Interreg Danube Transnational Programme<br \/><strong>Project Duration:<\/strong>\u00a001.01.2024 \u2013 30.06.2026<\/p><\/div><\/div>\t\t\t\t\t\t\t\t<\/div>\n\t\t\t\t<\/div>\n\t\t\t\t<\/div>\n\t\t\t\t\t<\/div>\n\t\t\t\t<\/div>\n\t\t<div class=\"elementor-element elementor-element-4812fabe e-flex e-con-boxed e-con e-parent\" data-id=\"4812fabe\" data-element_type=\"container\" data-e-type=\"container\">\n\t\t\t\t\t<div class=\"e-con-inner\">\n\t\t\t\t<div class=\"elementor-element elementor-element-3643981a rounded-divider elementor-widget-divider--view-line elementor-widget elementor-widget-divider\" data-id=\"3643981a\" data-element_type=\"widget\" data-e-type=\"widget\" data-widget_type=\"divider.default\">\n\t\t\t\t<div class=\"elementor-widget-container\">\n\t\t\t\t\t\t\t<div class=\"elementor-divider\">\n\t\t\t<span class=\"elementor-divider-separator\">\n\t\t\t\t\t\t<\/span>\n\t\t<\/div>\n\t\t\t\t\t\t<\/div>\n\t\t\t\t<\/div>\n\t\t\t\t\t<\/div>\n\t\t\t\t<\/div>\n\t\t\t\t<\/div>","protected":false},"excerpt":{"rendered":"<p>DANUBE DNA A projekt az integr\u00e1l\u00f3 intelligens szakosod\u00e1st, a k\u00e9szs\u00e9gfejleszt\u00e9st, az \u00e1gazatok k\u00f6z\u00f6tti egy\u00fcttm\u0171k\u00f6d\u00e9seket, a kkv-k \u00e1talakul\u00e1s\u00e1t, valamint az ipar \u00e9s logisztika 4.0 fel\u00e9 t\u00f6rt\u00e9n\u0151 \u00e1tmenetet t\u00e1mogatja tud\u00e1s\u00e1tad\u00e1son, r\u00e9gi\u00f3k k\u00f6z\u00f6tti kapacit\u00e1s\u00e9p\u00edt\u00e9sen, k\u00f6z\u00f6sen kidolgozott megold\u00e1sokon, valamint innovat\u00edv \u00e9s fenntarthat\u00f3 k\u00eds\u00e9rleti akci\u00f3k megval\u00f3s\u00edt\u00e1s\u00e1n kereszt\u00fcl.A projekt f\u0151 kih\u00edv\u00e1sa a kis- \u00e9s k\u00f6z\u00e9pv\u00e1llalkoz\u00e1sok \u00f6sszehangolt transznacion\u00e1lis digit\u00e1lis \u00e1talakul\u00e1sa az ipar [&hellip;]<\/p>\n","protected":false},"author":1,"featured_media":0,"parent":0,"menu_order":0,"comment_status":"closed","ping_status":"closed","template":"","meta":{"footnotes":""},"class_list":["post-2234","page","type-page","status-publish","hentry"],"_links":{"self":[{"href":"https:\/\/www.ddriu.hu\/en\/wp-json\/wp\/v2\/pages\/2234","targetHints":{"allow":["GET"]}}],"collection":[{"href":"https:\/\/www.ddriu.hu\/en\/wp-json\/wp\/v2\/pages"}],"about":[{"href":"https:\/\/www.ddriu.hu\/en\/wp-json\/wp\/v2\/types\/page"}],"author":[{"embeddable":true,"href":"https:\/\/www.ddriu.hu\/en\/wp-json\/wp\/v2\/users\/1"}],"replies":[{"embeddable":true,"href":"https:\/\/www.ddriu.hu\/en\/wp-json\/wp\/v2\/comments?post=2234"}],"version-history":[{"count":4,"href":"https:\/\/www.ddriu.hu\/en\/wp-json\/wp\/v2\/pages\/2234\/revisions"}],"predecessor-version":[{"id":2239,"href":"https:\/\/www.ddriu.hu\/en\/wp-json\/wp\/v2\/pages\/2234\/revisions\/2239"}],"wp:attachment":[{"href":"https:\/\/www.ddriu.hu\/en\/wp-json\/wp\/v2\/media?parent=2234"}],"curies":[{"name":"wp","href":"https:\/\/api.w.org\/{rel}","templated":true}]}}