{"id":2222,"date":"2025-06-29T13:41:29","date_gmt":"2025-06-29T13:41:29","guid":{"rendered":"https:\/\/digiman.hu\/?page_id=2222"},"modified":"2025-06-29T13:45:21","modified_gmt":"2025-06-29T13:45:21","slug":"hyefre","status":"publish","type":"page","link":"https:\/\/www.ddriu.hu\/en\/hyefre\/","title":{"rendered":"HyEfRe"},"content":{"rendered":"<div data-elementor-type=\"wp-page\" data-elementor-id=\"2222\" class=\"elementor elementor-2222\" data-elementor-post-type=\"page\">\n\t\t\t\t<div class=\"elementor-element elementor-element-50eb8ef4 e-con-full e-flex e-con e-parent\" data-id=\"50eb8ef4\" data-element_type=\"container\" data-e-type=\"container\" data-settings=\"{&quot;background_background&quot;:&quot;classic&quot;}\">\n\t\t\t\t<div class=\"elementor-element elementor-element-5e210681 elementor-widget elementor-widget-heading\" data-id=\"5e210681\" data-element_type=\"widget\" data-e-type=\"widget\" data-widget_type=\"heading.default\">\n\t\t\t\t<div class=\"elementor-widget-container\">\n\t\t\t\t\t<h2 class=\"elementor-heading-title elementor-size-default\">HyEfRe<\/h2>\t\t\t\t<\/div>\n\t\t\t\t<\/div>\n\t\t\t\t<div class=\"elementor-element elementor-element-63420dab rounded-divider elementor-widget-divider--view-line elementor-widget elementor-widget-divider\" data-id=\"63420dab\" data-element_type=\"widget\" data-e-type=\"widget\" data-widget_type=\"divider.default\">\n\t\t\t\t<div class=\"elementor-widget-container\">\n\t\t\t\t\t\t\t<div class=\"elementor-divider\">\n\t\t\t<span class=\"elementor-divider-separator\">\n\t\t\t\t\t\t<\/span>\n\t\t<\/div>\n\t\t\t\t\t\t<\/div>\n\t\t\t\t<\/div>\n\t\t\t\t<\/div>\n\t\t<div class=\"elementor-element elementor-element-19ec09da e-flex e-con-boxed e-con e-parent\" data-id=\"19ec09da\" data-element_type=\"container\" data-e-type=\"container\">\n\t\t\t\t\t<div class=\"e-con-inner\">\n\t\t<div class=\"elementor-element elementor-element-7997f004 e-con-full e-flex e-con e-child\" data-id=\"7997f004\" data-element_type=\"container\" data-e-type=\"container\">\n\t\t\t\t<div class=\"elementor-element elementor-element-316d3c51 elementor-widget elementor-widget-image\" data-id=\"316d3c51\" data-element_type=\"widget\" data-e-type=\"widget\" data-widget_type=\"image.default\">\n\t\t\t\t<div class=\"elementor-widget-container\">\n\t\t\t\t\t\t\t\t\t\t\t\t\t\t\t<img fetchpriority=\"high\" decoding=\"async\" width=\"800\" height=\"600\" src=\"https:\/\/www.ddriu.hu\/wp-content\/uploads\/2024\/05\/ICE_HyEfre.jpg\" class=\"attachment-large size-large wp-image-1177\" alt=\"\" srcset=\"https:\/\/www.ddriu.hu\/wp-content\/uploads\/2024\/05\/ICE_HyEfre.jpg 800w, https:\/\/www.ddriu.hu\/wp-content\/uploads\/2024\/05\/ICE_HyEfre-300x225.jpg 300w, https:\/\/www.ddriu.hu\/wp-content\/uploads\/2024\/05\/ICE_HyEfre-768x576.jpg 768w\" sizes=\"(max-width: 800px) 100vw, 800px\" \/>\t\t\t\t\t\t\t\t\t\t\t\t\t\t\t<\/div>\n\t\t\t\t<\/div>\n\t\t\t\t<div class=\"elementor-element elementor-element-4c9da78c elementor-widget elementor-widget-text-editor\" data-id=\"4c9da78c\" data-element_type=\"widget\" data-e-type=\"widget\" data-widget_type=\"text-editor.default\">\n\t\t\t\t<div class=\"elementor-widget-container\">\n\t\t\t\t\t\t\t\t\t<div class=\"wpb_text_column wpb_content_element\"><div class=\"wpb_wrapper\"><p align=\"justify\">HyEfRe will counteract challenges related to low integration and balancing of fluctuating renewable energy sources (wind and photovoltaic), suboptimal energy efficiency and lack of carbon-neutrality in CE energy systems, resulting in high energy prices and climate change. Sector-coupling via hydrogen is a promising solution to mitigate these obstacles. Transnational cooperation will reinforce local \/regional learning curves for green hydrogen integration. HyEfRe will foster an investment-friendly environment for renewable energy and green hydrogen technologies integrated with regard to energy efficiency (e.g. waste heat utilisation) and balancing, via an innovative holistic approach. Hydrogen potentials including storage and grid balancing will be evaluated using a newly created model. A tool to calculate ideal parameters and operation schedule for technical plants (e.g. gridbalancing electrolysers) will be developed.<\/p><p>\u00a0<\/p><p><strong>Main data of the project:<\/strong><br \/>Project title: Hydrogen integration for efficient renewable energy sytems<br \/>Project code: CE0200523<\/p><p>\u00a0<\/p><p><strong>Partners:<\/strong><br \/>Landshut University of Applied Sciences (DE) (LP)<br \/>Mazovia Energy Agency (PL)<br \/>Regional Development Agency of South Bohemia \u2013 RERA (CZ)<br \/>Energieinstitut an der Johannes Kepler Universit\u00e4t Linz (AT)<br \/>University of Zagreb Faculty of Electrical Engineering and Computing (HR)<br \/>Energy Institute Hrvoje Po\u017ear (HR)<br \/>HyFuture GmbH (DE)<br \/>Energy Agency of Savinjska, \u0160ale\u0161ka and Koro\u0161ka Region (SI)<br \/>STRIA South Transdanubian Regional Innovation Agency (HU)<br \/>Deggendorf Institute of Technology (DE)<br \/>WeEurope Srl SB (IT)<\/p><p><strong>Budget:<\/strong>\u00a0EUR 2,355,053.50<br \/><strong>Grant programme:<\/strong>\u00a0Interreg Central Europe Programme<br \/><strong>Project Duration:<\/strong>\u00a001.06.2024 \u2013 30.11.2026<\/p><\/div><\/div>\t\t\t\t\t\t\t\t<\/div>\n\t\t\t\t<\/div>\n\t\t\t\t<\/div>\n\t\t\t\t\t<\/div>\n\t\t\t\t<\/div>\n\t\t<div class=\"elementor-element elementor-element-4243ac25 e-flex e-con-boxed e-con e-parent\" data-id=\"4243ac25\" data-element_type=\"container\" data-e-type=\"container\">\n\t\t\t\t\t<div class=\"e-con-inner\">\n\t\t\t\t<div class=\"elementor-element elementor-element-59485dc0 rounded-divider elementor-widget-divider--view-line elementor-widget elementor-widget-divider\" data-id=\"59485dc0\" data-element_type=\"widget\" data-e-type=\"widget\" data-widget_type=\"divider.default\">\n\t\t\t\t<div class=\"elementor-widget-container\">\n\t\t\t\t\t\t\t<div class=\"elementor-divider\">\n\t\t\t<span class=\"elementor-divider-separator\">\n\t\t\t\t\t\t<\/span>\n\t\t<\/div>\n\t\t\t\t\t\t<\/div>\n\t\t\t\t<\/div>\n\t\t\t\t\t<\/div>\n\t\t\t\t<\/div>\n\t\t\t\t<\/div>","protected":false},"excerpt":{"rendered":"<p>HyEfRe A HyEfRe ellens\u00falyozni fogja az ingadoz\u00f3 meg\u00fajul\u00f3 energiaforr\u00e1sok (sz\u00e9l \u00e9s fotovoltaika) alacsony integr\u00e1ci\u00f3j\u00e1val \u00e9s kiegyens\u00falyoz\u00e1s\u00e1val, az energiahat\u00e9konys\u00e1g nem optim\u00e1lis szintj\u00e9vel \u00e9s a sz\u00e9n-dioxid-semlegess\u00e9g hi\u00e1ny\u00e1val kapcsolatos kih\u00edv\u00e1sokat a k\u00f6z\u00e9p-eur\u00f3pai energiarendszerekben, ami magas energia\u00e1rakat \u00e9s \u00e9ghajlatv\u00e1ltoz\u00e1st eredm\u00e9nyez. Az \u00e1gazatok hidrog\u00e9nnel t\u00f6rt\u00e9n\u0151 \u00f6sszekapcsol\u00e1sa \u00edg\u00e9retes megold\u00e1s ezen akad\u00e1lyok enyh\u00edt\u00e9s\u00e9re. A transznacion\u00e1lis egy\u00fcttm\u0171k\u00f6d\u00e9s meger\u0151s\u00edti a helyi\/region\u00e1lis tanul\u00e1si g\u00f6rb\u00e9ket a [&hellip;]<\/p>\n","protected":false},"author":1,"featured_media":0,"parent":0,"menu_order":0,"comment_status":"closed","ping_status":"closed","template":"","meta":{"footnotes":""},"class_list":["post-2222","page","type-page","status-publish","hentry"],"_links":{"self":[{"href":"https:\/\/www.ddriu.hu\/en\/wp-json\/wp\/v2\/pages\/2222","targetHints":{"allow":["GET"]}}],"collection":[{"href":"https:\/\/www.ddriu.hu\/en\/wp-json\/wp\/v2\/pages"}],"about":[{"href":"https:\/\/www.ddriu.hu\/en\/wp-json\/wp\/v2\/types\/page"}],"author":[{"embeddable":true,"href":"https:\/\/www.ddriu.hu\/en\/wp-json\/wp\/v2\/users\/1"}],"replies":[{"embeddable":true,"href":"https:\/\/www.ddriu.hu\/en\/wp-json\/wp\/v2\/comments?post=2222"}],"version-history":[{"count":4,"href":"https:\/\/www.ddriu.hu\/en\/wp-json\/wp\/v2\/pages\/2222\/revisions"}],"predecessor-version":[{"id":2227,"href":"https:\/\/www.ddriu.hu\/en\/wp-json\/wp\/v2\/pages\/2222\/revisions\/2227"}],"wp:attachment":[{"href":"https:\/\/www.ddriu.hu\/en\/wp-json\/wp\/v2\/media?parent=2222"}],"curies":[{"name":"wp","href":"https:\/\/api.w.org\/{rel}","templated":true}]}}