{"id":2216,"date":"2025-06-29T13:31:47","date_gmt":"2025-06-29T13:31:47","guid":{"rendered":"https:\/\/digiman.hu\/?page_id=2216"},"modified":"2025-06-29T13:32:50","modified_gmt":"2025-06-29T13:32:50","slug":"opti-up","status":"publish","type":"page","link":"https:\/\/www.ddriu.hu\/en\/opti-up\/","title":{"rendered":"OPTI-UP"},"content":{"rendered":"<div data-elementor-type=\"wp-page\" data-elementor-id=\"2216\" class=\"elementor elementor-2216\" data-elementor-post-type=\"page\">\n\t\t\t\t<div class=\"elementor-element elementor-element-464c5d5e e-con-full e-flex e-con e-parent\" data-id=\"464c5d5e\" data-element_type=\"container\" data-e-type=\"container\" data-settings=\"{&quot;background_background&quot;:&quot;classic&quot;}\">\n\t\t\t\t<div class=\"elementor-element elementor-element-3d31a7a elementor-widget elementor-widget-heading\" data-id=\"3d31a7a\" data-element_type=\"widget\" data-e-type=\"widget\" data-widget_type=\"heading.default\">\n\t\t\t\t<div class=\"elementor-widget-container\">\n\t\t\t\t\t<h2 class=\"elementor-heading-title elementor-size-default\">OPTI-UP<\/h2>\t\t\t\t<\/div>\n\t\t\t\t<\/div>\n\t\t\t\t<div class=\"elementor-element elementor-element-51dd0ee6 rounded-divider elementor-widget-divider--view-line elementor-widget elementor-widget-divider\" data-id=\"51dd0ee6\" data-element_type=\"widget\" data-e-type=\"widget\" data-widget_type=\"divider.default\">\n\t\t\t\t<div class=\"elementor-widget-container\">\n\t\t\t\t\t\t\t<div class=\"elementor-divider\">\n\t\t\t<span class=\"elementor-divider-separator\">\n\t\t\t\t\t\t<\/span>\n\t\t<\/div>\n\t\t\t\t\t\t<\/div>\n\t\t\t\t<\/div>\n\t\t\t\t<\/div>\n\t\t<div class=\"elementor-element elementor-element-76365d97 e-flex e-con-boxed e-con e-parent\" data-id=\"76365d97\" data-element_type=\"container\" data-e-type=\"container\">\n\t\t\t\t\t<div class=\"e-con-inner\">\n\t\t<div class=\"elementor-element elementor-element-4ab23356 e-con-full e-flex e-con e-child\" data-id=\"4ab23356\" data-element_type=\"container\" data-e-type=\"container\">\n\t\t\t\t<div class=\"elementor-element elementor-element-6cf38486 elementor-widget elementor-widget-image\" data-id=\"6cf38486\" data-element_type=\"widget\" data-e-type=\"widget\" data-widget_type=\"image.default\">\n\t\t\t\t<div class=\"elementor-widget-container\">\n\t\t\t\t\t\t\t\t\t\t\t\t\t\t\t<img fetchpriority=\"high\" decoding=\"async\" width=\"800\" height=\"600\" src=\"https:\/\/www.ddriu.hu\/wp-content\/uploads\/2024\/06\/ICE_OPTI-UP.jpg\" class=\"attachment-large size-large wp-image-1228\" alt=\"\" srcset=\"https:\/\/www.ddriu.hu\/wp-content\/uploads\/2024\/06\/ICE_OPTI-UP.jpg 800w, https:\/\/www.ddriu.hu\/wp-content\/uploads\/2024\/06\/ICE_OPTI-UP-300x225.jpg 300w, https:\/\/www.ddriu.hu\/wp-content\/uploads\/2024\/06\/ICE_OPTI-UP-768x576.jpg 768w\" sizes=\"(max-width: 800px) 100vw, 800px\" \/>\t\t\t\t\t\t\t\t\t\t\t\t\t\t\t<\/div>\n\t\t\t\t<\/div>\n\t\t\t\t<div class=\"elementor-element elementor-element-20a9bb18 elementor-widget elementor-widget-text-editor\" data-id=\"20a9bb18\" data-element_type=\"widget\" data-e-type=\"widget\" data-widget_type=\"text-editor.default\">\n\t\t\t\t<div class=\"elementor-widget-container\">\n\t\t\t\t\t\t\t\t\t<div class=\"wpb_text_column wpb_content_element\"><div class=\"wpb_wrapper\"><p align=\"justify\">The OPTI-UP project aims to optimize public transport (PT) networks in small and medium-sized cities in central Europe through integration with urban planning and data-driven approaches, while also making PT more environmentally friendly. This holistic approach is innovative because it considers the interdependent relationship between land use and transport and recognizes the importance of data-driven decision-making in PT planning.<\/p><p align=\"justify\">This ambitious project involves a diverse range of partners from 7 countries, (9 Project Partners \u2013 PP, 8 Associated Partners \u2013 AP), including local public authorities, sectoral agencies, infrastructure and service providers, interest groups including NGOs, higher education and research organizations and enterprises. By working together, these partners bring their unique perspectives, expertise, and resources to the project, which is crucial for its success.<\/p><p>\u00a0<\/p><p><strong>Main data of the project:<\/strong><br \/>Project title: Optimizing and greening Public Transport networks through Integration with Urban Planning and data driven approaches<br \/>Project code: CE0200713<\/p><p>\u00a0<\/p><p><strong>Partners:<\/strong><br \/>Ernst&amp;Young Advisory LLC (HR) (LP)<br \/>Poliedra\u2013research and consultancy centre of Milan\u2019s Polytechnic University on environmental (IT)<br \/>Agency for mobility and local public transport of Modena Inc. (IT)<br \/>STRIA South Transdanubian Regional Innovation Agency (HU)<br \/>Paks Transportation Limited Liability Company (HU)<br \/>Institut of Traffic and Transport Ljubljana l.l.c. (SI)<br \/>TU Wien (AT)<br \/>Institute of Technology and Business in \u010cesk\u00e9 Bud\u011bjovice (CZ)<br \/>Urban Passenger Transport Ltd. Osijek (HR)<\/p><p>\u00a0<\/p><p><strong>Budget:<\/strong>\u00a0EUR 2,260,985.94<br \/><strong>Grant programme:<\/strong>\u00a0Interreg Central Europe Programme<br \/><strong>Project Duration:<\/strong>\u00a001.05.2024 \u2013 31.10.2026<\/p><\/div><\/div>\t\t\t\t\t\t\t\t<\/div>\n\t\t\t\t<\/div>\n\t\t\t\t<\/div>\n\t\t\t\t\t<\/div>\n\t\t\t\t<\/div>\n\t\t<div class=\"elementor-element elementor-element-50d6aef5 e-flex e-con-boxed e-con e-parent\" data-id=\"50d6aef5\" data-element_type=\"container\" data-e-type=\"container\">\n\t\t\t\t\t<div class=\"e-con-inner\">\n\t\t\t\t<div class=\"elementor-element elementor-element-5040bb83 rounded-divider elementor-widget-divider--view-line elementor-widget elementor-widget-divider\" data-id=\"5040bb83\" data-element_type=\"widget\" data-e-type=\"widget\" data-widget_type=\"divider.default\">\n\t\t\t\t<div class=\"elementor-widget-container\">\n\t\t\t\t\t\t\t<div class=\"elementor-divider\">\n\t\t\t<span class=\"elementor-divider-separator\">\n\t\t\t\t\t\t<\/span>\n\t\t<\/div>\n\t\t\t\t\t\t<\/div>\n\t\t\t\t<\/div>\n\t\t\t\t\t<\/div>\n\t\t\t\t<\/div>\n\t\t\t\t<\/div>","protected":false},"excerpt":{"rendered":"<p>OPTI-UP Az OPTI-UP projekt c\u00e9lja a t\u00f6megk\u00f6zleked\u00e9si h\u00e1l\u00f3zatok optimaliz\u00e1l\u00e1sa a k\u00f6z\u00e9p-eur\u00f3pai kis- \u00e9s k\u00f6zepes m\u00e9ret\u0171 v\u00e1rosokban a v\u00e1rostervez\u00e9ssel \u00e9s az adatvez\u00e9relt megk\u00f6zel\u00edt\u00e9sekkel val\u00f3 integr\u00e1ci\u00f3 r\u00e9v\u00e9n, mik\u00f6zben a t\u00f6megk\u00f6zleked\u00e9s k\u00f6rnyezetbar\u00e1tabb\u00e1 v\u00e1lik. Ez a holisztikus megk\u00f6zel\u00edt\u00e9s innovat\u00edv, mert figyelembe veszi a f\u00f6ldhaszn\u00e1lat \u00e9s a k\u00f6zleked\u00e9s k\u00f6z\u00f6tti k\u00f6lcs\u00f6n\u00f6s f\u00fcgg\u0151s\u00e9gi kapcsolatot, \u00e9s elismeri az adatvez\u00e9relt d\u00f6nt\u00e9shozatal fontoss\u00e1g\u00e1t a k\u00f6z\u00f6ss\u00e9gi [&hellip;]<\/p>\n","protected":false},"author":1,"featured_media":0,"parent":0,"menu_order":0,"comment_status":"closed","ping_status":"closed","template":"","meta":{"footnotes":""},"class_list":["post-2216","page","type-page","status-publish","hentry"],"_links":{"self":[{"href":"https:\/\/www.ddriu.hu\/en\/wp-json\/wp\/v2\/pages\/2216","targetHints":{"allow":["GET"]}}],"collection":[{"href":"https:\/\/www.ddriu.hu\/en\/wp-json\/wp\/v2\/pages"}],"about":[{"href":"https:\/\/www.ddriu.hu\/en\/wp-json\/wp\/v2\/types\/page"}],"author":[{"embeddable":true,"href":"https:\/\/www.ddriu.hu\/en\/wp-json\/wp\/v2\/users\/1"}],"replies":[{"embeddable":true,"href":"https:\/\/www.ddriu.hu\/en\/wp-json\/wp\/v2\/comments?post=2216"}],"version-history":[{"count":4,"href":"https:\/\/www.ddriu.hu\/en\/wp-json\/wp\/v2\/pages\/2216\/revisions"}],"predecessor-version":[{"id":2221,"href":"https:\/\/www.ddriu.hu\/en\/wp-json\/wp\/v2\/pages\/2216\/revisions\/2221"}],"wp:attachment":[{"href":"https:\/\/www.ddriu.hu\/en\/wp-json\/wp\/v2\/media?parent=2216"}],"curies":[{"name":"wp","href":"https:\/\/api.w.org\/{rel}","templated":true}]}}