{"id":2210,"date":"2025-06-29T13:29:41","date_gmt":"2025-06-29T13:29:41","guid":{"rendered":"https:\/\/digiman.hu\/?page_id=2210"},"modified":"2025-07-01T14:04:50","modified_gmt":"2025-07-01T14:04:50","slug":"ce-prince-project","status":"publish","type":"page","link":"https:\/\/www.ddriu.hu\/en\/ce-prince-project\/","title":{"rendered":"CE-PRINCE"},"content":{"rendered":"<div data-elementor-type=\"wp-page\" data-elementor-id=\"2210\" class=\"elementor elementor-2210\" data-elementor-post-type=\"page\">\n\t\t\t\t<div class=\"elementor-element elementor-element-6b4d4fde e-con-full e-flex e-con e-parent\" data-id=\"6b4d4fde\" data-element_type=\"container\" data-e-type=\"container\" data-settings=\"{&quot;background_background&quot;:&quot;classic&quot;}\">\n\t\t\t\t<div class=\"elementor-element elementor-element-9aa5003 elementor-widget elementor-widget-heading\" data-id=\"9aa5003\" data-element_type=\"widget\" data-e-type=\"widget\" data-widget_type=\"heading.default\">\n\t\t\t\t<div class=\"elementor-widget-container\">\n\t\t\t\t\t<h2 class=\"elementor-heading-title elementor-size-default\">CE-PRINCE<\/h2>\t\t\t\t<\/div>\n\t\t\t\t<\/div>\n\t\t\t\t<div class=\"elementor-element elementor-element-521f451f rounded-divider elementor-widget-divider--view-line elementor-widget elementor-widget-divider\" data-id=\"521f451f\" data-element_type=\"widget\" data-e-type=\"widget\" data-widget_type=\"divider.default\">\n\t\t\t\t<div class=\"elementor-widget-container\">\n\t\t\t\t\t\t\t<div class=\"elementor-divider\">\n\t\t\t<span class=\"elementor-divider-separator\">\n\t\t\t\t\t\t<\/span>\n\t\t<\/div>\n\t\t\t\t\t\t<\/div>\n\t\t\t\t<\/div>\n\t\t\t\t<\/div>\n\t\t<div class=\"elementor-element elementor-element-3d75d3cf e-flex e-con-boxed e-con e-parent\" data-id=\"3d75d3cf\" data-element_type=\"container\" data-e-type=\"container\">\n\t\t\t\t\t<div class=\"e-con-inner\">\n\t\t<div class=\"elementor-element elementor-element-1136e530 e-con-full e-flex e-con e-child\" data-id=\"1136e530\" data-element_type=\"container\" data-e-type=\"container\">\n\t\t\t\t<div class=\"elementor-element elementor-element-77f7e630 elementor-widget elementor-widget-image\" data-id=\"77f7e630\" data-element_type=\"widget\" data-e-type=\"widget\" data-widget_type=\"image.default\">\n\t\t\t\t<div class=\"elementor-widget-container\">\n\t\t\t\t\t\t\t\t\t\t\t\t\t\t\t<img fetchpriority=\"high\" decoding=\"async\" width=\"800\" height=\"600\" src=\"https:\/\/www.ddriu.hu\/wp-content\/uploads\/2024\/05\/ICE_CE-PRINCE.jpg\" class=\"attachment-large size-large wp-image-1173\" alt=\"\" srcset=\"https:\/\/www.ddriu.hu\/wp-content\/uploads\/2024\/05\/ICE_CE-PRINCE.jpg 800w, https:\/\/www.ddriu.hu\/wp-content\/uploads\/2024\/05\/ICE_CE-PRINCE-300x225.jpg 300w, https:\/\/www.ddriu.hu\/wp-content\/uploads\/2024\/05\/ICE_CE-PRINCE-768x576.jpg 768w\" sizes=\"(max-width: 800px) 100vw, 800px\" \/>\t\t\t\t\t\t\t\t\t\t\t\t\t\t\t<\/div>\n\t\t\t\t<\/div>\n\t\t\t\t<div class=\"elementor-element elementor-element-373d0cd8 elementor-widget elementor-widget-text-editor\" data-id=\"373d0cd8\" data-element_type=\"widget\" data-e-type=\"widget\" data-widget_type=\"text-editor.default\">\n\t\t\t\t<div class=\"elementor-widget-container\">\n\t\t\t\t\t\t\t\t\t<div class=\"wpb_text_column wpb_content_element\"><div class=\"wpb_wrapper\"><p>CE-PRINCE aims to support the transition to a circular economy in Central Europe by leveraging green public procurement (GPP) as a tool for improving the circularity of companies, while strengthening the capacity of the public sector to issue tenders that increasingly include circular elements. Circular procurement takes into account the entire life cycle of goods and services to avoid negative environmental impacts and waste generation, and to reduce the overall amount of energy and materials used. Circular\/green public procurement (C\/GPP), which accounts for 14% of the EU's GDP, is a key factor in achieving the green transition and improving market competitiveness, while encouraging eco-innovation.<\/p><p>The project will work to strengthen the ecological transition of businesses and raise awareness of the crucial role of the public sector, promoting a common approach to C\/GPP in the Central European region.<\/p><p>\u00a0<\/p><p><strong>Main data of the project:<\/strong><br \/>Project title: Green PRocurement and Innovation Network for Circular Economy<br \/>Circular Economy<br \/>Project code: CE0200688<\/p><p><strong>Partners:<\/strong><br \/>Liguria Region (IT) (LP)<br \/>Chamber of Commerce of Genoa (IT)<br \/>Sant\u2019Anna School of Advanced Studies (IT)<br \/>STRIA South Transdanubian Regional Innovation Agency (HU)(LP)<br \/>Styrain Business Promotion Agency (AT)<br \/>Chamber of Commerce and Industry of Slovenia (SI)<br \/>DUBROVNIK DEVELOPMENT AGENCY DURA LTD (HR)<br \/>Mazovia Development Agency (ARMSA) (PL)<br \/>ERI Hungary \u2013 European Research Institute Nonprofit Ltd Co (HU)<br \/>Project agency for the region Leipzig (DE)<\/p><p>\u00a0<\/p><p><strong>Budget:<\/strong>\u00a0EUR 2,204,672<br \/><strong>Grant programme:<\/strong>\u00a0Interreg Central Europe Programme<br \/><strong>Project Duration:<\/strong>\u00a001.06.2024 \u2013 30.11.2026<\/p><\/div><\/div>\t\t\t\t\t\t\t\t<\/div>\n\t\t\t\t<\/div>\n\t\t\t\t<\/div>\n\t\t\t\t\t<\/div>\n\t\t\t\t<\/div>\n\t\t<div class=\"elementor-element elementor-element-681a41b e-flex e-con-boxed e-con e-parent\" data-id=\"681a41b\" data-element_type=\"container\" data-e-type=\"container\">\n\t\t\t\t\t<div class=\"e-con-inner\">\n\t\t\t\t<div class=\"elementor-element elementor-element-5cc703fe rounded-divider elementor-widget-divider--view-line elementor-widget elementor-widget-divider\" data-id=\"5cc703fe\" data-element_type=\"widget\" data-e-type=\"widget\" data-widget_type=\"divider.default\">\n\t\t\t\t<div class=\"elementor-widget-container\">\n\t\t\t\t\t\t\t<div class=\"elementor-divider\">\n\t\t\t<span class=\"elementor-divider-separator\">\n\t\t\t\t\t\t<\/span>\n\t\t<\/div>\n\t\t\t\t\t\t<\/div>\n\t\t\t\t<\/div>\n\t\t\t\t\t<\/div>\n\t\t\t\t<\/div>\n\t\t\t\t<\/div>","protected":false},"excerpt":{"rendered":"<p>CE-PRINCE A CE-PRINCE c\u00e9lja, hogy t\u00e1mogassa a k\u00f6rforg\u00e1sos gazdas\u00e1gra val\u00f3 \u00e1t\u00e1ll\u00e1st K\u00f6z\u00e9p-Eur\u00f3p\u00e1ban, kihaszn\u00e1lva a z\u00f6ld k\u00f6zbeszerz\u00e9s (GPP) mint a v\u00e1llalatok k\u00f6rforg\u00e1sos jelleg\u00e9nek jav\u00edt\u00e1s\u00e1t szolg\u00e1l\u00f3 eszk\u00f6z, mik\u00f6zben meger\u0151s\u00edti a k\u00f6zszf\u00e9ra kapacit\u00e1s\u00e1t, hogy egyre t\u00f6bb k\u00f6rforg\u00e1sos elemet tartalmaz\u00f3 p\u00e1ly\u00e1zatokat \u00edrjon ki. A k\u00f6rk\u00f6r\u00f6s beszerz\u00e9s az \u00e1ruk \u00e9s szolg\u00e1ltat\u00e1sok teljes \u00e9letciklus\u00e1t figyelembe veszi, hogy elker\u00fclje a negat\u00edv k\u00f6rnyezeti [&hellip;]<\/p>\n","protected":false},"author":1,"featured_media":0,"parent":0,"menu_order":0,"comment_status":"closed","ping_status":"closed","template":"","meta":{"footnotes":""},"class_list":["post-2210","page","type-page","status-publish","hentry"],"_links":{"self":[{"href":"https:\/\/www.ddriu.hu\/en\/wp-json\/wp\/v2\/pages\/2210","targetHints":{"allow":["GET"]}}],"collection":[{"href":"https:\/\/www.ddriu.hu\/en\/wp-json\/wp\/v2\/pages"}],"about":[{"href":"https:\/\/www.ddriu.hu\/en\/wp-json\/wp\/v2\/types\/page"}],"author":[{"embeddable":true,"href":"https:\/\/www.ddriu.hu\/en\/wp-json\/wp\/v2\/users\/1"}],"replies":[{"embeddable":true,"href":"https:\/\/www.ddriu.hu\/en\/wp-json\/wp\/v2\/comments?post=2210"}],"version-history":[{"count":4,"href":"https:\/\/www.ddriu.hu\/en\/wp-json\/wp\/v2\/pages\/2210\/revisions"}],"predecessor-version":[{"id":2215,"href":"https:\/\/www.ddriu.hu\/en\/wp-json\/wp\/v2\/pages\/2210\/revisions\/2215"}],"wp:attachment":[{"href":"https:\/\/www.ddriu.hu\/en\/wp-json\/wp\/v2\/media?parent=2210"}],"curies":[{"name":"wp","href":"https:\/\/api.w.org\/{rel}","templated":true}]}}