{"id":2204,"date":"2025-06-29T13:27:56","date_gmt":"2025-06-29T13:27:56","guid":{"rendered":"https:\/\/digiman.hu\/?page_id=2204"},"modified":"2025-06-29T13:29:06","modified_gmt":"2025-06-29T13:29:06","slug":"reuse2030","status":"publish","type":"page","link":"https:\/\/www.ddriu.hu\/en\/reuse2030\/","title":{"rendered":"REUSE2030"},"content":{"rendered":"<div data-elementor-type=\"wp-page\" data-elementor-id=\"2204\" class=\"elementor elementor-2204\" data-elementor-post-type=\"page\">\n\t\t\t\t<div class=\"elementor-element elementor-element-55430661 e-con-full e-flex e-con e-parent\" data-id=\"55430661\" data-element_type=\"container\" data-e-type=\"container\" data-settings=\"{&quot;background_background&quot;:&quot;classic&quot;}\">\n\t\t\t\t<div class=\"elementor-element elementor-element-7e0cbe48 elementor-widget elementor-widget-heading\" data-id=\"7e0cbe48\" data-element_type=\"widget\" data-e-type=\"widget\" data-widget_type=\"heading.default\">\n\t\t\t\t<div class=\"elementor-widget-container\">\n\t\t\t\t\t<h2 class=\"elementor-heading-title elementor-size-default\">REUSE2030<\/h2>\t\t\t\t<\/div>\n\t\t\t\t<\/div>\n\t\t\t\t<div class=\"elementor-element elementor-element-75bb6b3c rounded-divider elementor-widget-divider--view-line elementor-widget elementor-widget-divider\" data-id=\"75bb6b3c\" data-element_type=\"widget\" data-e-type=\"widget\" data-widget_type=\"divider.default\">\n\t\t\t\t<div class=\"elementor-widget-container\">\n\t\t\t\t\t\t\t<div class=\"elementor-divider\">\n\t\t\t<span class=\"elementor-divider-separator\">\n\t\t\t\t\t\t<\/span>\n\t\t<\/div>\n\t\t\t\t\t\t<\/div>\n\t\t\t\t<\/div>\n\t\t\t\t<\/div>\n\t\t<div class=\"elementor-element elementor-element-1b6202ea e-flex e-con-boxed e-con e-parent\" data-id=\"1b6202ea\" data-element_type=\"container\" data-e-type=\"container\">\n\t\t\t\t\t<div class=\"e-con-inner\">\n\t\t<div class=\"elementor-element elementor-element-38d2851c e-con-full e-flex e-con e-child\" data-id=\"38d2851c\" data-element_type=\"container\" data-e-type=\"container\">\n\t\t\t\t<div class=\"elementor-element elementor-element-1971ed6c elementor-widget elementor-widget-image\" data-id=\"1971ed6c\" data-element_type=\"widget\" data-e-type=\"widget\" data-widget_type=\"image.default\">\n\t\t\t\t<div class=\"elementor-widget-container\">\n\t\t\t\t\t\t\t\t\t\t\t\t\t\t\t<img fetchpriority=\"high\" decoding=\"async\" width=\"800\" height=\"600\" src=\"https:\/\/www.ddriu.hu\/wp-content\/uploads\/2024\/05\/ICE_REUSE2030.jpg\" class=\"attachment-large size-large wp-image-1179\" alt=\"\" srcset=\"https:\/\/www.ddriu.hu\/wp-content\/uploads\/2024\/05\/ICE_REUSE2030.jpg 800w, https:\/\/www.ddriu.hu\/wp-content\/uploads\/2024\/05\/ICE_REUSE2030-300x225.jpg 300w, https:\/\/www.ddriu.hu\/wp-content\/uploads\/2024\/05\/ICE_REUSE2030-768x576.jpg 768w\" sizes=\"(max-width: 800px) 100vw, 800px\" \/>\t\t\t\t\t\t\t\t\t\t\t\t\t\t\t<\/div>\n\t\t\t\t<\/div>\n\t\t\t\t<div class=\"elementor-element elementor-element-655a7ccf elementor-widget elementor-widget-text-editor\" data-id=\"655a7ccf\" data-element_type=\"widget\" data-e-type=\"widget\" data-widget_type=\"text-editor.default\">\n\t\t\t\t<div class=\"elementor-widget-container\">\n\t\t\t\t\t\t\t\t\t<p align=\"justify\">In CE, the mechanical sector encompasses various sub-sectors, including machinery, industrial equipment and manufacturing as significant contributor to the economy of CE, employing millions of people and generating a substantial share of the region\u2019s exports. The sector currently faces several challenges in terms of reduction of waste streams, as well as difficulty in sorting and recycling, due to complex composition of products and the presence of hazardous materials.<\/p><p align=\"justify\">To deal with these challenges, REUSE2030 aims to increase the adoption of circular economy principles by mechanical sector, with the introduction of instruments and tools facilitating the application of circular economy models to both production and product phases of mechanical companies \/ SMEs at CE level.<\/p><p>\u00a0<\/p><p><strong>Main data of the project:<\/strong><br \/>Project title: REshaping Central Europe IndUstry Sustainability through circular Economy models by 2030<br \/>Project code: CE0200908<\/p><p><strong>Partners:<\/strong><br \/>ECOLE \u2013 Enti Confindustriali Lombardi per l\u2019Education SCARL (IT) (LP)<br \/>Deggendorf Institute of Technology (DE)<br \/>Internationalisation Center of Styria (AT)<br \/>STRIA South Transdanubian Regional Innovation Agency (HU)<br \/>Pomurije Technology Park (SI)<br \/>Technical University of Kosice (SK)<br \/>PUBLIC INSTITUTION RERA S.D. FOR COORDINATION AND DEVELOPMENT OF SPLIT DALMATIA COUNTY (HR)<br \/>Chamber of Commerce and Industry of Slovenia (SI)<br \/>DEX Innovation Centre (CZ)<br \/>Research and Innovation Centre Pro-Akademia (PL)<\/p><p>\u00a0<\/p><p><strong>Budget:\u00a0<\/strong>EUR 2,189,380<br \/><strong>Grant programme:<\/strong>\u00a0Interreg Central Europe Programme<br \/><strong>Project Duration:\u00a0<\/strong>01.06.2024 \u2013 30.11.2026<\/p>\t\t\t\t\t\t\t\t<\/div>\n\t\t\t\t<\/div>\n\t\t\t\t<\/div>\n\t\t\t\t\t<\/div>\n\t\t\t\t<\/div>\n\t\t<div class=\"elementor-element elementor-element-305b520f e-flex e-con-boxed e-con e-parent\" data-id=\"305b520f\" data-element_type=\"container\" data-e-type=\"container\">\n\t\t\t\t\t<div class=\"e-con-inner\">\n\t\t\t\t<div class=\"elementor-element elementor-element-1dcb08cf rounded-divider elementor-widget-divider--view-line elementor-widget elementor-widget-divider\" data-id=\"1dcb08cf\" data-element_type=\"widget\" data-e-type=\"widget\" data-widget_type=\"divider.default\">\n\t\t\t\t<div class=\"elementor-widget-container\">\n\t\t\t\t\t\t\t<div class=\"elementor-divider\">\n\t\t\t<span class=\"elementor-divider-separator\">\n\t\t\t\t\t\t<\/span>\n\t\t<\/div>\n\t\t\t\t\t\t<\/div>\n\t\t\t\t<\/div>\n\t\t\t\t\t<\/div>\n\t\t\t\t<\/div>\n\t\t\t\t<\/div>","protected":false},"excerpt":{"rendered":"<p>REUSE2030 K\u00f6z\u00e9p- Eur\u00f3p\u00e1ban a g\u00e9pipari \u00e1gazat k\u00fcl\u00f6nb\u00f6z\u0151 al\u00e1gazatokat foglal mag\u00e1ban, bele\u00e9rtve a g\u00e9peket, az ipari berendez\u00e9seket \u00e9s a feldolgoz\u00f3ipart, amelyek jelent\u0151sen hozz\u00e1j\u00e1rulnak K\u00f6z\u00e9p-Eur\u00f3pa gazdas\u00e1g\u00e1hoz, emberek milli\u00f3it foglalkoztatj\u00e1k, \u00e9s a r\u00e9gi\u00f3 exportj\u00e1nak jelent\u0151s r\u00e9sz\u00e9t k\u00e9pezik. Az \u00e1gazat jelenleg sz\u00e1mos kih\u00edv\u00e1ssal n\u00e9z szembe a hullad\u00e9k\u00e1ramok cs\u00f6kkent\u00e9se, valamint a term\u00e9kek komplex \u00f6sszet\u00e9tele \u00e9s a vesz\u00e9lyes anyagok jelenl\u00e9te, a [&hellip;]<\/p>\n","protected":false},"author":1,"featured_media":0,"parent":0,"menu_order":0,"comment_status":"closed","ping_status":"closed","template":"","meta":{"footnotes":""},"class_list":["post-2204","page","type-page","status-publish","hentry"],"_links":{"self":[{"href":"https:\/\/www.ddriu.hu\/en\/wp-json\/wp\/v2\/pages\/2204","targetHints":{"allow":["GET"]}}],"collection":[{"href":"https:\/\/www.ddriu.hu\/en\/wp-json\/wp\/v2\/pages"}],"about":[{"href":"https:\/\/www.ddriu.hu\/en\/wp-json\/wp\/v2\/types\/page"}],"author":[{"embeddable":true,"href":"https:\/\/www.ddriu.hu\/en\/wp-json\/wp\/v2\/users\/1"}],"replies":[{"embeddable":true,"href":"https:\/\/www.ddriu.hu\/en\/wp-json\/wp\/v2\/comments?post=2204"}],"version-history":[{"count":4,"href":"https:\/\/www.ddriu.hu\/en\/wp-json\/wp\/v2\/pages\/2204\/revisions"}],"predecessor-version":[{"id":2209,"href":"https:\/\/www.ddriu.hu\/en\/wp-json\/wp\/v2\/pages\/2204\/revisions\/2209"}],"wp:attachment":[{"href":"https:\/\/www.ddriu.hu\/en\/wp-json\/wp\/v2\/media?parent=2204"}],"curies":[{"name":"wp","href":"https:\/\/api.w.org\/{rel}","templated":true}]}}