{"id":2198,"date":"2025-06-29T13:26:10","date_gmt":"2025-06-29T13:26:10","guid":{"rendered":"https:\/\/digiman.hu\/?page_id=2198"},"modified":"2025-06-29T13:27:23","modified_gmt":"2025-06-29T13:27:23","slug":"darkersky4ce","status":"publish","type":"page","link":"https:\/\/www.ddriu.hu\/en\/darkersky4ce\/","title":{"rendered":"DARKERSKY4CE"},"content":{"rendered":"<div data-elementor-type=\"wp-page\" data-elementor-id=\"2198\" class=\"elementor elementor-2198\" data-elementor-post-type=\"page\">\n\t\t\t\t<div class=\"elementor-element elementor-element-2a8f563d e-con-full e-flex e-con e-parent\" data-id=\"2a8f563d\" data-element_type=\"container\" data-e-type=\"container\" data-settings=\"{&quot;background_background&quot;:&quot;classic&quot;}\">\n\t\t\t\t<div class=\"elementor-element elementor-element-64eff273 elementor-widget elementor-widget-heading\" data-id=\"64eff273\" data-element_type=\"widget\" data-e-type=\"widget\" data-widget_type=\"heading.default\">\n\t\t\t\t<div class=\"elementor-widget-container\">\n\t\t\t\t\t<h2 class=\"elementor-heading-title elementor-size-default\">DARKERSKY4CE<\/h2>\t\t\t\t<\/div>\n\t\t\t\t<\/div>\n\t\t\t\t<div class=\"elementor-element elementor-element-1c0ca32d rounded-divider elementor-widget-divider--view-line elementor-widget elementor-widget-divider\" data-id=\"1c0ca32d\" data-element_type=\"widget\" data-e-type=\"widget\" data-widget_type=\"divider.default\">\n\t\t\t\t<div class=\"elementor-widget-container\">\n\t\t\t\t\t\t\t<div class=\"elementor-divider\">\n\t\t\t<span class=\"elementor-divider-separator\">\n\t\t\t\t\t\t<\/span>\n\t\t<\/div>\n\t\t\t\t\t\t<\/div>\n\t\t\t\t<\/div>\n\t\t\t\t<\/div>\n\t\t<div class=\"elementor-element elementor-element-41048587 e-flex e-con-boxed e-con e-parent\" data-id=\"41048587\" data-element_type=\"container\" data-e-type=\"container\">\n\t\t\t\t\t<div class=\"e-con-inner\">\n\t\t<div class=\"elementor-element elementor-element-44ec7a21 e-con-full e-flex e-con e-child\" data-id=\"44ec7a21\" data-element_type=\"container\" data-e-type=\"container\">\n\t\t\t\t<div class=\"elementor-element elementor-element-2ae2d125 elementor-widget elementor-widget-image\" data-id=\"2ae2d125\" data-element_type=\"widget\" data-e-type=\"widget\" data-widget_type=\"image.default\">\n\t\t\t\t<div class=\"elementor-widget-container\">\n\t\t\t\t\t\t\t\t\t\t\t\t\t\t\t<img fetchpriority=\"high\" decoding=\"async\" width=\"800\" height=\"600\" src=\"https:\/\/www.ddriu.hu\/wp-content\/uploads\/2024\/05\/ICE_Darkersky4ce_.jpg\" class=\"attachment-large size-large wp-image-1175\" alt=\"\" srcset=\"https:\/\/www.ddriu.hu\/wp-content\/uploads\/2024\/05\/ICE_Darkersky4ce_.jpg 800w, https:\/\/www.ddriu.hu\/wp-content\/uploads\/2024\/05\/ICE_Darkersky4ce_-300x225.jpg 300w, https:\/\/www.ddriu.hu\/wp-content\/uploads\/2024\/05\/ICE_Darkersky4ce_-768x576.jpg 768w\" sizes=\"(max-width: 800px) 100vw, 800px\" \/>\t\t\t\t\t\t\t\t\t\t\t\t\t\t\t<\/div>\n\t\t\t\t<\/div>\n\t\t\t\t<div class=\"elementor-element elementor-element-6b89d7e1 elementor-widget elementor-widget-text-editor\" data-id=\"6b89d7e1\" data-element_type=\"widget\" data-e-type=\"widget\" data-widget_type=\"text-editor.default\">\n\t\t\t\t<div class=\"elementor-widget-container\">\n\t\t\t\t\t\t\t\t\t<div class=\"wpb_text_column wpb_content_element\">\n<div class=\"wpb_wrapper\">\n<p align=\"justify\">DARKERSKY4CE project aims to reduce light pollution in central Europe by changing how it is perceived by policy makers, tourism facilities tourists, and locals. The project objective is to raise awareness on the problem and generate a positive, solution-oriented, attitude to preserve ecosystems and biodiversity, highlighting that dark skies can be a competitive asset for sustainable development in non-urbanised areas. This can be achieved by providing evidence that light pollution is detrimental to ecosystems and biodiversity.<\/p>\n<p align=\"justify\">The project means to overcome the challenge of scarce awareness on the topic of light pollution and the importance of dark skies by collecting and making accessible scientific data on the risk and how it affects ecosystems. This analysis will be the starting point to raise awareness, involve policy makers and co-building a shared strategy based on an innovative \u201cecosystem services approach\u201d, considering light (or the loss of it) in its environmental and recreational dimensions.<\/p>\n<p><\/p>\n<p><strong>Main data of the project:<\/strong><br>Project title: Strategic Transnational Approach to Reduce LIGHT pollution in Central Europe<br>Project code: CE0200765<\/p>\n<p><strong>Partners:<\/strong><br>National Institute for Astrophysics (IT)(LP)<br>Kujawsko-Pomorskie Voivodeship (PL)<br>STRIA South Transdanubian Regional Innovation Agency (HU)<br>Aufbauwerk Region Leipzig GmbH (DE)<br>Carinthia University of Applied Sciences \u2013 non-profit limited liability company (AT)<br>Local Action Group Escartons and Waldensian Valleys (IT)<br>Regional Development Agency of Northern Primorska L.t.d. Nova Gorica (SI)<\/p>\n<p><\/p>\n<p><strong>Budget:<\/strong>&nbsp;EUR 1,791,013<br><strong>Grant programme:<\/strong>&nbsp;Interreg Central Europe Programme<br><strong>Project Duration:<\/strong>&nbsp;01.06.2024 \u2013 30.11.2026<\/p><\/div><\/div>\t\t\t\t\t\t\t\t<\/div>\n\t\t\t\t<\/div>\n\t\t\t\t<\/div>\n\t\t\t\t\t<\/div>\n\t\t\t\t<\/div>\n\t\t<div class=\"elementor-element elementor-element-1b0c2822 e-flex e-con-boxed e-con e-parent\" data-id=\"1b0c2822\" data-element_type=\"container\" data-e-type=\"container\">\n\t\t\t\t\t<div class=\"e-con-inner\">\n\t\t\t\t<div class=\"elementor-element elementor-element-53506b36 rounded-divider elementor-widget-divider--view-line elementor-widget elementor-widget-divider\" data-id=\"53506b36\" data-element_type=\"widget\" data-e-type=\"widget\" data-widget_type=\"divider.default\">\n\t\t\t\t<div class=\"elementor-widget-container\">\n\t\t\t\t\t\t\t<div class=\"elementor-divider\">\n\t\t\t<span class=\"elementor-divider-separator\">\n\t\t\t\t\t\t<\/span>\n\t\t<\/div>\n\t\t\t\t\t\t<\/div>\n\t\t\t\t<\/div>\n\t\t\t\t\t<\/div>\n\t\t\t\t<\/div>\n\t\t\t\t<\/div>","protected":false},"excerpt":{"rendered":"<p>DARKERSKY4CE A DARKERSKY4CE projekt c\u00e9lja a f\u00e9nyszennyez\u00e9s cs\u00f6kkent\u00e9se K\u00f6z\u00e9p-Eur\u00f3p\u00e1ban az\u00e1ltal, hogy megv\u00e1ltoztatja a politikai d\u00f6nt\u00e9shoz\u00f3k, a turisztikai l\u00e9tes\u00edtm\u00e9nyek turist\u00e1i \u00e9s a helyiek hozz\u00e1\u00e1ll\u00e1s\u00e1t. A projekt c\u00e9lja, hogy felh\u00edvja a figyelmet a probl\u00e9m\u00e1ra, \u00e9s pozit\u00edv, megold\u00e1sorient\u00e1lt szeml\u00e9letet alak\u00edtson ki az \u00f6kosziszt\u00e9m\u00e1k \u00e9s a biol\u00f3giai sokf\u00e9les\u00e9g meg\u0151rz\u00e9se \u00e9rdek\u00e9ben, kiemelve, hogy a s\u00f6t\u00e9t \u00e9gbolt versenyk\u00e9pes el\u0151ny lehet a [&hellip;]<\/p>\n","protected":false},"author":1,"featured_media":0,"parent":0,"menu_order":0,"comment_status":"closed","ping_status":"closed","template":"","meta":{"footnotes":""},"class_list":["post-2198","page","type-page","status-publish","hentry"],"_links":{"self":[{"href":"https:\/\/www.ddriu.hu\/en\/wp-json\/wp\/v2\/pages\/2198","targetHints":{"allow":["GET"]}}],"collection":[{"href":"https:\/\/www.ddriu.hu\/en\/wp-json\/wp\/v2\/pages"}],"about":[{"href":"https:\/\/www.ddriu.hu\/en\/wp-json\/wp\/v2\/types\/page"}],"author":[{"embeddable":true,"href":"https:\/\/www.ddriu.hu\/en\/wp-json\/wp\/v2\/users\/1"}],"replies":[{"embeddable":true,"href":"https:\/\/www.ddriu.hu\/en\/wp-json\/wp\/v2\/comments?post=2198"}],"version-history":[{"count":4,"href":"https:\/\/www.ddriu.hu\/en\/wp-json\/wp\/v2\/pages\/2198\/revisions"}],"predecessor-version":[{"id":2203,"href":"https:\/\/www.ddriu.hu\/en\/wp-json\/wp\/v2\/pages\/2198\/revisions\/2203"}],"wp:attachment":[{"href":"https:\/\/www.ddriu.hu\/en\/wp-json\/wp\/v2\/media?parent=2198"}],"curies":[{"name":"wp","href":"https:\/\/api.w.org\/{rel}","templated":true}]}}