{"id":2192,"date":"2025-06-29T13:24:13","date_gmt":"2025-06-29T13:24:13","guid":{"rendered":"https:\/\/digiman.hu\/?page_id=2192"},"modified":"2025-11-05T12:35:37","modified_gmt":"2025-11-05T12:35:37","slug":"grandis","status":"publish","type":"page","link":"https:\/\/www.ddriu.hu\/en\/grandis\/","title":{"rendered":"GRANDIS"},"content":{"rendered":"<div data-elementor-type=\"wp-page\" data-elementor-id=\"2192\" class=\"elementor elementor-2192\" data-elementor-post-type=\"page\">\n\t\t\t\t<div class=\"elementor-element elementor-element-4b97863c e-con-full e-flex e-con e-parent\" data-id=\"4b97863c\" data-element_type=\"container\" data-e-type=\"container\" data-settings=\"{&quot;background_background&quot;:&quot;classic&quot;}\">\n\t\t\t\t<div class=\"elementor-element elementor-element-7f121c98 elementor-widget elementor-widget-heading\" data-id=\"7f121c98\" data-element_type=\"widget\" data-e-type=\"widget\" data-widget_type=\"heading.default\">\n\t\t\t\t<div class=\"elementor-widget-container\">\n\t\t\t\t\t<h2 class=\"elementor-heading-title elementor-size-default\">GRANDIS<\/h2>\t\t\t\t<\/div>\n\t\t\t\t<\/div>\n\t\t\t\t<div class=\"elementor-element elementor-element-39d36db8 rounded-divider elementor-widget-divider--view-line elementor-widget elementor-widget-divider\" data-id=\"39d36db8\" data-element_type=\"widget\" data-e-type=\"widget\" data-widget_type=\"divider.default\">\n\t\t\t\t<div class=\"elementor-widget-container\">\n\t\t\t\t\t\t\t<div class=\"elementor-divider\">\n\t\t\t<span class=\"elementor-divider-separator\">\n\t\t\t\t\t\t<\/span>\n\t\t<\/div>\n\t\t\t\t\t\t<\/div>\n\t\t\t\t<\/div>\n\t\t\t\t<\/div>\n\t\t<div class=\"elementor-element elementor-element-1d365476 e-flex e-con-boxed e-con e-parent\" data-id=\"1d365476\" data-element_type=\"container\" data-e-type=\"container\">\n\t\t\t\t\t<div class=\"e-con-inner\">\n\t\t<div class=\"elementor-element elementor-element-67c14213 e-con-full e-flex e-con e-child\" data-id=\"67c14213\" data-element_type=\"container\" data-e-type=\"container\">\n\t\t\t\t<div class=\"elementor-element elementor-element-7a81e728 elementor-widget elementor-widget-image\" data-id=\"7a81e728\" data-element_type=\"widget\" data-e-type=\"widget\" data-widget_type=\"image.default\">\n\t\t\t\t<div class=\"elementor-widget-container\">\n\t\t\t\t\t\t\t\t\t\t\t\t\t\t\t<img fetchpriority=\"high\" decoding=\"async\" width=\"800\" height=\"600\" src=\"https:\/\/www.ddriu.hu\/wp-content\/uploads\/2024\/05\/IE_Grandis.jpg\" class=\"attachment-large size-large wp-image-1186\" alt=\"\" srcset=\"https:\/\/www.ddriu.hu\/wp-content\/uploads\/2024\/05\/IE_Grandis.jpg 800w, https:\/\/www.ddriu.hu\/wp-content\/uploads\/2024\/05\/IE_Grandis-300x225.jpg 300w, https:\/\/www.ddriu.hu\/wp-content\/uploads\/2024\/05\/IE_Grandis-768x576.jpg 768w\" sizes=\"(max-width: 800px) 100vw, 800px\" \/>\t\t\t\t\t\t\t\t\t\t\t\t\t\t\t<\/div>\n\t\t\t\t<\/div>\n\t\t\t\t<div class=\"elementor-element elementor-element-3bf14c97 elementor-widget elementor-widget-text-editor\" data-id=\"3bf14c97\" data-element_type=\"widget\" data-e-type=\"widget\" data-widget_type=\"text-editor.default\">\n\t\t\t\t<div class=\"elementor-widget-container\">\n\t\t\t\t\t\t\t\t\t<p>The project aims to lay the foundations for forward-looking policies in EU regions for a successful dual transition led by women. The proposal uses interregional learning to ensure that public policy supports the sustainable growth and competitiveness of SMEs and start-ups by integrating gender equality into the twin transition. The partners will cooperate at interregional level to achieve the following specific objectives:<\/p><p>1) encouraging interregional learning on the benefits of involving women in the dual transition and the challenges of implementation<br \/>2) understanding what has been done\/can be done at regional level to meet these needs<br \/>3) planning specific policy developments and, where possible, implementing them<br \/>4) implementing, expanding and monitoring policy developments, using regional resources.<\/p><p><strong>Project Duration<\/strong>: 36+12 months<br \/><strong>Total Budget:\u00a0<\/strong>1.394.886,00 \u20ac<\/p><p><strong>Partners:<\/strong><\/p><ul><li>South Transdanubian Regional Innovation Agency (STRIA) \u2013 Hungary<\/li><li>Region of Crete<\/li><li>Western Development Commission<\/li><li>European Projects Office of the Government of Cantabria<\/li><li>Regional Ministry of Universities, Equality, Culture and Sport of the Government of Cantabria<\/li><li>Public Service of Wallonia, Department Employment &amp; Vocational Training<\/li><li>European Institute for Innovation \u2013 Technology e.V<\/li><li>Zarasai District Municipality Assoctiation<\/li><li><span data-olk-copy-source=\"MessageBody\">Development Agency of the Republic of Srpska<\/span><\/li><li><span data-olk-copy-source=\"MessageBody\">EU&amp;Global Missions Center\u00a0<\/span><\/li><\/ul>\t\t\t\t\t\t\t\t<\/div>\n\t\t\t\t<\/div>\n\t\t\t\t<\/div>\n\t\t\t\t\t<\/div>\n\t\t\t\t<\/div>\n\t\t<div class=\"elementor-element elementor-element-d6871be e-flex e-con-boxed e-con e-parent\" data-id=\"d6871be\" data-element_type=\"container\" data-e-type=\"container\">\n\t\t\t\t\t<div class=\"e-con-inner\">\n\t\t\t\t<div class=\"elementor-element elementor-element-2f8975f6 rounded-divider elementor-widget-divider--view-line elementor-widget elementor-widget-divider\" data-id=\"2f8975f6\" data-element_type=\"widget\" data-e-type=\"widget\" data-widget_type=\"divider.default\">\n\t\t\t\t<div class=\"elementor-widget-container\">\n\t\t\t\t\t\t\t<div class=\"elementor-divider\">\n\t\t\t<span class=\"elementor-divider-separator\">\n\t\t\t\t\t\t<\/span>\n\t\t<\/div>\n\t\t\t\t\t\t<\/div>\n\t\t\t\t<\/div>\n\t\t\t\t\t<\/div>\n\t\t\t\t<\/div>\n\t\t\t\t<\/div>","protected":false},"excerpt":{"rendered":"<p>GRANDIS A projekt c\u00e9lja, hogy megteremtse az EU r\u00e9gi\u00f3inak el\u0151remutat\u00f3 politik\u00e1inak alapjait a n\u0151k \u00e1ltal vez\u00e9relt sikeres kett\u0151s \u00e1tmenet fel\u00e9. A javaslat a r\u00e9gi\u00f3k k\u00f6z\u00f6tti tanul\u00e1st haszn\u00e1lja fel annak biztos\u00edt\u00e1s\u00e1ra, hogy a k\u00f6zpolitika a nemek k\u00f6z\u00f6tti egyenl\u0151s\u00e9g k\u00e9rd\u00e9s\u00e9nek az ikerint\u00e9zm\u00e9nyi \u00e1tmenetbe val\u00f3 be\u00e9p\u00edt\u00e9s\u00e9vel t\u00e1mogassa a kkv-k \u00e9s az indul\u00f3 v\u00e1llalkoz\u00e1sok fenntarthat\u00f3 n\u00f6veked\u00e9s\u00e9t \u00e9s versenyk\u00e9pess\u00e9g\u00e9t. A [&hellip;]<\/p>\n","protected":false},"author":1,"featured_media":0,"parent":0,"menu_order":0,"comment_status":"closed","ping_status":"closed","template":"","meta":{"footnotes":""},"class_list":["post-2192","page","type-page","status-publish","hentry"],"_links":{"self":[{"href":"https:\/\/www.ddriu.hu\/en\/wp-json\/wp\/v2\/pages\/2192","targetHints":{"allow":["GET"]}}],"collection":[{"href":"https:\/\/www.ddriu.hu\/en\/wp-json\/wp\/v2\/pages"}],"about":[{"href":"https:\/\/www.ddriu.hu\/en\/wp-json\/wp\/v2\/types\/page"}],"author":[{"embeddable":true,"href":"https:\/\/www.ddriu.hu\/en\/wp-json\/wp\/v2\/users\/1"}],"replies":[{"embeddable":true,"href":"https:\/\/www.ddriu.hu\/en\/wp-json\/wp\/v2\/comments?post=2192"}],"version-history":[{"count":22,"href":"https:\/\/www.ddriu.hu\/en\/wp-json\/wp\/v2\/pages\/2192\/revisions"}],"predecessor-version":[{"id":5261,"href":"https:\/\/www.ddriu.hu\/en\/wp-json\/wp\/v2\/pages\/2192\/revisions\/5261"}],"wp:attachment":[{"href":"https:\/\/www.ddriu.hu\/en\/wp-json\/wp\/v2\/media?parent=2192"}],"curies":[{"name":"wp","href":"https:\/\/api.w.org\/{rel}","templated":true}]}}