{"id":2185,"date":"2025-06-29T13:22:04","date_gmt":"2025-06-29T13:22:04","guid":{"rendered":"https:\/\/digiman.hu\/?page_id=2185"},"modified":"2025-07-01T13:51:57","modified_gmt":"2025-07-01T13:51:57","slug":"circular-minds","status":"publish","type":"page","link":"https:\/\/www.ddriu.hu\/en\/circular-minds\/","title":{"rendered":"Circular Minds"},"content":{"rendered":"<div data-elementor-type=\"wp-page\" data-elementor-id=\"2185\" class=\"elementor elementor-2185\" data-elementor-post-type=\"page\">\n\t\t\t\t<div class=\"elementor-element elementor-element-42959d97 e-con-full e-flex e-con e-parent\" data-id=\"42959d97\" data-element_type=\"container\" data-e-type=\"container\" data-settings=\"{&quot;background_background&quot;:&quot;classic&quot;}\">\n\t\t\t\t<div class=\"elementor-element elementor-element-186d0f61 elementor-widget elementor-widget-heading\" data-id=\"186d0f61\" data-element_type=\"widget\" data-e-type=\"widget\" data-widget_type=\"heading.default\">\n\t\t\t\t<div class=\"elementor-widget-container\">\n\t\t\t\t\t<h2 class=\"elementor-heading-title elementor-size-default\">Circular Minds<\/h2>\t\t\t\t<\/div>\n\t\t\t\t<\/div>\n\t\t\t\t<div class=\"elementor-element elementor-element-10f70867 rounded-divider elementor-widget-divider--view-line elementor-widget elementor-widget-divider\" data-id=\"10f70867\" data-element_type=\"widget\" data-e-type=\"widget\" data-widget_type=\"divider.default\">\n\t\t\t\t<div class=\"elementor-widget-container\">\n\t\t\t\t\t\t\t<div class=\"elementor-divider\">\n\t\t\t<span class=\"elementor-divider-separator\">\n\t\t\t\t\t\t<\/span>\n\t\t<\/div>\n\t\t\t\t\t\t<\/div>\n\t\t\t\t<\/div>\n\t\t\t\t<\/div>\n\t\t<div class=\"elementor-element elementor-element-1773a035 e-flex e-con-boxed e-con e-parent\" data-id=\"1773a035\" data-element_type=\"container\" data-e-type=\"container\">\n\t\t\t\t\t<div class=\"e-con-inner\">\n\t\t<div class=\"elementor-element elementor-element-72eef694 e-con-full e-flex e-con e-child\" data-id=\"72eef694\" data-element_type=\"container\" data-e-type=\"container\">\n\t\t\t\t<div class=\"elementor-element elementor-element-6af1b195 elementor-widget elementor-widget-image\" data-id=\"6af1b195\" data-element_type=\"widget\" data-e-type=\"widget\" data-widget_type=\"image.default\">\n\t\t\t\t<div class=\"elementor-widget-container\">\n\t\t\t\t\t\t\t\t\t\t\t\t\t\t\t<img fetchpriority=\"high\" decoding=\"async\" width=\"800\" height=\"600\" src=\"https:\/\/www.ddriu.hu\/wp-content\/uploads\/2025\/06\/IE_Circular_Minds.jpg\" class=\"attachment-large size-large wp-image-1509\" alt=\"\" srcset=\"https:\/\/www.ddriu.hu\/wp-content\/uploads\/2025\/06\/IE_Circular_Minds.jpg 800w, https:\/\/www.ddriu.hu\/wp-content\/uploads\/2025\/06\/IE_Circular_Minds-300x225.jpg 300w, https:\/\/www.ddriu.hu\/wp-content\/uploads\/2025\/06\/IE_Circular_Minds-768x576.jpg 768w\" sizes=\"(max-width: 800px) 100vw, 800px\" \/>\t\t\t\t\t\t\t\t\t\t\t\t\t\t\t<\/div>\n\t\t\t\t<\/div>\n\t\t\t\t<div class=\"elementor-element elementor-element-5f552736 elementor-widget elementor-widget-text-editor\" data-id=\"5f552736\" data-element_type=\"widget\" data-e-type=\"widget\" data-widget_type=\"text-editor.default\">\n\t\t\t\t<div class=\"elementor-widget-container\">\n\t\t\t\t\t\t\t\t\t<div class=\"wpb_text_column wpb_content_element\"><div class=\"wpb_wrapper\"><p>Circular economy is a systemic and global transition, but without local and organisational implementation, there will be no worldwide impact. New approaches, new business models and different relations with suppliers and supply chains lead to changes in internal policies and behaviour in organisations. Circular economy pilots (procurement and others) demonstrate circular potential but often fail to create real impact because organisations struggle with the implementation of the pilots. Circular Minds project aims at improving the implementation of regional development policies in the field of governance of organisations for circular economy, in particular by scaling up positive impact of public circular economy practices in organisations. The partnership offers a board and balanced EU coverage with 9 partners from 8 countries, with a good mix of more-advanced and less-advanced areas.<\/p><p><strong>Main data of the project:<\/strong><br \/>Project title: Circular Governance for Change<br \/>Project code: 02C0421<\/p><p><strong>Partners:<\/strong><br \/>Ministry of Infrastructure and Water Management \u2013 Rijkswaterstaat (NL) (LP)<br \/>Commission for Regional Development and Coordination of the Alentejo (PT)<br \/>Helsinki Region Environmental Services Authority HSY (FI)<br \/>Province of Antwerp (BE)<br \/>STRIA South Transdanubian Regional Innovation Agency (HU)<br \/>Consejer\u00eda de Sostenibilidad, Medio Ambeinte Econom\u00eda Azul de la Junta de Andaluc\u00eda (ES)<br \/>Cleantech Bulgaria Foundation (BG)<br \/>City of Lund (SE)<br \/>ACR+ Association of Cities and Regions for Sustainable Resource Management (BE)<br \/><span data-olk-copy-source=\"MessageBody\">Institute for Albanian Municipalities (AL) .<\/span><\/p><p><strong>Project budget in EUR:<\/strong>\u00a02,164,106<br \/><strong>Funding:<\/strong>\u00a0Interreg Europe Programme<br \/><strong>Project Duration:<\/strong>\u00a001.04.2024 \u2013 31.12.2026<\/p><\/div><\/div>\t\t\t\t\t\t\t\t<\/div>\n\t\t\t\t<\/div>\n\t\t\t\t<\/div>\n\t\t\t\t\t<\/div>\n\t\t\t\t<\/div>\n\t\t<div class=\"elementor-element elementor-element-212f6bb2 e-flex e-con-boxed e-con e-parent\" data-id=\"212f6bb2\" data-element_type=\"container\" data-e-type=\"container\">\n\t\t\t\t\t<div class=\"e-con-inner\">\n\t\t\t\t<div class=\"elementor-element elementor-element-572c89e4 rounded-divider elementor-widget-divider--view-line elementor-widget elementor-widget-divider\" data-id=\"572c89e4\" data-element_type=\"widget\" data-e-type=\"widget\" data-widget_type=\"divider.default\">\n\t\t\t\t<div class=\"elementor-widget-container\">\n\t\t\t\t\t\t\t<div class=\"elementor-divider\">\n\t\t\t<span class=\"elementor-divider-separator\">\n\t\t\t\t\t\t<\/span>\n\t\t<\/div>\n\t\t\t\t\t\t<\/div>\n\t\t\t\t<\/div>\n\t\t\t\t\t<\/div>\n\t\t\t\t<\/div>\n\t\t\t\t<\/div>","protected":false},"excerpt":{"rendered":"","protected":false},"author":1,"featured_media":0,"parent":0,"menu_order":0,"comment_status":"closed","ping_status":"closed","template":"","meta":{"footnotes":""},"class_list":["post-2185","page","type-page","status-publish","hentry"],"_links":{"self":[{"href":"https:\/\/www.ddriu.hu\/en\/wp-json\/wp\/v2\/pages\/2185","targetHints":{"allow":["GET"]}}],"collection":[{"href":"https:\/\/www.ddriu.hu\/en\/wp-json\/wp\/v2\/pages"}],"about":[{"href":"https:\/\/www.ddriu.hu\/en\/wp-json\/wp\/v2\/types\/page"}],"author":[{"embeddable":true,"href":"https:\/\/www.ddriu.hu\/en\/wp-json\/wp\/v2\/users\/1"}],"replies":[{"embeddable":true,"href":"https:\/\/www.ddriu.hu\/en\/wp-json\/wp\/v2\/comments?post=2185"}],"version-history":[{"count":7,"href":"https:\/\/www.ddriu.hu\/en\/wp-json\/wp\/v2\/pages\/2185\/revisions"}],"predecessor-version":[{"id":3079,"href":"https:\/\/www.ddriu.hu\/en\/wp-json\/wp\/v2\/pages\/2185\/revisions\/3079"}],"wp:attachment":[{"href":"https:\/\/www.ddriu.hu\/en\/wp-json\/wp\/v2\/media?parent=2185"}],"curies":[{"name":"wp","href":"https:\/\/api.w.org\/{rel}","templated":true}]}}