{"id":2179,"date":"2025-06-29T10:10:14","date_gmt":"2025-06-29T10:10:14","guid":{"rendered":"https:\/\/digiman.hu\/?page_id=2179"},"modified":"2025-06-29T10:11:16","modified_gmt":"2025-06-29T10:11:16","slug":"greet-geo","status":"publish","type":"page","link":"https:\/\/www.ddriu.hu\/en\/greet-geo\/","title":{"rendered":"GREET Geo"},"content":{"rendered":"<div data-elementor-type=\"wp-page\" data-elementor-id=\"2179\" class=\"elementor elementor-2179\" data-elementor-post-type=\"page\">\n\t\t\t\t<div class=\"elementor-element elementor-element-354ce236 e-con-full e-flex e-con e-parent\" data-id=\"354ce236\" data-element_type=\"container\" data-e-type=\"container\" data-settings=\"{&quot;background_background&quot;:&quot;classic&quot;}\">\n\t\t\t\t<div class=\"elementor-element elementor-element-334f8377 elementor-widget elementor-widget-heading\" data-id=\"334f8377\" data-element_type=\"widget\" data-e-type=\"widget\" data-widget_type=\"heading.default\">\n\t\t\t\t<div class=\"elementor-widget-container\">\n\t\t\t\t\t<h2 class=\"elementor-heading-title elementor-size-default\">GREET Geo<\/h2>\t\t\t\t<\/div>\n\t\t\t\t<\/div>\n\t\t\t\t<div class=\"elementor-element elementor-element-2666153e rounded-divider elementor-widget-divider--view-line elementor-widget elementor-widget-divider\" data-id=\"2666153e\" data-element_type=\"widget\" data-e-type=\"widget\" data-widget_type=\"divider.default\">\n\t\t\t\t<div class=\"elementor-widget-container\">\n\t\t\t\t\t\t\t<div class=\"elementor-divider\">\n\t\t\t<span class=\"elementor-divider-separator\">\n\t\t\t\t\t\t<\/span>\n\t\t<\/div>\n\t\t\t\t\t\t<\/div>\n\t\t\t\t<\/div>\n\t\t\t\t<\/div>\n\t\t<div class=\"elementor-element elementor-element-667b7ae1 e-flex e-con-boxed e-con e-parent\" data-id=\"667b7ae1\" data-element_type=\"container\" data-e-type=\"container\">\n\t\t\t\t\t<div class=\"e-con-inner\">\n\t\t<div class=\"elementor-element elementor-element-3ec4e411 e-con-full e-flex e-con e-child\" data-id=\"3ec4e411\" data-element_type=\"container\" data-e-type=\"container\">\n\t\t\t\t<div class=\"elementor-element elementor-element-3c718ec9 elementor-widget elementor-widget-image\" data-id=\"3c718ec9\" data-element_type=\"widget\" data-e-type=\"widget\" data-widget_type=\"image.default\">\n\t\t\t\t<div class=\"elementor-widget-container\">\n\t\t\t\t\t\t\t\t\t\t\t\t\t\t\t<img fetchpriority=\"high\" decoding=\"async\" width=\"800\" height=\"600\" src=\"https:\/\/www.ddriu.hu\/wp-content\/uploads\/2025\/06\/gglogo.png\" class=\"attachment-large size-large wp-image-1507\" alt=\"\" srcset=\"https:\/\/www.ddriu.hu\/wp-content\/uploads\/2025\/06\/gglogo.png 800w, https:\/\/www.ddriu.hu\/wp-content\/uploads\/2025\/06\/gglogo-300x225.png 300w, https:\/\/www.ddriu.hu\/wp-content\/uploads\/2025\/06\/gglogo-768x576.png 768w\" sizes=\"(max-width: 800px) 100vw, 800px\" \/>\t\t\t\t\t\t\t\t\t\t\t\t\t\t\t<\/div>\n\t\t\t\t<\/div>\n\t\t\t\t<div class=\"elementor-element elementor-element-7dd58d25 elementor-widget elementor-widget-text-editor\" data-id=\"7dd58d25\" data-element_type=\"widget\" data-e-type=\"widget\" data-widget_type=\"text-editor.default\">\n\t\t\t\t<div class=\"elementor-widget-container\">\n\t\t\t\t\t\t\t\t\t<p>The goal of the Greet GEO project is to promote the research and use of geothermal energy for the green transition. This project brings together different actors in the research and use of geothermal energy to develop more sustainable energy production solutions that can support the efforts of SMEs.<\/p><p>The project also supports the acceleration of market introduction of new technologies related to geothermal energy and the increase of social acceptance, especially in areas where geothermal potential is still untapped.<\/p><p>This project contributes to reducing Europe's dependence on fossil fuels while promoting low-carbon technologies and renewable energy sources.<\/p><p>Greet GEO will increase the capacity of regional innovation ecosystems, especially SMEs in certain less developed Central European (Pannonian Basin) regions and in selected outermost regions in a synergetic manner. It focuses on the utilization of geothermal resources with a holistic approach, with niche pilots in deep geothermal and shallow geothermal, in line with the specific domains and niches, and needs of the target regions. Its project consortium has seasoned thematic and territorial experts with complementary strengths and roles. They combine unique ecosystems, policies, finance, technical, training, communications and networking expertise. An outreach to over 10 less developed and outermost regions and over 20 key stakeholders is demonstrated. A combination of less developed and outermost territories with high geothermal (cooperation) potential and the leading European geothermal industry associations ensures a high impact.<\/p><p>\u00a0<\/p><p><strong>Main data of the project:<\/strong><br \/>Project Name:\u00a0<span data-olk-copy-source=\"MessageBody\">GREETGeo<\/span><br \/>Project code:\u00a0<span data-olk-copy-source=\"MessageBody\">I3-2023-Cap2b<\/span><\/p><p><strong>Partners:<\/strong><\/p><p>1 ENERGETSKI INSTITUT HRVOJE POZAR<br \/>2 VICE-PRESIDENCIA DO GOVERNO REGIONAL DOS ACORESPT<br \/>3 LA PALMA RESEARCH CENTRE<br \/>4 Hungarian Geothermal Association<br \/>5 EMEF Elso Magyar Energetikai Fejleszto \u00e9s Szolgaltato Kft.<br \/>6 STRIA Nonprofit Ltd.<br \/>7 LOKALNA ENERGETSKA AGENCIJA ZA POMURJE ZAVOD Z<br \/>8 CONSORZIO PER LO SVILUPPO DELLE AREE GEOTERMICHEIT<br \/>9 EUROPEAN GEOTHERMAL ENERGY COUNCIL<br \/>10 BWB CONNECT CLG<\/p><p><strong>Budget:<\/strong>\u00a0\u00a0<span data-olk-copy-source=\"MessageBody\">1,493,532.22\u00a0<\/span>EUR<br \/><span data-olk-copy-source=\"MessageBody\"><strong>STRIA budget<\/strong>: 80.571,00 EUR<\/span><br \/><strong>Grant programme:\u00a0<\/strong>I3 Programme<br \/><strong>Project Duration:<\/strong>\u00a001.11.2024 \u2013 30.10.2026<\/p>\t\t\t\t\t\t\t\t<\/div>\n\t\t\t\t<\/div>\n\t\t\t\t<\/div>\n\t\t\t\t\t<\/div>\n\t\t\t\t<\/div>\n\t\t<div class=\"elementor-element elementor-element-62eb4ceb e-flex e-con-boxed e-con e-parent\" data-id=\"62eb4ceb\" data-element_type=\"container\" data-e-type=\"container\">\n\t\t\t\t\t<div class=\"e-con-inner\">\n\t\t\t\t<div class=\"elementor-element elementor-element-6023348f rounded-divider elementor-widget-divider--view-line elementor-widget elementor-widget-divider\" data-id=\"6023348f\" data-element_type=\"widget\" data-e-type=\"widget\" data-widget_type=\"divider.default\">\n\t\t\t\t<div class=\"elementor-widget-container\">\n\t\t\t\t\t\t\t<div class=\"elementor-divider\">\n\t\t\t<span class=\"elementor-divider-separator\">\n\t\t\t\t\t\t<\/span>\n\t\t<\/div>\n\t\t\t\t\t\t<\/div>\n\t\t\t\t<\/div>\n\t\t\t\t\t<\/div>\n\t\t\t\t<\/div>\n\t\t\t\t<\/div>","protected":false},"excerpt":{"rendered":"<p>GREET Geo A Greet GEO projekt c\u00e9lja a geotermikus energia kutat\u00e1s\u00e1nak \u00e9s hasznos\u00edt\u00e1s\u00e1nak el\u0151mozd\u00edt\u00e1sa a z\u00f6ld \u00e1tmenet \u00e9rdek\u00e9ben. Ez a projekt \u00f6sszekapcsolja a geotermikus energia kutat\u00e1s\u00e1nak \u00e9s felhaszn\u00e1l\u00e1s\u00e1nak k\u00fcl\u00f6nb\u00f6z\u0151 szerepl\u0151it, hogy fenntarthat\u00f3bb energiatermel\u00e9si megold\u00e1sokat fejlesszenek ki, amelyek seg\u00edthetik a kkv-k t\u00f6rekv\u00e9seit. A projekt t\u00e1mogatja tov\u00e1bb\u00e1 a geotermikus energi\u00e1val kapcsolatos \u00faj technol\u00f3gi\u00e1k piaci bevezet\u00e9s\u00e9nek felgyors\u00edt\u00e1s\u00e1t, valamint [&hellip;]<\/p>\n","protected":false},"author":1,"featured_media":0,"parent":0,"menu_order":0,"comment_status":"closed","ping_status":"closed","template":"","meta":{"footnotes":""},"class_list":["post-2179","page","type-page","status-publish","hentry"],"_links":{"self":[{"href":"https:\/\/www.ddriu.hu\/en\/wp-json\/wp\/v2\/pages\/2179","targetHints":{"allow":["GET"]}}],"collection":[{"href":"https:\/\/www.ddriu.hu\/en\/wp-json\/wp\/v2\/pages"}],"about":[{"href":"https:\/\/www.ddriu.hu\/en\/wp-json\/wp\/v2\/types\/page"}],"author":[{"embeddable":true,"href":"https:\/\/www.ddriu.hu\/en\/wp-json\/wp\/v2\/users\/1"}],"replies":[{"embeddable":true,"href":"https:\/\/www.ddriu.hu\/en\/wp-json\/wp\/v2\/comments?post=2179"}],"version-history":[{"count":4,"href":"https:\/\/www.ddriu.hu\/en\/wp-json\/wp\/v2\/pages\/2179\/revisions"}],"predecessor-version":[{"id":2184,"href":"https:\/\/www.ddriu.hu\/en\/wp-json\/wp\/v2\/pages\/2179\/revisions\/2184"}],"wp:attachment":[{"href":"https:\/\/www.ddriu.hu\/en\/wp-json\/wp\/v2\/media?parent=2179"}],"curies":[{"name":"wp","href":"https:\/\/api.w.org\/{rel}","templated":true}]}}