{"id":2173,"date":"2025-06-29T10:08:37","date_gmt":"2025-06-29T10:08:37","guid":{"rendered":"https:\/\/digiman.hu\/?page_id=2173"},"modified":"2025-07-01T13:48:55","modified_gmt":"2025-07-01T13:48:55","slug":"smf-danube-coves-project","status":"publish","type":"page","link":"https:\/\/www.ddriu.hu\/en\/smf-danube-coves-project\/","title":{"rendered":"SMF Danube Coves"},"content":{"rendered":"<div data-elementor-type=\"wp-page\" data-elementor-id=\"2173\" class=\"elementor elementor-2173\" data-elementor-post-type=\"page\">\n\t\t\t\t<div class=\"elementor-element elementor-element-1d1c54cd e-con-full e-flex e-con e-parent\" data-id=\"1d1c54cd\" data-element_type=\"container\" data-e-type=\"container\" data-settings=\"{&quot;background_background&quot;:&quot;classic&quot;}\">\n\t\t\t\t<div class=\"elementor-element elementor-element-421164f2 elementor-widget elementor-widget-heading\" data-id=\"421164f2\" data-element_type=\"widget\" data-e-type=\"widget\" data-widget_type=\"heading.default\">\n\t\t\t\t<div class=\"elementor-widget-container\">\n\t\t\t\t\t<h2 class=\"elementor-heading-title elementor-size-default\">SMF Danube Coves<\/h2>\t\t\t\t<\/div>\n\t\t\t\t<\/div>\n\t\t\t\t<div class=\"elementor-element elementor-element-2dd5e89f rounded-divider elementor-widget-divider--view-line elementor-widget elementor-widget-divider\" data-id=\"2dd5e89f\" data-element_type=\"widget\" data-e-type=\"widget\" data-widget_type=\"divider.default\">\n\t\t\t\t<div class=\"elementor-widget-container\">\n\t\t\t\t\t\t\t<div class=\"elementor-divider\">\n\t\t\t<span class=\"elementor-divider-separator\">\n\t\t\t\t\t\t<\/span>\n\t\t<\/div>\n\t\t\t\t\t\t<\/div>\n\t\t\t\t<\/div>\n\t\t\t\t<\/div>\n\t\t<div class=\"elementor-element elementor-element-117fa78b e-flex e-con-boxed e-con e-parent\" data-id=\"117fa78b\" data-element_type=\"container\" data-e-type=\"container\">\n\t\t\t\t\t<div class=\"e-con-inner\">\n\t\t<div class=\"elementor-element elementor-element-39e33da9 e-con-full e-flex e-con e-child\" data-id=\"39e33da9\" data-element_type=\"container\" data-e-type=\"container\">\n\t\t\t\t<div class=\"elementor-element elementor-element-1a16a6e9 elementor-widget elementor-widget-image\" data-id=\"1a16a6e9\" data-element_type=\"widget\" data-e-type=\"widget\" data-widget_type=\"image.default\">\n\t\t\t\t<div class=\"elementor-widget-container\">\n\t\t\t\t\t\t\t\t\t\t\t\t\t\t\t<img fetchpriority=\"high\" decoding=\"async\" width=\"800\" height=\"600\" src=\"https:\/\/www.ddriu.hu\/wp-content\/uploads\/2025\/06\/coves.png\" class=\"attachment-large size-large wp-image-1508\" alt=\"\" srcset=\"https:\/\/www.ddriu.hu\/wp-content\/uploads\/2025\/06\/coves.png 800w, https:\/\/www.ddriu.hu\/wp-content\/uploads\/2025\/06\/coves-300x225.png 300w, https:\/\/www.ddriu.hu\/wp-content\/uploads\/2025\/06\/coves-768x576.png 768w\" sizes=\"(max-width: 800px) 100vw, 800px\" \/>\t\t\t\t\t\t\t\t\t\t\t\t\t\t\t<\/div>\n\t\t\t\t<\/div>\n\t\t\t\t<div class=\"elementor-element elementor-element-28992cea elementor-widget elementor-widget-text-editor\" data-id=\"28992cea\" data-element_type=\"widget\" data-e-type=\"widget\" data-widget_type=\"text-editor.default\">\n\t\t\t\t<div class=\"elementor-widget-container\">\n\t\t\t\t\t\t\t\t\t<div>\n<p data-olk-copy-source=\"MessageBody\">The SMF Danube CoVEs is a \"seed money facility\" project supported by the Interreg Danube Programme, serving to prepare a large-scale strategic initiative. Its goal is to promote the development of Centres of Vocational Excellence (CoVEs) in the Danube Region.<\/p>\n<p>CoVEs are key institutions providing high-quality vocational education and training (VET) programmes, tailored to the specific needs of industries and sectors. They play a crucial role in equipping individuals with the skills, knowledge, and competences required to succeed in the labour market and contribute to economic growth.<\/p>\n<p><strong>The project addresses key challenges, including:<\/strong><\/p>\n<ul data-start=\"783\" data-end=\"1275\">\n<li>Regional imbalances and out-migration caused by the lack of effective structures to support human capital development,<\/li>\n<li>The growing trend of early school leaving, particularly in rural and disadvantaged areas of Eastern Europe,<\/li>\n<li>The rigidity of education systems, which struggle to respond promptly to labour market needs,<\/li>\n<li>Low levels of skills and competences,<\/li>\n<li>Mismatches between VET supply and labour market demand.<\/li>\n<\/ul>\n<p><br><\/p><p>The project aims to establish a sustainable network of CoVEs, enhancing employability, reducing brain drain, fostering social inclusion, and supporting sustainable economic development across the Danube Region.<\/p>\n<\/div>\n<p><strong>Main information about the project:<\/strong><\/p>\n<p>Project acronym: SMF DANUBE COVES<br>Project title: Enhancing the development of Centres of Vocational Excellence in the Danube Region by fostering competence and skill development, business-education cooperation and transnational networking<br>Project code: DRP0401329<\/p>\n<p><strong>Partners:<\/strong><\/p>\n<p data-olk-copy-source=\"MessageBody\">South Transdanubian Regional Innovation Agency (HU)<\/p>\n<p>School Center \u0160kofja Loka (SI)<br>Regional Economic Development Agency for Sumadija and Pomoravlje (RS)<\/p>\n<p>Project budget in EUR: 62.498,80<\/p>\n<p>Funding programme: Interreg Danube Region Programme<\/p>\n<p>Project duration: 01.09.2024 \u2013 31.08.2025<\/p>\t\t\t\t\t\t\t\t<\/div>\n\t\t\t\t<\/div>\n\t\t\t\t<\/div>\n\t\t\t\t\t<\/div>\n\t\t\t\t<\/div>\n\t\t<div class=\"elementor-element elementor-element-2aaf2113 e-flex e-con-boxed e-con e-parent\" data-id=\"2aaf2113\" data-element_type=\"container\" data-e-type=\"container\">\n\t\t\t\t\t<div class=\"e-con-inner\">\n\t\t\t\t<div class=\"elementor-element elementor-element-5b40c9ba rounded-divider elementor-widget-divider--view-line elementor-widget elementor-widget-divider\" data-id=\"5b40c9ba\" data-element_type=\"widget\" data-e-type=\"widget\" data-widget_type=\"divider.default\">\n\t\t\t\t<div class=\"elementor-widget-container\">\n\t\t\t\t\t\t\t<div class=\"elementor-divider\">\n\t\t\t<span class=\"elementor-divider-separator\">\n\t\t\t\t\t\t<\/span>\n\t\t<\/div>\n\t\t\t\t\t\t<\/div>\n\t\t\t\t<\/div>\n\t\t\t\t\t<\/div>\n\t\t\t\t<\/div>\n\t\t\t\t<\/div>","protected":false},"excerpt":{"rendered":"<p>SMF Danube Coves Az SMF Danube CoVEs&nbsp;az Interreg Danube Program&nbsp;\u00e1ltal t\u00e1mogatott \u201eseed money facility\u201d projekt, amely egy nagyszab\u00e1s\u00fa strat\u00e9giai kezdem\u00e9nyez\u00e9s el\u0151k\u00e9sz\u00edt\u00e9s\u00e9t szolg\u00e1lja. C\u00e9lja a szakk\u00e9pz\u00e9si kiv\u00e1l\u00f3s\u00e1gi k\u00f6zpontok (CoVEs) fejleszt\u00e9s\u00e9nek el\u0151mozd\u00edt\u00e1sa&nbsp;a Duna-r\u00e9gi\u00f3ban. A szakk\u00e9pz\u00e9si kiv\u00e1l\u00f3s\u00e1gi k\u00f6zpontok olyan kulcsfontoss\u00e1g\u00fa int\u00e9zm\u00e9nyek, amelyek magas sz\u00ednvonal\u00fa szakk\u00e9pz\u00e9si programokat&nbsp;k\u00edn\u00e1lnak az ipar\u00e1gak \u00e9s szektorok specifikus ig\u00e9nyeire szabva, \u00edgy hozz\u00e1j\u00e1rulnak a munkaer\u0151piacon sz\u00fcks\u00e9ges [&hellip;]<\/p>\n","protected":false},"author":1,"featured_media":0,"parent":0,"menu_order":0,"comment_status":"closed","ping_status":"closed","template":"","meta":{"footnotes":""},"class_list":["post-2173","page","type-page","status-publish","hentry"],"_links":{"self":[{"href":"https:\/\/www.ddriu.hu\/en\/wp-json\/wp\/v2\/pages\/2173","targetHints":{"allow":["GET"]}}],"collection":[{"href":"https:\/\/www.ddriu.hu\/en\/wp-json\/wp\/v2\/pages"}],"about":[{"href":"https:\/\/www.ddriu.hu\/en\/wp-json\/wp\/v2\/types\/page"}],"author":[{"embeddable":true,"href":"https:\/\/www.ddriu.hu\/en\/wp-json\/wp\/v2\/users\/1"}],"replies":[{"embeddable":true,"href":"https:\/\/www.ddriu.hu\/en\/wp-json\/wp\/v2\/comments?post=2173"}],"version-history":[{"count":7,"href":"https:\/\/www.ddriu.hu\/en\/wp-json\/wp\/v2\/pages\/2173\/revisions"}],"predecessor-version":[{"id":3078,"href":"https:\/\/www.ddriu.hu\/en\/wp-json\/wp\/v2\/pages\/2173\/revisions\/3078"}],"wp:attachment":[{"href":"https:\/\/www.ddriu.hu\/en\/wp-json\/wp\/v2\/media?parent=2173"}],"curies":[{"name":"wp","href":"https:\/\/api.w.org\/{rel}","templated":true}]}}