{"id":2167,"date":"2025-06-29T10:06:47","date_gmt":"2025-06-29T10:06:47","guid":{"rendered":"https:\/\/digiman.hu\/?page_id=2167"},"modified":"2025-09-18T10:36:19","modified_gmt":"2025-09-18T10:36:19","slug":"smartauto","status":"publish","type":"page","link":"https:\/\/www.ddriu.hu\/en\/smartauto\/","title":{"rendered":"SMARTAUTO"},"content":{"rendered":"<div data-elementor-type=\"wp-page\" data-elementor-id=\"2167\" class=\"elementor elementor-2167\" data-elementor-post-type=\"page\">\n\t\t\t\t<div class=\"elementor-element elementor-element-341a5c2f e-con-full e-flex e-con e-parent\" data-id=\"341a5c2f\" data-element_type=\"container\" data-e-type=\"container\" data-settings=\"{&quot;background_background&quot;:&quot;classic&quot;}\">\n\t\t\t\t<div class=\"elementor-element elementor-element-10c13b1f elementor-widget elementor-widget-heading\" data-id=\"10c13b1f\" data-element_type=\"widget\" data-e-type=\"widget\" data-widget_type=\"heading.default\">\n\t\t\t\t<div class=\"elementor-widget-container\">\n\t\t\t\t\t<h2 class=\"elementor-heading-title elementor-size-default\">SMARTAUTO<\/h2>\t\t\t\t<\/div>\n\t\t\t\t<\/div>\n\t\t\t\t<div class=\"elementor-element elementor-element-3053084d rounded-divider elementor-widget-divider--view-line elementor-widget elementor-widget-divider\" data-id=\"3053084d\" data-element_type=\"widget\" data-e-type=\"widget\" data-widget_type=\"divider.default\">\n\t\t\t\t<div class=\"elementor-widget-container\">\n\t\t\t\t\t\t\t<div class=\"elementor-divider\">\n\t\t\t<span class=\"elementor-divider-separator\">\n\t\t\t\t\t\t<\/span>\n\t\t<\/div>\n\t\t\t\t\t\t<\/div>\n\t\t\t\t<\/div>\n\t\t\t\t<\/div>\n\t\t<div class=\"elementor-element elementor-element-6c6d8846 e-flex e-con-boxed e-con e-parent\" data-id=\"6c6d8846\" data-element_type=\"container\" data-e-type=\"container\">\n\t\t\t\t\t<div class=\"e-con-inner\">\n\t\t<div class=\"elementor-element elementor-element-3159fadd e-con-full e-flex e-con e-child\" data-id=\"3159fadd\" data-element_type=\"container\" data-e-type=\"container\">\n\t\t\t\t<div class=\"elementor-element elementor-element-5fef71e8 elementor-widget elementor-widget-image\" data-id=\"5fef71e8\" data-element_type=\"widget\" data-e-type=\"widget\" data-widget_type=\"image.default\">\n\t\t\t\t<div class=\"elementor-widget-container\">\n\t\t\t\t\t\t\t\t\t\t\t\t\t\t\t<img fetchpriority=\"high\" decoding=\"async\" width=\"800\" height=\"600\" src=\"https:\/\/www.ddriu.hu\/wp-content\/uploads\/2025\/04\/SMARTAUTO-1.png\" class=\"attachment-large size-large wp-image-1363\" alt=\"\" srcset=\"https:\/\/www.ddriu.hu\/wp-content\/uploads\/2025\/04\/SMARTAUTO-1.png 800w, https:\/\/www.ddriu.hu\/wp-content\/uploads\/2025\/04\/SMARTAUTO-1-300x225.png 300w, https:\/\/www.ddriu.hu\/wp-content\/uploads\/2025\/04\/SMARTAUTO-1-768x576.png 768w\" sizes=\"(max-width: 800px) 100vw, 800px\" \/>\t\t\t\t\t\t\t\t\t\t\t\t\t\t\t<\/div>\n\t\t\t\t<\/div>\n\t\t\t\t<div class=\"elementor-element elementor-element-d9d831d elementor-widget elementor-widget-text-editor\" data-id=\"d9d831d\" data-element_type=\"widget\" data-e-type=\"widget\" data-widget_type=\"text-editor.default\">\n\t\t\t\t<div class=\"elementor-widget-container\">\n\t\t\t\t\t\t\t\t\t<div class=\"x_elementToProof\">SMARTAUTO, an innovative interregional project that unites a diverse group of European partners, including the University of Aveiro, Otto von Guericke University Magdeburg, Local transport service Saxony-Anhalt GmbH (NASA GmbH), TTS Italia, Qartu, the City of Tuzla, Public company Business and Innovation Center BIT Center Ltd, Bucharest-Ilfov Intercommunity Development Association for Public Transport (TPBI), South Transdanubian Regional Innovation Agency, City of \u00c1gueda, and Future Mobility Campus Ireland (FMCI). The project aims to address the uneven landscape of autonomous vehicle (AV) implementation across Europe. Recognizing the transformative potential of AVs for personal mobility and logistics, SMARTAUTO seeks to bridge the gap between regions with varying levels of AV experience.<\/div><div class=\"x_elementToProof\">\u00a0<\/div><div class=\"x_elementToProof\">Recognizing the transformative potential of AVs for personal mobility and logistics, SMARTAUTO seeks to bridge the gap between regions with varying levels of AV experience. By fostering a collaborative network, the project aims to accelerate innovation, share best practices, and support all regions in maximizing the benefits and addressing the challenges of automation in the transport sector.<\/div><div class=\"x_elementToProof\">\u00a0<\/div><div class=\"x_elementToProof\">SMARTAUTO Project Partners are committed to harnessing the full potential of AVs to shape the future of personal mobility and logistics across Europe. The project gathers diverse regions across Europe, aiming to understand, shape, and maximize the benefits of AVs, while thoughtfully addressing the challenges involved in this technological transformation.<\/div><div class=\"x_elementToProof\">\u00a0<\/div><div class=\"x_elementToProof\">The core objectives of SMARTAUTO are to create a robust network connecting regions with varying levels of AV experience, accelerating innovation.<\/div><div>\u00a0<\/div><p><strong>Main data of the project:<\/strong><\/p><p>Project title: SMARTAUTO \u2013 Smart Policy Innovation for Enhanced Automation in European Transport<\/p><p>Project code: 03C0732<\/p><p><strong>Project Partners:<\/strong><\/p><ul><li>University of Aveiro \u2013 Lead Partner<\/li><li>Otto von Guericke University Magdeburg<\/li><li>TTS Italy<\/li><li>Bucharest-Ilfov Intercommunity Development Association for Public Transport (TPBI)<\/li><li>South Transdanubian Regional Innovation Agency<\/li><li>Agueda Municipality<\/li><li>City of Tuzla<\/li><li>Public company \u201cBIT Center\u201d Ltd. In Tuzla<\/li><li>Quartu Sant\u2019Elena Municipality<\/li><li>Future Mobility Campus Ireland<\/li><li>Public Transport Agency of the state of Saxony-Anhalt (Nahverkehrsservice Sachsen-Anhalt GmbH)<\/li><\/ul><p>Total project budget: EUR 2,027,339.00<\/p><p>STRIA budget: EUR 218,124.00<\/p><p>Grant programme: Interreg Europe<\/p><p>Project duration: 01.05.2025  \u2013 31.07.2029<\/p><p>B\u0151vebb inform\u00e1ci\u00f3 a projektr\u0151l itt olvashat\u00f3: \u00bb <a href=\"https:\/\/www.interregeurope.eu\/smartauto\">SMARTAUTO<\/a><\/p>\t\t\t\t\t\t\t\t<\/div>\n\t\t\t\t<\/div>\n\t\t\t\t<\/div>\n\t\t\t\t\t<\/div>\n\t\t\t\t<\/div>\n\t\t<div class=\"elementor-element elementor-element-2b6b4f51 e-flex e-con-boxed e-con e-parent\" data-id=\"2b6b4f51\" data-element_type=\"container\" data-e-type=\"container\">\n\t\t\t\t\t<div class=\"e-con-inner\">\n\t\t\t\t<div class=\"elementor-element elementor-element-1d0d81f8 rounded-divider elementor-widget-divider--view-line elementor-widget elementor-widget-divider\" data-id=\"1d0d81f8\" data-element_type=\"widget\" data-e-type=\"widget\" data-widget_type=\"divider.default\">\n\t\t\t\t<div class=\"elementor-widget-container\">\n\t\t\t\t\t\t\t<div class=\"elementor-divider\">\n\t\t\t<span class=\"elementor-divider-separator\">\n\t\t\t\t\t\t<\/span>\n\t\t<\/div>\n\t\t\t\t\t\t<\/div>\n\t\t\t\t<\/div>\n\t\t\t\t\t<\/div>\n\t\t\t\t<\/div>\n\t\t\t\t<\/div>","protected":false},"excerpt":{"rendered":"<p>SMARTAUTO A SMARTAUTO egy innovat\u00edv interregion\u00e1lis projekt, amely eur\u00f3pai partnerek soksz\u00edn\u0171 csoportj\u00e1t egyes\u00edti, k\u00f6zt\u00fck az Aveiroi Egyetemet, a Magdeburgi Otto von Guericke Egyetemet, a Sz\u00e1sz-Anhalt GmbH-t (NASA GmbH), a TTS Italia-t, a Qartu-t, Tuzla v\u00e1ros\u00e1t, a Business and Innovation Center BIT Center Kft-t, a Bukarest-Ilfov K\u00f6z\u00f6ss\u00e9gk\u00f6zi K\u00f6zleked\u00e9sfejleszt\u00e9si Egyes\u00fcletet (TPBI), a D\u00e9l-Dun\u00e1nt\u00fali Region\u00e1lis Innov\u00e1ci\u00f3s \u00dcgyn\u00f6ks\u00e9get, \u00c1gueda [&hellip;]<\/p>\n","protected":false},"author":1,"featured_media":0,"parent":0,"menu_order":0,"comment_status":"closed","ping_status":"closed","template":"","meta":{"footnotes":""},"class_list":["post-2167","page","type-page","status-publish","hentry"],"_links":{"self":[{"href":"https:\/\/www.ddriu.hu\/en\/wp-json\/wp\/v2\/pages\/2167","targetHints":{"allow":["GET"]}}],"collection":[{"href":"https:\/\/www.ddriu.hu\/en\/wp-json\/wp\/v2\/pages"}],"about":[{"href":"https:\/\/www.ddriu.hu\/en\/wp-json\/wp\/v2\/types\/page"}],"author":[{"embeddable":true,"href":"https:\/\/www.ddriu.hu\/en\/wp-json\/wp\/v2\/users\/1"}],"replies":[{"embeddable":true,"href":"https:\/\/www.ddriu.hu\/en\/wp-json\/wp\/v2\/comments?post=2167"}],"version-history":[{"count":28,"href":"https:\/\/www.ddriu.hu\/en\/wp-json\/wp\/v2\/pages\/2167\/revisions"}],"predecessor-version":[{"id":4356,"href":"https:\/\/www.ddriu.hu\/en\/wp-json\/wp\/v2\/pages\/2167\/revisions\/4356"}],"wp:attachment":[{"href":"https:\/\/www.ddriu.hu\/en\/wp-json\/wp\/v2\/media?parent=2167"}],"curies":[{"name":"wp","href":"https:\/\/api.w.org\/{rel}","templated":true}]}}