{"id":2161,"date":"2025-06-29T10:05:12","date_gmt":"2025-06-29T10:05:12","guid":{"rendered":"https:\/\/digiman.hu\/?page_id=2161"},"modified":"2025-07-01T13:40:05","modified_gmt":"2025-07-01T13:40:05","slug":"prospero-project","status":"publish","type":"page","link":"https:\/\/www.ddriu.hu\/en\/prospero-project\/","title":{"rendered":"PROSPERO"},"content":{"rendered":"<div data-elementor-type=\"wp-page\" data-elementor-id=\"2161\" class=\"elementor elementor-2161\" data-elementor-post-type=\"page\">\n\t\t\t\t<div class=\"elementor-element elementor-element-2132615e e-con-full e-flex e-con e-parent\" data-id=\"2132615e\" data-element_type=\"container\" data-e-type=\"container\" data-settings=\"{&quot;background_background&quot;:&quot;classic&quot;}\">\n\t\t\t\t<div class=\"elementor-element elementor-element-65847852 elementor-widget elementor-widget-heading\" data-id=\"65847852\" data-element_type=\"widget\" data-e-type=\"widget\" data-widget_type=\"heading.default\">\n\t\t\t\t<div class=\"elementor-widget-container\">\n\t\t\t\t\t<h2 class=\"elementor-heading-title elementor-size-default\">PROSPERO<\/h2>\t\t\t\t<\/div>\n\t\t\t\t<\/div>\n\t\t\t\t<div class=\"elementor-element elementor-element-60224a67 rounded-divider elementor-widget-divider--view-line elementor-widget elementor-widget-divider\" data-id=\"60224a67\" data-element_type=\"widget\" data-e-type=\"widget\" data-widget_type=\"divider.default\">\n\t\t\t\t<div class=\"elementor-widget-container\">\n\t\t\t\t\t\t\t<div class=\"elementor-divider\">\n\t\t\t<span class=\"elementor-divider-separator\">\n\t\t\t\t\t\t<\/span>\n\t\t<\/div>\n\t\t\t\t\t\t<\/div>\n\t\t\t\t<\/div>\n\t\t\t\t<\/div>\n\t\t<div class=\"elementor-element elementor-element-1a2d8f78 e-flex e-con-boxed e-con e-parent\" data-id=\"1a2d8f78\" data-element_type=\"container\" data-e-type=\"container\">\n\t\t\t\t\t<div class=\"e-con-inner\">\n\t\t<div class=\"elementor-element elementor-element-4166529b e-con-full e-flex e-con e-child\" data-id=\"4166529b\" data-element_type=\"container\" data-e-type=\"container\">\n\t\t\t\t<div class=\"elementor-element elementor-element-274b3a1f elementor-widget elementor-widget-image\" data-id=\"274b3a1f\" data-element_type=\"widget\" data-e-type=\"widget\" data-widget_type=\"image.default\">\n\t\t\t\t<div class=\"elementor-widget-container\">\n\t\t\t\t\t\t\t\t\t\t\t\t\t\t\t<img fetchpriority=\"high\" decoding=\"async\" width=\"800\" height=\"600\" src=\"https:\/\/www.ddriu.hu\/wp-content\/uploads\/2025\/04\/prospero.png\" class=\"attachment-large size-large wp-image-1391\" alt=\"\" srcset=\"https:\/\/www.ddriu.hu\/wp-content\/uploads\/2025\/04\/prospero.png 800w, https:\/\/www.ddriu.hu\/wp-content\/uploads\/2025\/04\/prospero-300x225.png 300w, https:\/\/www.ddriu.hu\/wp-content\/uploads\/2025\/04\/prospero-768x576.png 768w\" sizes=\"(max-width: 800px) 100vw, 800px\" \/>\t\t\t\t\t\t\t\t\t\t\t\t\t\t\t<\/div>\n\t\t\t\t<\/div>\n\t\t\t\t<div class=\"elementor-element elementor-element-3d01516 elementor-widget elementor-widget-text-editor\" data-id=\"3d01516\" data-element_type=\"widget\" data-e-type=\"widget\" data-widget_type=\"text-editor.default\">\n\t\t\t\t<div class=\"elementor-widget-container\">\n\t\t\t\t\t\t\t\t\t<p>Creative and Cultural Industries (CCIs) stand at the crossroads of economic growth and social evolution, playing a pivotal role in fostering pluralism, social cohesion and community empowerment.<\/p><p>PROSPERO supports a wide partnership of public authorities in ensuring that CCIs helps to make our regions:<\/p><ul><li>Inclusive and socially resilient: ensuring that CCIs help to combat exclusion and vulnerability and drive talent and new jobs.<\/li><li>Sustainable: making CCI more sustainable, using CCI for green growth and applying the NEB vision locally.<\/li><li>Smarter: supporting positive change in how digitalisation affects access to cultural products and services and how CCIs interact with changing technologies.<\/li><\/ul><p>\u00a0<\/p><p>PROSPERO has the overall aim to put CCIs at the centre of sustainable and dynamic regional development, thus boosting socio-economic and environmental well-being.<\/p><p><strong>\u00a0<\/strong><\/p><p><strong>Main data of the project:<\/strong><\/p><p><strong>Project Name<\/strong>: Culture and Creativity driving prosperous development<\/p><p><strong>Project Code:<\/strong>\u00a003C0983<\/p><p><strong>Partners:<\/strong><\/p><ul><li>Mentana City Council (LP)<\/li><li>Regional Council of P\u00e4ij\u00e4t-H\u00e4me<\/li><li>Regional Development Agency South-West Oltenia<\/li><li>South Transdanubian Regional Innovation Agency<\/li><li>Sarajevo Canton \u2013 Ministry of Culture and Sport<\/li><li>Sarajevo Economic Region Development Agency SERDA<\/li><li>Middlefart Municipality<\/li><li>Cork County Council<\/li><\/ul><p><strong>\u00a0<\/strong><\/p><p><strong>Advisory partner:<\/strong><\/p><p>European Regions Research and Innovation Network<\/p><p><strong>Project Budget:<\/strong>\u00a0EUR 1,766,451<\/p><p><strong>Funding:<\/strong>\u00a0Interreg Europe Programme<\/p><p><strong>Project Duration:<\/strong>\u00a001.05.2025 \u2013 31.07.2029<\/p><p><strong>WEBPAGE<\/strong>: https:\/\/www.interregeurope.eu\/prospero<\/p>\t\t\t\t\t\t\t\t<\/div>\n\t\t\t\t<\/div>\n\t\t\t\t<\/div>\n\t\t\t\t\t<\/div>\n\t\t\t\t<\/div>\n\t\t<div class=\"elementor-element elementor-element-4de0a6f9 e-flex e-con-boxed e-con e-parent\" data-id=\"4de0a6f9\" data-element_type=\"container\" data-e-type=\"container\">\n\t\t\t\t\t<div class=\"e-con-inner\">\n\t\t\t\t<div class=\"elementor-element elementor-element-13d4d934 rounded-divider elementor-widget-divider--view-line elementor-widget elementor-widget-divider\" data-id=\"13d4d934\" data-element_type=\"widget\" data-e-type=\"widget\" data-widget_type=\"divider.default\">\n\t\t\t\t<div class=\"elementor-widget-container\">\n\t\t\t\t\t\t\t<div class=\"elementor-divider\">\n\t\t\t<span class=\"elementor-divider-separator\">\n\t\t\t\t\t\t<\/span>\n\t\t<\/div>\n\t\t\t\t\t\t<\/div>\n\t\t\t\t<\/div>\n\t\t\t\t\t<\/div>\n\t\t\t\t<\/div>\n\t\t\t\t<\/div>","protected":false},"excerpt":{"rendered":"<p>PROSPERO A kreat\u00edv \u00e9s kultur\u00e1lis ipar\u00e1gak (KKI) a gazdas\u00e1gi n\u00f6veked\u00e9s \u00e9s a t\u00e1rsadalmi fejl\u0151d\u00e9s keresztez\u0151d\u00e9s\u00e9ben \u00e1llnak, \u00e9s kulcsszerepet j\u00e1tszanak a pluralizmus, a t\u00e1rsadalmi koh\u00e9zi\u00f3 \u00e9s a k\u00f6z\u00f6ss\u00e9gek meger\u0151s\u00f6d\u00e9s\u00e9nek el\u0151mozd\u00edt\u00e1s\u00e1ban. A PROSPERO t\u00e1mogatja a hat\u00f3s\u00e1gok sz\u00e9les k\u00f6r\u0171 partners\u00e9g\u00e9t annak biztos\u00edt\u00e1s\u00e1ban, hogy a KKI-k seg\u00edts\u00e9k r\u00e9gi\u00f3inkat: Befogad\u00f3 \u00e9s szoci\u00e1lisan rugalmas: biztos\u00edtva, hogy a KKI-k seg\u00edtsenek a kirekeszt\u00e9s [&hellip;]<\/p>\n","protected":false},"author":1,"featured_media":0,"parent":0,"menu_order":0,"comment_status":"closed","ping_status":"closed","template":"","meta":{"footnotes":""},"class_list":["post-2161","page","type-page","status-publish","hentry"],"_links":{"self":[{"href":"https:\/\/www.ddriu.hu\/en\/wp-json\/wp\/v2\/pages\/2161","targetHints":{"allow":["GET"]}}],"collection":[{"href":"https:\/\/www.ddriu.hu\/en\/wp-json\/wp\/v2\/pages"}],"about":[{"href":"https:\/\/www.ddriu.hu\/en\/wp-json\/wp\/v2\/types\/page"}],"author":[{"embeddable":true,"href":"https:\/\/www.ddriu.hu\/en\/wp-json\/wp\/v2\/users\/1"}],"replies":[{"embeddable":true,"href":"https:\/\/www.ddriu.hu\/en\/wp-json\/wp\/v2\/comments?post=2161"}],"version-history":[{"count":7,"href":"https:\/\/www.ddriu.hu\/en\/wp-json\/wp\/v2\/pages\/2161\/revisions"}],"predecessor-version":[{"id":3072,"href":"https:\/\/www.ddriu.hu\/en\/wp-json\/wp\/v2\/pages\/2161\/revisions\/3072"}],"wp:attachment":[{"href":"https:\/\/www.ddriu.hu\/en\/wp-json\/wp\/v2\/media?parent=2161"}],"curies":[{"name":"wp","href":"https:\/\/api.w.org\/{rel}","templated":true}]}}