{"id":2155,"date":"2025-06-29T10:03:33","date_gmt":"2025-06-29T10:03:33","guid":{"rendered":"https:\/\/digiman.hu\/?page_id=2155"},"modified":"2025-06-29T10:04:40","modified_gmt":"2025-06-29T10:04:40","slug":"resonance","status":"publish","type":"page","link":"https:\/\/www.ddriu.hu\/en\/resonance\/","title":{"rendered":"RESONANCE"},"content":{"rendered":"<div data-elementor-type=\"wp-page\" data-elementor-id=\"2155\" class=\"elementor elementor-2155\" data-elementor-post-type=\"page\">\n\t\t\t\t<div class=\"elementor-element elementor-element-54413052 e-con-full e-flex e-con e-parent\" data-id=\"54413052\" data-element_type=\"container\" data-e-type=\"container\" data-settings=\"{&quot;background_background&quot;:&quot;classic&quot;}\">\n\t\t\t\t<div class=\"elementor-element elementor-element-10703e2e elementor-widget elementor-widget-heading\" data-id=\"10703e2e\" data-element_type=\"widget\" data-e-type=\"widget\" data-widget_type=\"heading.default\">\n\t\t\t\t<div class=\"elementor-widget-container\">\n\t\t\t\t\t<h2 class=\"elementor-heading-title elementor-size-default\">RESONANCE<\/h2>\t\t\t\t<\/div>\n\t\t\t\t<\/div>\n\t\t\t\t<div class=\"elementor-element elementor-element-606d6089 rounded-divider elementor-widget-divider--view-line elementor-widget elementor-widget-divider\" data-id=\"606d6089\" data-element_type=\"widget\" data-e-type=\"widget\" data-widget_type=\"divider.default\">\n\t\t\t\t<div class=\"elementor-widget-container\">\n\t\t\t\t\t\t\t<div class=\"elementor-divider\">\n\t\t\t<span class=\"elementor-divider-separator\">\n\t\t\t\t\t\t<\/span>\n\t\t<\/div>\n\t\t\t\t\t\t<\/div>\n\t\t\t\t<\/div>\n\t\t\t\t<\/div>\n\t\t<div class=\"elementor-element elementor-element-6b23a27f e-flex e-con-boxed e-con e-parent\" data-id=\"6b23a27f\" data-element_type=\"container\" data-e-type=\"container\">\n\t\t\t\t\t<div class=\"e-con-inner\">\n\t\t<div class=\"elementor-element elementor-element-1e599b22 e-con-full e-flex e-con e-child\" data-id=\"1e599b22\" data-element_type=\"container\" data-e-type=\"container\">\n\t\t\t\t<div class=\"elementor-element elementor-element-6ab8ea41 elementor-widget elementor-widget-image\" data-id=\"6ab8ea41\" data-element_type=\"widget\" data-e-type=\"widget\" data-widget_type=\"image.default\">\n\t\t\t\t<div class=\"elementor-widget-container\">\n\t\t\t\t\t\t\t\t\t\t\t\t\t\t\t<img fetchpriority=\"high\" decoding=\"async\" width=\"800\" height=\"600\" src=\"https:\/\/www.ddriu.hu\/wp-content\/uploads\/2025\/04\/resonance1.jpg\" class=\"attachment-large size-large wp-image-1392\" alt=\"\" srcset=\"https:\/\/www.ddriu.hu\/wp-content\/uploads\/2025\/04\/resonance1.jpg 800w, https:\/\/www.ddriu.hu\/wp-content\/uploads\/2025\/04\/resonance1-300x225.jpg 300w, https:\/\/www.ddriu.hu\/wp-content\/uploads\/2025\/04\/resonance1-768x576.jpg 768w\" sizes=\"(max-width: 800px) 100vw, 800px\" \/>\t\t\t\t\t\t\t\t\t\t\t\t\t\t\t<\/div>\n\t\t\t\t<\/div>\n\t\t\t\t<div class=\"elementor-element elementor-element-1f547008 elementor-widget elementor-widget-text-editor\" data-id=\"1f547008\" data-element_type=\"widget\" data-e-type=\"widget\" data-widget_type=\"text-editor.default\">\n\t\t\t\t<div class=\"elementor-widget-container\">\n\t\t\t\t\t\t\t\t\t<p>The energy efficiency of adaptive street lighting is widely recognized, but its potential to enhance traffic efficiency, reduce environmental pollution and expand the electric vehicle charging network is less acknowledged. Retrofitting existing city lampposts with a diverse range of sensors (e.g. dimmable LED bulbs, air quality and noise sensors, EV\/e-bike chargers, traffic counters) transforms them into smart lighting poles, revolutionizing European urban spaces. When integrated in an overarching IoT network, these sensors enable dynamic brightness adjustments based on real-time weather and traffic data, leading to substantial energy savings. They also facilitate cost-efficient, large-scale real-time traffic and environmental monitoring, enabling data-driven policies and control measures (e.g. dynamic access pricing, parking enforcement); enhance traffic flow management, reduce noise and pollution (e.g. via info on traffic disruption and re-routing strategies); and expand the electric charging network (charging points at lampposts) for private and shared mobility (e-bikes, e-buses, and e-vans).<\/p>\n<p>RESONANCE promotes green and energy-efficient communities by harnessing the benefits of adaptive street lighting systems, using traffic and air quality\/noise sensors to improve environmental and traffic monitoring and management, retrofitting electric vehicle charging points to lampposts. These innovations will reduce energy consumption, maintenance costs and emissions while improving the accessibility, safety and liveability of European urban and peri-urban areas.<\/p>\n<p>RESONANCE brings together a consortium of partners from different regions (representing public institutions and sectoral agencies from Hungary, Ireland, Italy, Latvia, Portugal, Romania and Ukraine) who share knowledge and best practices in building energy-efficient communities through smart lighting technology, and improve professional capacity to design policies contributing to sustainability and climate goals.<\/p>\n<p><\/p>\n<p><strong>Main data of the project:<\/strong><\/p>\n<p>Project title: smaRt polEs aS driver Of greeN And eNergy effiCient communitiEs<\/p>\n<p>Project code: 03C0847<\/p>\n<p><\/p>\n<p><strong>Partners:<\/strong><\/p>\n<ul>\n<li>Coimbra Region Intermunicipal Community<\/li>\n<li>University of Aveiro<\/li>\n<li>Langh Monferrato and Roero Development Agency<\/li>\n<li>South East Energy Agency (SEEA)<\/li>\n<li>Alba Iulia Municipality<\/li>\n<li>South Transdanubian Regional Innovation Agency<\/li>\n<li>Executive committee of the Kamianets-Podilskiy City Council<\/li>\n<li>Vidzeme Planning Region<\/li>\n<li>Municipality of Beinasco<\/li>\n<\/ul>\n<p><strong><br><\/strong><\/p><p><strong>Project Budget:<\/strong>: EUR 1,892,192.00<\/p>\n<p><strong>Funding Program<\/strong>: Interreg Europe Programme<\/p>\n<p><strong>Project Duration:<\/strong>&nbsp;01.05.2025 \u2013 31.07.2029<\/p>\t\t\t\t\t\t\t\t<\/div>\n\t\t\t\t<\/div>\n\t\t\t\t<\/div>\n\t\t\t\t\t<\/div>\n\t\t\t\t<\/div>\n\t\t<div class=\"elementor-element elementor-element-469f8b56 e-flex e-con-boxed e-con e-parent\" data-id=\"469f8b56\" data-element_type=\"container\" data-e-type=\"container\">\n\t\t\t\t\t<div class=\"e-con-inner\">\n\t\t\t\t<div class=\"elementor-element elementor-element-58e776ff rounded-divider elementor-widget-divider--view-line elementor-widget elementor-widget-divider\" data-id=\"58e776ff\" data-element_type=\"widget\" data-e-type=\"widget\" data-widget_type=\"divider.default\">\n\t\t\t\t<div class=\"elementor-widget-container\">\n\t\t\t\t\t\t\t<div class=\"elementor-divider\">\n\t\t\t<span class=\"elementor-divider-separator\">\n\t\t\t\t\t\t<\/span>\n\t\t<\/div>\n\t\t\t\t\t\t<\/div>\n\t\t\t\t<\/div>\n\t\t\t\t\t<\/div>\n\t\t\t\t<\/div>\n\t\t\t\t<\/div>","protected":false},"excerpt":{"rendered":"<p>RESONANCE Az adapt\u00edv k\u00f6zvil\u00e1g\u00edt\u00e1s energiahat\u00e9konys\u00e1ga sz\u00e9les k\u00f6rben elismert, de a forgalom hat\u00e9konys\u00e1g\u00e1nak n\u00f6vel\u00e9s\u00e9ben, a k\u00f6rnyezetszennyez\u00e9s cs\u00f6kkent\u00e9s\u00e9ben \u00e9s az elektromos j\u00e1rm\u0171vek t\u00f6lt\u0151h\u00e1l\u00f3zat\u00e1nak b\u0151v\u00edt\u00e9s\u00e9ben rejl\u0151 lehet\u0151s\u00e9geket kev\u00e9sb\u00e9 ismerik el. A megl\u00e9v\u0151 v\u00e1rosi l\u00e1mpaoszlopok ut\u00f3lagos felszerel\u00e9se \u00e9rz\u00e9kel\u0151k sz\u00e9les v\u00e1laszt\u00e9k\u00e1val (pl. szab\u00e1lyozhat\u00f3 LED-izz\u00f3kkal, leveg\u0151min\u0151s\u00e9g- \u00e9s zaj\u00e9rz\u00e9kel\u0151kkel, elektromos\/e-bike-t\u00f6lt\u0151kkel, forgalomsz\u00e1ml\u00e1l\u00f3kkal) intelligens vil\u00e1g\u00edt\u00f3oszlopokk\u00e1 alak\u00edtja \u0151ket, forradalmas\u00edtva az eur\u00f3pai v\u00e1rosi tereket. Egy \u00e1tfog\u00f3 [&hellip;]<\/p>\n","protected":false},"author":1,"featured_media":0,"parent":0,"menu_order":0,"comment_status":"closed","ping_status":"closed","template":"","meta":{"footnotes":""},"class_list":["post-2155","page","type-page","status-publish","hentry"],"_links":{"self":[{"href":"https:\/\/www.ddriu.hu\/en\/wp-json\/wp\/v2\/pages\/2155","targetHints":{"allow":["GET"]}}],"collection":[{"href":"https:\/\/www.ddriu.hu\/en\/wp-json\/wp\/v2\/pages"}],"about":[{"href":"https:\/\/www.ddriu.hu\/en\/wp-json\/wp\/v2\/types\/page"}],"author":[{"embeddable":true,"href":"https:\/\/www.ddriu.hu\/en\/wp-json\/wp\/v2\/users\/1"}],"replies":[{"embeddable":true,"href":"https:\/\/www.ddriu.hu\/en\/wp-json\/wp\/v2\/comments?post=2155"}],"version-history":[{"count":4,"href":"https:\/\/www.ddriu.hu\/en\/wp-json\/wp\/v2\/pages\/2155\/revisions"}],"predecessor-version":[{"id":2160,"href":"https:\/\/www.ddriu.hu\/en\/wp-json\/wp\/v2\/pages\/2155\/revisions\/2160"}],"wp:attachment":[{"href":"https:\/\/www.ddriu.hu\/en\/wp-json\/wp\/v2\/media?parent=2155"}],"curies":[{"name":"wp","href":"https:\/\/api.w.org\/{rel}","templated":true}]}}