{"id":2149,"date":"2025-06-29T10:01:41","date_gmt":"2025-06-29T10:01:41","guid":{"rendered":"https:\/\/digiman.hu\/?page_id=2149"},"modified":"2025-06-29T10:02:53","modified_gmt":"2025-06-29T10:02:53","slug":"dinamic-danube","status":"publish","type":"page","link":"https:\/\/www.ddriu.hu\/en\/dinamic-danube\/","title":{"rendered":"DINAMIC DANUBE"},"content":{"rendered":"<div data-elementor-type=\"wp-page\" data-elementor-id=\"2149\" class=\"elementor elementor-2149\" data-elementor-post-type=\"page\">\n\t\t\t\t<div class=\"elementor-element elementor-element-4ca7cce3 e-con-full e-flex e-con e-parent\" data-id=\"4ca7cce3\" data-element_type=\"container\" data-e-type=\"container\" data-settings=\"{&quot;background_background&quot;:&quot;classic&quot;}\">\n\t\t\t\t<div class=\"elementor-element elementor-element-3e243e16 elementor-widget elementor-widget-heading\" data-id=\"3e243e16\" data-element_type=\"widget\" data-e-type=\"widget\" data-widget_type=\"heading.default\">\n\t\t\t\t<div class=\"elementor-widget-container\">\n\t\t\t\t\t<h2 class=\"elementor-heading-title elementor-size-default\">DINAMIC DANUBE<\/h2>\t\t\t\t<\/div>\n\t\t\t\t<\/div>\n\t\t\t\t<div class=\"elementor-element elementor-element-4a5545af rounded-divider elementor-widget-divider--view-line elementor-widget elementor-widget-divider\" data-id=\"4a5545af\" data-element_type=\"widget\" data-e-type=\"widget\" data-widget_type=\"divider.default\">\n\t\t\t\t<div class=\"elementor-widget-container\">\n\t\t\t\t\t\t\t<div class=\"elementor-divider\">\n\t\t\t<span class=\"elementor-divider-separator\">\n\t\t\t\t\t\t<\/span>\n\t\t<\/div>\n\t\t\t\t\t\t<\/div>\n\t\t\t\t<\/div>\n\t\t\t\t<\/div>\n\t\t<div class=\"elementor-element elementor-element-64f1747 e-flex e-con-boxed e-con e-parent\" data-id=\"64f1747\" data-element_type=\"container\" data-e-type=\"container\">\n\t\t\t\t\t<div class=\"e-con-inner\">\n\t\t<div class=\"elementor-element elementor-element-4df2ad5c e-con-full e-flex e-con e-child\" data-id=\"4df2ad5c\" data-element_type=\"container\" data-e-type=\"container\">\n\t\t\t\t<div class=\"elementor-element elementor-element-54b605fc elementor-widget elementor-widget-image\" data-id=\"54b605fc\" data-element_type=\"widget\" data-e-type=\"widget\" data-widget_type=\"image.default\">\n\t\t\t\t<div class=\"elementor-widget-container\">\n\t\t\t\t\t\t\t\t\t\t\t\t\t\t\t<img fetchpriority=\"high\" decoding=\"async\" width=\"800\" height=\"600\" src=\"https:\/\/www.ddriu.hu\/wp-content\/uploads\/2025\/06\/Dinamic.png\" class=\"attachment-large size-large wp-image-1397\" alt=\"\" srcset=\"https:\/\/www.ddriu.hu\/wp-content\/uploads\/2025\/06\/Dinamic.png 800w, https:\/\/www.ddriu.hu\/wp-content\/uploads\/2025\/06\/Dinamic-300x225.png 300w, https:\/\/www.ddriu.hu\/wp-content\/uploads\/2025\/06\/Dinamic-768x576.png 768w\" sizes=\"(max-width: 800px) 100vw, 800px\" \/>\t\t\t\t\t\t\t\t\t\t\t\t\t\t\t<\/div>\n\t\t\t\t<\/div>\n\t\t\t\t<div class=\"elementor-element elementor-element-9118ec9 elementor-widget elementor-widget-text-editor\" data-id=\"9118ec9\" data-element_type=\"widget\" data-e-type=\"widget\" data-widget_type=\"text-editor.default\">\n\t\t\t\t<div class=\"elementor-widget-container\">\n\t\t\t\t\t\t\t\t\t<p>The DINAMIC DANUBE project represents a strategic partnership of 13 organizations, combining academic expertise and business support capabilities to jointly address the complex socio-economic challenges facing rural areas in the Danube Region. The primary focus is on mitigating the depopulation trend that threatens the region\u2019s economic backbone \u2013 small family farms, which are the main target group of this proposal- by strenghtening their capacities through lifelong learning, mentorship and technology introduction. The contemporary challenges confronting small family farms, particularly in the Southeast Danube Region, underscore the pressing need for targeted interventions to strenghten their sustainability, competitiveness, and resilience. Key obstacles such as skilled workforce migration, an aging population, lack of modern technological adoption, and weak business support ecosystems pose significant barriers that DINAMIC DANUBE aims to overcome.<\/p><p><strong>Main data of the project:<\/strong><\/p><p>Project title: Developing INnovative Alliances for Management, Innovation, and Collaboration in European BioEconomy<\/p><p>Project code: DRP0300867<\/p><p><strong>Partners:<\/strong><\/p><ul><li>RIT Croatia (LP)<\/li><li>ICEBERG PLUS<\/li><li>WECREATE<\/li><li>Regional economic development agency for \u0160umadija and Pomoravlje<\/li><li>City Development Agency East Sarajevo<\/li><li>Sarajevo Economic Region Development Agency<\/li><li>Regional Development Agency for Bjelasica, Komovi and Prokletije<\/li><li>Optimization Ltd.<\/li><li>School of Advanced Social Studies in Nova Gorica<\/li><li>Rudolfovo \u2013 Science and Technology Centre Novo mesto<\/li><li>Municipality of Beltinci<\/li><li>Steinbeis 2i GmbH<\/li><li>South Transdanubian Regional Innovation Agency<\/li><li>Carinthia University of Applied Sciences \u2013 non-profit limited liability company<\/li><li>State Institution of Higher Education \u201eDonetsk National Technical University\u201d<\/li><li>Brno University of Technology<\/li><li>NGO OIKUMENA<\/li><\/ul><p><strong>\u00a0<\/strong><\/p><p><strong>Associated partners:<\/strong><\/p><ul><li>Srpska asocijacija regionalnih razvojnih agencija Mre\u017ea za ruralni razvoj Srbije<\/li><li>Univerzitet u Isto\u010dnom Sarajevu, Poljoprivredni fakultet Isto\u010dno Sarajevo<\/li><li>KDMF\u00dc K\u00f6z\u00e9p-Duna Menti Fejleszt\u00e9si \u00dcgyn\u00f6ks\u00e9g Nonprofit Korl\u00e1tolt Felel\u0151ss\u00e9g\u0171 T\u00e1rsas\u00e1g<\/li><li>National Agency for Land Improvement<\/li><\/ul><p><strong>\u00a0<\/strong><\/p><p><strong>Project Budget:<\/strong>: EUR 2.401.099,99<\/p><p><strong>Funding:<\/strong>\u00a0Interreg Danube Transnational Programme<\/p><p><strong>Project Duration<\/strong>: 01.04.2025 \u2013 31.03.2028<\/p>\t\t\t\t\t\t\t\t<\/div>\n\t\t\t\t<\/div>\n\t\t\t\t<\/div>\n\t\t\t\t\t<\/div>\n\t\t\t\t<\/div>\n\t\t<div class=\"elementor-element elementor-element-47dc53d1 e-flex e-con-boxed e-con e-parent\" data-id=\"47dc53d1\" data-element_type=\"container\" data-e-type=\"container\">\n\t\t\t\t\t<div class=\"e-con-inner\">\n\t\t\t\t<div class=\"elementor-element elementor-element-3ca61dee rounded-divider elementor-widget-divider--view-line elementor-widget elementor-widget-divider\" data-id=\"3ca61dee\" data-element_type=\"widget\" data-e-type=\"widget\" data-widget_type=\"divider.default\">\n\t\t\t\t<div class=\"elementor-widget-container\">\n\t\t\t\t\t\t\t<div class=\"elementor-divider\">\n\t\t\t<span class=\"elementor-divider-separator\">\n\t\t\t\t\t\t<\/span>\n\t\t<\/div>\n\t\t\t\t\t\t<\/div>\n\t\t\t\t<\/div>\n\t\t\t\t\t<\/div>\n\t\t\t\t<\/div>\n\t\t\t\t<\/div>","protected":false},"excerpt":{"rendered":"<p>DINAMIC DANUBE A DINAMIC DANUBE projekt 13 szervezet strat\u00e9giai partners\u00e9g\u00e9t jelenti, amely a tudom\u00e1nyos szak\u00e9rtelmet \u00e9s az \u00fczleti t\u00e1mogat\u00e1si k\u00e9pess\u00e9geket egyes\u00edti, hogy k\u00f6z\u00f6sen kezelj\u00e9k a Duna r\u00e9gi\u00f3 vid\u00e9ki t\u00e9rs\u00e9geinek \u00f6sszetett t\u00e1rsadalmi-gazdas\u00e1gi kih\u00edv\u00e1sait. A f\u0151 hangs\u00faly a r\u00e9gi\u00f3 gazdas\u00e1gi gerinc\u00e9t \u2013 a kis csal\u00e1di gazdas\u00e1gokat, amelyek e javaslat f\u0151 c\u00e9lcsoportj\u00e1t k\u00e9pezik \u2013 fenyeget\u0151 eln\u00e9ptelened\u00e9si tendencia m\u00e9rs\u00e9kl\u00e9s\u00e9re [&hellip;]<\/p>\n","protected":false},"author":1,"featured_media":0,"parent":0,"menu_order":0,"comment_status":"closed","ping_status":"closed","template":"","meta":{"footnotes":""},"class_list":["post-2149","page","type-page","status-publish","hentry"],"_links":{"self":[{"href":"https:\/\/www.ddriu.hu\/en\/wp-json\/wp\/v2\/pages\/2149","targetHints":{"allow":["GET"]}}],"collection":[{"href":"https:\/\/www.ddriu.hu\/en\/wp-json\/wp\/v2\/pages"}],"about":[{"href":"https:\/\/www.ddriu.hu\/en\/wp-json\/wp\/v2\/types\/page"}],"author":[{"embeddable":true,"href":"https:\/\/www.ddriu.hu\/en\/wp-json\/wp\/v2\/users\/1"}],"replies":[{"embeddable":true,"href":"https:\/\/www.ddriu.hu\/en\/wp-json\/wp\/v2\/comments?post=2149"}],"version-history":[{"count":5,"href":"https:\/\/www.ddriu.hu\/en\/wp-json\/wp\/v2\/pages\/2149\/revisions"}],"predecessor-version":[{"id":5304,"href":"https:\/\/www.ddriu.hu\/en\/wp-json\/wp\/v2\/pages\/2149\/revisions\/5304"}],"wp:attachment":[{"href":"https:\/\/www.ddriu.hu\/en\/wp-json\/wp\/v2\/media?parent=2149"}],"curies":[{"name":"wp","href":"https:\/\/api.w.org\/{rel}","templated":true}]}}