{"id":2142,"date":"2025-06-25T22:20:55","date_gmt":"2025-06-25T22:20:55","guid":{"rendered":"https:\/\/digiman.hu\/?page_id=2142"},"modified":"2025-07-01T13:14:10","modified_gmt":"2025-07-01T13:14:10","slug":"smile-incubator","status":"publish","type":"page","link":"https:\/\/www.ddriu.hu\/en\/smile-incubator\/","title":{"rendered":"SMILE Incubator"},"content":{"rendered":"<div data-elementor-type=\"wp-page\" data-elementor-id=\"2142\" class=\"elementor elementor-2142\" data-elementor-post-type=\"page\">\n\t\t\t\t<div class=\"elementor-element elementor-element-5e1295c0 e-con-full e-flex e-con e-parent\" data-id=\"5e1295c0\" data-element_type=\"container\" data-e-type=\"container\" data-settings=\"{&quot;background_background&quot;:&quot;classic&quot;}\">\n\t\t\t\t<div class=\"elementor-element elementor-element-309c147d elementor-widget elementor-widget-heading\" data-id=\"309c147d\" data-element_type=\"widget\" data-e-type=\"widget\" data-widget_type=\"heading.default\">\n\t\t\t\t<div class=\"elementor-widget-container\">\n\t\t\t\t\t<h2 class=\"elementor-heading-title elementor-size-default\">SMILE Incubator<\/h2>\t\t\t\t<\/div>\n\t\t\t\t<\/div>\n\t\t\t\t<div class=\"elementor-element elementor-element-53e6f1be rounded-divider elementor-widget-divider--view-line elementor-widget elementor-widget-divider\" data-id=\"53e6f1be\" data-element_type=\"widget\" data-e-type=\"widget\" data-widget_type=\"divider.default\">\n\t\t\t\t<div class=\"elementor-widget-container\">\n\t\t\t\t\t\t\t<div class=\"elementor-divider\">\n\t\t\t<span class=\"elementor-divider-separator\">\n\t\t\t\t\t\t<\/span>\n\t\t<\/div>\n\t\t\t\t\t\t<\/div>\n\t\t\t\t<\/div>\n\t\t\t\t<\/div>\n\t\t<div class=\"elementor-element elementor-element-7e0a6e61 e-flex e-con-boxed e-con e-parent\" data-id=\"7e0a6e61\" data-element_type=\"container\" data-e-type=\"container\">\n\t\t\t\t\t<div class=\"e-con-inner\">\n\t\t<div class=\"elementor-element elementor-element-620cc112 e-con-full e-flex e-con e-child\" data-id=\"620cc112\" data-element_type=\"container\" data-e-type=\"container\">\n\t\t\t\t<div class=\"elementor-element elementor-element-63bee96f elementor-widget elementor-widget-image\" data-id=\"63bee96f\" data-element_type=\"widget\" data-e-type=\"widget\" data-widget_type=\"image.default\">\n\t\t\t\t<div class=\"elementor-widget-container\">\n\t\t\t\t\t\t\t\t\t\t\t\t\t\t\t<img fetchpriority=\"high\" decoding=\"async\" width=\"800\" height=\"600\" src=\"https:\/\/www.ddriu.hu\/wp-content\/uploads\/2025\/06\/incubator.png\" class=\"attachment-large size-large wp-image-1400\" alt=\"\" srcset=\"https:\/\/www.ddriu.hu\/wp-content\/uploads\/2025\/06\/incubator.png 800w, https:\/\/www.ddriu.hu\/wp-content\/uploads\/2025\/06\/incubator-300x225.png 300w, https:\/\/www.ddriu.hu\/wp-content\/uploads\/2025\/06\/incubator-768x576.png 768w\" sizes=\"(max-width: 800px) 100vw, 800px\" \/>\t\t\t\t\t\t\t\t\t\t\t\t\t\t\t<\/div>\n\t\t\t\t<\/div>\n\t\t\t\t<div class=\"elementor-element elementor-element-4f92ea7d elementor-widget elementor-widget-text-editor\" data-id=\"4f92ea7d\" data-element_type=\"widget\" data-e-type=\"widget\" data-widget_type=\"text-editor.default\">\n\t\t\t\t<div class=\"elementor-widget-container\">\n\t\t\t\t\t\t\t\t\t<p class=\"translation-block\">The <strong>SMILE Incubator<\/strong> project responds to key challenges faced by the Danube Region\u2019s remote rural areas, including high emigration rates, brain drain, ageing populations, and a growing gap between urban and rural territories. At the same time, digitalisation and the evolving media landscape are reshaping how individuals communicate, access information, and participate in public discourse\u2014especially via social networks.<\/p><p>To address these developments,the project establishes a transnational Social Media Leadership Incubator that will empower rural youth with essential skills, competences, and tools for civic participation and leadership. By enhancing social media literacy and leadership capabilities, the project promotes active citizenship and supports the development of sustainable democracies across the Danube Region.<\/p><p><strong>SMILE Incubator builds institutional capacities through three interlinked components:<\/strong><\/p><ul><li>comprehensive assessment of youth participation and leadership in rural areas, including position papers and policy recommendations;<\/li><li>The development of a transnational stakeholder cooperation network to strengthen rural youth leadership;<\/li><li>Tailored capacity-building activities and toolkits to support social media-based leadership and civic engagement among youth.<\/li><\/ul><p>\u00a0<\/p><p>The project will produce concrete and transferable outputs such as strategic guidelines, policy recommendation guides, action plans, training materials, and the SMILE Incubator badge awarded to active youth participants. These activities will be carried out by a balanced consortium of 20 organisations from all 14 Danube Region countries, representing higher education, NGOs, public institutions, and civil society.<\/p><p><strong>Main data of the project:<\/strong><\/p><p><strong>Project Name:<\/strong>\u00a0Social Media Leadership Incubator for Danube Region<\/p><p><strong>Project Code:<\/strong>\u00a0DRP0301090<\/p><p><strong>Partners:<\/strong>\u00a020 organisations (1 Lead Partner, 15 Project Partners, 4 Associated Strategic Partners) from 14 countries<\/p><p><strong>Lead Partner:<\/strong>\u00a0School of Advanced Social Studies in Nova Gorica \u2013 Slovenia<\/p><p><b>Project Partners:<\/b><\/p><ul type=\"disc\"><li>Faculty of Information Studies in Novo mesto (FIS)\u00a0\u2013 Slovenia<\/li><li>Rudolfovo \u2013 Science and Technology Centre Novo mesto (RUDOLFOVO)\u00a0\u2013 Slovenia<\/li><li>Foster Europe, Foundation for strong European regions (FOSTER EUROPE)\u00a0\u2013 Austria<\/li><li>Center for Civil Society Promotion (CPCD)\u00a0\u2013 Bosnia and Herzegovina<\/li><li>Research Centre \u201cRegional and Global Development\u201d (REGLO)\u00a0\u2013 Bulgaria<\/li><li>Rochester Institute of Technology Zagreb (RIT)\u00a0\u2013 Croatia<\/li><li>Metropolitan University Prague (MUP)\u00a0\u2013 Czech Republic<\/li><li>Steinbeis 2i GmbH (SEZ)\u00a0\u2013 Germany<\/li><li>South Transdanubian Regional Innovation Agency (STRIA)\u00a0\u2013 Hungary<\/li><li>NGO OIKUMENA\u00a0<span lang=\"hu\">(OIKUMENA)<\/span><span lang=\"hu\">\u00a0<\/span>\u2013 Moldova<\/li><li>Association for Responsible and Sustainable Development (UZOR)\u00a0\u2013 Montenegro<\/li><li>Babe\u0219-Bolyai University (UBB)\u00a0\u2013 Romania<\/li><li>Danube Area Research Center (DAREC)\u00a0\u2013 Serbia<\/li><li>University of Economics in Bratislava (EUBA)\u00a0\u2013 Slovakia<\/li><li>International Institute for Regional Media and Information (IRMI)\u00a0\u2013 Ukraine<\/li><\/ul><p><strong>\u00a0<\/strong><\/p><p><strong>Budget:<\/strong>\u00a0EUR 1 980 000<\/p><p><strong>Funding programme:<\/strong>: Danube Region Programme<\/p><p><strong>Project Duration<\/strong>: 01.04.2025 \u2013 30.09.2027<\/p>\t\t\t\t\t\t\t\t<\/div>\n\t\t\t\t<\/div>\n\t\t\t\t<\/div>\n\t\t\t\t\t<\/div>\n\t\t\t\t<\/div>\n\t\t<div class=\"elementor-element elementor-element-93fa867 e-flex e-con-boxed e-con e-parent\" data-id=\"93fa867\" data-element_type=\"container\" data-e-type=\"container\">\n\t\t\t\t\t<div class=\"e-con-inner\">\n\t\t\t\t<div class=\"elementor-element elementor-element-741d5fdc rounded-divider elementor-widget-divider--view-line elementor-widget elementor-widget-divider\" data-id=\"741d5fdc\" data-element_type=\"widget\" data-e-type=\"widget\" data-widget_type=\"divider.default\">\n\t\t\t\t<div class=\"elementor-widget-container\">\n\t\t\t\t\t\t\t<div class=\"elementor-divider\">\n\t\t\t<span class=\"elementor-divider-separator\">\n\t\t\t\t\t\t<\/span>\n\t\t<\/div>\n\t\t\t\t\t\t<\/div>\n\t\t\t\t<\/div>\n\t\t\t\t\t<\/div>\n\t\t\t\t<\/div>\n\t\t\t\t<\/div>","protected":false},"excerpt":{"rendered":"<p>SMILE Incubator A SMILE Incubator projekt a Duna R\u00e9gi\u00f3 elmaradottabb vid\u00e9ki t\u00e9rs\u00e9geiben jelentkez\u0151 demogr\u00e1fiai kih\u00edv\u00e1sokkal foglalkozik, mint a fiatalok elv\u00e1ndorl\u00e1sa, a k\u00e9pzett munkaer\u0151 elv\u00e1ndorl\u00e1sa, a lakoss\u00e1g el\u00f6reged\u00e9se, valamint a v\u00e1rosi \u00e9s vid\u00e9ki ter\u00fcletek k\u00f6z\u00f6tti egyenl\u0151tlens\u00e9gek n\u00f6veked\u00e9se. Ezzel p\u00e1rhuzamosan a digitaliz\u00e1ci\u00f3 \u00e9s a m\u00e9diat\u00e9r folyamatos \u00e1talakul\u00e1sa \u2013 k\u00fcl\u00f6n\u00f6sen a k\u00f6z\u00f6ss\u00e9gi m\u00e9dia t\u00e9rnyer\u00e9se \u2013 \u00faj lehet\u0151s\u00e9geket teremt [&hellip;]<\/p>\n","protected":false},"author":1,"featured_media":0,"parent":0,"menu_order":0,"comment_status":"closed","ping_status":"closed","template":"","meta":{"footnotes":""},"class_list":["post-2142","page","type-page","status-publish","hentry"],"_links":{"self":[{"href":"https:\/\/www.ddriu.hu\/en\/wp-json\/wp\/v2\/pages\/2142","targetHints":{"allow":["GET"]}}],"collection":[{"href":"https:\/\/www.ddriu.hu\/en\/wp-json\/wp\/v2\/pages"}],"about":[{"href":"https:\/\/www.ddriu.hu\/en\/wp-json\/wp\/v2\/types\/page"}],"author":[{"embeddable":true,"href":"https:\/\/www.ddriu.hu\/en\/wp-json\/wp\/v2\/users\/1"}],"replies":[{"embeddable":true,"href":"https:\/\/www.ddriu.hu\/en\/wp-json\/wp\/v2\/comments?post=2142"}],"version-history":[{"count":7,"href":"https:\/\/www.ddriu.hu\/en\/wp-json\/wp\/v2\/pages\/2142\/revisions"}],"predecessor-version":[{"id":3066,"href":"https:\/\/www.ddriu.hu\/en\/wp-json\/wp\/v2\/pages\/2142\/revisions\/3066"}],"wp:attachment":[{"href":"https:\/\/www.ddriu.hu\/en\/wp-json\/wp\/v2\/media?parent=2142"}],"curies":[{"name":"wp","href":"https:\/\/api.w.org\/{rel}","templated":true}]}}