{"id":2117,"date":"2025-06-25T12:43:26","date_gmt":"2025-06-25T12:43:26","guid":{"rendered":"https:\/\/digiman.hu\/?page_id=2117"},"modified":"2025-06-25T22:19:06","modified_gmt":"2025-06-25T22:19:06","slug":"danube4rural-com","status":"publish","type":"page","link":"https:\/\/www.ddriu.hu\/en\/danube4rural-com\/","title":{"rendered":"Danube4Rural.com"},"content":{"rendered":"<div data-elementor-type=\"wp-page\" data-elementor-id=\"2117\" class=\"elementor elementor-2117\" data-elementor-post-type=\"page\">\n\t\t\t\t<div class=\"elementor-element elementor-element-7e58a7d9 e-con-full e-flex e-con e-parent\" data-id=\"7e58a7d9\" data-element_type=\"container\" data-e-type=\"container\" data-settings=\"{&quot;background_background&quot;:&quot;classic&quot;}\">\n\t\t\t\t<div class=\"elementor-element elementor-element-78e1553b elementor-widget elementor-widget-heading\" data-id=\"78e1553b\" data-element_type=\"widget\" data-e-type=\"widget\" data-widget_type=\"heading.default\">\n\t\t\t\t<div class=\"elementor-widget-container\">\n\t\t\t\t\t<h2 class=\"elementor-heading-title elementor-size-default\">Danube4Rural.com<\/h2>\t\t\t\t<\/div>\n\t\t\t\t<\/div>\n\t\t\t\t<div class=\"elementor-element elementor-element-55c19cd3 rounded-divider elementor-widget-divider--view-line elementor-widget elementor-widget-divider\" data-id=\"55c19cd3\" data-element_type=\"widget\" data-e-type=\"widget\" data-widget_type=\"divider.default\">\n\t\t\t\t<div class=\"elementor-widget-container\">\n\t\t\t\t\t\t\t<div class=\"elementor-divider\">\n\t\t\t<span class=\"elementor-divider-separator\">\n\t\t\t\t\t\t<\/span>\n\t\t<\/div>\n\t\t\t\t\t\t<\/div>\n\t\t\t\t<\/div>\n\t\t\t\t<\/div>\n\t\t<div class=\"elementor-element elementor-element-49b39326 e-flex e-con-boxed e-con e-parent\" data-id=\"49b39326\" data-element_type=\"container\" data-e-type=\"container\">\n\t\t\t\t\t<div class=\"e-con-inner\">\n\t\t<div class=\"elementor-element elementor-element-352f64b5 e-con-full e-flex e-con e-child\" data-id=\"352f64b5\" data-element_type=\"container\" data-e-type=\"container\">\n\t\t\t\t<div class=\"elementor-element elementor-element-53e18251 elementor-widget elementor-widget-image\" data-id=\"53e18251\" data-element_type=\"widget\" data-e-type=\"widget\" data-widget_type=\"image.default\">\n\t\t\t\t<div class=\"elementor-widget-container\">\n\t\t\t\t\t\t\t\t\t\t\t\t\t\t\t<img fetchpriority=\"high\" decoding=\"async\" width=\"800\" height=\"600\" src=\"https:\/\/www.ddriu.hu\/wp-content\/uploads\/2025\/06\/DanubeRural.png\" class=\"attachment-large size-large wp-image-1396\" alt=\"\" srcset=\"https:\/\/www.ddriu.hu\/wp-content\/uploads\/2025\/06\/DanubeRural.png 800w, https:\/\/www.ddriu.hu\/wp-content\/uploads\/2025\/06\/DanubeRural-300x225.png 300w, https:\/\/www.ddriu.hu\/wp-content\/uploads\/2025\/06\/DanubeRural-768x576.png 768w\" sizes=\"(max-width: 800px) 100vw, 800px\" \/>\t\t\t\t\t\t\t\t\t\t\t\t\t\t\t<\/div>\n\t\t\t\t<\/div>\n\t\t\t\t<div class=\"elementor-element elementor-element-16cfd103 elementor-widget elementor-widget-text-editor\" data-id=\"16cfd103\" data-element_type=\"widget\" data-e-type=\"widget\" data-widget_type=\"text-editor.default\">\n\t\t\t\t<div class=\"elementor-widget-container\">\n\t\t\t\t\t\t\t\t\t<p><strong>The Danube4Rural.com project<\/strong>&nbsp;tackles one of the major challenges facing rural areas in the Danube Region\u2014depopulation. It aims to develop an integrated transnational governance model that supports local and regional authorities in attracting remote workers by leveraging the inherent strengths of rural areas, such as a higher quality of life, more space, lower living costs, and a preserved natural environment. At the same time, the project strengthens the institutional capacity of public authorities to create modern, adaptable policy frameworks aligned with the global remote work landscape.<\/p>\n<p>The project will develop and test solutions within three key policy packages\u2014Quality of Life, Financial Incentives, and Regulatory Frameworks\u2014to enhance the attractiveness of rural areas for remote workers. These policy packages will be co-designed and piloted in collaboration with local and regional authorities, employer organisations, and multidisciplinary experts through the establishment of a Remote Workers Policy Hub, bringing together stakeholders from 11 countries across the Danube Region.<\/p>\n<p><strong>The project develops and tests solutions in the following three key areas:<\/strong><\/p>\n<ol>\n<li>&nbsp;\u2018Quality living conditions\u2019,<\/li>\n<li>\u2018Financial incentives\u2019 and<\/li>\n<li>&nbsp;\u201cRegulatory environment\u201d<\/li>\n<\/ol>\n<p><br><\/p><p>The project will develop and test solutions within three key policy packages\u2014Quality of Life, Financial Incentives, and Regulatory Frameworks\u2014to enhance the attractiveness of rural areas for remote workers. These policy packages will be co-designed and piloted in collaboration with local and regional authorities, employer organisations, and multidisciplinary experts through the establishment of a Remote Workers Policy Hub, bringing together stakeholders from 11 countries across the Danube Region.<\/p>\n<p>Danube4Rural.com will test its governance model in 10 disadvantaged pilot areas and ensure its transferability across the Danube Region, ultimately enhancing institutional capacities and improving macro-regional governance.<\/p>\n<p><strong>Main data of the project:<\/strong><\/p>\n<p>Project title: Integrated transnational governance model for adapting rural communities\u2019 policies to the needs of remote workers and employer organisations<\/p>\n<p><strong>Project Code:<\/strong>: DRP0301399<\/p>\n<p><strong>Partners:<\/strong>&nbsp;12 projektpartner \u00e9s 11 t\u00e1rsult strat\u00e9giai partner, 11 orsz\u00e1gb\u00f3l<\/p>\n<p class=\"translation-block\">Lead Partner: Municipality of Moravske Toplice (OMT) \u2013  Slovenia<\/p>\n<p><b>Project Partners<\/b><\/p>\n<ul type=\"disc\">\n<li>L&amp;R Social Research&nbsp;(L&amp;R) \u2013 Austria<\/li>\n<li>Development Agency of the City of Prijedor \u201cPREDA\u201d&nbsp; \u2013 Bosnia and Herzegovina<\/li>\n<li>Regional Development Agency South&nbsp;(RDAS) Serbia<\/li>\n<li>Old Royal Capital Cetinje (PCT \/ ORCC) \u2013 Montenegro<\/li>\n<li>Sisak Moslavina County Development Agency SI-MO-RA Ltd&nbsp; (SI-MO-RA) \u2013 Croatia<\/li>\n<li>South Transdanubian Regional Innovation Agency&nbsp;(STRIA) \u2013 Hungary<\/li>\n<li>North-East Regional Development Agency&nbsp;(NERDA) \u2013 Romania<\/li>\n<li>Business Incubator \u2013 Gotse Delchev, Entrepreneurship Promotion Centre&nbsp;(BI-GD) \u2013 Bulgaria<\/li>\n<li>National Rural Development and LEADER Network of the Republic of Moldova&nbsp;(NLN) \u2013 Moldova<\/li>\n<li>NGO Take na\u0161e&nbsp;(Take na\u0161e) \u2013 Slovakia<\/li>\n<li>Agriculture Cooperative \u201eSmart Village\u201d Kne\u017eica&nbsp;(SVK) \u2013 Bosnia and Herzegovina<\/li>\n<\/ul>\n<p><strong><br><\/strong><\/p>\n<p><strong>Project Budget:<\/strong>&nbsp;EUR 2 022 032<\/p>\n<p><strong>Funding programme:<\/strong>: Danube Region Programme<\/p>\n<p><strong>Projektid\u0151tartam:<\/strong>&nbsp;01.04.2025 \u2013 30.09.2027<\/p>\t\t\t\t\t\t\t\t<\/div>\n\t\t\t\t<\/div>\n\t\t\t\t<\/div>\n\t\t\t\t\t<\/div>\n\t\t\t\t<\/div>\n\t\t<div class=\"elementor-element elementor-element-2756cbd4 e-flex e-con-boxed e-con e-parent\" data-id=\"2756cbd4\" data-element_type=\"container\" data-e-type=\"container\">\n\t\t\t\t\t<div class=\"e-con-inner\">\n\t\t\t\t<div class=\"elementor-element elementor-element-1e1bb729 rounded-divider elementor-widget-divider--view-line elementor-widget elementor-widget-divider\" data-id=\"1e1bb729\" data-element_type=\"widget\" data-e-type=\"widget\" data-widget_type=\"divider.default\">\n\t\t\t\t<div class=\"elementor-widget-container\">\n\t\t\t\t\t\t\t<div class=\"elementor-divider\">\n\t\t\t<span class=\"elementor-divider-separator\">\n\t\t\t\t\t\t<\/span>\n\t\t<\/div>\n\t\t\t\t\t\t<\/div>\n\t\t\t\t<\/div>\n\t\t\t\t\t<\/div>\n\t\t\t\t<\/div>\n\t\t\t\t<\/div>","protected":false},"excerpt":{"rendered":"<p>Danube4Rural.com A Danube4Rural.com projekt&nbsp;f\u0151 c\u00e9lja, hogy innovat\u00edv, transznacion\u00e1lis korm\u00e1nyz\u00e1si modellt dolgozzon ki, amely seg\u00edti a vid\u00e9ki k\u00f6z\u00f6ss\u00e9geket abban, hogy alkalmazkodjanak a t\u00e1vmunk\u00e1sok \u00e9s munk\u00e1ltat\u00f3i szervezetek ig\u00e9nyeihez. A projekt az eln\u00e9ptelened\u00e9s probl\u00e9m\u00e1j\u00e1t c\u00e9lozza meg, amely a Duna-r\u00e9gi\u00f3 sok vid\u00e9ki ter\u00fclet\u00e9t s\u00fajtja. A c\u00e9l, hogy a vid\u00e9ki t\u00e9rs\u00e9gek vonz\u00f3bb\u00e1 v\u00e1ljanak a t\u00e1volr\u00f3l dolgoz\u00f3, magasan k\u00e9pzett munkav\u00e1llal\u00f3k sz\u00e1m\u00e1ra. [&hellip;]<\/p>\n","protected":false},"author":1,"featured_media":0,"parent":0,"menu_order":0,"comment_status":"closed","ping_status":"closed","template":"","meta":{"footnotes":""},"class_list":["post-2117","page","type-page","status-publish","hentry"],"_links":{"self":[{"href":"https:\/\/www.ddriu.hu\/en\/wp-json\/wp\/v2\/pages\/2117","targetHints":{"allow":["GET"]}}],"collection":[{"href":"https:\/\/www.ddriu.hu\/en\/wp-json\/wp\/v2\/pages"}],"about":[{"href":"https:\/\/www.ddriu.hu\/en\/wp-json\/wp\/v2\/types\/page"}],"author":[{"embeddable":true,"href":"https:\/\/www.ddriu.hu\/en\/wp-json\/wp\/v2\/users\/1"}],"replies":[{"embeddable":true,"href":"https:\/\/www.ddriu.hu\/en\/wp-json\/wp\/v2\/comments?post=2117"}],"version-history":[{"count":16,"href":"https:\/\/www.ddriu.hu\/en\/wp-json\/wp\/v2\/pages\/2117\/revisions"}],"predecessor-version":[{"id":2141,"href":"https:\/\/www.ddriu.hu\/en\/wp-json\/wp\/v2\/pages\/2117\/revisions\/2141"}],"wp:attachment":[{"href":"https:\/\/www.ddriu.hu\/en\/wp-json\/wp\/v2\/media?parent=2117"}],"curies":[{"name":"wp","href":"https:\/\/api.w.org\/{rel}","templated":true}]}}