{"id":2091,"date":"2025-06-25T12:29:37","date_gmt":"2025-06-25T12:29:37","guid":{"rendered":"https:\/\/digiman.hu\/?page_id=2091"},"modified":"2025-06-25T12:37:24","modified_gmt":"2025-06-25T12:37:24","slug":"danubecrafts","status":"publish","type":"page","link":"https:\/\/www.ddriu.hu\/en\/danubecrafts\/","title":{"rendered":"DanubeCrafts"},"content":{"rendered":"<div data-elementor-type=\"wp-page\" data-elementor-id=\"2091\" class=\"elementor elementor-2091\" data-elementor-post-type=\"page\">\n\t\t\t\t<div class=\"elementor-element elementor-element-600e959 e-con-full e-flex e-con e-parent\" data-id=\"600e959\" data-element_type=\"container\" data-e-type=\"container\" data-settings=\"{&quot;background_background&quot;:&quot;classic&quot;}\">\n\t\t\t\t<div class=\"elementor-element elementor-element-ad1e469 elementor-widget elementor-widget-heading\" data-id=\"ad1e469\" data-element_type=\"widget\" data-e-type=\"widget\" data-widget_type=\"heading.default\">\n\t\t\t\t<div class=\"elementor-widget-container\">\n\t\t\t\t\t<h2 class=\"elementor-heading-title elementor-size-default\">DanubeCrafts<\/h2>\t\t\t\t<\/div>\n\t\t\t\t<\/div>\n\t\t\t\t<div class=\"elementor-element elementor-element-d6bcc23 rounded-divider elementor-widget-divider--view-line elementor-widget elementor-widget-divider\" data-id=\"d6bcc23\" data-element_type=\"widget\" data-e-type=\"widget\" data-widget_type=\"divider.default\">\n\t\t\t\t<div class=\"elementor-widget-container\">\n\t\t\t\t\t\t\t<div class=\"elementor-divider\">\n\t\t\t<span class=\"elementor-divider-separator\">\n\t\t\t\t\t\t<\/span>\n\t\t<\/div>\n\t\t\t\t\t\t<\/div>\n\t\t\t\t<\/div>\n\t\t\t\t<\/div>\n\t\t<div class=\"elementor-element elementor-element-37b96fc e-flex e-con-boxed e-con e-parent\" data-id=\"37b96fc\" data-element_type=\"container\" data-e-type=\"container\">\n\t\t\t\t\t<div class=\"e-con-inner\">\n\t\t<div class=\"elementor-element elementor-element-6b7055f e-con-full e-flex e-con e-child\" data-id=\"6b7055f\" data-element_type=\"container\" data-e-type=\"container\">\n\t\t\t\t<div class=\"elementor-element elementor-element-7cddeeb elementor-widget elementor-widget-image\" data-id=\"7cddeeb\" data-element_type=\"widget\" data-e-type=\"widget\" data-widget_type=\"image.default\">\n\t\t\t\t<div class=\"elementor-widget-container\">\n\t\t\t\t\t\t\t\t\t\t\t\t\t\t\t<img fetchpriority=\"high\" decoding=\"async\" width=\"800\" height=\"600\" src=\"https:\/\/www.ddriu.hu\/wp-content\/uploads\/2025\/06\/DanubeCraft.png\" class=\"attachment-large size-large wp-image-1395\" alt=\"\" srcset=\"https:\/\/www.ddriu.hu\/wp-content\/uploads\/2025\/06\/DanubeCraft.png 800w, https:\/\/www.ddriu.hu\/wp-content\/uploads\/2025\/06\/DanubeCraft-300x225.png 300w, https:\/\/www.ddriu.hu\/wp-content\/uploads\/2025\/06\/DanubeCraft-768x576.png 768w\" sizes=\"(max-width: 800px) 100vw, 800px\" \/>\t\t\t\t\t\t\t\t\t\t\t\t\t\t\t<\/div>\n\t\t\t\t<\/div>\n\t\t\t\t<div class=\"elementor-element elementor-element-3ecf9f4 elementor-widget elementor-widget-text-editor\" data-id=\"3ecf9f4\" data-element_type=\"widget\" data-e-type=\"widget\" data-widget_type=\"text-editor.default\">\n\t\t\t\t<div class=\"elementor-widget-container\">\n\t\t\t\t\t\t\t\t\t<p class=\"translation-block\"><strong>DanubeCrafts<\/strong> respond to the common challenge of Danube region by addressing rich cultural heritage and unexploited potential of traditional crafts, customs, and rituals, together with the untapped potential of thematic tourism in Danube region.<\/p><p>The project aims to change this situation through a multi-stakeholder jointly approach, through the preservation and development of traditional craft products and services with the support of thematic tourism \u201cinstruments\u201d.<\/p><p>The overall objective of the project is to preserve, promote, and sustainably enhance traditional crafts along a \u201cTraditional Crafts Route\u201d, comprising several touristic itineraries (locations within local communities) with cultural and traditional attractions, to stimulate employment and broaden knowledge on generating new income streams for local craftsmen and artisans, with special attention to vulnerable groups and youth.<\/p><p><strong>Main data of the project:<\/strong><\/p><p><strong>Project Name:<\/strong>\u00a0Hagyom\u00e1nyos mesters\u00e9gek \u00fatvonala a fenntarthat\u00f3 kultur\u00e1lis turizmus fejleszt\u00e9s\u00e9\u00e9rt<\/p><p><strong>Project Code:<\/strong>\u00a0DRP0300982<\/p><p><strong>Partners:<\/strong><\/p><ul><li>National University of Science and Technology POLITEHNICA Bucharest (LP) \u2013 Romania<\/li><li>Chamber of Commerce and Industry Vratsa \u2013 Bulgaria<\/li><li>Vukovar-Srijem County \u2013 Croatia<\/li><li>Pannon Economic Network Association \u2013 Hungary<\/li><li>National Institute for Research and Development in Tourism \u2013 Romania<\/li><li>Romanian Association for Technology Transfer and Innovation \u2013 Romania<\/li><li>Steinbeis 2i GmbH \u2013 Germany<\/li><li>Department for Development and International Projects of Zenica-Doboj \u2013 Bosnia and Herzegovina<\/li><li>Economica GmbH \u2013 Austria<\/li><li>School of Advanced Social Studies in Nova Gorica \u2013 Slovenia<\/li><li>Regional Agency for Socio \u2013 Economic Development \u2013 Banat Ltd \u2013 Serbia<\/li><li>Tourist board of Me\u0111imurje county \u2013 Croatia<\/li><li>South Transdanubian Regional Innovation Agency Nonprofit Ltd. \u2013 Hungary<\/li><li>University of Natural Resources and Life Sciences, Vienna \u2013 Austria<\/li><li>South Bohemian Agency for Support to Innovation \u2013 Czech Republic<\/li><li>Regional Development Agency for Bjelasica, Komovi and Prokletije \u2013 Montenegro<\/li><li>\u201eIon Creanga\u201d Pedagogical State University from Chisinau \u2013 Moldova<\/li><li>PONG.Li Studios GmbH \u2013 Germany<\/li><\/ul><p><strong>\u00a0<\/strong><\/p><p><strong>Project Budget:<\/strong>\u00a0EUR 2.644.500,00<\/p><p><strong>Funding:<\/strong>\u00a0Danube Region Programme<\/p><p><strong>Project Duration:<\/strong>\u00a001.04.2025 \u2013 30.09.2027<\/p>\t\t\t\t\t\t\t\t<\/div>\n\t\t\t\t<\/div>\n\t\t\t\t<\/div>\n\t\t\t\t\t<\/div>\n\t\t\t\t<\/div>\n\t\t<div class=\"elementor-element elementor-element-0a8f57f e-flex e-con-boxed e-con e-parent\" data-id=\"0a8f57f\" data-element_type=\"container\" data-e-type=\"container\">\n\t\t\t\t\t<div class=\"e-con-inner\">\n\t\t\t\t<div class=\"elementor-element elementor-element-9bf99ac rounded-divider elementor-widget-divider--view-line elementor-widget elementor-widget-divider\" data-id=\"9bf99ac\" data-element_type=\"widget\" data-e-type=\"widget\" data-widget_type=\"divider.default\">\n\t\t\t\t<div class=\"elementor-widget-container\">\n\t\t\t\t\t\t\t<div class=\"elementor-divider\">\n\t\t\t<span class=\"elementor-divider-separator\">\n\t\t\t\t\t\t<\/span>\n\t\t<\/div>\n\t\t\t\t\t\t<\/div>\n\t\t\t\t<\/div>\n\t\t\t\t\t<\/div>\n\t\t\t\t<\/div>\n\t\t\t\t<\/div>","protected":false},"excerpt":{"rendered":"<p>DanubeCrafts A DanubeCrafts projekt\u00a0a Duna r\u00e9gi\u00f3 k\u00f6z\u00f6s kih\u00edv\u00e1s\u00e1ra igyekszik megold\u00e1sokat tal\u00e1lni a gazdag kultur\u00e1lis \u00f6r\u00f6ks\u00e9g, a hagyom\u00e1nyos mesters\u00e9gek, szok\u00e1sok \u00e9s ritu\u00e1l\u00e9k, valamint a region\u00e1lis tematikus turizmus kiakn\u00e1zatlan lehet\u0151s\u00e9geinek felt\u00e1r\u00e1s\u00e1val. A projekt ezen a helyzeten k\u00edv\u00e1n v\u00e1ltoztatni a t\u00f6bbszerepl\u0151s k\u00f6z\u00f6s megk\u00f6zel\u00edt\u00e9ssel, a hagyom\u00e1nyos k\u00e9zm\u0171ves term\u00e9kek \u00e9s szolg\u00e1ltat\u00e1sok meg\u0151rz\u00e9s\u00e9vel \u00e9s fejleszt\u00e9s\u00e9vel, tematikus turisztikai \u201eeszk\u00f6z\u00f6k\u201d t\u00e1mogat\u00e1s\u00e1val. A projekt [&hellip;]<\/p>\n","protected":false},"author":1,"featured_media":0,"parent":0,"menu_order":0,"comment_status":"closed","ping_status":"closed","template":"","meta":{"footnotes":""},"class_list":["post-2091","page","type-page","status-publish","hentry"],"_links":{"self":[{"href":"https:\/\/www.ddriu.hu\/en\/wp-json\/wp\/v2\/pages\/2091","targetHints":{"allow":["GET"]}}],"collection":[{"href":"https:\/\/www.ddriu.hu\/en\/wp-json\/wp\/v2\/pages"}],"about":[{"href":"https:\/\/www.ddriu.hu\/en\/wp-json\/wp\/v2\/types\/page"}],"author":[{"embeddable":true,"href":"https:\/\/www.ddriu.hu\/en\/wp-json\/wp\/v2\/users\/1"}],"replies":[{"embeddable":true,"href":"https:\/\/www.ddriu.hu\/en\/wp-json\/wp\/v2\/comments?post=2091"}],"version-history":[{"count":25,"href":"https:\/\/www.ddriu.hu\/en\/wp-json\/wp\/v2\/pages\/2091\/revisions"}],"predecessor-version":[{"id":2116,"href":"https:\/\/www.ddriu.hu\/en\/wp-json\/wp\/v2\/pages\/2091\/revisions\/2116"}],"wp:attachment":[{"href":"https:\/\/www.ddriu.hu\/en\/wp-json\/wp\/v2\/media?parent=2091"}],"curies":[{"name":"wp","href":"https:\/\/api.w.org\/{rel}","templated":true}]}}