{"id":1520,"date":"2025-06-23T15:54:33","date_gmt":"2025-06-23T15:54:33","guid":{"rendered":"https:\/\/digiman.hu\/?page_id=1520"},"modified":"2025-10-22T08:37:21","modified_gmt":"2025-10-22T08:37:21","slug":"about-us","status":"publish","type":"page","link":"https:\/\/www.ddriu.hu\/en\/rolunk\/","title":{"rendered":"About us"},"content":{"rendered":"<div data-elementor-type=\"wp-page\" data-elementor-id=\"1520\" class=\"elementor elementor-1520\" data-elementor-post-type=\"page\">\n\t\t\t\t<div class=\"elementor-element elementor-element-7ab2feb e-flex e-con-boxed e-con e-parent\" data-id=\"7ab2feb\" data-element_type=\"container\" data-e-type=\"container\" data-settings=\"{&quot;background_background&quot;:&quot;classic&quot;}\">\n\t\t\t\t\t<div class=\"e-con-inner\">\n\t\t<div class=\"elementor-element elementor-element-71a538b3 e-con-full e-flex e-con e-child\" data-id=\"71a538b3\" data-element_type=\"container\" data-e-type=\"container\">\n\t\t\t\t<div class=\"elementor-element elementor-element-4afdd889 elementor-widget elementor-widget-image\" data-id=\"4afdd889\" data-element_type=\"widget\" data-e-type=\"widget\" data-widget_type=\"image.default\">\n\t\t\t\t<div class=\"elementor-widget-container\">\n\t\t\t\t\t\t\t\t\t\t\t\t\t\t\t<img fetchpriority=\"high\" decoding=\"async\" width=\"500\" height=\"500\" src=\"https:\/\/www.ddriu.hu\/wp-content\/uploads\/2025\/06\/rolunk_hero_sidepic.png\" class=\"attachment-medium_large size-medium_large wp-image-1529\" alt=\"\" srcset=\"https:\/\/www.ddriu.hu\/wp-content\/uploads\/2025\/06\/rolunk_hero_sidepic.png 500w, https:\/\/www.ddriu.hu\/wp-content\/uploads\/2025\/06\/rolunk_hero_sidepic-300x300.png 300w, https:\/\/www.ddriu.hu\/wp-content\/uploads\/2025\/06\/rolunk_hero_sidepic-150x150.png 150w\" sizes=\"(max-width: 500px) 100vw, 500px\" \/>\t\t\t\t\t\t\t\t\t\t\t\t\t\t\t<\/div>\n\t\t\t\t<\/div>\n\t\t\t\t<\/div>\n\t\t<div class=\"elementor-element elementor-element-57406909 e-con-full e-flex e-con e-child\" data-id=\"57406909\" data-element_type=\"container\" data-e-type=\"container\">\n\t\t\t\t<div class=\"elementor-element elementor-element-4040aafe elementor-widget elementor-widget-heading\" data-id=\"4040aafe\" data-element_type=\"widget\" data-e-type=\"widget\" data-widget_type=\"heading.default\">\n\t\t\t\t<div class=\"elementor-widget-container\">\n\t\t\t\t\t<h2 class=\"elementor-heading-title elementor-size-default\">About us<\/h2>\t\t\t\t<\/div>\n\t\t\t\t<\/div>\n\t\t\t\t<div class=\"elementor-element elementor-element-4e73d487 elementor-widget elementor-widget-text-editor\" data-id=\"4e73d487\" data-element_type=\"widget\" data-e-type=\"widget\" data-widget_type=\"text-editor.default\">\n\t\t\t\t<div class=\"elementor-widget-container\">\n\t\t\t\t\t\t\t\t\t<p>The European Union considers innovation, research and technology transfer to be the most important sphere of creating competitive advantage. Innovation is crucial in the enhancement of competitiveness and export capabilities of corporations. In the last decade, the most technology-intensive and innovation-oriented sectors were developing the most.<\/p><p>Innovation \u2013 that means adaptation to the changing economic environment and to the challenges of the future \u2013 is considered to be the European Union\u2019s motor for development. Thus, Hungary also aims at the establishment and successful operation of an innovation system, the more efficient utilization of European resources and the improvement of resource absorption capacities and innovation expenditures.<\/p>\t\t\t\t\t\t\t\t<\/div>\n\t\t\t\t<\/div>\n\t\t\t\t<\/div>\n\t\t\t\t\t<\/div>\n\t\t\t\t<\/div>\n\t\t<div class=\"elementor-element elementor-element-367964a0 e-flex e-con-boxed e-con e-parent\" data-id=\"367964a0\" data-element_type=\"container\" data-e-type=\"container\" data-settings=\"{&quot;background_background&quot;:&quot;classic&quot;}\">\n\t\t\t\t\t<div class=\"e-con-inner\">\n\t\t\t\t<div class=\"elementor-element elementor-element-179e6fb4 elementor-widget elementor-widget-heading\" data-id=\"179e6fb4\" data-element_type=\"widget\" data-e-type=\"widget\" data-widget_type=\"heading.default\">\n\t\t\t\t<div class=\"elementor-widget-container\">\n\t\t\t\t\t<h2 class=\"elementor-heading-title elementor-size-default translation-block\">Our owners are key players of Hungarian innovation and regional development<\/h2>\t\t\t\t<\/div>\n\t\t\t\t<\/div>\n\t\t\t\t\t<\/div>\n\t\t\t\t<\/div>\n\t\t<div class=\"elementor-element elementor-element-716d0af e-flex e-con-boxed e-con e-parent\" data-id=\"716d0af\" data-element_type=\"container\" data-e-type=\"container\" data-settings=\"{&quot;background_background&quot;:&quot;classic&quot;}\">\n\t\t\t\t\t<div class=\"e-con-inner\">\n\t\t<div class=\"elementor-element elementor-element-6d98e76 e-con-full elementor-hidden-tablet elementor-hidden-mobile e-flex e-con e-child\" data-id=\"6d98e76\" data-element_type=\"container\" data-e-type=\"container\">\n\t\t\t\t<\/div>\n\t\t<div class=\"elementor-element elementor-element-0bddec2 e-con-full e-flex e-con e-child\" data-id=\"0bddec2\" data-element_type=\"container\" data-e-type=\"container\" data-settings=\"{&quot;background_background&quot;:&quot;classic&quot;}\">\n\t\t\t\t<div class=\"elementor-element elementor-element-a637aa0 elementor-widget elementor-widget-heading\" data-id=\"a637aa0\" data-element_type=\"widget\" data-e-type=\"widget\" data-widget_type=\"heading.default\">\n\t\t\t\t<div class=\"elementor-widget-container\">\n\t\t\t\t\t<h2 class=\"elementor-heading-title elementor-size-default\">Foundation for the Development of South Transdanubia<\/h2>\t\t\t\t<\/div>\n\t\t\t\t<\/div>\n\t\t\t\t<\/div>\n\t\t<div class=\"elementor-element elementor-element-c4aa1d4 e-con-full e-flex e-con e-child\" data-id=\"c4aa1d4\" data-element_type=\"container\" data-e-type=\"container\" data-settings=\"{&quot;background_background&quot;:&quot;classic&quot;}\">\n\t\t\t\t<div class=\"elementor-element elementor-element-f7d62d3 elementor-widget elementor-widget-heading\" data-id=\"f7d62d3\" data-element_type=\"widget\" data-e-type=\"widget\" data-widget_type=\"heading.default\">\n\t\t\t\t<div class=\"elementor-widget-container\">\n\t\t\t\t\t<h2 class=\"elementor-heading-title elementor-size-default\">Hungarian Association for Innovation<\/h2>\t\t\t\t<\/div>\n\t\t\t\t<\/div>\n\t\t\t\t<div class=\"elementor-element elementor-element-cb2bfd9 e-transform elementor-widget elementor-widget-image\" data-id=\"cb2bfd9\" data-element_type=\"widget\" data-e-type=\"widget\" data-settings=\"{&quot;_transform_scale_effect&quot;:{&quot;unit&quot;:&quot;px&quot;,&quot;size&quot;:0.90000000000000002220446049250313080847263336181640625,&quot;sizes&quot;:[]},&quot;_transform_scale_effect_tablet&quot;:{&quot;unit&quot;:&quot;px&quot;,&quot;size&quot;:&quot;&quot;,&quot;sizes&quot;:[]},&quot;_transform_scale_effect_mobile&quot;:{&quot;unit&quot;:&quot;px&quot;,&quot;size&quot;:&quot;&quot;,&quot;sizes&quot;:[]}}\" data-widget_type=\"image.default\">\n\t\t\t\t<div class=\"elementor-widget-container\">\n\t\t\t\t\t\t\t\t\t\t\t\t\t\t\t\t<a href=\"https:\/\/www.innovacio.hu\/\" target=\"_blank\">\n\t\t\t\t\t\t\t<img decoding=\"async\" width=\"500\" height=\"500\" src=\"https:\/\/www.ddriu.hu\/wp-content\/uploads\/2025\/06\/magyar_innovacios_logo.png\" class=\"attachment-large size-large wp-image-1538\" alt=\"\" srcset=\"https:\/\/www.ddriu.hu\/wp-content\/uploads\/2025\/06\/magyar_innovacios_logo.png 500w, https:\/\/www.ddriu.hu\/wp-content\/uploads\/2025\/06\/magyar_innovacios_logo-300x300.png 300w, https:\/\/www.ddriu.hu\/wp-content\/uploads\/2025\/06\/magyar_innovacios_logo-150x150.png 150w\" sizes=\"(max-width: 500px) 100vw, 500px\" \/>\t\t\t\t\t\t\t\t<\/a>\n\t\t\t\t\t\t\t\t\t\t\t\t\t\t\t<\/div>\n\t\t\t\t<\/div>\n\t\t\t\t<\/div>\n\t\t\t\t\t<\/div>\n\t\t\t\t<\/div>\n\t\t<div class=\"elementor-element elementor-element-71098df1 e-flex e-con-boxed e-con e-parent\" data-id=\"71098df1\" data-element_type=\"container\" data-e-type=\"container\" data-settings=\"{&quot;background_background&quot;:&quot;classic&quot;}\">\n\t\t\t\t\t<div class=\"e-con-inner\">\n\t\t<div class=\"elementor-element elementor-element-67dd90e8 e-con-full e-flex e-con e-child\" data-id=\"67dd90e8\" data-element_type=\"container\" data-e-type=\"container\">\n\t\t\t\t<div class=\"elementor-element elementor-element-5c83dfbf elementor-widget elementor-widget-heading\" data-id=\"5c83dfbf\" data-element_type=\"widget\" data-e-type=\"widget\" data-widget_type=\"heading.default\">\n\t\t\t\t<div class=\"elementor-widget-container\">\n\t\t\t\t\t<h2 class=\"elementor-heading-title elementor-size-default\">Our cooperations<\/h2>\t\t\t\t<\/div>\n\t\t\t\t<\/div>\n\t\t\t\t<\/div>\n\t\t\t\t\t<\/div>\n\t\t\t\t<\/div>\n\t\t<div class=\"elementor-element elementor-element-16d5c80a e-flex e-con-boxed e-con e-parent\" data-id=\"16d5c80a\" data-element_type=\"container\" data-e-type=\"container\" data-settings=\"{&quot;background_background&quot;:&quot;classic&quot;}\">\n\t\t\t\t\t<div class=\"e-con-inner\">\n\t\t<div class=\"elementor-element elementor-element-451b9a9c e-con-full e-flex e-con e-child\" data-id=\"451b9a9c\" data-element_type=\"container\" data-e-type=\"container\" data-settings=\"{&quot;background_background&quot;:&quot;classic&quot;}\">\n\t\t\t\t<div class=\"elementor-element elementor-element-1a34ff3d elementor-position-top elementor-widget elementor-widget-image-box\" data-id=\"1a34ff3d\" data-element_type=\"widget\" data-e-type=\"widget\" data-widget_type=\"image-box.default\">\n\t\t\t\t<div class=\"elementor-widget-container\">\n\t\t\t\t\t<div class=\"elementor-image-box-wrapper\"><figure class=\"elementor-image-box-img\"><img decoding=\"async\" width=\"200\" height=\"200\" src=\"https:\/\/www.ddriu.hu\/wp-content\/uploads\/2025\/06\/egyuttmukodes.png\" class=\"elementor-animation-sink attachment-full size-full wp-image-1557\" alt=\"\" srcset=\"https:\/\/www.ddriu.hu\/wp-content\/uploads\/2025\/06\/egyuttmukodes.png 200w, https:\/\/www.ddriu.hu\/wp-content\/uploads\/2025\/06\/egyuttmukodes-150x150.png 150w\" sizes=\"(max-width: 200px) 100vw, 200px\" \/><\/figure><div class=\"elementor-image-box-content\"><h3 class=\"elementor-image-box-title\">Cooperation with municipal and county governments<\/h3><\/div><\/div>\t\t\t\t<\/div>\n\t\t\t\t<\/div>\n\t\t\t\t<\/div>\n\t\t<div class=\"elementor-element elementor-element-38db1cb7 e-con-full e-flex e-con e-child\" data-id=\"38db1cb7\" data-element_type=\"container\" data-e-type=\"container\" data-settings=\"{&quot;background_background&quot;:&quot;classic&quot;}\">\n\t\t\t\t<div class=\"elementor-element elementor-element-54e027dd elementor-position-top elementor-widget elementor-widget-image-box\" data-id=\"54e027dd\" data-element_type=\"widget\" data-e-type=\"widget\" data-widget_type=\"image-box.default\">\n\t\t\t\t<div class=\"elementor-widget-container\">\n\t\t\t\t\t<div class=\"elementor-image-box-wrapper\"><figure class=\"elementor-image-box-img\"><img loading=\"lazy\" decoding=\"async\" width=\"200\" height=\"200\" src=\"https:\/\/www.ddriu.hu\/wp-content\/uploads\/2025\/06\/tudaskozpont.png\" class=\"elementor-animation-sink attachment-full size-full wp-image-1563\" alt=\"\" srcset=\"https:\/\/www.ddriu.hu\/wp-content\/uploads\/2025\/06\/tudaskozpont.png 200w, https:\/\/www.ddriu.hu\/wp-content\/uploads\/2025\/06\/tudaskozpont-150x150.png 150w\" sizes=\"(max-width: 200px) 100vw, 200px\" \/><\/figure><div class=\"elementor-image-box-content\"><h3 class=\"elementor-image-box-title\">Cooperation with regional knowledge institutions<\/h3><p class=\"elementor-image-box-description\">(University of Kaposv\u00e1r and University of P\u00e9cs)<\/p><\/div><\/div>\t\t\t\t<\/div>\n\t\t\t\t<\/div>\n\t\t\t\t<\/div>\n\t\t<div class=\"elementor-element elementor-element-25af6a75 e-con-full e-flex e-con e-child\" data-id=\"25af6a75\" data-element_type=\"container\" data-e-type=\"container\" data-settings=\"{&quot;background_background&quot;:&quot;classic&quot;}\">\n\t\t\t\t<div class=\"elementor-element elementor-element-648825b3 elementor-position-top elementor-widget elementor-widget-image-box\" data-id=\"648825b3\" data-element_type=\"widget\" data-e-type=\"widget\" data-widget_type=\"image-box.default\">\n\t\t\t\t<div class=\"elementor-widget-container\">\n\t\t\t\t\t<div class=\"elementor-image-box-wrapper\"><figure class=\"elementor-image-box-img\"><img loading=\"lazy\" decoding=\"async\" width=\"200\" height=\"200\" src=\"https:\/\/www.ddriu.hu\/wp-content\/uploads\/2025\/06\/ipar.png\" class=\"elementor-animation-sink attachment-full size-full wp-image-1564\" alt=\"\" srcset=\"https:\/\/www.ddriu.hu\/wp-content\/uploads\/2025\/06\/ipar.png 200w, https:\/\/www.ddriu.hu\/wp-content\/uploads\/2025\/06\/ipar-150x150.png 150w\" sizes=\"(max-width: 200px) 100vw, 200px\" \/><\/figure><div class=\"elementor-image-box-content\"><h3 class=\"elementor-image-box-title\">Cooperation with regional industrial parks and chambers<\/h3><\/div><\/div>\t\t\t\t<\/div>\n\t\t\t\t<\/div>\n\t\t\t\t<\/div>\n\t\t<div class=\"elementor-element elementor-element-211436c8 e-con-full e-flex e-con e-child\" data-id=\"211436c8\" data-element_type=\"container\" data-e-type=\"container\" data-settings=\"{&quot;background_background&quot;:&quot;classic&quot;}\">\n\t\t\t\t<div class=\"elementor-element elementor-element-39e2a2ce elementor-position-top elementor-widget elementor-widget-image-box\" data-id=\"39e2a2ce\" data-element_type=\"widget\" data-e-type=\"widget\" data-widget_type=\"image-box.default\">\n\t\t\t\t<div class=\"elementor-widget-container\">\n\t\t\t\t\t<div class=\"elementor-image-box-wrapper\"><figure class=\"elementor-image-box-img\"><img loading=\"lazy\" decoding=\"async\" width=\"200\" height=\"200\" src=\"https:\/\/www.ddriu.hu\/wp-content\/uploads\/2025\/06\/nemzetkozi.png\" class=\"elementor-animation-sink attachment-full size-full wp-image-1568\" alt=\"\" srcset=\"https:\/\/www.ddriu.hu\/wp-content\/uploads\/2025\/06\/nemzetkozi.png 200w, https:\/\/www.ddriu.hu\/wp-content\/uploads\/2025\/06\/nemzetkozi-150x150.png 150w\" sizes=\"(max-width: 200px) 100vw, 200px\" \/><\/figure><div class=\"elementor-image-box-content\"><h3 class=\"elementor-image-box-title\">International cooperations, inter-regional cooperations<\/h3><\/div><\/div>\t\t\t\t<\/div>\n\t\t\t\t<\/div>\n\t\t\t\t<\/div>\n\t\t<div class=\"elementor-element elementor-element-3fa5c5ec e-con-full e-flex e-con e-child\" data-id=\"3fa5c5ec\" data-element_type=\"container\" data-e-type=\"container\" data-settings=\"{&quot;background_background&quot;:&quot;classic&quot;}\">\n\t\t\t\t<div class=\"elementor-element elementor-element-11b55856 elementor-position-top elementor-widget elementor-widget-image-box\" data-id=\"11b55856\" data-element_type=\"widget\" data-e-type=\"widget\" data-widget_type=\"image-box.default\">\n\t\t\t\t<div class=\"elementor-widget-container\">\n\t\t\t\t\t<div class=\"elementor-image-box-wrapper\"><figure class=\"elementor-image-box-img\"><img loading=\"lazy\" decoding=\"async\" width=\"200\" height=\"200\" src=\"https:\/\/www.ddriu.hu\/wp-content\/uploads\/2025\/06\/szakmai.png\" class=\"elementor-animation-sink attachment-full size-full wp-image-1570\" alt=\"\" srcset=\"https:\/\/www.ddriu.hu\/wp-content\/uploads\/2025\/06\/szakmai.png 200w, https:\/\/www.ddriu.hu\/wp-content\/uploads\/2025\/06\/szakmai-150x150.png 150w\" sizes=\"(max-width: 200px) 100vw, 200px\" \/><\/figure><div class=\"elementor-image-box-content\"><h3 class=\"elementor-image-box-title\">Development of professional relationships with local, national and international organizations<\/h3><\/div><\/div>\t\t\t\t<\/div>\n\t\t\t\t<\/div>\n\t\t\t\t<\/div>\n\t\t\t\t\t<\/div>\n\t\t\t\t<\/div>\n\t\t<div class=\"elementor-element elementor-element-5d4960c e-flex e-con-boxed e-con e-parent\" data-id=\"5d4960c\" data-element_type=\"container\" data-e-type=\"container\" data-settings=\"{&quot;background_background&quot;:&quot;classic&quot;}\">\n\t\t\t\t\t<div class=\"e-con-inner\">\n\t\t<div class=\"elementor-element elementor-element-18269c1 e-con-full e-flex e-con e-child\" data-id=\"18269c1\" data-element_type=\"container\" data-e-type=\"container\">\n\t\t\t\t<div class=\"elementor-element elementor-element-85b4b0f elementor-widget elementor-widget-image\" data-id=\"85b4b0f\" data-element_type=\"widget\" data-e-type=\"widget\" data-widget_type=\"image.default\">\n\t\t\t\t<div class=\"elementor-widget-container\">\n\t\t\t\t\t\t\t\t\t\t\t\t\t\t\t<img loading=\"lazy\" decoding=\"async\" width=\"200\" height=\"200\" src=\"https:\/\/www.ddriu.hu\/wp-content\/uploads\/2025\/06\/eselyegyenlosegi_icon.png\" class=\"attachment-large size-large wp-image-1701\" alt=\"\" srcset=\"https:\/\/www.ddriu.hu\/wp-content\/uploads\/2025\/06\/eselyegyenlosegi_icon.png 200w, https:\/\/www.ddriu.hu\/wp-content\/uploads\/2025\/06\/eselyegyenlosegi_icon-150x150.png 150w\" sizes=\"(max-width: 200px) 100vw, 200px\" \/>\t\t\t\t\t\t\t\t\t\t\t\t\t\t\t<\/div>\n\t\t\t\t<\/div>\n\t\t\t\t<\/div>\n\t\t<div class=\"elementor-element elementor-element-589e8e3 e-con-full e-flex e-con e-child\" data-id=\"589e8e3\" data-element_type=\"container\" data-e-type=\"container\">\n\t\t\t\t<div class=\"elementor-element elementor-element-7a844de elementor-widget elementor-widget-heading\" data-id=\"7a844de\" data-element_type=\"widget\" data-e-type=\"widget\" data-widget_type=\"heading.default\">\n\t\t\t\t<div class=\"elementor-widget-container\">\n\t\t\t\t\t<h2 class=\"elementor-heading-title elementor-size-default\">Gender Equality Plan<\/h2>\t\t\t\t<\/div>\n\t\t\t\t<\/div>\n\t\t\t\t<\/div>\n\t\t<div class=\"elementor-element elementor-element-5aef0c3 e-con-full e-flex e-con e-child\" data-id=\"5aef0c3\" data-element_type=\"container\" data-e-type=\"container\">\n\t\t\t\t<div class=\"elementor-element elementor-element-ac373d5 elementor-align-center elementor-widget elementor-widget-button\" data-id=\"ac373d5\" data-element_type=\"widget\" data-e-type=\"widget\" data-widget_type=\"button.default\">\n\t\t\t\t<div class=\"elementor-widget-container\">\n\t\t\t\t\t\t\t\t\t<div class=\"elementor-button-wrapper\">\n\t\t\t\t\t<a class=\"elementor-button elementor-button-link elementor-size-sm elementor-animation-grow\" href=\"http:\/\/ddriu.hu\/wp-content\/uploads\/2025\/06\/Eselyegyenlosegi-DDRIU.pdf\">\n\t\t\t\t\t\t<span class=\"elementor-button-content-wrapper\">\n\t\t\t\t\t\t\t\t\t<span class=\"elementor-button-text\">Download<\/span>\n\t\t\t\t\t<\/span>\n\t\t\t\t\t<\/a>\n\t\t\t\t<\/div>\n\t\t\t\t\t\t\t\t<\/div>\n\t\t\t\t<\/div>\n\t\t\t\t<\/div>\n\t\t\t\t\t<\/div>\n\t\t\t\t<\/div>\n\t\t\t\t<\/div>","protected":false},"excerpt":{"rendered":"<p>R\u00f3lunk Az Eur\u00f3pai Uni\u00f3 az innov\u00e1ci\u00f3t, a kutat\u00e1st \u00e9s a technol\u00f3giafejleszt\u00e9st tekinti a versenyel\u0151ny szerz\u00e9s legfontosabb ter\u00fclet\u00e9nek. Az innov\u00e1ci\u00f3 l\u00e9tfontoss\u00e1g\u00fa a v\u00e1llalatok versenyk\u00e9pess\u00e9g\u00e9nek n\u00f6vel\u00e9s\u00e9ben, az exportk\u00e9pess\u00e9g jav\u00edt\u00e1s\u00e1ban. Az elm\u00falt \u00e9vtizedben is legink\u00e1bb azok az \u00e1gazatok fejl\u0151dtek, amelyek technol\u00f3gia-intenz\u00edvek \u00e9s innov\u00e1ci\u00f3 orient\u00e1ltak voltak. Az innov\u00e1ci\u00f3t, ami a gazdas\u00e1g v\u00e1ltoz\u00f3 k\u00f6r\u00fclm\u00e9nyeihez val\u00f3 sikeres alkalmazkod\u00e1st, a j\u00f6v\u0151 kih\u00edv\u00e1sainak [&hellip;]<\/p>\n","protected":false},"author":1,"featured_media":0,"parent":0,"menu_order":0,"comment_status":"closed","ping_status":"closed","template":"elementor_header_footer","meta":{"footnotes":""},"class_list":["post-1520","page","type-page","status-publish","hentry"],"_links":{"self":[{"href":"https:\/\/www.ddriu.hu\/en\/wp-json\/wp\/v2\/pages\/1520","targetHints":{"allow":["GET"]}}],"collection":[{"href":"https:\/\/www.ddriu.hu\/en\/wp-json\/wp\/v2\/pages"}],"about":[{"href":"https:\/\/www.ddriu.hu\/en\/wp-json\/wp\/v2\/types\/page"}],"author":[{"embeddable":true,"href":"https:\/\/www.ddriu.hu\/en\/wp-json\/wp\/v2\/users\/1"}],"replies":[{"embeddable":true,"href":"https:\/\/www.ddriu.hu\/en\/wp-json\/wp\/v2\/comments?post=1520"}],"version-history":[{"count":304,"href":"https:\/\/www.ddriu.hu\/en\/wp-json\/wp\/v2\/pages\/1520\/revisions"}],"predecessor-version":[{"id":4793,"href":"https:\/\/www.ddriu.hu\/en\/wp-json\/wp\/v2\/pages\/1520\/revisions\/4793"}],"wp:attachment":[{"href":"https:\/\/www.ddriu.hu\/en\/wp-json\/wp\/v2\/media?parent=1520"}],"curies":[{"name":"wp","href":"https:\/\/api.w.org\/{rel}","templated":true}]}}