{"id":1497,"date":"2025-06-23T15:48:58","date_gmt":"2025-06-23T15:48:58","guid":{"rendered":"https:\/\/digiman.hu\/?page_id=1497"},"modified":"2025-09-29T09:59:59","modified_gmt":"2025-09-29T09:59:59","slug":"news","status":"publish","type":"page","link":"https:\/\/www.ddriu.hu\/en\/hirek\/","title":{"rendered":"News"},"content":{"rendered":"<div data-elementor-type=\"wp-page\" data-elementor-id=\"1497\" class=\"elementor elementor-1497\" data-elementor-post-type=\"page\">\n\t\t\t\t<div class=\"elementor-element elementor-element-5f8b414a e-flex e-con-boxed e-con e-parent\" data-id=\"5f8b414a\" data-element_type=\"container\" data-e-type=\"container\" data-settings=\"{&quot;background_background&quot;:&quot;classic&quot;}\">\n\t\t\t\t\t<div class=\"e-con-inner\">\n\t\t\t\t<div class=\"elementor-element elementor-element-77821a95 elementor-widget elementor-widget-heading\" data-id=\"77821a95\" data-element_type=\"widget\" data-e-type=\"widget\" data-widget_type=\"heading.default\">\n\t\t\t\t<div class=\"elementor-widget-container\">\n\t\t\t\t\t<h2 class=\"elementor-heading-title elementor-size-default\">STRIA blog<\/h2>\t\t\t\t<\/div>\n\t\t\t\t<\/div>\n\t\t\t\t<div class=\"elementor-element elementor-element-70447366 elementor-widget elementor-widget-heading\" data-id=\"70447366\" data-element_type=\"widget\" data-e-type=\"widget\" data-widget_type=\"heading.default\">\n\t\t\t\t<div class=\"elementor-widget-container\">\n\t\t\t\t\t<h2 class=\"elementor-heading-title elementor-size-default\">News<\/h2>\t\t\t\t<\/div>\n\t\t\t\t<\/div>\n\t\t\t\t<div class=\"elementor-element elementor-element-8e8722d elementor-widget elementor-widget-search\" data-id=\"8e8722d\" data-element_type=\"widget\" data-e-type=\"widget\" data-settings=\"{&quot;submit_trigger&quot;:&quot;both&quot;,&quot;live_results&quot;:&quot;yes&quot;,&quot;template_id&quot;:3970,&quot;minimum_search_characters&quot;:3,&quot;pagination_type_options&quot;:&quot;none&quot;,&quot;results_is_dropdown_width&quot;:&quot;search_field&quot;}\" data-widget_type=\"search.default\">\n\t\t\t\t<div class=\"elementor-widget-container\">\n\t\t\t\t\t<style>.elementor-element-8e8722d{display:none !important}<\/style>\t\t\t\t<\/div>\n\t\t\t\t<\/div>\n\t\t\t\t<div class=\"elementor-element elementor-element-b481a26 elementor-widget elementor-widget-search\" data-id=\"b481a26\" data-element_type=\"widget\" data-e-type=\"widget\" data-settings=\"{&quot;submit_trigger&quot;:&quot;both&quot;,&quot;live_results&quot;:&quot;yes&quot;,&quot;template_id&quot;:&quot;3970&quot;,&quot;minimum_search_characters&quot;:3,&quot;pagination_type_options&quot;:&quot;none&quot;,&quot;results_is_dropdown_width&quot;:&quot;search_field&quot;}\" data-widget_type=\"search.default\">\n\t\t\t\t<div class=\"elementor-widget-container\">\n\t\t\t\t\t\t\t<search class=\"e-search hidden\" role=\"search\">\n\t\t\t<form class=\"e-search-form\" action=\"https:\/\/www.ddriu.hu\/en\/\" method=\"get\" data-trp-original-action=\"https:\/\/www.ddriu.hu\/en\">\n\n\t\t\t\t\n\t\t\t\t<label class=\"e-search-label\" for=\"search-b481a26\">\n\t\t\t\t\t<span class=\"elementor-screen-only\">\n\t\t\t\t\t\tSearch\t\t\t\t\t<\/span>\n\t\t\t\t\t\t\t\t\t<\/label>\n\n\t\t\t\t<div class=\"e-search-input-wrapper\">\n\t\t\t\t\t<input id=\"search-b481a26\" placeholder=\"Search in News...\" class=\"e-search-input\" type=\"search\" name=\"s\" value=\"\" autocomplete=\"off\" role=\"combobox\" aria-autocomplete=\"list\" aria-expanded=\"false\" aria-controls=\"results-b481a26\" aria-haspopup=\"listbox\">\n\t\t\t\t\t<svg aria-hidden=\"true\" class=\"e-font-icon-svg e-fas-times\" viewbox=\"0 0 352 512\" xmlns=\"http:\/\/www.w3.org\/2000\/svg\"><path d=\"M242.72 256l100.07-100.07c12.28-12.28 12.28-32.19 0-44.48l-22.24-22.24c-12.28-12.28-32.19-12.28-44.48 0L176 189.28 75.93 89.21c-12.28-12.28-32.19-12.28-44.48 0L9.21 111.45c-12.28 12.28-12.28 32.19 0 44.48L109.28 256 9.21 356.07c-12.28 12.28-12.28 32.19 0 44.48l22.24 22.24c12.28 12.28 32.2 12.28 44.48 0L176 322.72l100.07 100.07c12.28 12.28 32.2 12.28 44.48 0l22.24-22.24c12.28-12.28 12.28-32.19 0-44.48L242.72 256z\"><\/path><\/svg>\t\t\t\t\t\t\t\t\t\t<output id=\"results-b481a26\" class=\"e-search-results-container hide-loader\" aria-live=\"polite\" aria-atomic=\"true\" aria-label=\"Results for search\" tabindex=\"0\">\n\t\t\t\t\t\t<div class=\"e-search-results\"><\/div>\n\t\t\t\t\t\t\t\t\t\t\t<\/output>\n\t\t\t\t\t\t\t\t\t<\/div>\n\t\t\t\t\n\t\t\t\t\n\t\t\t\t<button class=\"e-search-submit\" type=\"submit\">\n\t\t\t\t\t<svg aria-hidden=\"true\" class=\"e-font-icon-svg e-fas-search\" viewbox=\"0 0 512 512\" xmlns=\"http:\/\/www.w3.org\/2000\/svg\"><path d=\"M505 442.7L405.3 343c-4.5-4.5-10.6-7-17-7H372c27.6-35.3 44-79.7 44-128C416 93.1 322.9 0 208 0S0 93.1 0 208s93.1 208 208 208c48.3 0 92.7-16.4 128-44v16.3c0 6.4 2.5 12.5 7 17l99.7 99.7c9.4 9.4 24.6 9.4 33.9 0l28.3-28.3c9.4-9.4 9.4-24.6.1-34zM208 336c-70.7 0-128-57.2-128-128 0-70.7 57.2-128 128-128 70.7 0 128 57.2 128 128 0 70.7-57.2 128-128 128z\"><\/path><\/svg>\n\t\t\t\t\t\t\t\t\t\t<span class=\"\">\n\t\t\t\t\t\tSearch\t\t\t\t\t<\/span>\n\t\t\t\t\t\t\t\t\t<\/button>\n\t\t\t\t<input type=\"hidden\" name=\"e_search_props\" value=\"b481a26-1497\">\n\t\t\t<input type=\"hidden\" name=\"trp-form-language\" value=\"en\"\/><\/form>\n\t\t<\/search>\n\t\t\t\t\t\t<\/div>\n\t\t\t\t<\/div>\n\t\t\t\t<div class=\"elementor-element elementor-element-8a262f9 elementor-nav-menu__align-center elementor-nav-menu--dropdown-none elementor-widget elementor-widget-nav-menu\" data-id=\"8a262f9\" data-element_type=\"widget\" data-e-type=\"widget\" data-settings=\"{&quot;layout&quot;:&quot;horizontal&quot;,&quot;submenu_icon&quot;:{&quot;value&quot;:&quot;&lt;svg aria-hidden=\\&quot;true\\&quot; class=\\&quot;e-font-icon-svg e-fas-caret-down\\&quot; viewBox=\\&quot;0 0 320 512\\&quot; xmlns=\\&quot;http:\\\/\\\/www.w3.org\\\/2000\\\/svg\\&quot;&gt;&lt;path d=\\&quot;M31.3 192h257.3c17.8 0 26.7 21.5 14.1 34.1L174.1 354.8c-7.8 7.8-20.5 7.8-28.3 0L17.2 226.1C4.6 213.5 13.5 192 31.3 192z\\&quot;&gt;&lt;\\\/path&gt;&lt;\\\/svg&gt;&quot;,&quot;library&quot;:&quot;fa-solid&quot;}}\" data-widget_type=\"nav-menu.default\">\n\t\t\t\t<div class=\"elementor-widget-container\">\n\t\t\t\t\t<style>.elementor-element-8a262f9{display:none !important}<\/style>\t\t\t\t<\/div>\n\t\t\t\t<\/div>\n\t\t\t\t<div class=\"elementor-element elementor-element-16c67267 elementor-grid-3 elementor-grid-tablet-2 elementor-grid-mobile-1 elementor-posts--thumbnail-top elementor-card-shadow-yes elementor-posts__hover-gradient elementor-widget elementor-widget-posts\" data-id=\"16c67267\" data-element_type=\"widget\" data-e-type=\"widget\" data-settings=\"{&quot;pagination_type&quot;:&quot;numbers&quot;,&quot;cards_columns&quot;:&quot;3&quot;,&quot;cards_columns_tablet&quot;:&quot;2&quot;,&quot;cards_columns_mobile&quot;:&quot;1&quot;,&quot;cards_row_gap&quot;:{&quot;unit&quot;:&quot;px&quot;,&quot;size&quot;:35,&quot;sizes&quot;:[]},&quot;cards_row_gap_tablet&quot;:{&quot;unit&quot;:&quot;px&quot;,&quot;size&quot;:&quot;&quot;,&quot;sizes&quot;:[]},&quot;cards_row_gap_mobile&quot;:{&quot;unit&quot;:&quot;px&quot;,&quot;size&quot;:&quot;&quot;,&quot;sizes&quot;:[]}}\" data-widget_type=\"posts.cards\">\n\t\t\t\t<div class=\"elementor-widget-container\">\n\t\t\t\t\t<style>.elementor-element-16c67267{display:none !important}<\/style>\t\t\t\t<\/div>\n\t\t\t\t<\/div>\n\t\t\t\t<div class=\"elementor-element elementor-element-4b83070 elementor-grid-3 elementor-grid-tablet-2 elementor-grid-mobile-1 elementor-posts--thumbnail-top elementor-card-shadow-yes elementor-posts__hover-gradient elementor-widget elementor-widget-posts\" data-id=\"4b83070\" data-element_type=\"widget\" data-e-type=\"widget\" data-settings=\"{&quot;pagination_type&quot;:&quot;numbers&quot;,&quot;cards_columns&quot;:&quot;3&quot;,&quot;cards_columns_tablet&quot;:&quot;2&quot;,&quot;cards_columns_mobile&quot;:&quot;1&quot;,&quot;cards_row_gap&quot;:{&quot;unit&quot;:&quot;px&quot;,&quot;size&quot;:35,&quot;sizes&quot;:[]},&quot;cards_row_gap_tablet&quot;:{&quot;unit&quot;:&quot;px&quot;,&quot;size&quot;:&quot;&quot;,&quot;sizes&quot;:[]},&quot;cards_row_gap_mobile&quot;:{&quot;unit&quot;:&quot;px&quot;,&quot;size&quot;:&quot;&quot;,&quot;sizes&quot;:[]}}\" data-widget_type=\"posts.cards\">\n\t\t\t\t<div class=\"elementor-widget-container\">\n\t\t\t\t\t\t\t<div class=\"elementor-posts-container elementor-posts elementor-posts--skin-cards elementor-grid\" role=\"list\">\n\t\t\t\t<article class=\"elementor-post elementor-grid-item post-6126 post type-post status-publish format-standard has-post-thumbnail hentry category-news tag-smartauto\" role=\"listitem\">\n\t\t\t<div class=\"elementor-post__card\">\n\t\t\t\t<a class=\"elementor-post__thumbnail__link\" href=\"https:\/\/www.ddriu.hu\/en\/2026\/04\/30\/good-practices-in-the-field-of-municipal-energy-consumption-optimization-and-autonomous-vehicles\/\" tabindex=\"-1\" ><div class=\"elementor-post__thumbnail\"><img fetchpriority=\"high\" decoding=\"async\" width=\"800\" height=\"450\" src=\"https:\/\/www.ddriu.hu\/wp-content\/uploads\/2026\/04\/fedlappng-1024x576.png\" class=\"attachment-large size-large wp-image-6120\" alt=\"\" srcset=\"https:\/\/www.ddriu.hu\/wp-content\/uploads\/2026\/04\/fedlappng-1024x576.png 1024w, https:\/\/www.ddriu.hu\/wp-content\/uploads\/2026\/04\/fedlappng-300x169.png 300w, https:\/\/www.ddriu.hu\/wp-content\/uploads\/2026\/04\/fedlappng-768x432.png 768w, https:\/\/www.ddriu.hu\/wp-content\/uploads\/2026\/04\/fedlappng-18x10.png 18w, https:\/\/www.ddriu.hu\/wp-content\/uploads\/2026\/04\/fedlappng.png 1440w\" sizes=\"(max-width: 800px) 100vw, 800px\" \/><\/div><\/a>\n\t\t\t\t<div class=\"elementor-post__badge\">SMARTAUTO<\/div>\n\t\t\t\t<div class=\"elementor-post__text\">\n\t\t\t\t<h3 class=\"elementor-post__title\">\n\t\t\t<a href=\"https:\/\/www.ddriu.hu\/en\/2026\/04\/30\/good-practices-in-the-field-of-municipal-energy-consumption-optimization-and-autonomous-vehicles\/\" >\n\t\t\t\tGood Practices in the field of municipal energy consumption optimization and autonomous vehicles\t\t\t<\/a>\n\t\t<\/h3>\n\t\t\t\t\t<div class=\"elementor-post__read-more-wrapper\">\n\t\t\n\t\t<a class=\"elementor-post__read-more\" href=\"https:\/\/www.ddriu.hu\/en\/2026\/04\/30\/good-practices-in-the-field-of-municipal-energy-consumption-optimization-and-autonomous-vehicles\/\" aria-label=\"Read more about Good Practices in the field of municipal energy consumption optimization and autonomous vehicles\" tabindex=\"-1\" >\n\t\t\tRead More\t\t<\/a>\n\n\t\t\t\t\t<\/div>\n\t\t\t\t<\/div>\n\t\t\t\t<div class=\"elementor-post__meta-data\">\n\t\t\t\t\t<span class=\"elementor-post-date\">\n\t\t\t2026.04.30.\t\t<\/span>\n\t\t\t\t<\/div>\n\t\t\t\t\t<\/div>\n\t\t<\/article>\n\t\t\t\t<article class=\"elementor-post elementor-grid-item post-6100 post type-post status-publish format-standard has-post-thumbnail hentry category-news tag-greetgeo\" role=\"listitem\">\n\t\t\t<div class=\"elementor-post__card\">\n\t\t\t\t<a class=\"elementor-post__thumbnail__link\" href=\"https:\/\/www.ddriu.hu\/en\/2026\/04\/29\/geothermal-innovation-cooperation-the-third-greetgeo-project-meeting-in-the-azores\/\" tabindex=\"-1\" ><div class=\"elementor-post__thumbnail\"><img decoding=\"async\" width=\"800\" height=\"450\" src=\"https:\/\/www.ddriu.hu\/wp-content\/uploads\/2026\/04\/image-1-1024x576.png\" class=\"attachment-large size-large wp-image-6091\" alt=\"\" srcset=\"https:\/\/www.ddriu.hu\/wp-content\/uploads\/2026\/04\/image-1-1024x576.png 1024w, https:\/\/www.ddriu.hu\/wp-content\/uploads\/2026\/04\/image-1-300x169.png 300w, https:\/\/www.ddriu.hu\/wp-content\/uploads\/2026\/04\/image-1-768x432.png 768w, https:\/\/www.ddriu.hu\/wp-content\/uploads\/2026\/04\/image-1-18x10.png 18w, https:\/\/www.ddriu.hu\/wp-content\/uploads\/2026\/04\/image-1.png 1386w\" sizes=\"(max-width: 800px) 100vw, 800px\" \/><\/div><\/a>\n\t\t\t\t<div class=\"elementor-post__badge\">GreetGeo<\/div>\n\t\t\t\t<div class=\"elementor-post__text\">\n\t\t\t\t<h3 class=\"elementor-post__title\">\n\t\t\t<a href=\"https:\/\/www.ddriu.hu\/en\/2026\/04\/29\/geothermal-innovation-cooperation-the-third-greetgeo-project-meeting-in-the-azores\/\" >\n\t\t\t\tGeothermal innovation cooperation: the third GreetGEO project meeting in the Azores\t\t\t<\/a>\n\t\t<\/h3>\n\t\t\t\t\t<div class=\"elementor-post__read-more-wrapper\">\n\t\t\n\t\t<a class=\"elementor-post__read-more\" href=\"https:\/\/www.ddriu.hu\/en\/2026\/04\/29\/geothermal-innovation-cooperation-the-third-greetgeo-project-meeting-in-the-azores\/\" aria-label=\"Read more about Geothermal innovation cooperation: the third GreetGEO project meeting in the Azores\" tabindex=\"-1\" >\n\t\t\tRead More\t\t<\/a>\n\n\t\t\t\t\t<\/div>\n\t\t\t\t<\/div>\n\t\t\t\t<div class=\"elementor-post__meta-data\">\n\t\t\t\t\t<span class=\"elementor-post-date\">\n\t\t\t2026.04.29.\t\t<\/span>\n\t\t\t\t<\/div>\n\t\t\t\t\t<\/div>\n\t\t<\/article>\n\t\t\t\t<article class=\"elementor-post elementor-grid-item post-6075 post type-post status-publish format-standard has-post-thumbnail hentry category-news tag-grandis\" role=\"listitem\">\n\t\t\t<div class=\"elementor-post__card\">\n\t\t\t\t<a class=\"elementor-post__thumbnail__link\" href=\"https:\/\/www.ddriu.hu\/en\/2026\/04\/27\/fourth-local-stakeholder-meeting-in-budapest\/\" tabindex=\"-1\" ><div class=\"elementor-post__thumbnail\"><img decoding=\"async\" width=\"800\" height=\"671\" src=\"https:\/\/www.ddriu.hu\/wp-content\/uploads\/2026\/04\/GRANDIS_CIKK_Borito.png\" class=\"attachment-large size-large wp-image-6068\" alt=\"\" srcset=\"https:\/\/www.ddriu.hu\/wp-content\/uploads\/2026\/04\/GRANDIS_CIKK_Borito.png 940w, https:\/\/www.ddriu.hu\/wp-content\/uploads\/2026\/04\/GRANDIS_CIKK_Borito-300x251.png 300w, https:\/\/www.ddriu.hu\/wp-content\/uploads\/2026\/04\/GRANDIS_CIKK_Borito-768x644.png 768w, https:\/\/www.ddriu.hu\/wp-content\/uploads\/2026\/04\/GRANDIS_CIKK_Borito-14x12.png 14w\" sizes=\"(max-width: 800px) 100vw, 800px\" \/><\/div><\/a>\n\t\t\t\t<div class=\"elementor-post__badge\">GRANDIS<\/div>\n\t\t\t\t<div class=\"elementor-post__text\">\n\t\t\t\t<h3 class=\"elementor-post__title\">\n\t\t\t<a href=\"https:\/\/www.ddriu.hu\/en\/2026\/04\/27\/fourth-local-stakeholder-meeting-in-budapest\/\" >\n\t\t\t\tFourth Local Stakeholder Meeting in Budapest\t\t\t<\/a>\n\t\t<\/h3>\n\t\t\t\t\t<div class=\"elementor-post__read-more-wrapper\">\n\t\t\n\t\t<a class=\"elementor-post__read-more\" href=\"https:\/\/www.ddriu.hu\/en\/2026\/04\/27\/fourth-local-stakeholder-meeting-in-budapest\/\" aria-label=\"Read more about Fourth Local Stakeholder Meeting in Budapest\" tabindex=\"-1\" >\n\t\t\tRead More\t\t<\/a>\n\n\t\t\t\t\t<\/div>\n\t\t\t\t<\/div>\n\t\t\t\t<div class=\"elementor-post__meta-data\">\n\t\t\t\t\t<span class=\"elementor-post-date\">\n\t\t\t2026.04.27.\t\t<\/span>\n\t\t\t\t<\/div>\n\t\t\t\t\t<\/div>\n\t\t<\/article>\n\t\t\t\t<article class=\"elementor-post elementor-grid-item post-6057 post type-post status-publish format-standard has-post-thumbnail hentry category-news tag-opti-up\" role=\"listitem\">\n\t\t\t<div class=\"elementor-post__card\">\n\t\t\t\t<a class=\"elementor-post__thumbnail__link\" href=\"https:\/\/www.ddriu.hu\/en\/2026\/04\/27\/central-european-pilot-actions-new-intermodal-public-transport-hub-in-ljubljana\/\" tabindex=\"-1\" ><div class=\"elementor-post__thumbnail\"><img loading=\"lazy\" decoding=\"async\" width=\"800\" height=\"600\" src=\"https:\/\/www.ddriu.hu\/wp-content\/uploads\/2026\/04\/familyphoto-\u2013-nagy-1024x768.jpeg\" class=\"attachment-large size-large wp-image-6045\" alt=\"\" srcset=\"https:\/\/www.ddriu.hu\/wp-content\/uploads\/2026\/04\/familyphoto-\u2013-nagy-1024x768.jpeg 1024w, https:\/\/www.ddriu.hu\/wp-content\/uploads\/2026\/04\/familyphoto-\u2013-nagy-300x225.jpeg 300w, https:\/\/www.ddriu.hu\/wp-content\/uploads\/2026\/04\/familyphoto-\u2013-nagy-768x576.jpeg 768w, https:\/\/www.ddriu.hu\/wp-content\/uploads\/2026\/04\/familyphoto-\u2013-nagy-16x12.jpeg 16w, https:\/\/www.ddriu.hu\/wp-content\/uploads\/2026\/04\/familyphoto-\u2013-nagy.jpeg 1280w\" sizes=\"(max-width: 800px) 100vw, 800px\" \/><\/div><\/a>\n\t\t\t\t<div class=\"elementor-post__badge\">OPTI-UP<\/div>\n\t\t\t\t<div class=\"elementor-post__text\">\n\t\t\t\t<h3 class=\"elementor-post__title\">\n\t\t\t<a href=\"https:\/\/www.ddriu.hu\/en\/2026\/04\/27\/central-european-pilot-actions-new-intermodal-public-transport-hub-in-ljubljana\/\" >\n\t\t\t\tCentral European pilot actions, new intermodal public transport hub in Ljubljana\t\t\t<\/a>\n\t\t<\/h3>\n\t\t\t\t\t<div class=\"elementor-post__read-more-wrapper\">\n\t\t\n\t\t<a class=\"elementor-post__read-more\" href=\"https:\/\/www.ddriu.hu\/en\/2026\/04\/27\/central-european-pilot-actions-new-intermodal-public-transport-hub-in-ljubljana\/\" aria-label=\"Read more about Central European pilot actions, new intermodal public transport hub in Ljubljana\" tabindex=\"-1\" >\n\t\t\tRead More\t\t<\/a>\n\n\t\t\t\t\t<\/div>\n\t\t\t\t<\/div>\n\t\t\t\t<div class=\"elementor-post__meta-data\">\n\t\t\t\t\t<span class=\"elementor-post-date\">\n\t\t\t2026.04.27.\t\t<\/span>\n\t\t\t\t<\/div>\n\t\t\t\t\t<\/div>\n\t\t<\/article>\n\t\t\t\t<article class=\"elementor-post elementor-grid-item post-5971 post type-post status-publish format-standard has-post-thumbnail hentry category-news tag-resonance\" role=\"listitem\">\n\t\t\t<div class=\"elementor-post__card\">\n\t\t\t\t<a class=\"elementor-post__thumbnail__link\" href=\"https:\/\/www.ddriu.hu\/en\/2026\/04\/02\/international-exchange-of-experience-in-the-resonance-project\/\" tabindex=\"-1\" ><div class=\"elementor-post__thumbnail\"><img loading=\"lazy\" decoding=\"async\" width=\"800\" height=\"600\" src=\"https:\/\/www.ddriu.hu\/wp-content\/uploads\/2026\/04\/Budapest-Freeport-1024x768.jpeg\" class=\"attachment-large size-large wp-image-5958\" alt=\"\" srcset=\"https:\/\/www.ddriu.hu\/wp-content\/uploads\/2026\/04\/Budapest-Freeport-1024x768.jpeg 1024w, https:\/\/www.ddriu.hu\/wp-content\/uploads\/2026\/04\/Budapest-Freeport-300x225.jpeg 300w, https:\/\/www.ddriu.hu\/wp-content\/uploads\/2026\/04\/Budapest-Freeport-768x576.jpeg 768w, https:\/\/www.ddriu.hu\/wp-content\/uploads\/2026\/04\/Budapest-Freeport-16x12.jpeg 16w, https:\/\/www.ddriu.hu\/wp-content\/uploads\/2026\/04\/Budapest-Freeport.jpeg 1280w\" sizes=\"(max-width: 800px) 100vw, 800px\" \/><\/div><\/a>\n\t\t\t\t<div class=\"elementor-post__badge\">RESONANCE<\/div>\n\t\t\t\t<div class=\"elementor-post__text\">\n\t\t\t\t<h3 class=\"elementor-post__title\">\n\t\t\t<a href=\"https:\/\/www.ddriu.hu\/en\/2026\/04\/02\/international-exchange-of-experience-in-the-resonance-project\/\" >\n\t\t\t\tInternational exchange of experience in the Resonance Project\t\t\t<\/a>\n\t\t<\/h3>\n\t\t\t\t\t<div class=\"elementor-post__read-more-wrapper\">\n\t\t\n\t\t<a class=\"elementor-post__read-more\" href=\"https:\/\/www.ddriu.hu\/en\/2026\/04\/02\/international-exchange-of-experience-in-the-resonance-project\/\" aria-label=\"Read more about International exchange of experience in the Resonance Project\" tabindex=\"-1\" >\n\t\t\tRead More\t\t<\/a>\n\n\t\t\t\t\t<\/div>\n\t\t\t\t<\/div>\n\t\t\t\t<div class=\"elementor-post__meta-data\">\n\t\t\t\t\t<span class=\"elementor-post-date\">\n\t\t\t2026.04.02.\t\t<\/span>\n\t\t\t\t<\/div>\n\t\t\t\t\t<\/div>\n\t\t<\/article>\n\t\t\t\t<article class=\"elementor-post elementor-grid-item post-5952 post type-post status-publish format-standard has-post-thumbnail hentry category-news tag-smartauto\" role=\"listitem\">\n\t\t\t<div class=\"elementor-post__card\">\n\t\t\t\t<a class=\"elementor-post__thumbnail__link\" href=\"https:\/\/www.ddriu.hu\/en\/2026\/04\/01\/automated-driving-and-rural-public-transport-project-meeting-at-zalazone\/\" tabindex=\"-1\" ><div class=\"elementor-post__thumbnail\"><img loading=\"lazy\" decoding=\"async\" width=\"800\" height=\"600\" src=\"https:\/\/www.ddriu.hu\/wp-content\/uploads\/2026\/04\/A2-1024x768.jpg\" class=\"attachment-large size-large wp-image-5945\" alt=\"\" srcset=\"https:\/\/www.ddriu.hu\/wp-content\/uploads\/2026\/04\/A2-1024x768.jpg 1024w, https:\/\/www.ddriu.hu\/wp-content\/uploads\/2026\/04\/A2-300x225.jpg 300w, https:\/\/www.ddriu.hu\/wp-content\/uploads\/2026\/04\/A2-768x576.jpg 768w, https:\/\/www.ddriu.hu\/wp-content\/uploads\/2026\/04\/A2-16x12.jpg 16w, https:\/\/www.ddriu.hu\/wp-content\/uploads\/2026\/04\/A2.jpg 1280w\" sizes=\"(max-width: 800px) 100vw, 800px\" \/><\/div><\/a>\n\t\t\t\t<div class=\"elementor-post__badge\">SMARTAUTO<\/div>\n\t\t\t\t<div class=\"elementor-post__text\">\n\t\t\t\t<h3 class=\"elementor-post__title\">\n\t\t\t<a href=\"https:\/\/www.ddriu.hu\/en\/2026\/04\/01\/automated-driving-and-rural-public-transport-project-meeting-at-zalazone\/\" >\n\t\t\t\tAutomated driving and rural public transport: project meeting at ZalaZONE\u00a0\t\t\t<\/a>\n\t\t<\/h3>\n\t\t\t\t\t<div class=\"elementor-post__read-more-wrapper\">\n\t\t\n\t\t<a class=\"elementor-post__read-more\" href=\"https:\/\/www.ddriu.hu\/en\/2026\/04\/01\/automated-driving-and-rural-public-transport-project-meeting-at-zalazone\/\" aria-label=\"Read more about Automated driving and rural public transport: project meeting at ZalaZONE\u00a0\" tabindex=\"-1\" >\n\t\t\tRead More\t\t<\/a>\n\n\t\t\t\t\t<\/div>\n\t\t\t\t<\/div>\n\t\t\t\t<div class=\"elementor-post__meta-data\">\n\t\t\t\t\t<span class=\"elementor-post-date\">\n\t\t\t2026.04.01.\t\t<\/span>\n\t\t\t\t<\/div>\n\t\t\t\t\t<\/div>\n\t\t<\/article>\n\t\t\t\t<\/div>\n\t\t\n\t\t\t\t<div class=\"e-load-more-anchor\" data-page=\"1\" data-max-page=\"13\" data-next-page=\"https:\/\/www.ddriu.hu\/en\/wp-json\/wp\/v2\/pages\/1497\/page\/2\/\"><\/div>\n\t\t\t\t<nav class=\"elementor-pagination\" aria-label=\"Pagination\">\n\t\t\t<span aria-current=\"page\" class=\"page-numbers current\"><span class=\"elementor-screen-only\">Page<\/span>1<\/span>\n<a class=\"page-numbers\" href=\"https:\/\/www.ddriu.hu\/en\/wp-json\/wp\/v2\/pages\/1497\/page\/2\/\"><span class=\"elementor-screen-only\">Page<\/span>2<\/a>\n<a class=\"page-numbers\" href=\"https:\/\/www.ddriu.hu\/en\/wp-json\/wp\/v2\/pages\/1497\/page\/3\/\"><span class=\"elementor-screen-only\">Page<\/span>3<\/a>\n<span class=\"page-numbers dots\">&hellip;<\/span>\n<a class=\"page-numbers\" href=\"https:\/\/www.ddriu.hu\/en\/wp-json\/wp\/v2\/pages\/1497\/page\/13\/\"><span class=\"elementor-screen-only\">Page<\/span>13<\/a>\t\t<\/nav>\n\t\t\t\t\t\t<\/div>\n\t\t\t\t<\/div>\n\t\t\t\t\t<\/div>\n\t\t\t\t<\/div>\n\t\t<div class=\"elementor-element elementor-element-1bfcaa96 e-flex e-con-boxed e-con e-parent\" data-id=\"1bfcaa96\" data-element_type=\"container\" data-e-type=\"container\">\n\t\t\t\t\t<div class=\"e-con-inner\">\n\t\t\t\t<div class=\"elementor-element elementor-element-7aaa1eb9 rounded-divider elementor-widget-divider--view-line elementor-widget elementor-widget-divider\" data-id=\"7aaa1eb9\" data-element_type=\"widget\" data-e-type=\"widget\" data-widget_type=\"divider.default\">\n\t\t\t\t<div class=\"elementor-widget-container\">\n\t\t\t\t\t\t\t<div class=\"elementor-divider\">\n\t\t\t<span class=\"elementor-divider-separator\">\n\t\t\t\t\t\t<\/span>\n\t\t<\/div>\n\t\t\t\t\t\t<\/div>\n\t\t\t\t<\/div>\n\t\t\t\t\t<\/div>\n\t\t\t\t<\/div>\n\t\t<div class=\"elementor-element elementor-element-1c5da83 e-flex e-con-boxed e-con e-parent\" data-id=\"1c5da83\" data-element_type=\"container\" data-e-type=\"container\">\n\t\t\t\t\t<div class=\"e-con-inner\">\n\t\t\t\t\t<\/div>\n\t\t\t\t<\/div>\n\t\t\t\t<\/div>","protected":false},"excerpt":{"rendered":"<p>DDRI\u00dc blog H\u00edrek Keres\u00e9s Keres\u00e9s<\/p>","protected":false},"author":1,"featured_media":0,"parent":0,"menu_order":0,"comment_status":"closed","ping_status":"closed","template":"elementor_header_footer","meta":{"footnotes":""},"class_list":["post-1497","page","type-page","status-publish","hentry"],"_links":{"self":[{"href":"https:\/\/www.ddriu.hu\/en\/wp-json\/wp\/v2\/pages\/1497","targetHints":{"allow":["GET"]}}],"collection":[{"href":"https:\/\/www.ddriu.hu\/en\/wp-json\/wp\/v2\/pages"}],"about":[{"href":"https:\/\/www.ddriu.hu\/en\/wp-json\/wp\/v2\/types\/page"}],"author":[{"embeddable":true,"href":"https:\/\/www.ddriu.hu\/en\/wp-json\/wp\/v2\/users\/1"}],"replies":[{"embeddable":true,"href":"https:\/\/www.ddriu.hu\/en\/wp-json\/wp\/v2\/comments?post=1497"}],"version-history":[{"count":101,"href":"https:\/\/www.ddriu.hu\/en\/wp-json\/wp\/v2\/pages\/1497\/revisions"}],"predecessor-version":[{"id":4488,"href":"https:\/\/www.ddriu.hu\/en\/wp-json\/wp\/v2\/pages\/1497\/revisions\/4488"}],"wp:attachment":[{"href":"https:\/\/www.ddriu.hu\/en\/wp-json\/wp\/v2\/media?parent=1497"}],"curies":[{"name":"wp","href":"https:\/\/api.w.org\/{rel}","templated":true}]}}